{"id":1091,"date":"2019-05-14T13:52:58","date_gmt":"2019-05-14T11:52:58","guid":{"rendered":"http:\/\/www.adendorf.de\/1\/?page_id=1091"},"modified":"2022-01-13T17:15:40","modified_gmt":"2022-01-13T16:15:40","slug":"volkshochschule","status":"publish","type":"page","link":"https:\/\/www.adendorf.de\/1\/familie\/fuer-alle\/volkshochschule\/","title":{"rendered":"Volkshochschule"},"content":{"rendered":"\t\t<div data-elementor-type=\"wp-post\" data-elementor-id=\"1091\" class=\"elementor elementor-1091\">\n\t\t\t\t\t\t<section class=\"elementor-section elementor-top-section elementor-element elementor-element-cc2d828 elementor-section-boxed elementor-section-height-default elementor-section-height-default\" data-id=\"cc2d828\" data-element_type=\"section\" data-e-type=\"section\">\n\t\t\t\t\t\t<div class=\"elementor-container elementor-column-gap-default\">\n\t\t\t\t\t<div class=\"elementor-column elementor-col-100 elementor-top-column elementor-element elementor-element-f5b041c\" data-id=\"f5b041c\" data-element_type=\"column\" data-e-type=\"column\">\n\t\t\t<div class=\"elementor-widget-wrap elementor-element-populated\">\n\t\t\t\t\t\t<div class=\"elementor-element elementor-element-ea500a7 elementor-widget elementor-widget-heading\" data-id=\"ea500a7\" data-element_type=\"widget\" data-e-type=\"widget\" data-widget_type=\"heading.default\">\n\t\t\t\t<div class=\"elementor-widget-container\">\n\t\t\t\t\t<h1 class=\"elementor-heading-title elementor-size-default\">Volkshochschule REGION L\u00fcneburg<\/h1>\t\t\t\t<\/div>\n\t\t\t\t<\/div>\n\t\t\t\t\t<\/div>\n\t\t<\/div>\n\t\t\t\t\t<\/div>\n\t\t<\/section>\n\t\t\t\t<section class=\"elementor-section elementor-top-section elementor-element elementor-element-4ba0b6d elementor-section-boxed elementor-section-height-default elementor-section-height-default\" data-id=\"4ba0b6d\" data-element_type=\"section\" data-e-type=\"section\">\n\t\t\t\t\t\t<div class=\"elementor-container elementor-column-gap-default\">\n\t\t\t\t\t<div class=\"elementor-column elementor-col-50 elementor-top-column elementor-element elementor-element-333490d\" data-id=\"333490d\" data-element_type=\"column\" data-e-type=\"column\">\n\t\t\t<div class=\"elementor-widget-wrap elementor-element-populated\">\n\t\t\t\t\t\t<div class=\"elementor-element elementor-element-75a308e elementor-widget elementor-widget-text-editor\" data-id=\"75a308e\" data-element_type=\"widget\" data-e-type=\"widget\" data-widget_type=\"text-editor.default\">\n\t\t\t\t<div class=\"elementor-widget-container\">\n\t\t\t\t\t\t\t\t\t<p><strong>VHS REGION L\u00fcneburg \u2013 Au\u00dfenstelle Adendorf<\/strong><\/p><p>Isabel Gerstl<br \/>Koordination Au\u00dfenstelle<\/p><p><strong>Gesch\u00e4ftsstelle<\/strong><\/p><p>Haagestr. 4<\/p><p>21335 L\u00fcneburg<\/p><p>Telefon: <a href=\"tel:0413115660\">04131 1566 0<\/a><\/p><p>Telefax: 04131 1566 150<\/p><p>E-Mail: <a href=\"ma&#105;&#108;&#116;&#x6f;&#x3a;&#x76;&#x68;si&#110;&#102;&#111;&#x40;&#x76;&#x68;&#x73;&#46;l&#117;&#101;&#110;&#x65;&#x62;&#x75;&#x72;g&#46;&#100;&#101;\">&#118;&#x68;s&#x69;&#x6e;&#102;&#x6f;&#64;&#x76;&#x68;&#115;&#x2e;l&#x75;&#x65;&#110;&#x65;b&#x75;&#x72;&#103;&#x2e;d&#x65;<\/a><\/p><p>Webseite: <a href=\"https:\/\/www.vhs.lueneburg.de\/\" target=\"_blank\" rel=\"noopener\">https:\/\/www.vhs.lueneburg.de\/<\/a><\/p>\t\t\t\t\t\t\t\t<\/div>\n\t\t\t\t<\/div>\n\t\t\t\t\t<\/div>\n\t\t<\/div>\n\t\t\t\t<div class=\"elementor-column elementor-col-50 elementor-top-column elementor-element elementor-element-1adc496\" data-id=\"1adc496\" data-element_type=\"column\" data-e-type=\"column\">\n\t\t\t<div class=\"elementor-widget-wrap elementor-element-populated\">\n\t\t\t\t\t\t<div class=\"elementor-element elementor-element-5a667c9 elementor-widget elementor-widget-image\" data-id=\"5a667c9\" data-element_type=\"widget\" data-e-type=\"widget\" data-widget_type=\"image.default\">\n\t\t\t\t<div class=\"elementor-widget-container\">\n\t\t\t\t\t\t\t\t\t\t\t\t\t\t\t<img fetchpriority=\"high\" decoding=\"async\" width=\"750\" height=\"501\" src=\"https:\/\/www.adendorf.de\/1\/wp-content\/uploads\/2019\/05\/Workshop-VHS-1024x684.jpg\" class=\"attachment-large size-large wp-image-1096\" alt=\"\" srcset=\"https:\/\/www.adendorf.de\/1\/wp-content\/uploads\/2019\/05\/Workshop-VHS-1024x684.jpg 1024w, https:\/\/www.adendorf.de\/1\/wp-content\/uploads\/2019\/05\/Workshop-VHS-300x200.jpg 300w, https:\/\/www.adendorf.de\/1\/wp-content\/uploads\/2019\/05\/Workshop-VHS-768x513.jpg 768w, https:\/\/www.adendorf.de\/1\/wp-content\/uploads\/2019\/05\/Workshop-VHS-360x240.jpg 360w, https:\/\/www.adendorf.de\/1\/wp-content\/uploads\/2019\/05\/Workshop-VHS.jpg 1920w\" sizes=\"(max-width: 750px) 100vw, 750px\" \/>\t\t\t\t\t\t\t\t\t\t\t\t\t\t\t<\/div>\n\t\t\t\t<\/div>\n\t\t\t\t\t<\/div>\n\t\t<\/div>\n\t\t\t\t\t<\/div>\n\t\t<\/section>\n\t\t\t\t<section class=\"elementor-section elementor-top-section elementor-element elementor-element-2178da3 elementor-section-boxed elementor-section-height-default elementor-section-height-default\" data-id=\"2178da3\" data-element_type=\"section\" data-e-type=\"section\">\n\t\t\t\t\t\t<div class=\"elementor-container elementor-column-gap-default\">\n\t\t\t\t\t<div class=\"elementor-column elementor-col-100 elementor-top-column elementor-element elementor-element-27ebe4b\" data-id=\"27ebe4b\" data-element_type=\"column\" data-e-type=\"column\">\n\t\t\t<div class=\"elementor-widget-wrap elementor-element-populated\">\n\t\t\t\t\t\t<div class=\"elementor-element elementor-element-189df49 elementor-widget elementor-widget-text-editor\" data-id=\"189df49\" data-element_type=\"widget\" data-e-type=\"widget\" data-widget_type=\"text-editor.default\">\n\t\t\t\t<div class=\"elementor-widget-container\">\n\t\t\t\t\t\t\t\t\t<p>Mit mehr als 1.000 Kursen pro Halbjahr ist die VHS REGION L\u00fcneburg der gro\u00dfe Bildungsanbieter in der Region. Ganz gleich, ob es um professionelle berufliche Weiterbildung geht oder um ein privates Bildungsinteresse &#8211; die VHS ist in allen Programmbereichen Ihr kompetenter Ansprechpartner.<\/p><p>Qualifizierte Kursleiterinnen und Kursleiter unterrichten Sie in den Bereichen Gesundheit, Kultur, Sprachen, Junge VHS, EDV, Schulabschl\u00fcsse und Beruf und Qualifizierung.<\/p><p>L\u00fcneburger Neub\u00fcrgerinnen und \u2013b\u00fcrger finden an der VHS nicht nur Kurse, die ihnen ihren neuen Wohnort n\u00e4her bringen und neue Kontakte entstehen lassen. Sie k\u00f6nnen sich auch beruflich weiter qualifizieren. Dazu bietet die VHS zahlreiche Lehrg\u00e4nge im Programmbereich Gesundheit an und modulare Weiterbildungen im kaufm\u00e4nnischen Bereich. Diese Angebote sind berufsbegleitend konzipiert und k\u00f6nnen mit einem Zertifikat abgeschlossen werden.<\/p><p>Die p\u00e4dagogischen Fachkr\u00e4fte der VHS sind kompetente Ansprechpartner f\u00fcr alle Fragen rund um Bildung und F\u00f6rderm\u00f6glichkeiten. Ihre Kundinnen und Kunden versorgt die VHS nicht nur in L\u00fcneburg mit einem umfangreichen Kursangebot, sondern ebenfalls in den Au\u00dfenstellen in den Samtgemeinde und Kommunen des Landkreises.<\/p><p>Aber auch auf dem heimischen Sofa kann mit der VHS das eigene Wissen erweitert werden. In der <a href=\"https:\/\/www.vhs.cloud\/\" target=\"_blank\" rel=\"noopener\">vhs.cloud<\/a> finden Sie zus\u00e4tzliche digitale Angebote und k\u00f6nnen Vers\u00e4umtes nachholen, wenn Sie an einem Termin ihres Kurses nicht teilnehmen konnten. Eine Auswahl an Webinare erm\u00f6glicht auch Menschen, die nicht mobil oder famili\u00e4r eingebunden sind, eine ortsunabh\u00e4ngige Teilnahme an zahlreichen Kursen.<\/p><p>Jeweils kurz vor den Sommerferien und kurz vor Weihnachten erscheint das aktuelle Programmheft der VHS f\u00fcr je ein Halbjahr. Es liegt an zahlreichen Auslagestellen im ganzen Landkreis und im Haupthaus, Haagestr. 4 zur Mitnahme aus. Au\u00dferdem werden alle Kurse auf der Homepage ver\u00f6ffentlicht und k\u00f6nnen auch \u00fcber diese gebucht werden: <a href=\"https:\/\/www.vhs.lueneburg.de\/\" target=\"_blank\" rel=\"noopener\">https:\/\/www.vhs.lueneburg.de\/<\/a>.<\/p>\t\t\t\t\t\t\t\t<\/div>\n\t\t\t\t<\/div>\n\t\t\t\t\t<\/div>\n\t\t<\/div>\n\t\t\t\t\t<\/div>\n\t\t<\/section>\n\t\t\t\t<\/div>\n\t\t","protected":false},"excerpt":{"rendered":"<p>Volkshochschule REGION L\u00fcneburg VHS REGION L\u00fcneburg \u2013 Au\u00dfenstelle Adendorf Isabel GerstlKoordination Au\u00dfenstelle Gesch\u00e4ftsstelle Haagestr. 4 21335 L\u00fcneburg Telefon: 04131 1566 0 Telefax: 04131 1566 150 E-Mail: &#x76;&#x68;&#115;in&#x66;&#x6f;&#64;&#118;h&#x73;&#x2e;&#108;&#117;e&#x6e;&#x65;&#x62;&#117;rg&#x2e;&#x64;&#101; Webseite: https:\/\/www.vhs.lueneburg.de\/ Mit mehr als 1.000 Kursen pro Halbjahr ist die VHS REGION L\u00fcneburg der gro\u00dfe Bildungsanbieter in der Region. Ganz gleich, ob [&hellip;]<\/p>\n","protected":false},"author":1,"featured_media":0,"parent":1076,"menu_order":0,"comment_status":"closed","ping_status":"closed","template":"page-templates\/template-pagebuilder-full-width.php","meta":{"footnotes":""},"class_list":["post-1091","page","type-page","status-publish","hentry"],"publishpress_future_workflow_manual_trigger":{"enabledWorkflows":[]},"rttpg_featured_image_url":null,"rttpg_author":{"display_name":"Adendorf","author_link":"https:\/\/www.adendorf.de\/1\/author\/marco-brede\/"},"rttpg_comment":0,"rttpg_category":null,"rttpg_excerpt":"Volkshochschule REGION L\u00fcneburg VHS REGION L\u00fcneburg \u2013 Au\u00dfenstelle Adendorf Isabel GerstlKoordination Au\u00dfenstelle Gesch\u00e4ftsstelle Haagestr. 4 21335 L\u00fcneburg Telefon: 04131 1566 0 Telefax: 04131 1566 150 E-Mail: v&#104;&#115;&#x69;&#x6e;&#x66;o&#64;&#118;&#x68;&#x73;&#x2e;lu&#101;&#x6e;&#x65;&#x62;ur&#103;&#46;&#x64;&#x65; Webseite: https:\/\/www.vhs.lueneburg.de\/ Mit mehr als 1.000 Kursen pro Halbjahr ist die VHS REGION L\u00fcneburg der gro\u00dfe Bildungsanbieter in der Region. Ganz gleich, ob [&hellip;]","_links":{"self":[{"href":"https:\/\/www.adendorf.de\/1\/wp-json\/wp\/v2\/pages\/1091","targetHints":{"allow":["GET"]}}],"collection":[{"href":"https:\/\/www.adendorf.de\/1\/wp-json\/wp\/v2\/pages"}],"about":[{"href":"https:\/\/www.adendorf.de\/1\/wp-json\/wp\/v2\/types\/page"}],"author":[{"embeddable":true,"href":"https:\/\/www.adendorf.de\/1\/wp-json\/wp\/v2\/users\/1"}],"replies":[{"embeddable":true,"href":"https:\/\/www.adendorf.de\/1\/wp-json\/wp\/v2\/comments?post=1091"}],"version-history":[{"count":13,"href":"https:\/\/www.adendorf.de\/1\/wp-json\/wp\/v2\/pages\/1091\/revisions"}],"predecessor-version":[{"id":4512,"href":"https:\/\/www.adendorf.de\/1\/wp-json\/wp\/v2\/pages\/1091\/revisions\/4512"}],"up":[{"embeddable":true,"href":"https:\/\/www.adendorf.de\/1\/wp-json\/wp\/v2\/pages\/1076"}],"wp:attachment":[{"href":"https:\/\/www.adendorf.de\/1\/wp-json\/wp\/v2\/media?parent=1091"}],"curies":[{"name":"wp","href":"https:\/\/api.w.org\/{rel}","templated":true}]}}