{"id":1112,"date":"2019-05-14T14:50:53","date_gmt":"2019-05-14T12:50:53","guid":{"rendered":"http:\/\/www.adendorf.de\/1\/?page_id=1112"},"modified":"2022-01-13T17:12:24","modified_gmt":"2022-01-13T16:12:24","slug":"wongrowitz","status":"publish","type":"page","link":"https:\/\/www.adendorf.de\/1\/familie\/kultur\/partnerschaften\/wongrowitz\/","title":{"rendered":"Wongrowitz"},"content":{"rendered":"\t\t<div data-elementor-type=\"wp-post\" data-elementor-id=\"1112\" class=\"elementor elementor-1112\">\n\t\t\t\t\t\t<section class=\"elementor-section elementor-top-section elementor-element elementor-element-060be06 elementor-section-boxed elementor-section-height-default elementor-section-height-default\" data-id=\"060be06\" data-element_type=\"section\" data-e-type=\"section\">\n\t\t\t\t\t\t<div class=\"elementor-container elementor-column-gap-default\">\n\t\t\t\t\t<div class=\"elementor-column elementor-col-100 elementor-top-column elementor-element elementor-element-4353ad9\" data-id=\"4353ad9\" data-element_type=\"column\" data-e-type=\"column\">\n\t\t\t<div class=\"elementor-widget-wrap elementor-element-populated\">\n\t\t\t\t\t\t<div class=\"elementor-element elementor-element-8a36663 elementor-widget elementor-widget-heading\" data-id=\"8a36663\" data-element_type=\"widget\" data-e-type=\"widget\" data-widget_type=\"heading.default\">\n\t\t\t\t<div class=\"elementor-widget-container\">\n\t\t\t\t\t<h1 class=\"elementor-heading-title elementor-size-default\">Wongrowitz (W\u0105growiec)<\/h1>\t\t\t\t<\/div>\n\t\t\t\t<\/div>\n\t\t\t\t\t<\/div>\n\t\t<\/div>\n\t\t\t\t\t<\/div>\n\t\t<\/section>\n\t\t\t\t<section class=\"elementor-section elementor-top-section elementor-element elementor-element-a847923 elementor-section-boxed elementor-section-height-default elementor-section-height-default\" data-id=\"a847923\" data-element_type=\"section\" data-e-type=\"section\">\n\t\t\t\t\t\t<div class=\"elementor-container elementor-column-gap-default\">\n\t\t\t\t\t<div class=\"elementor-column elementor-col-100 elementor-top-column elementor-element elementor-element-052d02c\" data-id=\"052d02c\" data-element_type=\"column\" data-e-type=\"column\">\n\t\t\t<div class=\"elementor-widget-wrap elementor-element-populated\">\n\t\t\t\t\t\t<div class=\"elementor-element elementor-element-08af87c elementor-widget elementor-widget-text-editor\" data-id=\"08af87c\" data-element_type=\"widget\" data-e-type=\"widget\" data-widget_type=\"text-editor.default\">\n\t\t\t\t<div class=\"elementor-widget-container\">\n\t\t\t\t\t\t\t\t\t<p>Die Partnerschaft zwischen der polnischen Stadt Wongrowitz (W\u0105growiec) und der Gemeinde Adendorf besteht seit 2001. Die Stadt Wongrowitz mit ca. 25.000 Einwohnern liegt im nord\u00f6stlichen Teil von Gro\u00dfpolen, ca. 50 Kilometer n\u00f6rdlich von Posen. N\u00f6rdlich und s\u00fcdlich der Stadt erstrecken sich wundersch\u00f6ne h\u00fcgelige Waldlandschaften. Eingebettet liegen rund um die Stadt die f\u00fcr dieses Gebiet charakteristischen Seen, die durch reizvolle Fl\u00fcsse miteinander verbunden sind. Wongrowitz verdankt seine Gr\u00fcndung am 22.12.1381 den Zisterziensern.<\/p><p>J\u00e4hrlich gibt es in Wongrowitz zwei Begegnungen zu den Europatagen Anfang Mai und zum Stadtfest Ende Juli, an denen weitere Delegationen aus Russland, Ungarn, Frankreich, D\u00e4nemark und Sch\u00f6nwalde (Berlin) teilnehmen. Gegenbesuche gibt es zu Veranstaltungen in Adendorf.<\/p><p>Weitere Treffen zwischen Schulklassen, Behinderten, Feuerwehren fanden ebenso statt wie Sportvergleichswettk\u00e4mpfe.<\/p><p>Begegnungen von besonderer Bedeutung waren die Europatage 2004 im Zusammenhang mit der EU-Erweiterung sowie den Gedenkveranstaltungen im Zusammenhang mit dem Jubil\u00e4um \u201e60 Jahre Frieden nach Beendigung des 2. Weltkrieges\u201c.<\/p><p>Organisiert werden die Begegnungen von dem am 03.03.2005 gegr\u00fcndeten Partnerschaftsverein Adendorf-Wagrowiec e.V.<\/p><p><strong>Ansprechpartner:<\/strong> Manfred Stephan, Ahornweg 13, Tel.: <a href=\"tel:04131990099\">04131 990 099<\/a>.<br \/>Mehr Informationen zur Stadt Wongrowitz unter: <a href=\"https:\/\/www.wagrowiec.eu\/\" target=\"_blank\" rel=\"noopener\">https:\/\/www.wagrowiec.eu\/<\/a><\/p>\t\t\t\t\t\t\t\t<\/div>\n\t\t\t\t<\/div>\n\t\t\t\t\t<\/div>\n\t\t<\/div>\n\t\t\t\t\t<\/div>\n\t\t<\/section>\n\t\t\t\t<\/div>\n\t\t","protected":false},"excerpt":{"rendered":"<p>Wongrowitz (W\u0105growiec) Die Partnerschaft zwischen der polnischen Stadt Wongrowitz (W\u0105growiec) und der Gemeinde Adendorf besteht seit 2001. Die Stadt Wongrowitz mit ca. 25.000 Einwohnern liegt im nord\u00f6stlichen Teil von Gro\u00dfpolen, ca. 50 Kilometer n\u00f6rdlich von Posen. N\u00f6rdlich und s\u00fcdlich der Stadt erstrecken sich wundersch\u00f6ne h\u00fcgelige Waldlandschaften. Eingebettet liegen rund um [&hellip;]<\/p>\n","protected":false},"author":1,"featured_media":0,"parent":1107,"menu_order":0,"comment_status":"closed","ping_status":"closed","template":"page-templates\/template-pagebuilder-full-width.php","meta":{"footnotes":""},"class_list":["post-1112","page","type-page","status-publish","hentry"],"publishpress_future_workflow_manual_trigger":{"enabledWorkflows":[]},"rttpg_featured_image_url":null,"rttpg_author":{"display_name":"Adendorf","author_link":"https:\/\/www.adendorf.de\/1\/author\/marco-brede\/"},"rttpg_comment":0,"rttpg_category":null,"rttpg_excerpt":"Wongrowitz (W\u0105growiec) Die Partnerschaft zwischen der polnischen Stadt Wongrowitz (W\u0105growiec) und der Gemeinde Adendorf besteht seit 2001. Die Stadt Wongrowitz mit ca. 25.000 Einwohnern liegt im nord\u00f6stlichen Teil von Gro\u00dfpolen, ca. 50 Kilometer n\u00f6rdlich von Posen. N\u00f6rdlich und s\u00fcdlich der Stadt erstrecken sich wundersch\u00f6ne h\u00fcgelige Waldlandschaften. Eingebettet liegen rund um [&hellip;]","_links":{"self":[{"href":"https:\/\/www.adendorf.de\/1\/wp-json\/wp\/v2\/pages\/1112","targetHints":{"allow":["GET"]}}],"collection":[{"href":"https:\/\/www.adendorf.de\/1\/wp-json\/wp\/v2\/pages"}],"about":[{"href":"https:\/\/www.adendorf.de\/1\/wp-json\/wp\/v2\/types\/page"}],"author":[{"embeddable":true,"href":"https:\/\/www.adendorf.de\/1\/wp-json\/wp\/v2\/users\/1"}],"replies":[{"embeddable":true,"href":"https:\/\/www.adendorf.de\/1\/wp-json\/wp\/v2\/comments?post=1112"}],"version-history":[{"count":7,"href":"https:\/\/www.adendorf.de\/1\/wp-json\/wp\/v2\/pages\/1112\/revisions"}],"predecessor-version":[{"id":4503,"href":"https:\/\/www.adendorf.de\/1\/wp-json\/wp\/v2\/pages\/1112\/revisions\/4503"}],"up":[{"embeddable":true,"href":"https:\/\/www.adendorf.de\/1\/wp-json\/wp\/v2\/pages\/1107"}],"wp:attachment":[{"href":"https:\/\/www.adendorf.de\/1\/wp-json\/wp\/v2\/media?parent=1112"}],"curies":[{"name":"wp","href":"https:\/\/api.w.org\/{rel}","templated":true}]}}