{"id":1186,"date":"2019-05-16T09:21:37","date_gmt":"2019-05-16T07:21:37","guid":{"rendered":"http:\/\/www.adendorf.de\/1\/?page_id=1186"},"modified":"2025-09-09T13:55:26","modified_gmt":"2025-09-09T11:55:26","slug":"gemeinderat","status":"publish","type":"page","link":"https:\/\/www.adendorf.de\/1\/politik\/gemeinderat\/","title":{"rendered":"Gemeinderat"},"content":{"rendered":"\t\t<div data-elementor-type=\"wp-post\" data-elementor-id=\"1186\" class=\"elementor elementor-1186\">\n\t\t\t\t\t\t<section class=\"elementor-section elementor-top-section elementor-element elementor-element-4633570 elementor-section-boxed elementor-section-height-default elementor-section-height-default\" data-id=\"4633570\" data-element_type=\"section\" data-e-type=\"section\">\n\t\t\t\t\t\t<div class=\"elementor-container elementor-column-gap-default\">\n\t\t\t\t\t<div class=\"elementor-column elementor-col-100 elementor-top-column elementor-element elementor-element-a96d3f9\" data-id=\"a96d3f9\" data-element_type=\"column\" data-e-type=\"column\">\n\t\t\t<div class=\"elementor-widget-wrap elementor-element-populated\">\n\t\t\t\t\t\t<div class=\"elementor-element elementor-element-de17ebe elementor-widget elementor-widget-heading\" data-id=\"de17ebe\" data-element_type=\"widget\" data-e-type=\"widget\" data-widget_type=\"heading.default\">\n\t\t\t\t<div class=\"elementor-widget-container\">\n\t\t\t\t\t<h1 class=\"elementor-heading-title elementor-size-default\">Gemeinderat und Aussch\u00fcsse<\/h1>\t\t\t\t<\/div>\n\t\t\t\t<\/div>\n\t\t\t\t\t<\/div>\n\t\t<\/div>\n\t\t\t\t\t<\/div>\n\t\t<\/section>\n\t\t\t\t<section class=\"elementor-section elementor-top-section elementor-element elementor-element-3e3c02e elementor-section-boxed elementor-section-height-default elementor-section-height-default\" data-id=\"3e3c02e\" data-element_type=\"section\" data-e-type=\"section\">\n\t\t\t\t\t\t<div class=\"elementor-container elementor-column-gap-default\">\n\t\t\t\t\t<div class=\"elementor-column elementor-col-100 elementor-top-column elementor-element elementor-element-5fd7744\" data-id=\"5fd7744\" data-element_type=\"column\" data-e-type=\"column\">\n\t\t\t<div class=\"elementor-widget-wrap elementor-element-populated\">\n\t\t\t\t\t\t<div class=\"elementor-element elementor-element-6f6a0e9 elementor-widget elementor-widget-text-editor\" data-id=\"6f6a0e9\" data-element_type=\"widget\" data-e-type=\"widget\" data-widget_type=\"text-editor.default\">\n\t\t\t\t<div class=\"elementor-widget-container\">\n\t\t\t\t\t\t\t\t\t<p>\u00dcber das Ratsinformationssystem stellen wir Ihnen vielseitige Informationen rund um die Arbeit des Gemeinderates der Gemeinde Adendorf online zur Verf\u00fcgung.<br \/>Insbesondere finden Sie hier:<\/p><ul><li><a href=\"https:\/\/www.adendorf.sitzung-online.de\/public\/si010\" target=\"_blank\" rel=\"noopener\">den Sitzungskalender<\/a><\/li><li><a href=\"https:\/\/www.adendorf.sitzung-online.de\/public\/gr010\" target=\"_blank\" rel=\"noopener\">die Zusammensetzung der Gremien<\/a><\/li><li>die Sitzungsvorlagen der \u00f6ffentlichen Tagesordnungspunkte<\/li><li>die Protokolle \u00f6ffentlicher Sitzungen<\/li><\/ul>\t\t\t\t\t\t\t\t<\/div>\n\t\t\t\t<\/div>\n\t\t\t\t\t<\/div>\n\t\t<\/div>\n\t\t\t\t\t<\/div>\n\t\t<\/section>\n\t\t\t\t<section class=\"elementor-section elementor-top-section elementor-element elementor-element-771c587 elementor-section-boxed elementor-section-height-default elementor-section-height-default\" data-id=\"771c587\" data-element_type=\"section\" data-e-type=\"section\">\n\t\t\t\t\t\t<div class=\"elementor-container elementor-column-gap-default\">\n\t\t\t\t\t<div class=\"elementor-column elementor-col-100 elementor-top-column elementor-element elementor-element-d8b3f92\" data-id=\"d8b3f92\" data-element_type=\"column\" data-e-type=\"column\">\n\t\t\t<div class=\"elementor-widget-wrap elementor-element-populated\">\n\t\t\t\t\t\t<div class=\"elementor-element elementor-element-93ddd34 elementor-widget elementor-widget-heading\" data-id=\"93ddd34\" data-element_type=\"widget\" data-e-type=\"widget\" data-widget_type=\"heading.default\">\n\t\t\t\t<div class=\"elementor-widget-container\">\n\t\t\t\t\t<h2 class=\"elementor-heading-title elementor-size-default\">Rat und Aussch\u00fcsse<\/h2>\t\t\t\t<\/div>\n\t\t\t\t<\/div>\n\t\t\t\t<div class=\"elementor-element elementor-element-4c5c95d elementor-widget elementor-widget-text-editor\" data-id=\"4c5c95d\" data-element_type=\"widget\" data-e-type=\"widget\" data-widget_type=\"text-editor.default\">\n\t\t\t\t<div class=\"elementor-widget-container\">\n\t\t\t\t\t\t\t\t\t<ul><li><a href=\"https:\/\/www.adendorf.sitzung-online.de\/public\/gr020?GRLFDNR=1\" target=\"_blank\" rel=\"noopener\">Gemeinderat<\/a><\/li><li><a href=\"https:\/\/www.adendorf.sitzung-online.de\/public\/gr020?GRLFDNR=2\" target=\"_blank\" rel=\"noopener\">Verwaltungsausschuss<\/a><\/li><li><a href=\"https:\/\/www.adendorf.sitzung-online.de\/public\/gr020?GRLFDNR=3\" target=\"_blank\" rel=\"noopener\">Ausschuss f\u00fcr Stra\u00dfen, Verkehr und Gr\u00fcnfl\u00e4chen<\/a><\/li><li><a href=\"https:\/\/www.adendorf.sitzung-online.de\/public\/gr020?GRLFDNR=7\" target=\"_blank\" rel=\"noopener\">Ausschuss f\u00fcr Feuer- und Katastrophenschutz<\/a><\/li><li><a href=\"https:\/\/www.adendorf.sitzung-online.de\/public\/gr020?GRLFDNR=10\" target=\"_blank\" rel=\"noopener\">Ausschuss f\u00fcr Jugend, Senioren und Soziales<\/a><\/li><li><a href=\"https:\/\/www.adendorf.sitzung-online.de\/public\/gr020?GRLFDNR=11\" target=\"_blank\" rel=\"noopener\">Schulausschuss<\/a><\/li><li><a href=\"https:\/\/www.adendorf.sitzung-online.de\/public\/gr020?GRLFDNR=19\" target=\"_blank\" rel=\"noopener\">Ausschuss f\u00fcr Umwelt, Ortsentwicklung und Bauen<\/a><\/li><li><a href=\"https:\/\/www.adendorf.sitzung-online.de\/public\/gr020?GRLFDNR=20\" target=\"_blank\" rel=\"noopener\">Ausschuss f\u00fcr Kultur, Sport, Freizeit und Tourismus<\/a><\/li><\/ul>\t\t\t\t\t\t\t\t<\/div>\n\t\t\t\t<\/div>\n\t\t\t\t\t<\/div>\n\t\t<\/div>\n\t\t\t\t\t<\/div>\n\t\t<\/section>\n\t\t\t\t<section class=\"elementor-section elementor-top-section elementor-element elementor-element-9a177bb elementor-section-boxed elementor-section-height-default elementor-section-height-default\" data-id=\"9a177bb\" data-element_type=\"section\" data-e-type=\"section\">\n\t\t\t\t\t\t<div class=\"elementor-container elementor-column-gap-default\">\n\t\t\t\t\t<div class=\"elementor-column elementor-col-100 elementor-top-column elementor-element elementor-element-33a2294\" data-id=\"33a2294\" data-element_type=\"column\" data-e-type=\"column\">\n\t\t\t<div class=\"elementor-widget-wrap elementor-element-populated\">\n\t\t\t\t\t\t<div class=\"elementor-element elementor-element-b39e4d7 elementor-widget elementor-widget-image-gallery\" data-id=\"b39e4d7\" data-element_type=\"widget\" data-e-type=\"widget\" data-widget_type=\"image-gallery.default\">\n\t\t\t\t<div class=\"elementor-widget-container\">\n\t\t\t\t\t\t\t<div class=\"elementor-image-gallery\">\n\t\t\t\n\t\t<style type=\"text\/css\">\n\t\t\t#gallery-1 {\n\t\t\t\tmargin: auto;\n\t\t\t}\n\t\t\t#gallery-1 .gallery-item {\n\t\t\t\tfloat: left;\n\t\t\t\tmargin-top: 10px;\n\t\t\t\ttext-align: center;\n\t\t\t\twidth: 25%;\n\t\t\t}\n\t\t\t#gallery-1 img {\n\t\t\t\tborder: 2px solid #cfcfcf;\n\t\t\t}\n\t\t\t#gallery-1 .gallery-caption {\n\t\t\t\tmargin-left: 0;\n\t\t\t}\n\t\t\t\/* see gallery_shortcode() in wp-includes\/media.php *\/\n\t\t<\/style>\n\t\t<div id='gallery-1' class='gallery galleryid-1186 gallery-columns-4 gallery-size-medium_large'><dl class='gallery-item'>\n\t\t\t<dt class='gallery-icon landscape'>\n\t\t\t\t<a data-elementor-open-lightbox=\"yes\" data-elementor-lightbox-slideshow=\"b39e4d7\" data-elementor-lightbox-title=\"Gemeinderat\" data-e-action-hash=\"#elementor-action%3Aaction%3Dlightbox%26settings%3DeyJpZCI6NDMwMCwidXJsIjoiaHR0cHM6XC9cL3d3dy5hZGVuZG9yZi5kZVwvMVwvd3AtY29udGVudFwvdXBsb2Fkc1wvMjAyMVwvMTFcL0dlbWVpbmRlcmF0XzIwMjEtMjAyNi5qcGciLCJzbGlkZXNob3ciOiJiMzllNGQ3In0%3D\" href='https:\/\/www.adendorf.de\/1\/wp-content\/uploads\/2021\/11\/Gemeinderat_2021-2026.jpg'><img fetchpriority=\"high\" decoding=\"async\" width=\"750\" height=\"506\" src=\"https:\/\/www.adendorf.de\/1\/wp-content\/uploads\/2021\/11\/Gemeinderat_2021-2026-768x518.jpg\" class=\"attachment-medium_large size-medium_large\" alt=\"\" aria-describedby=\"gallery-1-4300\" srcset=\"https:\/\/www.adendorf.de\/1\/wp-content\/uploads\/2021\/11\/Gemeinderat_2021-2026-768x518.jpg 768w, https:\/\/www.adendorf.de\/1\/wp-content\/uploads\/2021\/11\/Gemeinderat_2021-2026-300x202.jpg 300w, https:\/\/www.adendorf.de\/1\/wp-content\/uploads\/2021\/11\/Gemeinderat_2021-2026.jpg 1024w\" sizes=\"(max-width: 750px) 100vw, 750px\" \/><\/a>\n\t\t\t<\/dt>\n\t\t\t\t<dd class='wp-caption-text gallery-caption' id='gallery-1-4300'>\n\t\t\t\tRat der Gemeinde Adendorf\n\t\t\t\t<\/dd><\/dl>\n\t\t\t<br style='clear: both' \/>\n\t\t<\/div>\n\t\t<\/div>\n\t\t\t\t\t\t<\/div>\n\t\t\t\t<\/div>\n\t\t\t\t<div class=\"elementor-element elementor-element-b4410ca elementor-widget elementor-widget-image-gallery\" data-id=\"b4410ca\" data-element_type=\"widget\" data-e-type=\"widget\" data-widget_type=\"image-gallery.default\">\n\t\t\t\t<div class=\"elementor-widget-container\">\n\t\t\t\t\t\t\t<div class=\"elementor-image-gallery\">\n\t\t\t\n\t\t<style type=\"text\/css\">\n\t\t\t#gallery-2 {\n\t\t\t\tmargin: auto;\n\t\t\t}\n\t\t\t#gallery-2 .gallery-item {\n\t\t\t\tfloat: left;\n\t\t\t\tmargin-top: 10px;\n\t\t\t\ttext-align: center;\n\t\t\t\twidth: 25%;\n\t\t\t}\n\t\t\t#gallery-2 img {\n\t\t\t\tborder: 2px solid #cfcfcf;\n\t\t\t}\n\t\t\t#gallery-2 .gallery-caption {\n\t\t\t\tmargin-left: 0;\n\t\t\t}\n\t\t\t\/* see gallery_shortcode() in wp-includes\/media.php *\/\n\t\t<\/style>\n\t\t<div id='gallery-2' class='gallery galleryid-1186 gallery-columns-4 gallery-size-medium_large'><dl class='gallery-item'>\n\t\t\t<dt class='gallery-icon landscape'>\n\t\t\t\t<a data-elementor-open-lightbox=\"yes\" data-elementor-lightbox-slideshow=\"b4410ca\" data-elementor-lightbox-title=\"Gemeindewahl_2021\" data-e-action-hash=\"#elementor-action%3Aaction%3Dlightbox%26settings%3DeyJpZCI6NDE2MSwidXJsIjoiaHR0cHM6XC9cL3d3dy5hZGVuZG9yZi5kZVwvMVwvd3AtY29udGVudFwvdXBsb2Fkc1wvMjAyMVwvMDlcL0dlbWVpbmRld2FobF8yMDIxLmpwZyIsInNsaWRlc2hvdyI6ImI0NDEwY2EifQ%3D%3D\" href='https:\/\/www.adendorf.de\/1\/wp-content\/uploads\/2021\/09\/Gemeindewahl_2021.jpg'><img decoding=\"async\" width=\"750\" height=\"591\" src=\"https:\/\/www.adendorf.de\/1\/wp-content\/uploads\/2021\/09\/Gemeindewahl_2021.jpg\" class=\"attachment-medium_large size-medium_large\" alt=\"Gemeindewahl 12.09.2021: SPD: 40,79%, CDU: 19,42%, Gr\u00fcne: 20,35%, DIE LINKE.: 4,87%, FDP: 5,34%, Die Unabh\u00e4ngigen-ABAE: 9,23%\" aria-describedby=\"gallery-2-4161\" srcset=\"https:\/\/www.adendorf.de\/1\/wp-content\/uploads\/2021\/09\/Gemeindewahl_2021.jpg 752w, https:\/\/www.adendorf.de\/1\/wp-content\/uploads\/2021\/09\/Gemeindewahl_2021-300x237.jpg 300w\" sizes=\"(max-width: 750px) 100vw, 750px\" \/><\/a>\n\t\t\t<\/dt>\n\t\t\t\t<dd class='wp-caption-text gallery-caption' id='gallery-2-4161'>\n\t\t\t\tErgebnisse der Gemeindewahl 2021\n\t\t\t\t<\/dd><\/dl><dl class='gallery-item'>\n\t\t\t<dt class='gallery-icon landscape'>\n\t\t\t\t<a data-elementor-open-lightbox=\"yes\" data-elementor-lightbox-slideshow=\"b4410ca\" data-elementor-lightbox-title=\"Gemeindewahl_2021_Sitzverteilung\" data-e-action-hash=\"#elementor-action%3Aaction%3Dlightbox%26settings%3DeyJpZCI6NDE2MiwidXJsIjoiaHR0cHM6XC9cL3d3dy5hZGVuZG9yZi5kZVwvMVwvd3AtY29udGVudFwvdXBsb2Fkc1wvMjAyMVwvMDlcL0dlbWVpbmRld2FobF8yMDIxX1NpdHp2ZXJ0ZWlsdW5nLmpwZyIsInNsaWRlc2hvdyI6ImI0NDEwY2EifQ%3D%3D\" href='https:\/\/www.adendorf.de\/1\/wp-content\/uploads\/2021\/09\/Gemeindewahl_2021_Sitzverteilung.jpg'><img decoding=\"async\" width=\"750\" height=\"591\" src=\"https:\/\/www.adendorf.de\/1\/wp-content\/uploads\/2021\/09\/Gemeindewahl_2021_Sitzverteilung.jpg\" class=\"attachment-medium_large size-medium_large\" alt=\"Sitzverteilung Gemeindewahl 12.09.2021: SPD: 11, CDU: 5, Gr\u00fcne: 5, DIE LINKE.: 1, FDP: 1, Die Unabh\u00e4ngigen-ABAE: 3\" aria-describedby=\"gallery-2-4162\" srcset=\"https:\/\/www.adendorf.de\/1\/wp-content\/uploads\/2021\/09\/Gemeindewahl_2021_Sitzverteilung.jpg 752w, https:\/\/www.adendorf.de\/1\/wp-content\/uploads\/2021\/09\/Gemeindewahl_2021_Sitzverteilung-300x237.jpg 300w\" sizes=\"(max-width: 750px) 100vw, 750px\" \/><\/a>\n\t\t\t<\/dt>\n\t\t\t\t<dd class='wp-caption-text gallery-caption' id='gallery-2-4162'>\n\t\t\t\tSitzverteilung\n\t\t\t\t<\/dd><\/dl>\n\t\t\t<br style='clear: both' \/>\n\t\t<\/div>\n\t\t<\/div>\n\t\t\t\t\t\t<\/div>\n\t\t\t\t<\/div>\n\t\t\t\t\t<\/div>\n\t\t<\/div>\n\t\t\t\t\t<\/div>\n\t\t<\/section>\n\t\t\t\t<\/div>\n\t\t","protected":false},"excerpt":{"rendered":"<p>Gemeinderat und Aussch\u00fcsse \u00dcber das Ratsinformationssystem stellen wir Ihnen vielseitige Informationen rund um die Arbeit des Gemeinderates der Gemeinde Adendorf online zur Verf\u00fcgung.Insbesondere finden Sie hier: den Sitzungskalender die Zusammensetzung der Gremien die Sitzungsvorlagen der \u00f6ffentlichen Tagesordnungspunkte die Protokolle \u00f6ffentlicher Sitzungen Rat und Aussch\u00fcsse Gemeinderat Verwaltungsausschuss Ausschuss f\u00fcr Stra\u00dfen, Verkehr [&hellip;]<\/p>\n","protected":false},"author":1,"featured_media":0,"parent":678,"menu_order":0,"comment_status":"closed","ping_status":"closed","template":"page-templates\/template-pagebuilder-full-width.php","meta":{"footnotes":""},"class_list":["post-1186","page","type-page","status-publish","hentry"],"publishpress_future_workflow_manual_trigger":{"enabledWorkflows":[]},"rttpg_featured_image_url":null,"rttpg_author":{"display_name":"Adendorf","author_link":"https:\/\/www.adendorf.de\/1\/author\/marco-brede\/"},"rttpg_comment":0,"rttpg_category":null,"rttpg_excerpt":"Gemeinderat und Aussch\u00fcsse \u00dcber das Ratsinformationssystem stellen wir Ihnen vielseitige Informationen rund um die Arbeit des Gemeinderates der Gemeinde Adendorf online zur Verf\u00fcgung.Insbesondere finden Sie hier: den Sitzungskalender die Zusammensetzung der Gremien die Sitzungsvorlagen der \u00f6ffentlichen Tagesordnungspunkte die Protokolle \u00f6ffentlicher Sitzungen Rat und Aussch\u00fcsse Gemeinderat Verwaltungsausschuss Ausschuss f\u00fcr Stra\u00dfen, Verkehr [&hellip;]","_links":{"self":[{"href":"https:\/\/www.adendorf.de\/1\/wp-json\/wp\/v2\/pages\/1186","targetHints":{"allow":["GET"]}}],"collection":[{"href":"https:\/\/www.adendorf.de\/1\/wp-json\/wp\/v2\/pages"}],"about":[{"href":"https:\/\/www.adendorf.de\/1\/wp-json\/wp\/v2\/types\/page"}],"author":[{"embeddable":true,"href":"https:\/\/www.adendorf.de\/1\/wp-json\/wp\/v2\/users\/1"}],"replies":[{"embeddable":true,"href":"https:\/\/www.adendorf.de\/1\/wp-json\/wp\/v2\/comments?post=1186"}],"version-history":[{"count":33,"href":"https:\/\/www.adendorf.de\/1\/wp-json\/wp\/v2\/pages\/1186\/revisions"}],"predecessor-version":[{"id":8441,"href":"https:\/\/www.adendorf.de\/1\/wp-json\/wp\/v2\/pages\/1186\/revisions\/8441"}],"up":[{"embeddable":true,"href":"https:\/\/www.adendorf.de\/1\/wp-json\/wp\/v2\/pages\/678"}],"wp:attachment":[{"href":"https:\/\/www.adendorf.de\/1\/wp-json\/wp\/v2\/media?parent=1186"}],"curies":[{"name":"wp","href":"https:\/\/api.w.org\/{rel}","templated":true}]}}