{"id":1209,"date":"2019-05-16T10:29:02","date_gmt":"2019-05-16T08:29:02","guid":{"rendered":"http:\/\/www.adendorf.de\/1\/?page_id=1209"},"modified":"2025-02-12T14:26:07","modified_gmt":"2025-02-12T13:26:07","slug":"stellenangebote","status":"publish","type":"page","link":"https:\/\/www.adendorf.de\/1\/verwaltung\/stellenangebote\/","title":{"rendered":"Stellenangebote"},"content":{"rendered":"\t\t<div data-elementor-type=\"wp-post\" data-elementor-id=\"1209\" class=\"elementor elementor-1209\">\n\t\t\t\t\t\t<section class=\"elementor-section elementor-top-section elementor-element elementor-element-0f93328 elementor-section-boxed elementor-section-height-default elementor-section-height-default\" data-id=\"0f93328\" data-element_type=\"section\" data-e-type=\"section\">\n\t\t\t\t\t\t<div class=\"elementor-container elementor-column-gap-default\">\n\t\t\t\t\t<div class=\"elementor-column elementor-col-100 elementor-top-column elementor-element elementor-element-e8b07da\" data-id=\"e8b07da\" data-element_type=\"column\" data-e-type=\"column\">\n\t\t\t<div class=\"elementor-widget-wrap elementor-element-populated\">\n\t\t\t\t\t\t<div class=\"elementor-element elementor-element-ca04ad3 elementor-widget elementor-widget-heading\" data-id=\"ca04ad3\" data-element_type=\"widget\" data-e-type=\"widget\" data-widget_type=\"heading.default\">\n\t\t\t\t<div class=\"elementor-widget-container\">\n\t\t\t\t\t<h1 class=\"elementor-heading-title elementor-size-default\">Stellenangebote<\/h1>\t\t\t\t<\/div>\n\t\t\t\t<\/div>\n\t\t\t\t\t<\/div>\n\t\t<\/div>\n\t\t\t\t\t<\/div>\n\t\t<\/section>\n\t\t\t\t<section class=\"elementor-section elementor-top-section elementor-element elementor-element-70e8fad1 elementor-section-boxed elementor-section-height-default elementor-section-height-default\" data-id=\"70e8fad1\" data-element_type=\"section\" data-e-type=\"section\">\n\t\t\t\t\t\t<div class=\"elementor-container elementor-column-gap-default\">\n\t\t\t\t\t<div class=\"elementor-column elementor-col-100 elementor-top-column elementor-element elementor-element-732094a4\" data-id=\"732094a4\" data-element_type=\"column\" data-e-type=\"column\">\n\t\t\t<div class=\"elementor-widget-wrap elementor-element-populated\">\n\t\t\t\t\t\t<div class=\"elementor-element elementor-element-c08eeac elementor-widget elementor-widget-heading\" data-id=\"c08eeac\" data-element_type=\"widget\" data-e-type=\"widget\" data-widget_type=\"heading.default\">\n\t\t\t\t<div class=\"elementor-widget-container\">\n\t\t\t\t\t<h2 class=\"elementor-heading-title elementor-size-default\">Die Gemeinde Adendorf als Arbeitgeber<\/h2>\t\t\t\t<\/div>\n\t\t\t\t<\/div>\n\t\t\t\t<div class=\"elementor-element elementor-element-0e9e028 elementor-widget elementor-widget-text-editor\" data-id=\"0e9e028\" data-element_type=\"widget\" data-e-type=\"widget\" data-widget_type=\"text-editor.default\">\n\t\t\t\t<div class=\"elementor-widget-container\">\n\t\t\t\t\t\t\t\t\t<p><strong>Wir f\u00f6rdern Vereinbarkeit von Familie und Beruf<\/strong><\/p><p>Die Gemeinde Adendorf versteht sich als moderner Dienstleister f\u00fcr die rund 11.000 Einwohnerinnen und Einwohner Adendorfs. Geografisch liegt die Einheitsgemeinde Adendorf im Landkreis L\u00fcneburg, direkt vor den Toren der Hansestadt L\u00fcneburg. Adendorf ist zudem Teil der Metropolregion Hamburg. Die Einheitsgemeinde zeichnet sich durch ihr umfangreiches Sport- und Freizeitangebot als die Sportgemeinde im Landkreis L\u00fcneburg aus.<\/p><p>Unser Team besteht aus fast 190 Mitarbeiterinnen und Mitarbeitern unterschiedlichster Qualifikationen und Ausbildungen. Wir erbringen unsere Dienstleistungen im Rathaus, in der Bibliothek und der Grundschule, in den Sporthallen, auf dem Bauhof, in den Kitas und Jugendeinrichtungen sowie im Freibad und im Eisstadion.<br \/>Jeder Besch\u00e4ftigte \u00fcbernimmt bei uns Verantwortung und tr\u00e4gt dazu bei, dass wir unsere Dienstleistungen f\u00fcr unsere Einwohnerinnen und Einwohner stetig verbessern. Wir verstehen uns als lernendes Unternehmen. Gemeinsam gestalten wir Zukunft!<\/p><p>Dabei ist uns die Gesundheit unserer Besch\u00e4ftigten sehr wichtig. Damit unsere Besch\u00e4ftigten gesund sind und gesund bleiben, wird bei uns der Arbeitsschutz und die Gesundheitspr\u00e4vention besonders ber\u00fccksichtigt. Neben zus\u00e4tzlichen Angeboten zu Vorsorgeuntersuchungen (z. B. Sehf\u00e4higkeit bei Bildschirmarbeit) organisieren wir zum Beispiel regelm\u00e4\u00dfige Sportangebote (z. B. Aqua-Fitness, R\u00fcckenschule, Teilnahme am Firmenlauf) zur Gesunderhaltung unserer Besch\u00e4ftigten.<br \/>Mit verschiedenen Angeboten versuchen wir die besten Wege zu finden, damit unsere Besch\u00e4ftigten ihre Interessen im Beruf, Freizeit und Familie gut miteinander kombinieren k\u00f6nnen.<\/p><p>Wer Lust hat, Verantwortung zu \u00fcbernehmen und sich sowie unsere Gemeinde stetig weiterzuentwickeln, ist bei uns richtig.<\/p>\t\t\t\t\t\t\t\t<\/div>\n\t\t\t\t<\/div>\n\t\t\t\t\t<\/div>\n\t\t<\/div>\n\t\t\t\t\t<\/div>\n\t\t<\/section>\n\t\t\t\t<section class=\"elementor-section elementor-top-section elementor-element elementor-element-3d9335e elementor-section-boxed elementor-section-height-default elementor-section-height-default\" data-id=\"3d9335e\" data-element_type=\"section\" data-e-type=\"section\">\n\t\t\t\t\t\t<div class=\"elementor-container elementor-column-gap-default\">\n\t\t\t\t\t<div class=\"elementor-column elementor-col-100 elementor-top-column elementor-element elementor-element-62d88b1\" data-id=\"62d88b1\" data-element_type=\"column\" data-e-type=\"column\">\n\t\t\t<div class=\"elementor-widget-wrap elementor-element-populated\">\n\t\t\t\t\t\t<div class=\"elementor-element elementor-element-2ac2015 elementor-widget elementor-widget-heading\" data-id=\"2ac2015\" data-element_type=\"widget\" data-e-type=\"widget\" data-widget_type=\"heading.default\">\n\t\t\t\t<div class=\"elementor-widget-container\">\n\t\t\t\t\t<h2 class=\"elementor-heading-title elementor-size-default\">Aktuelle Stellenangebote<\/h2>\t\t\t\t<\/div>\n\t\t\t\t<\/div>\n\t\t\t\t\t<\/div>\n\t\t<\/div>\n\t\t\t\t\t<\/div>\n\t\t<\/section>\n\t\t\t\t<section class=\"elementor-section elementor-top-section elementor-element elementor-element-d1c1a53 elementor-section-boxed elementor-section-height-default elementor-section-height-default\" data-id=\"d1c1a53\" data-element_type=\"section\" data-e-type=\"section\">\n\t\t\t\t\t\t<div class=\"elementor-container elementor-column-gap-default\">\n\t\t\t\t\t<div class=\"elementor-column elementor-col-100 elementor-top-column elementor-element elementor-element-c2a3a11\" data-id=\"c2a3a11\" data-element_type=\"column\" data-e-type=\"column\">\n\t\t\t<div class=\"elementor-widget-wrap elementor-element-populated\">\n\t\t\t\t\t\t<div class=\"elementor-element elementor-element-22ba8be elementor-widget elementor-widget-button\" data-id=\"22ba8be\" data-element_type=\"widget\" data-e-type=\"widget\" data-widget_type=\"button.default\">\n\t\t\t\t<div class=\"elementor-widget-container\">\n\t\t\t\t\t\t\t\t\t<div class=\"elementor-button-wrapper\">\n\t\t\t\t\t<a class=\"elementor-button elementor-button-link elementor-size-sm\" href=\"https:\/\/service.adendorf.de\/bewerbung\/uebersicht.html?titel=Bewerberportal+-+Stellenausschreibungen\">\n\t\t\t\t\t\t<span class=\"elementor-button-content-wrapper\">\n\t\t\t\t\t\t\t\t\t<span class=\"elementor-button-text\">Bewerberportal<\/span>\n\t\t\t\t\t<\/span>\n\t\t\t\t\t<\/a>\n\t\t\t\t<\/div>\n\t\t\t\t\t\t\t\t<\/div>\n\t\t\t\t<\/div>\n\t\t\t\t\t<\/div>\n\t\t<\/div>\n\t\t\t\t\t<\/div>\n\t\t<\/section>\n\t\t\t\t<section class=\"elementor-section elementor-top-section elementor-element elementor-element-98e9902 elementor-section-boxed elementor-section-height-default elementor-section-height-default\" data-id=\"98e9902\" data-element_type=\"section\" data-e-type=\"section\">\n\t\t\t\t\t\t<div class=\"elementor-container elementor-column-gap-default\">\n\t\t\t\t\t<div class=\"elementor-column elementor-col-100 elementor-top-column elementor-element elementor-element-0d8e546\" data-id=\"0d8e546\" data-element_type=\"column\" data-e-type=\"column\">\n\t\t\t<div class=\"elementor-widget-wrap elementor-element-populated\">\n\t\t\t\t\t\t<div class=\"elementor-element elementor-element-b07b801 elementor-widget elementor-widget-heading\" data-id=\"b07b801\" data-element_type=\"widget\" data-e-type=\"widget\" data-widget_type=\"heading.default\">\n\t\t\t\t<div class=\"elementor-widget-container\">\n\t\t\t\t\t<h2 class=\"elementor-heading-title elementor-size-default\">Ansprechpartner<\/h2>\t\t\t\t<\/div>\n\t\t\t\t<\/div>\n\t\t\t\t\t<\/div>\n\t\t<\/div>\n\t\t\t\t\t<\/div>\n\t\t<\/section>\n\t\t\t\t<section class=\"elementor-section elementor-top-section elementor-element elementor-element-ff8cd6e elementor-section-boxed elementor-section-height-default elementor-section-height-default\" data-id=\"ff8cd6e\" data-element_type=\"section\" data-e-type=\"section\">\n\t\t\t\t\t\t<div class=\"elementor-container elementor-column-gap-default\">\n\t\t\t\t\t<div class=\"elementor-column elementor-col-50 elementor-top-column elementor-element elementor-element-3a18213\" data-id=\"3a18213\" data-element_type=\"column\" data-e-type=\"column\">\n\t\t\t<div class=\"elementor-widget-wrap elementor-element-populated\">\n\t\t\t\t\t\t<div class=\"elementor-element elementor-element-7b5638e elementor-widget elementor-widget-text-editor\" data-id=\"7b5638e\" data-element_type=\"widget\" data-e-type=\"widget\" data-widget_type=\"text-editor.default\">\n\t\t\t\t<div class=\"elementor-widget-container\">\n\t\t\t\t\t\t\t\t\t<p><strong>Herr Conrad<\/strong><\/p><p>Leiter Fachbereich Personal &amp; Interner Service<\/p><p>Gemeinde Adendorf<\/p><p>Rathausplatz 14<\/p><p>21365 Adendorf<\/p><p>Telefon: <a href=\"tel:04131980923\">04131 9809-23<\/a><\/p><p>E-Mail: <a href=\"&#109;&#x61;i&#x6c;&#x74;&#111;&#x3a;t&#105;&#x6d;&#46;&#x63;o&#110;&#x72;a&#x64;&#64;&#97;&#x64;e&#x6e;&#x64;&#111;&#x72;f&#46;&#x64;&#101;\">&#116;&#x69;m&#x2e;&#x63;&#111;&#x6e;r&#x61;&#x64;&#64;&#x61;d&#x65;&#x6e;&#100;&#x6f;r&#x66;&#x2e;&#100;&#x65;<\/a><\/p>\t\t\t\t\t\t\t\t<\/div>\n\t\t\t\t<\/div>\n\t\t\t\t\t<\/div>\n\t\t<\/div>\n\t\t\t\t<div class=\"elementor-column elementor-col-50 elementor-top-column elementor-element elementor-element-6346ae2\" data-id=\"6346ae2\" data-element_type=\"column\" data-e-type=\"column\">\n\t\t\t<div class=\"elementor-widget-wrap elementor-element-populated\">\n\t\t\t\t\t\t<div class=\"elementor-element elementor-element-9ca42a2 elementor-widget elementor-widget-text-editor\" data-id=\"9ca42a2\" data-element_type=\"widget\" data-e-type=\"widget\" data-widget_type=\"text-editor.default\">\n\t\t\t\t<div class=\"elementor-widget-container\">\n\t\t\t\t\t\t\t\t\t<p><strong>Frau Sieber<br \/><\/strong><\/p><p>Personalwesen<\/p><p>Gemeinde Adendorf<\/p><p>Rathausplatz 14<\/p><p>21365 Adendorf<\/p><p>Telefon: <a href=\"tel:04131980935\">04131 9809-35<\/a><\/p><p>E-Mail: <a href=\"&#x6d;&#x61;&#x69;&#x6c;&#x74;&#x6f;&#x3a;&#x75;&#x6c;&#x72;&#x69;&#107;&#101;&#46;&#115;&#105;&#101;&#98;er&#64;ade&#x6e;&#x64;&#x6f;&#x72;&#x66;&#x2e;&#x64;&#x65;\">&#x75;&#x6c;&#114;&#105;ke&#x2e;&#x73;&#x69;&#101;be&#x72;&#x40;&#x61;&#100;&#101;n&#x64;&#x6f;&#x72;&#102;&#46;d&#x65;<\/a><\/p>\t\t\t\t\t\t\t\t<\/div>\n\t\t\t\t<\/div>\n\t\t\t\t\t<\/div>\n\t\t<\/div>\n\t\t\t\t\t<\/div>\n\t\t<\/section>\n\t\t\t\t<section class=\"elementor-section elementor-top-section elementor-element elementor-element-72a5b76 elementor-section-boxed elementor-section-height-default elementor-section-height-default\" data-id=\"72a5b76\" data-element_type=\"section\" data-e-type=\"section\">\n\t\t\t\t\t\t<div class=\"elementor-container elementor-column-gap-default\">\n\t\t\t\t\t<div class=\"elementor-column elementor-col-100 elementor-top-column elementor-element elementor-element-da2cf26\" data-id=\"da2cf26\" data-element_type=\"column\" data-e-type=\"column\">\n\t\t\t<div class=\"elementor-widget-wrap elementor-element-populated\">\n\t\t\t\t\t\t<div class=\"elementor-element elementor-element-4c27581 elementor-widget elementor-widget-html\" data-id=\"4c27581\" data-element_type=\"widget\" data-e-type=\"widget\" data-widget_type=\"html.default\">\n\t\t\t\t<div class=\"elementor-widget-container\">\n\t\t\t\t\t<div style=\"margin-bottom:50px;\"><\/div>\t\t\t\t<\/div>\n\t\t\t\t<\/div>\n\t\t\t\t\t<\/div>\n\t\t<\/div>\n\t\t\t\t\t<\/div>\n\t\t<\/section>\n\t\t\t\t<section class=\"elementor-section elementor-top-section elementor-element elementor-element-1e43f92 elementor-section-boxed elementor-section-height-default elementor-section-height-default\" data-id=\"1e43f92\" data-element_type=\"section\" data-e-type=\"section\" data-settings=\"{&quot;background_background&quot;:&quot;classic&quot;}\">\n\t\t\t\t\t\t<div class=\"elementor-container elementor-column-gap-default\">\n\t\t\t\t\t<div class=\"elementor-column elementor-col-33 elementor-top-column elementor-element elementor-element-4a3f1d5\" data-id=\"4a3f1d5\" data-element_type=\"column\" data-e-type=\"column\">\n\t\t\t<div class=\"elementor-widget-wrap elementor-element-populated\">\n\t\t\t\t\t\t<div class=\"elementor-element elementor-element-a9b3298 elementor-widget elementor-widget-image\" data-id=\"a9b3298\" data-element_type=\"widget\" data-e-type=\"widget\" data-widget_type=\"image.default\">\n\t\t\t\t<div class=\"elementor-widget-container\">\n\t\t\t\t\t\t\t\t\t\t\t\t\t\t\t<img decoding=\"async\" width=\"150\" height=\"150\" src=\"https:\/\/www.adendorf.de\/1\/wp-content\/uploads\/2025\/02\/FaMi-Siegel_2025-2027-150x150.png\" class=\"attachment-thumbnail size-thumbnail wp-image-7823\" alt=\"\" srcset=\"https:\/\/www.adendorf.de\/1\/wp-content\/uploads\/2025\/02\/FaMi-Siegel_2025-2027-150x150.png 150w, https:\/\/www.adendorf.de\/1\/wp-content\/uploads\/2025\/02\/FaMi-Siegel_2025-2027-300x300.png 300w, https:\/\/www.adendorf.de\/1\/wp-content\/uploads\/2025\/02\/FaMi-Siegel_2025-2027.png 500w\" sizes=\"(max-width: 150px) 100vw, 150px\" \/>\t\t\t\t\t\t\t\t\t\t\t\t\t\t\t<\/div>\n\t\t\t\t<\/div>\n\t\t\t\t\t<\/div>\n\t\t<\/div>\n\t\t\t\t<div class=\"elementor-column elementor-col-66 elementor-top-column elementor-element elementor-element-890a2c7\" data-id=\"890a2c7\" data-element_type=\"column\" data-e-type=\"column\">\n\t\t\t<div class=\"elementor-widget-wrap elementor-element-populated\">\n\t\t\t\t\t\t<div class=\"elementor-element elementor-element-1effee3 elementor-widget elementor-widget-text-editor\" data-id=\"1effee3\" data-element_type=\"widget\" data-e-type=\"widget\" data-widget_type=\"text-editor.default\">\n\t\t\t\t<div class=\"elementor-widget-container\">\n\t\t\t\t\t\t\t\t\t<span style=\"color: #ffffff;\"><br\/><strong>FaMi-Siegel:<\/strong><br\/>\nAuszeichnung f\u00fcr familienfreundliche Unternehmen<\/span>\t\t\t\t\t\t\t\t<\/div>\n\t\t\t\t<\/div>\n\t\t\t\t\t<\/div>\n\t\t<\/div>\n\t\t\t\t\t<\/div>\n\t\t<\/section>\n\t\t\t\t<\/div>\n\t\t","protected":false},"excerpt":{"rendered":"<p>Stellenangebote Die Gemeinde Adendorf als Arbeitgeber Wir f\u00f6rdern Vereinbarkeit von Familie und Beruf Die Gemeinde Adendorf versteht sich als moderner Dienstleister f\u00fcr die rund 11.000 Einwohnerinnen und Einwohner Adendorfs. Geografisch liegt die Einheitsgemeinde Adendorf im Landkreis L\u00fcneburg, direkt vor den Toren der Hansestadt L\u00fcneburg. Adendorf ist zudem Teil der Metropolregion [&hellip;]<\/p>\n","protected":false},"author":1,"featured_media":0,"parent":327,"menu_order":0,"comment_status":"closed","ping_status":"closed","template":"page-templates\/template-pagebuilder-full-width.php","meta":{"footnotes":""},"class_list":["post-1209","page","type-page","status-publish","hentry"],"publishpress_future_workflow_manual_trigger":{"enabledWorkflows":[]},"rttpg_featured_image_url":null,"rttpg_author":{"display_name":"Adendorf","author_link":"https:\/\/www.adendorf.de\/1\/author\/marco-brede\/"},"rttpg_comment":0,"rttpg_category":null,"rttpg_excerpt":"Stellenangebote Die Gemeinde Adendorf als Arbeitgeber Wir f\u00f6rdern Vereinbarkeit von Familie und Beruf Die Gemeinde Adendorf versteht sich als moderner Dienstleister f\u00fcr die rund 11.000 Einwohnerinnen und Einwohner Adendorfs. Geografisch liegt die Einheitsgemeinde Adendorf im Landkreis L\u00fcneburg, direkt vor den Toren der Hansestadt L\u00fcneburg. Adendorf ist zudem Teil der Metropolregion [&hellip;]","_links":{"self":[{"href":"https:\/\/www.adendorf.de\/1\/wp-json\/wp\/v2\/pages\/1209","targetHints":{"allow":["GET"]}}],"collection":[{"href":"https:\/\/www.adendorf.de\/1\/wp-json\/wp\/v2\/pages"}],"about":[{"href":"https:\/\/www.adendorf.de\/1\/wp-json\/wp\/v2\/types\/page"}],"author":[{"embeddable":true,"href":"https:\/\/www.adendorf.de\/1\/wp-json\/wp\/v2\/users\/1"}],"replies":[{"embeddable":true,"href":"https:\/\/www.adendorf.de\/1\/wp-json\/wp\/v2\/comments?post=1209"}],"version-history":[{"count":66,"href":"https:\/\/www.adendorf.de\/1\/wp-json\/wp\/v2\/pages\/1209\/revisions"}],"predecessor-version":[{"id":7829,"href":"https:\/\/www.adendorf.de\/1\/wp-json\/wp\/v2\/pages\/1209\/revisions\/7829"}],"up":[{"embeddable":true,"href":"https:\/\/www.adendorf.de\/1\/wp-json\/wp\/v2\/pages\/327"}],"wp:attachment":[{"href":"https:\/\/www.adendorf.de\/1\/wp-json\/wp\/v2\/media?parent=1209"}],"curies":[{"name":"wp","href":"https:\/\/api.w.org\/{rel}","templated":true}]}}