{"id":1303,"date":"2019-05-22T07:21:23","date_gmt":"2019-05-22T05:21:23","guid":{"rendered":"http:\/\/www.adendorf.de\/1\/?page_id=1303"},"modified":"2025-09-09T13:57:47","modified_gmt":"2025-09-09T11:57:47","slug":"online-services","status":"publish","type":"page","link":"https:\/\/www.adendorf.de\/1\/online-services\/","title":{"rendered":"Online-Services"},"content":{"rendered":"\t\t<div data-elementor-type=\"wp-post\" data-elementor-id=\"1303\" class=\"elementor elementor-1303\">\n\t\t\t\t\t\t<section class=\"elementor-section elementor-top-section elementor-element elementor-element-fd5d294 elementor-section-boxed elementor-section-height-default elementor-section-height-default\" data-id=\"fd5d294\" data-element_type=\"section\" data-e-type=\"section\">\n\t\t\t\t\t\t<div class=\"elementor-container elementor-column-gap-default\">\n\t\t\t\t\t<div class=\"elementor-column elementor-col-100 elementor-top-column elementor-element elementor-element-ea9f560\" data-id=\"ea9f560\" data-element_type=\"column\" data-e-type=\"column\">\n\t\t\t<div class=\"elementor-widget-wrap elementor-element-populated\">\n\t\t\t\t\t\t<div class=\"elementor-element elementor-element-6265a8f elementor-widget elementor-widget-heading\" data-id=\"6265a8f\" data-element_type=\"widget\" data-e-type=\"widget\" data-widget_type=\"heading.default\">\n\t\t\t\t<div class=\"elementor-widget-container\">\n\t\t\t\t\t<h1 class=\"elementor-heading-title elementor-size-default\">Online-Services<\/h1>\t\t\t\t<\/div>\n\t\t\t\t<\/div>\n\t\t\t\t\t<\/div>\n\t\t<\/div>\n\t\t\t\t\t<\/div>\n\t\t<\/section>\n\t\t\t\t<section class=\"elementor-section elementor-top-section elementor-element elementor-element-93aedef elementor-section-boxed elementor-section-height-default elementor-section-height-default\" data-id=\"93aedef\" data-element_type=\"section\" data-e-type=\"section\">\n\t\t\t\t\t\t<div class=\"elementor-container elementor-column-gap-default\">\n\t\t\t\t\t<div class=\"elementor-column elementor-col-100 elementor-top-column elementor-element elementor-element-85dfd2c\" data-id=\"85dfd2c\" data-element_type=\"column\" data-e-type=\"column\">\n\t\t\t<div class=\"elementor-widget-wrap elementor-element-populated\">\n\t\t\t\t\t\t<div class=\"elementor-element elementor-element-3ac03c3 elementor-view-default elementor-position-block-start elementor-mobile-position-block-start elementor-widget elementor-widget-icon-box\" data-id=\"3ac03c3\" data-element_type=\"widget\" data-e-type=\"widget\" data-widget_type=\"icon-box.default\">\n\t\t\t\t<div class=\"elementor-widget-container\">\n\t\t\t\t\t\t\t<div class=\"elementor-icon-box-wrapper\">\n\n\t\t\t\t\t\t<div class=\"elementor-icon-box-icon\">\n\t\t\t\t<a href=\"https:\/\/service.adendorf.de\/\" target=\"_blank\" class=\"elementor-icon\" tabindex=\"-1\" aria-label=\"&lt;h2&gt;Serviceportal&lt;\/h2&gt;\">\n\t\t\t\t<i aria-hidden=\"true\" class=\"fas fa-laptop\"><\/i>\t\t\t\t<\/a>\n\t\t\t<\/div>\n\t\t\t\n\t\t\t\t\t\t<div class=\"elementor-icon-box-content\">\n\n\t\t\t\t\t\t\t\t\t<h2 class=\"elementor-icon-box-title\">\n\t\t\t\t\t\t<a href=\"https:\/\/service.adendorf.de\/\" target=\"_blank\" >\n\t\t\t\t\t\t\t<h2>Serviceportal<\/h2>\t\t\t\t\t\t<\/a>\n\t\t\t\t\t<\/h2>\n\t\t\t\t\n\t\t\t\t\n\t\t\t<\/div>\n\t\t\t\n\t\t<\/div>\n\t\t\t\t\t\t<\/div>\n\t\t\t\t<\/div>\n\t\t\t\t<div class=\"elementor-element elementor-element-fc348cb elementor-widget elementor-widget-text-editor\" data-id=\"fc348cb\" data-element_type=\"widget\" data-e-type=\"widget\" data-widget_type=\"text-editor.default\">\n\t\t\t\t<div class=\"elementor-widget-container\">\n\t\t\t\t\t\t\t\t\t<p>Nutzen Sie unser Serviceportal, um Dienstleistungen einzusehen und Antr\u00e4ge oder Formulare online zu \u00fcbermitteln.<\/p><p>Unsere am h\u00e4ufigsten genutzten Dienstleistungen k\u00f6nnen Sie auch \u00fcber folgende Verkn\u00fcpfungen aufrufen. Bitte beachten Sie, dass einige Formulare erst nach vorheriger Anmeldung zur Verf\u00fcgung stehen.<\/p><ul><li><a href=\"https:\/\/service.adendorf.de\/portal\/seiten\/rueckrufservice-900000004-36301.html\" target=\"_blank\" rel=\"noopener\">R\u00fcckrufservice<\/a><\/li><li>Hundesteuer: <a href=\"https:\/\/service.adendorf.de\/buergerservice\/online\/angebot\/anmeldung-zur-hundesteuer-900000001-36301.html?titel=Anmeldung+zur+Hundesteuer\" target=\"_blank\" rel=\"noopener\">Anmeldung<\/a> \/ <a href=\"https:\/\/service.adendorf.de\/buergerservice\/online\/angebot\/abmeldung-von-der-hundesteuer-900000002-36301.html?titel=Abmeldung+von+der+Hundesteuer\" target=\"_blank\" rel=\"noopener\">Abmeldung<\/a><\/li><li><a href=\"https:\/\/service.adendorf.de\/buergerservice\/online\/angebot\/steuererklaerung-zur-zweitwohnungssteuer-900000024-36301.html\" target=\"_blank\" rel=\"noopener\">Steuererkl\u00e4rung zur Zweitwohnungssteuer<\/a><\/li><li><a href=\"https:\/\/service.adendorf.de\/buergerservice\/online\/angebot\/steuererklaerung-zur-beherbergungssteuer-900000025-36301.html\" target=\"_blank\" rel=\"noopener\">Steuererkl\u00e4rung zur Beherbergungssteuer<\/a><\/li><li>Gartenwasserz\u00e4hler: <a href=\"https:\/\/service.adendorf.de\/buergerservice\/online\/angebot\/gartenwasserzaehler-anmeldung-900000007-36301.html?titel=Gartenwasserz%C3%A4hler+Anmeldung\" target=\"_blank\" rel=\"noopener\">Anmeldung<\/a> \/ <a href=\"https:\/\/service.adendorf.de\/buergerservice\/online\/angebot\/gartenwasserzaehler-wechsel-900000023-36301.html?titel=Gartenwasserz%C3%A4hler+Wechsel\" target=\"_blank\" rel=\"noopener\">Wechsel<\/a><\/li><li><a href=\"https:\/\/service.adendorf.de\/portal\/seiten\/sepa-lastschriftmandat-900000008-36301.html\" target=\"_blank\" rel=\"noopener\">SEPA-Lastschriftmandat<\/a><\/li><\/ul><p><\/p><ul><li>Ausstellung eines Leseausweises der Bibliothek Adendorf: <a href=\"https:\/\/service.adendorf.de\/portal\/seiten\/ausstellung-eines-leseausweises-der-bibliothek-adendorf-fuer-kinder-und-jugendliche-bis-zum-vollendeten-17-lebensjahr-900000013-36301.html\" target=\"_blank\" rel=\"noopener\">Kinder und Jugendliche<\/a> \/ <a href=\"https:\/\/service.adendorf.de\/portal\/seiten\/ausstellung-eines-leseausweises-der-bibliothek-adendorf-fuer-erwachsene-900000012-36301.html\" target=\"_blank\" rel=\"noopener\">Erwachsene<\/a><\/li><\/ul><p><\/p><ul><li><a href=\"https:\/\/service.adendorf.de\/buergerservice\/online\/angebot\/antrag-zur-genehmigung-einer-grundstueckszufahrt-900000012-36301.html\" target=\"_blank\" rel=\"noopener\">Antrag auf Genehmigung einer Grundst\u00fcckszufahrt<\/a><\/li><\/ul>\t\t\t\t\t\t\t\t<\/div>\n\t\t\t\t<\/div>\n\t\t\t\t\t<\/div>\n\t\t<\/div>\n\t\t\t\t\t<\/div>\n\t\t<\/section>\n\t\t\t\t<section class=\"elementor-section elementor-top-section elementor-element elementor-element-2b50b8a elementor-section-boxed elementor-section-height-default elementor-section-height-default\" data-id=\"2b50b8a\" data-element_type=\"section\" data-e-type=\"section\">\n\t\t\t\t\t\t<div class=\"elementor-container elementor-column-gap-default\">\n\t\t\t\t\t<div class=\"elementor-column elementor-col-100 elementor-top-column elementor-element elementor-element-5992b50\" data-id=\"5992b50\" data-element_type=\"column\" data-e-type=\"column\">\n\t\t\t<div class=\"elementor-widget-wrap\">\n\t\t\t\t\t\t\t<\/div>\n\t\t<\/div>\n\t\t\t\t\t<\/div>\n\t\t<\/section>\n\t\t\t\t<section class=\"elementor-section elementor-top-section elementor-element elementor-element-a562da6 elementor-section-boxed elementor-section-height-default elementor-section-height-default\" data-id=\"a562da6\" data-element_type=\"section\" data-e-type=\"section\">\n\t\t\t\t\t\t<div class=\"elementor-container elementor-column-gap-default\">\n\t\t\t\t\t<div class=\"elementor-column elementor-col-50 elementor-top-column elementor-element elementor-element-0b6a511\" data-id=\"0b6a511\" data-element_type=\"column\" data-e-type=\"column\">\n\t\t\t<div class=\"elementor-widget-wrap elementor-element-populated\">\n\t\t\t\t\t\t<div class=\"elementor-element elementor-element-1f0bc3c elementor-view-default elementor-position-block-start elementor-mobile-position-block-start elementor-widget elementor-widget-icon-box\" data-id=\"1f0bc3c\" data-element_type=\"widget\" data-e-type=\"widget\" data-widget_type=\"icon-box.default\">\n\t\t\t\t<div class=\"elementor-widget-container\">\n\t\t\t\t\t\t\t<div class=\"elementor-icon-box-wrapper\">\n\n\t\t\t\t\t\t<div class=\"elementor-icon-box-icon\">\n\t\t\t\t<a href=\"https:\/\/www.adendorf.de\/1\/verwaltung\/ortsrecht\/\" class=\"elementor-icon\" tabindex=\"-1\" aria-label=\"&lt;h2&gt;Ortsrecht&lt;\/h2&gt;\">\n\t\t\t\t<i aria-hidden=\"true\" class=\"fas fa-book\"><\/i>\t\t\t\t<\/a>\n\t\t\t<\/div>\n\t\t\t\n\t\t\t\t\t\t<div class=\"elementor-icon-box-content\">\n\n\t\t\t\t\t\t\t\t\t<h3 class=\"elementor-icon-box-title\">\n\t\t\t\t\t\t<a href=\"https:\/\/www.adendorf.de\/1\/verwaltung\/ortsrecht\/\" >\n\t\t\t\t\t\t\t<h2>Ortsrecht<\/h2>\t\t\t\t\t\t<\/a>\n\t\t\t\t\t<\/h3>\n\t\t\t\t\n\t\t\t\t\t\t\t\t\t<p class=\"elementor-icon-box-description\">\n\t\t\t\t\t\tAktuelle Satzungen, Verordnungen etc.\t\t\t\t\t<\/p>\n\t\t\t\t\n\t\t\t<\/div>\n\t\t\t\n\t\t<\/div>\n\t\t\t\t\t\t<\/div>\n\t\t\t\t<\/div>\n\t\t\t\t\t<\/div>\n\t\t<\/div>\n\t\t\t\t<div class=\"elementor-column elementor-col-50 elementor-top-column elementor-element elementor-element-769c84e\" data-id=\"769c84e\" data-element_type=\"column\" data-e-type=\"column\">\n\t\t\t<div class=\"elementor-widget-wrap elementor-element-populated\">\n\t\t\t\t\t\t<div class=\"elementor-element elementor-element-0107f47 elementor-view-default elementor-position-block-start elementor-mobile-position-block-start elementor-widget elementor-widget-icon-box\" data-id=\"0107f47\" data-element_type=\"widget\" data-e-type=\"widget\" data-widget_type=\"icon-box.default\">\n\t\t\t\t<div class=\"elementor-widget-container\">\n\t\t\t\t\t\t\t<div class=\"elementor-icon-box-wrapper\">\n\n\t\t\t\t\t\t<div class=\"elementor-icon-box-icon\">\n\t\t\t\t<span  class=\"elementor-icon\">\n\t\t\t\t<i class=\"fa fa-info\" aria-hidden=\"true\"><\/i>\t\t\t\t<\/span>\n\t\t\t<\/div>\n\t\t\t\n\t\t\t\t\t\t<div class=\"elementor-icon-box-content\">\n\n\t\t\t\t\t\t\t\t\t<h3 class=\"elementor-icon-box-title\">\n\t\t\t\t\t\t<span  >\n\t\t\t\t\t\t\t<h2>Informationen<\/h2>\t\t\t\t\t\t<\/span>\n\t\t\t\t\t<\/h3>\n\t\t\t\t\n\t\t\t\t\t\t\t\t\t<p class=\"elementor-icon-box-description\">\n\t\t\t\t\t\tIm Folgenden finden Sie Ausk\u00fcnfte zu bestimmten Bereichen...\t\t\t\t\t<\/p>\n\t\t\t\t\n\t\t\t<\/div>\n\t\t\t\n\t\t<\/div>\n\t\t\t\t\t\t<\/div>\n\t\t\t\t<\/div>\n\t\t\t\t<div class=\"elementor-element elementor-element-cc3d429 elementor-widget elementor-widget-html\" data-id=\"cc3d429\" data-element_type=\"widget\" data-e-type=\"widget\" data-widget_type=\"html.default\">\n\t\t\t\t<div class=\"elementor-widget-container\">\n\t\t\t\t\t<style>\n    td {padding: 0px !important;}\n<\/style>\n\n<table style=\"color:#0094de;\">\n    <tr>\n        <td><a href=\"www.adendorf.de\/1\/zustaendigkeitsfinder\/\"><img decoding=\"async\" src=\"\/1\/wp-content\/uploads\/2019\/05\/Lupe.png\" width=20px><\/a><\/td>\n        <td><a href=\"www.adendorf.de\/1\/zustaendigkeitsfinder\/\">Zust\u00e4ndigkeitsfinder<\/a><\/td>\n    <\/tr>\n     <tr>\n        <td><a href=\"https:\/\/bibkataloge.de\/adendorf\/WebOPAC\/desktop\/start.aspx\" target=\"_blank\"><img decoding=\"async\" src=\"\/1\/wp-content\/uploads\/2019\/05\/Buch.png\" width=20px><\/a><\/td>\n        <td><a href=\"https:\/\/bibkataloge.de\/adendorf\/WebOPAC\/desktop\/start.aspx\" target=\"_blank\">Bibliothek: Onlinekatalog<\/a><\/td>\n    <\/tr>\n    \n    <tr>\n        <td><a href=\"\/1\/bauen-und-wohnen\/geoportal-adendorf\/\"><i class=\"fa fa-globe\"><\/i><\/a><\/td>\n        <td><a href=\"\/1\/bauen-und-wohnen\/geoportal-adendorf\/\">Geoportal Adendorf<\/a><\/td>\n    <\/tr>\n\n<\/table>\t\t\t\t<\/div>\n\t\t\t\t<\/div>\n\t\t\t\t\t<\/div>\n\t\t<\/div>\n\t\t\t\t\t<\/div>\n\t\t<\/section>\n\t\t\t\t<section class=\"elementor-section elementor-top-section elementor-element elementor-element-2d176b6 elementor-section-boxed elementor-section-height-default elementor-section-height-default\" data-id=\"2d176b6\" data-element_type=\"section\" data-e-type=\"section\">\n\t\t\t\t\t\t<div class=\"elementor-container elementor-column-gap-default\">\n\t\t\t\t\t<div class=\"elementor-column elementor-col-50 elementor-top-column elementor-element elementor-element-8dc6a88\" data-id=\"8dc6a88\" data-element_type=\"column\" data-e-type=\"column\">\n\t\t\t<div class=\"elementor-widget-wrap elementor-element-populated\">\n\t\t\t\t\t\t<div class=\"elementor-element elementor-element-b6a475a elementor-view-default elementor-position-block-start elementor-mobile-position-block-start elementor-widget elementor-widget-icon-box\" data-id=\"b6a475a\" data-element_type=\"widget\" data-e-type=\"widget\" data-widget_type=\"icon-box.default\">\n\t\t\t\t<div class=\"elementor-widget-container\">\n\t\t\t\t\t\t\t<div class=\"elementor-icon-box-wrapper\">\n\n\t\t\t\t\t\t<div class=\"elementor-icon-box-icon\">\n\t\t\t\t<a href=\"https:\/\/shop.eisstadion-adendorf.de\/\" class=\"elementor-icon\" tabindex=\"-1\" aria-label=\"&lt;h2&gt;Eisstadion&lt;\/h2&gt;\">\n\t\t\t\t<i aria-hidden=\"true\" class=\"fas fa-skating\"><\/i>\t\t\t\t<\/a>\n\t\t\t<\/div>\n\t\t\t\n\t\t\t\t\t\t<div class=\"elementor-icon-box-content\">\n\n\t\t\t\t\t\t\t\t\t<h3 class=\"elementor-icon-box-title\">\n\t\t\t\t\t\t<a href=\"https:\/\/shop.eisstadion-adendorf.de\/\" >\n\t\t\t\t\t\t\t<h2>Eisstadion<\/h2>\t\t\t\t\t\t<\/a>\n\t\t\t\t\t<\/h3>\n\t\t\t\t\n\t\t\t\t\t\t\t\t\t<p class=\"elementor-icon-box-description\">\n\t\t\t\t\t\tOnline-Shop des Walter-Maack-Eisstadions\t\t\t\t\t<\/p>\n\t\t\t\t\n\t\t\t<\/div>\n\t\t\t\n\t\t<\/div>\n\t\t\t\t\t\t<\/div>\n\t\t\t\t<\/div>\n\t\t\t\t\t<\/div>\n\t\t<\/div>\n\t\t\t\t<div class=\"elementor-column elementor-col-50 elementor-top-column elementor-element elementor-element-33b1e9e\" data-id=\"33b1e9e\" data-element_type=\"column\" data-e-type=\"column\">\n\t\t\t<div class=\"elementor-widget-wrap elementor-element-populated\">\n\t\t\t\t\t\t<div class=\"elementor-element elementor-element-2312a9f elementor-widget elementor-widget-image\" data-id=\"2312a9f\" data-element_type=\"widget\" data-e-type=\"widget\" data-widget_type=\"image.default\">\n\t\t\t\t<div class=\"elementor-widget-container\">\n\t\t\t\t\t\t\t\t\t\t\t\t\t\t\t\t<a href=\"https:\/\/www.adendorf.sitzung-online.de\/public\/\" target=\"_blank\">\n\t\t\t\t\t\t\t<img decoding=\"async\" src=\"https:\/\/www.adendorf.de\/1\/wp-content\/uploads\/elementor\/thumbs\/Rat-o8j6f7dgrj0msly5dye9zi4i6p8oqqbvv8r54d4f4s.png\" title=\"Rat\" alt=\"Rat\" loading=\"lazy\" \/>\t\t\t\t\t\t\t\t<\/a>\n\t\t\t\t\t\t\t\t\t\t\t\t\t\t\t<\/div>\n\t\t\t\t<\/div>\n\t\t\t\t<div class=\"elementor-element elementor-element-028cb89 elementor-widget elementor-widget-heading\" data-id=\"028cb89\" data-element_type=\"widget\" data-e-type=\"widget\" data-widget_type=\"heading.default\">\n\t\t\t\t<div class=\"elementor-widget-container\">\n\t\t\t\t\t<h2 class=\"elementor-heading-title elementor-size-default\"><a href=\"https:\/\/www.adendorf.sitzung-online.de\/public\/\" target=\"_blank\">Ratsinformationssystem (ALLRIS)<\/a><\/h2>\t\t\t\t<\/div>\n\t\t\t\t<\/div>\n\t\t\t\t<div class=\"elementor-element elementor-element-e0ff3f8 elementor-widget elementor-widget-text-editor\" data-id=\"e0ff3f8\" data-element_type=\"widget\" data-e-type=\"widget\" data-widget_type=\"text-editor.default\">\n\t\t\t\t<div class=\"elementor-widget-container\">\n\t\t\t\t\t\t\t\t\t<p style=\"text-align: center;\">Hier k\u00f6nnen Sie sich \u00fcber aktuelle politische Angelegenheiten der Gemeinde Adendorf informieren.<\/p>\t\t\t\t\t\t\t\t<\/div>\n\t\t\t\t<\/div>\n\t\t\t\t\t<\/div>\n\t\t<\/div>\n\t\t\t\t\t<\/div>\n\t\t<\/section>\n\t\t\t\t<\/div>\n\t\t","protected":false},"excerpt":{"rendered":"<p>Online-Services Serviceportal Nutzen Sie unser Serviceportal, um Dienstleistungen einzusehen und Antr\u00e4ge oder Formulare online zu \u00fcbermitteln. Unsere am h\u00e4ufigsten genutzten Dienstleistungen k\u00f6nnen Sie auch \u00fcber folgende Verkn\u00fcpfungen aufrufen. Bitte beachten Sie, dass einige Formulare erst nach vorheriger Anmeldung zur Verf\u00fcgung stehen. R\u00fcckrufservice Hundesteuer: Anmeldung \/ Abmeldung Steuererkl\u00e4rung zur Zweitwohnungssteuer Steuererkl\u00e4rung [&hellip;]<\/p>\n","protected":false},"author":1,"featured_media":0,"parent":0,"menu_order":0,"comment_status":"closed","ping_status":"closed","template":"page-templates\/template-pagebuilder-full-width.php","meta":{"footnotes":""},"class_list":["post-1303","page","type-page","status-publish","hentry"],"publishpress_future_workflow_manual_trigger":{"enabledWorkflows":[]},"rttpg_featured_image_url":null,"rttpg_author":{"display_name":"Adendorf","author_link":"https:\/\/www.adendorf.de\/1\/author\/marco-brede\/"},"rttpg_comment":0,"rttpg_category":null,"rttpg_excerpt":"Online-Services Serviceportal Nutzen Sie unser Serviceportal, um Dienstleistungen einzusehen und Antr\u00e4ge oder Formulare online zu \u00fcbermitteln. Unsere am h\u00e4ufigsten genutzten Dienstleistungen k\u00f6nnen Sie auch \u00fcber folgende Verkn\u00fcpfungen aufrufen. Bitte beachten Sie, dass einige Formulare erst nach vorheriger Anmeldung zur Verf\u00fcgung stehen. R\u00fcckrufservice Hundesteuer: Anmeldung \/ Abmeldung Steuererkl\u00e4rung zur Zweitwohnungssteuer Steuererkl\u00e4rung [&hellip;]","_links":{"self":[{"href":"https:\/\/www.adendorf.de\/1\/wp-json\/wp\/v2\/pages\/1303","targetHints":{"allow":["GET"]}}],"collection":[{"href":"https:\/\/www.adendorf.de\/1\/wp-json\/wp\/v2\/pages"}],"about":[{"href":"https:\/\/www.adendorf.de\/1\/wp-json\/wp\/v2\/types\/page"}],"author":[{"embeddable":true,"href":"https:\/\/www.adendorf.de\/1\/wp-json\/wp\/v2\/users\/1"}],"replies":[{"embeddable":true,"href":"https:\/\/www.adendorf.de\/1\/wp-json\/wp\/v2\/comments?post=1303"}],"version-history":[{"count":91,"href":"https:\/\/www.adendorf.de\/1\/wp-json\/wp\/v2\/pages\/1303\/revisions"}],"predecessor-version":[{"id":8444,"href":"https:\/\/www.adendorf.de\/1\/wp-json\/wp\/v2\/pages\/1303\/revisions\/8444"}],"wp:attachment":[{"href":"https:\/\/www.adendorf.de\/1\/wp-json\/wp\/v2\/media?parent=1303"}],"curies":[{"name":"wp","href":"https:\/\/api.w.org\/{rel}","templated":true}]}}