{"id":2021,"date":"2020-01-10T09:06:20","date_gmt":"2020-01-10T08:06:20","guid":{"rendered":"https:\/\/www.adendorf.de\/1\/?page_id=2021"},"modified":"2025-12-12T09:57:36","modified_gmt":"2025-12-12T08:57:36","slug":"haushalt","status":"publish","type":"page","link":"https:\/\/www.adendorf.de\/1\/haushalt\/","title":{"rendered":"Haushalt"},"content":{"rendered":"\t\t<div data-elementor-type=\"wp-page\" data-elementor-id=\"2021\" class=\"elementor elementor-2021\">\n\t\t\t\t\t\t<section class=\"elementor-section elementor-top-section elementor-element elementor-element-6e695b77 elementor-section-boxed elementor-section-height-default elementor-section-height-default\" data-id=\"6e695b77\" data-element_type=\"section\" data-e-type=\"section\">\n\t\t\t\t\t\t<div class=\"elementor-container elementor-column-gap-default\">\n\t\t\t\t\t<div class=\"elementor-column elementor-col-100 elementor-top-column elementor-element elementor-element-69353c26\" data-id=\"69353c26\" data-element_type=\"column\" data-e-type=\"column\">\n\t\t\t<div class=\"elementor-widget-wrap elementor-element-populated\">\n\t\t\t\t\t\t<div class=\"elementor-element elementor-element-63ef7c6 elementor-widget elementor-widget-heading\" data-id=\"63ef7c6\" data-element_type=\"widget\" data-e-type=\"widget\" data-widget_type=\"heading.default\">\n\t\t\t\t<div class=\"elementor-widget-container\">\n\t\t\t\t\t<h1 class=\"elementor-heading-title elementor-size-default\">Haushalt<\/h1>\t\t\t\t<\/div>\n\t\t\t\t<\/div>\n\t\t\t\t<div class=\"elementor-element elementor-element-71b1c68 elementor-widget elementor-widget-heading\" data-id=\"71b1c68\" data-element_type=\"widget\" data-e-type=\"widget\" data-widget_type=\"heading.default\">\n\t\t\t\t<div class=\"elementor-widget-container\">\n\t\t\t\t\t<h2 class=\"elementor-heading-title elementor-size-default\">Die Gemeinde Adendorf \u2013 aus dem finanziellen Blickwinkel<\/h2>\t\t\t\t<\/div>\n\t\t\t\t<\/div>\n\t\t\t\t<div class=\"elementor-element elementor-element-456c0ba1 elementor-widget elementor-widget-text-editor\" data-id=\"456c0ba1\" data-element_type=\"widget\" data-e-type=\"widget\" data-widget_type=\"text-editor.default\">\n\t\t\t\t<div class=\"elementor-widget-container\">\n\t\t\t\t\t\t\t\t\t<p>Der Bereich \u201eHaushalt\u201c ist im Nieders\u00e4chsischen Kommunalverfassungsgesetz (NKomVG) geregelt. Hierzu befassen sich die Paragrafen 110 bis 129 mit der \u201eHaushaltswirtschaft\u201c.<\/p><p>Die Gemeinde Adendorf hat ab dem Jahr 2009 auf das sog. doppische Buchungswesen umgestellt. Die Jahre 2009 bis 2011 waren stark gepr\u00e4gt von den Auswirkungen der globalen Finanz- und Wirtschaftskrise. Dem schlossen sich in den Jahren 2013 und 2014 erhebliche Verwerfungen im Bereich der Gewerbesteuer an. U. a. vor den genannten Umst\u00e4nden wurden strategische Ma\u00dfnahmen eingeleitet und umgesetzt, um den Weg einer Haushaltskonsolidierung zu beschreiten. Durch die aktive Haushaltsf\u00fchrung konnten sodann ab dem Jahr 2014 kontinuierlich Haushalts\u00fcbersch\u00fcsse erwirtschaftet werden. Es konnten nicht nur Altfehlbetr\u00e4ge aus den Jahren bis 2011 in H\u00f6he von rd. 1,67 Mio. Euro abgebaut, sondern bis einschlie\u00dflich Ende 2023 sogar eine R\u00fccklage von 11,57 Mio. Euro ausgewiesen werden. Das Jahr 2023 konnte mit einem \u00dcberschuss von 1,32 Mio. Euro positiv abgeschlossen und die R\u00fccklage nochmals auf den o.g. Wert erh\u00f6ht werden.<\/p><p>Entgegen der Vorjahre, so wird der Haushalt 2024 in der Jahresrechnung keinen \u00dcberschuss ausweisen. Der noch ungepr\u00fcfte Jahresabschluss weist einen Fehlbetrag von rd. 560.000\u00a0Euro aus und wird die noch vorhandene \u00dcberschussr\u00fccklage von o.g. 11,57 Mio. Euro entsprechend reduzieren.<\/p><p>Am 12. Dezember 2024 hat der Rat der Gemeinde Adendorf den Haushalt 2025 beschlossen. Der Gesamthaushalt sah wiederum in der Planung einen deutlichen Fehlbedarf von 1,99 Mio. Euro vor. So belasten u. a. die steigenden Personalaufwendungen den Haushalt immens. Durch die notwendige Schaffung von Kindertagesst\u00e4tten im Rahmen der Aufgaben\u00fcbertragungen sowie den allg. Tarifsteigerungen erh\u00f6ht sich diese Aufwandsart erheblich. Diesen planerischen Fehlbedarf gilt es im Jahresverlauf, wie 2024, zumindest im Jahresergebnis zu reduzieren und auch 2025 zumindest eine Ergebnisverbesserung herbeizuf\u00fchren.<\/p><p>Dieser Umstand erschwerte sich jedoch nochmals mit dem 1. Nachtragshaushalt 2025, welcher am 20.03.2025 beschlossen wurde. U. a. aufgrund einer notwendigen Komplettsanierung des Adolph-Holm-Kindergartens mit einem Volumen von rd. 6,1 Mio. Euro wurden durch die Auslagerung des Kindergartens w\u00e4hrend der Bauphase zus\u00e4tzliche Aufwendungen von 180.000 Euro f\u00fcr die Anmietung einer Containeranlage beschlossen. Diese erh\u00f6hen somit im Ergebnishaushalt den Fehlbedarf auf ca. 2,2 Mio. Euro. Unter den gegebenen Rahmenbedingungen exkl. weiterer Investitionen wird ein Haushaltsausgleich 2025 nicht m\u00f6glich sein. Mit Beschluss des 2. Nachtragshaushalt 2025 am 11.09.2025 erh\u00f6hte sich der Fehlbetrag auf 2,4 Mio. Euro. Urs\u00e4chlich ist insbesondere die Sanierung des Freibades und eine damit verbundene K\u00fcrzung der Benutzungsgeb\u00fchren sowie die Ber\u00fccksichtigung des Pachtzinses f\u00fcr die Fl\u00e4che der Containeranlage des Adolph-Holm-Kindergartens.<\/p><p>Der Haushalt 2026 wurde am 11.12.2025 vom Rat der Gemeinde Adendorf mit einem Fehlbetrag von 2,3 Mio. Euro beschlossen. Dieser begr\u00fcndet sich insbesondere durch Folgekosten der umgesetzten Investitionen. So belasten Zinsaufwendungen f\u00fcr Investitionskredite, zus\u00e4tzliche Abschreibungen und Folgekosten den Haushalt immens. Weiterhin sind auch erh\u00f6hte Personalaufwendungen, u.a. bedingt durch allgemeine Tarifsteigerungen sowie den ab 2026 beginnenden Betrieb der Sportkita, zu nennen. Ma\u00dfgeblich sind auch weiterhin die allgemeinen globalen und konjunkturellen Auswirkungen, wie z. B. die Fl\u00fcchtlings- und Energiekrise, die Inflation oder die Lieferkettenengp\u00e4sse, jedoch auch die Ausweitung und die \u00dcbernahme immer mehr \u00fcbertragener Aufgaben ohne eine ad\u00e4quate Gegenfinanzierung (Stichwort: Konnexit\u00e4t). Auch f\u00fcr das Jahr 2026 werden die Anstrengungen darauf liegen, im Jahresverlauf eine Ergebnisverbesserung zu erwirken, um den planerischen Fehlbetrag von 2,3 Mio. Euro zu reduzieren.<\/p><p>Die Gemeinde Adendorf hat wie jede andere Kommune auch eine Vielzahl von Pflichtleistungen zu erf\u00fcllen. Viele so genannte freiwillige Leistungen sind f\u00fcr die Empf\u00e4nger wie Sportvereine mit ihrer wichtigen Jugend- und ehrenamtlichen Arbeit dringend notwendig. Trotz der grunds\u00e4tzlich allgemein angespannten Haushaltslage in der kommunalen Finanzwirtschaft investiert die Gemeinde Adendorf j\u00e4hrlich einen Betrag von \u00fcber 1 Mio. Euro f\u00fcr die freiwilligen Leistungen in der Gemeinde. Neben den gemeindeeigenen Einrichtungen wie Bibliothek, Freibad oder Eisstadion sind insbesondere die Sportf\u00f6rderung oder Jugendarbeit zu nennen.<\/p><p>Die j\u00e4hrlich aufzustellende Haushaltssatzung umfasst einen Haushaltsplan samt Ergebnishaushalt mit Ertr\u00e4gen und Aufwendungen. Au\u00dferdem geh\u00f6rt ein Finanzhaushalt dazu, der vor allem Investitionen und deren Deckung ber\u00fccksichtigt, hier hei\u00dfen die Posten Einzahlung und Auszahlung. Weitere Bausteine sind geplante Kreditaufnahmen und Verpflichtungserm\u00e4chtigungen.<\/p><p>Einen umf\u00e4nglichen \u00dcberblick \u00fcber die Gemeindefinanzen erhalten Sie aus den unten angef\u00fcgten Haushalten.<\/p><p><em>(aktualisiert: Dezember 2025)<\/em><\/p>\t\t\t\t\t\t\t\t<\/div>\n\t\t\t\t<\/div>\n\t\t\t\t\t<\/div>\n\t\t<\/div>\n\t\t\t\t\t<\/div>\n\t\t<\/section>\n\t\t\t\t<section class=\"elementor-section elementor-top-section elementor-element elementor-element-ab0242a elementor-section-boxed elementor-section-height-default elementor-section-height-default\" data-id=\"ab0242a\" data-element_type=\"section\" data-e-type=\"section\">\n\t\t\t\t\t\t<div class=\"elementor-container elementor-column-gap-default\">\n\t\t\t\t\t<div class=\"elementor-column elementor-col-50 elementor-top-column elementor-element elementor-element-7497853\" data-id=\"7497853\" data-element_type=\"column\" data-e-type=\"column\">\n\t\t\t<div class=\"elementor-widget-wrap elementor-element-populated\">\n\t\t\t\t\t\t<div class=\"elementor-element elementor-element-89c5494 elementor-widget elementor-widget-text-editor\" data-id=\"89c5494\" data-element_type=\"widget\" data-e-type=\"widget\" data-widget_type=\"text-editor.default\">\n\t\t\t\t<div class=\"elementor-widget-container\">\n\t\t\t\t\t\t\t\t\t<p><strong>Ansprechpartner<\/strong><\/p><p>Gemeinde Adendorf<br \/>Rathausplatz 14<br \/>21365 Adendorf<\/p><p>Fachbereich Finanzen<br \/>Herr Gierke<br \/>Telefon: <a href=\"tel:041319809-31\">04131 9809-31<\/a><br \/>Telefax: 04131 9809-56<br \/>E-Mail: <a href=\"m&#97;&#105;&#x6c;&#x74;&#x6f;:m&#97;&#116;&#x74;&#x68;&#x69;a&#115;&#46;&#103;&#x69;&#x65;&#x72;k&#101;&#64;&#x61;&#x64;&#x65;nd&#111;&#114;&#x66;&#x2e;&#x64;e\">&#x6d;&#x61;&#x74;&#x74;&#x68;&#x69;&#97;&#115;&#46;&#103;ierk&#x65;&#x40;&#x61;&#x64;&#x65;&#x6e;&#100;&#111;&#114;&#102;&#46;de<\/a><br \/>Internet: https:\/\/www.adendorf.de<\/p>\t\t\t\t\t\t\t\t<\/div>\n\t\t\t\t<\/div>\n\t\t\t\t\t<\/div>\n\t\t<\/div>\n\t\t\t\t<div class=\"elementor-column elementor-col-50 elementor-top-column elementor-element elementor-element-6254336\" data-id=\"6254336\" data-element_type=\"column\" data-e-type=\"column\">\n\t\t\t<div class=\"elementor-widget-wrap elementor-element-populated\">\n\t\t\t\t\t\t<div class=\"elementor-element elementor-element-36d8591 elementor-widget elementor-widget-image\" data-id=\"36d8591\" data-element_type=\"widget\" data-e-type=\"widget\" data-widget_type=\"image.default\">\n\t\t\t\t<div class=\"elementor-widget-container\">\n\t\t\t\t\t\t\t\t\t\t\t\t<figure class=\"wp-caption\">\n\t\t\t\t\t\t\t\t\t\t<img fetchpriority=\"high\" decoding=\"async\" width=\"557\" height=\"398\" src=\"https:\/\/www.adendorf.de\/1\/wp-content\/uploads\/2020\/10\/Gierke.jpg\" class=\"attachment-large size-large wp-image-3159\" alt=\"Matthias Gierke\" srcset=\"https:\/\/www.adendorf.de\/1\/wp-content\/uploads\/2020\/10\/Gierke.jpg 557w, https:\/\/www.adendorf.de\/1\/wp-content\/uploads\/2020\/10\/Gierke-300x214.jpg 300w\" sizes=\"(max-width: 557px) 100vw, 557px\" \/>\t\t\t\t\t\t\t\t\t\t\t<figcaption class=\"widget-image-caption wp-caption-text\">Matthias Gierke<br>Erster Gemeinderat<\/figcaption>\n\t\t\t\t\t\t\t\t\t\t<\/figure>\n\t\t\t\t\t\t\t\t\t<\/div>\n\t\t\t\t<\/div>\n\t\t\t\t\t<\/div>\n\t\t<\/div>\n\t\t\t\t\t<\/div>\n\t\t<\/section>\n\t\t\t\t<section class=\"elementor-section elementor-top-section elementor-element elementor-element-fd53240 elementor-section-boxed elementor-section-height-default elementor-section-height-default\" data-id=\"fd53240\" data-element_type=\"section\" data-e-type=\"section\">\n\t\t\t\t\t\t<div class=\"elementor-container elementor-column-gap-default\">\n\t\t\t\t\t<div class=\"elementor-column elementor-col-100 elementor-top-column elementor-element elementor-element-0583be3\" data-id=\"0583be3\" data-element_type=\"column\" data-e-type=\"column\">\n\t\t\t<div class=\"elementor-widget-wrap elementor-element-populated\">\n\t\t\t\t\t\t<div class=\"elementor-element elementor-element-09c24e7 elementor-icon-list--layout-traditional elementor-list-item-link-full_width elementor-widget elementor-widget-icon-list\" data-id=\"09c24e7\" data-element_type=\"widget\" data-e-type=\"widget\" data-widget_type=\"icon-list.default\">\n\t\t\t\t<div class=\"elementor-widget-container\">\n\t\t\t\t\t\t\t<ul class=\"elementor-icon-list-items\">\n\t\t\t\t\t\t\t<li class=\"elementor-icon-list-item\">\n\t\t\t\t\t\t\t\t\t\t\t<a href=\"https:\/\/www.adendorf.de\/1\/wp-content\/uploads\/2025\/12\/2026-Haushalt.pdf\" target=\"_blank\">\n\n\t\t\t\t\t\t\t\t\t\t\t\t<span class=\"elementor-icon-list-icon\">\n\t\t\t\t\t\t\t<i aria-hidden=\"true\" class=\"far fa-file-pdf\"><\/i>\t\t\t\t\t\t<\/span>\n\t\t\t\t\t\t\t\t\t\t<span class=\"elementor-icon-list-text\">Haushalt 2026<\/span>\n\t\t\t\t\t\t\t\t\t\t\t<\/a>\n\t\t\t\t\t\t\t\t\t<\/li>\n\t\t\t\t\t\t\t\t<li class=\"elementor-icon-list-item\">\n\t\t\t\t\t\t\t\t\t\t\t<a href=\"https:\/\/www.adendorf.de\/1\/wp-content\/uploads\/2025\/09\/2025-2.-Nachtragshaushalt.pdf\" target=\"_blank\">\n\n\t\t\t\t\t\t\t\t\t\t\t\t<span class=\"elementor-icon-list-icon\">\n\t\t\t\t\t\t\t<i aria-hidden=\"true\" class=\"far fa-file-pdf\"><\/i>\t\t\t\t\t\t<\/span>\n\t\t\t\t\t\t\t\t\t\t<span class=\"elementor-icon-list-text\">2. Nachtragshaushalt 2025<\/span>\n\t\t\t\t\t\t\t\t\t\t\t<\/a>\n\t\t\t\t\t\t\t\t\t<\/li>\n\t\t\t\t\t\t\t\t<li class=\"elementor-icon-list-item\">\n\t\t\t\t\t\t\t\t\t\t\t<a href=\"https:\/\/www.adendorf.de\/1\/wp-content\/uploads\/2025\/03\/2025-1.-Nachtragshaushalt.pdf\" target=\"_blank\">\n\n\t\t\t\t\t\t\t\t\t\t\t\t<span class=\"elementor-icon-list-icon\">\n\t\t\t\t\t\t\t<i aria-hidden=\"true\" class=\"far fa-file-pdf\"><\/i>\t\t\t\t\t\t<\/span>\n\t\t\t\t\t\t\t\t\t\t<span class=\"elementor-icon-list-text\">1. Nachtragshaushalt 2025<\/span>\n\t\t\t\t\t\t\t\t\t\t\t<\/a>\n\t\t\t\t\t\t\t\t\t<\/li>\n\t\t\t\t\t\t\t\t<li class=\"elementor-icon-list-item\">\n\t\t\t\t\t\t\t\t\t\t\t<a href=\"https:\/\/www.adendorf.de\/1\/wp-content\/uploads\/2024\/12\/2025-Haushalt.pdf\" target=\"_blank\">\n\n\t\t\t\t\t\t\t\t\t\t\t\t<span class=\"elementor-icon-list-icon\">\n\t\t\t\t\t\t\t<i aria-hidden=\"true\" class=\"far fa-file-pdf\"><\/i>\t\t\t\t\t\t<\/span>\n\t\t\t\t\t\t\t\t\t\t<span class=\"elementor-icon-list-text\">Haushalt 2025<\/span>\n\t\t\t\t\t\t\t\t\t\t\t<\/a>\n\t\t\t\t\t\t\t\t\t<\/li>\n\t\t\t\t\t\t\t\t<li class=\"elementor-icon-list-item\">\n\t\t\t\t\t\t\t\t\t\t\t<a href=\"https:\/\/www.adendorf.de\/1\/wp-content\/uploads\/2024\/05\/Haushalt-2024.pdf\" target=\"_blank\">\n\n\t\t\t\t\t\t\t\t\t\t\t\t<span class=\"elementor-icon-list-icon\">\n\t\t\t\t\t\t\t<i aria-hidden=\"true\" class=\"far fa-file-pdf\"><\/i>\t\t\t\t\t\t<\/span>\n\t\t\t\t\t\t\t\t\t\t<span class=\"elementor-icon-list-text\">Haushalt 2024<\/span>\n\t\t\t\t\t\t\t\t\t\t\t<\/a>\n\t\t\t\t\t\t\t\t\t<\/li>\n\t\t\t\t\t\t\t\t<li class=\"elementor-icon-list-item\">\n\t\t\t\t\t\t\t\t\t\t\t<a href=\"https:\/\/www.adendorf.de\/1\/wp-content\/uploads\/2023\/05\/1.-Nachtragshaushalt-2023.pdf\" target=\"_blank\">\n\n\t\t\t\t\t\t\t\t\t\t\t\t<span class=\"elementor-icon-list-icon\">\n\t\t\t\t\t\t\t<i aria-hidden=\"true\" class=\"far fa-file-pdf\"><\/i>\t\t\t\t\t\t<\/span>\n\t\t\t\t\t\t\t\t\t\t<span class=\"elementor-icon-list-text\">1. Nachtragshaushalt 2023<\/span>\n\t\t\t\t\t\t\t\t\t\t\t<\/a>\n\t\t\t\t\t\t\t\t\t<\/li>\n\t\t\t\t\t\t\t\t<li class=\"elementor-icon-list-item\">\n\t\t\t\t\t\t\t\t\t\t\t<a href=\"https:\/\/www.adendorf.de\/1\/wp-content\/uploads\/2022\/12\/Haushalt2023.pdf\" target=\"_blank\">\n\n\t\t\t\t\t\t\t\t\t\t\t\t<span class=\"elementor-icon-list-icon\">\n\t\t\t\t\t\t\t<i aria-hidden=\"true\" class=\"far fa-file-pdf\"><\/i>\t\t\t\t\t\t<\/span>\n\t\t\t\t\t\t\t\t\t\t<span class=\"elementor-icon-list-text\">Haushalt 2023<\/span>\n\t\t\t\t\t\t\t\t\t\t\t<\/a>\n\t\t\t\t\t\t\t\t\t<\/li>\n\t\t\t\t\t\t\t\t<li class=\"elementor-icon-list-item\">\n\t\t\t\t\t\t\t\t\t\t\t<a href=\"https:\/\/www.adendorf.de\/1\/wp-content\/uploads\/2022\/05\/1.-Nachtragshaushalt-2022.pdf\" target=\"_blank\">\n\n\t\t\t\t\t\t\t\t\t\t\t\t<span class=\"elementor-icon-list-icon\">\n\t\t\t\t\t\t\t<i aria-hidden=\"true\" class=\"far fa-file-pdf\"><\/i>\t\t\t\t\t\t<\/span>\n\t\t\t\t\t\t\t\t\t\t<span class=\"elementor-icon-list-text\">1. Nachtragshaushalt 2022<\/span>\n\t\t\t\t\t\t\t\t\t\t\t<\/a>\n\t\t\t\t\t\t\t\t\t<\/li>\n\t\t\t\t\t\t\t\t<li class=\"elementor-icon-list-item\">\n\t\t\t\t\t\t\t\t\t\t\t<a href=\"https:\/\/www.adendorf.de\/1\/wp-content\/uploads\/2022\/02\/Haushalt-2022.pdf\" target=\"_blank\">\n\n\t\t\t\t\t\t\t\t\t\t\t\t<span class=\"elementor-icon-list-icon\">\n\t\t\t\t\t\t\t<i aria-hidden=\"true\" class=\"far fa-file-pdf\"><\/i>\t\t\t\t\t\t<\/span>\n\t\t\t\t\t\t\t\t\t\t<span class=\"elementor-icon-list-text\">Haushalt 2022<\/span>\n\t\t\t\t\t\t\t\t\t\t\t<\/a>\n\t\t\t\t\t\t\t\t\t<\/li>\n\t\t\t\t\t\t\t\t<li class=\"elementor-icon-list-item\">\n\t\t\t\t\t\t\t\t\t\t\t<a href=\"https:\/\/www.adendorf.de\/1\/wp-content\/uploads\/2020\/12\/Haushalt_2021.pdf\" target=\"_blank\">\n\n\t\t\t\t\t\t\t\t\t\t\t\t<span class=\"elementor-icon-list-icon\">\n\t\t\t\t\t\t\t<i aria-hidden=\"true\" class=\"far fa-file-pdf\"><\/i>\t\t\t\t\t\t<\/span>\n\t\t\t\t\t\t\t\t\t\t<span class=\"elementor-icon-list-text\">Haushalt 2021<\/span>\n\t\t\t\t\t\t\t\t\t\t\t<\/a>\n\t\t\t\t\t\t\t\t\t<\/li>\n\t\t\t\t\t\t\t\t<li class=\"elementor-icon-list-item\">\n\t\t\t\t\t\t\t\t\t\t\t<a href=\"https:\/\/www.adendorf.de\/1\/wp-content\/uploads\/2020\/07\/haushalt_2020_nachtrag1.pdf\" target=\"_blank\">\n\n\t\t\t\t\t\t\t\t\t\t\t\t<span class=\"elementor-icon-list-icon\">\n\t\t\t\t\t\t\t<i aria-hidden=\"true\" class=\"far fa-file-pdf\"><\/i>\t\t\t\t\t\t<\/span>\n\t\t\t\t\t\t\t\t\t\t<span class=\"elementor-icon-list-text\">1. Nachtragshaushalt 2020<\/span>\n\t\t\t\t\t\t\t\t\t\t\t<\/a>\n\t\t\t\t\t\t\t\t\t<\/li>\n\t\t\t\t\t\t\t\t<li class=\"elementor-icon-list-item\">\n\t\t\t\t\t\t\t\t\t\t\t<a href=\"https:\/\/www.adendorf.de\/1\/wp-content\/uploads\/2019\/12\/Haushalt-2020-komplett-Duplex.pdf\" target=\"_blank\">\n\n\t\t\t\t\t\t\t\t\t\t\t\t<span class=\"elementor-icon-list-icon\">\n\t\t\t\t\t\t\t<i aria-hidden=\"true\" class=\"far fa-file-pdf\"><\/i>\t\t\t\t\t\t<\/span>\n\t\t\t\t\t\t\t\t\t\t<span class=\"elementor-icon-list-text\">Haushalt 2020<\/span>\n\t\t\t\t\t\t\t\t\t\t\t<\/a>\n\t\t\t\t\t\t\t\t\t<\/li>\n\t\t\t\t\t\t\t\t<li class=\"elementor-icon-list-item\">\n\t\t\t\t\t\t\t\t\t\t\t<a href=\"https:\/\/www.adendorf.de\/1\/wp-content\/uploads\/2019\/03\/haushalt_2019.pdf\" target=\"_blank\">\n\n\t\t\t\t\t\t\t\t\t\t\t\t<span class=\"elementor-icon-list-icon\">\n\t\t\t\t\t\t\t<i aria-hidden=\"true\" class=\"far fa-file-pdf\"><\/i>\t\t\t\t\t\t<\/span>\n\t\t\t\t\t\t\t\t\t\t<span class=\"elementor-icon-list-text\">Haushalt 2019<\/span>\n\t\t\t\t\t\t\t\t\t\t\t<\/a>\n\t\t\t\t\t\t\t\t\t<\/li>\n\t\t\t\t\t\t\t\t<li class=\"elementor-icon-list-item\">\n\t\t\t\t\t\t\t\t\t\t\t<a href=\"https:\/\/www.adendorf.de\/1\/wp-content\/uploads\/2019\/03\/haushalt_2018.pdf\" target=\"_blank\">\n\n\t\t\t\t\t\t\t\t\t\t\t\t<span class=\"elementor-icon-list-icon\">\n\t\t\t\t\t\t\t<i aria-hidden=\"true\" class=\"far fa-file-pdf\"><\/i>\t\t\t\t\t\t<\/span>\n\t\t\t\t\t\t\t\t\t\t<span class=\"elementor-icon-list-text\">Haushalt 2018<\/span>\n\t\t\t\t\t\t\t\t\t\t\t<\/a>\n\t\t\t\t\t\t\t\t\t<\/li>\n\t\t\t\t\t\t\t\t<li class=\"elementor-icon-list-item\">\n\t\t\t\t\t\t\t\t\t\t\t<a href=\"https:\/\/www.adendorf.de\/1\/wp-content\/uploads\/2019\/03\/haushalt_2017.pdf\" target=\"_blank\">\n\n\t\t\t\t\t\t\t\t\t\t\t\t<span class=\"elementor-icon-list-icon\">\n\t\t\t\t\t\t\t<i aria-hidden=\"true\" class=\"far fa-file-pdf\"><\/i>\t\t\t\t\t\t<\/span>\n\t\t\t\t\t\t\t\t\t\t<span class=\"elementor-icon-list-text\">Haushalt 2017<\/span>\n\t\t\t\t\t\t\t\t\t\t\t<\/a>\n\t\t\t\t\t\t\t\t\t<\/li>\n\t\t\t\t\t\t\t\t<li class=\"elementor-icon-list-item\">\n\t\t\t\t\t\t\t\t\t\t\t<a href=\"http:\/\/www.adendorf.de\/1\/wp-content\/uploads\/2019\/03\/haushalt_2016.pdf\" target=\"_blank\">\n\n\t\t\t\t\t\t\t\t\t\t\t\t<span class=\"elementor-icon-list-icon\">\n\t\t\t\t\t\t\t<i aria-hidden=\"true\" class=\"far fa-file-pdf\"><\/i>\t\t\t\t\t\t<\/span>\n\t\t\t\t\t\t\t\t\t\t<span class=\"elementor-icon-list-text\">Haushalt 2016<\/span>\n\t\t\t\t\t\t\t\t\t\t\t<\/a>\n\t\t\t\t\t\t\t\t\t<\/li>\n\t\t\t\t\t\t\t\t<li class=\"elementor-icon-list-item\">\n\t\t\t\t\t\t\t\t\t\t\t<a href=\"https:\/\/www.adendorf.de\/1\/wp-content\/uploads\/2019\/03\/haushalt_2015.pdf\" target=\"_blank\">\n\n\t\t\t\t\t\t\t\t\t\t\t\t<span class=\"elementor-icon-list-icon\">\n\t\t\t\t\t\t\t<i aria-hidden=\"true\" class=\"far fa-file-pdf\"><\/i>\t\t\t\t\t\t<\/span>\n\t\t\t\t\t\t\t\t\t\t<span class=\"elementor-icon-list-text\">Haushalt 2015<\/span>\n\t\t\t\t\t\t\t\t\t\t\t<\/a>\n\t\t\t\t\t\t\t\t\t<\/li>\n\t\t\t\t\t\t<\/ul>\n\t\t\t\t\t\t<\/div>\n\t\t\t\t<\/div>\n\t\t\t\t\t<\/div>\n\t\t<\/div>\n\t\t\t\t\t<\/div>\n\t\t<\/section>\n\t\t\t\t<\/div>\n\t\t","protected":false},"excerpt":{"rendered":"<p>Haushalt Die Gemeinde Adendorf \u2013 aus dem finanziellen Blickwinkel Der Bereich \u201eHaushalt\u201c ist im Nieders\u00e4chsischen Kommunalverfassungsgesetz (NKomVG) geregelt. Hierzu befassen sich die Paragrafen 110 bis 129 mit der \u201eHaushaltswirtschaft\u201c. Die Gemeinde Adendorf hat ab dem Jahr 2009 auf das sog. doppische Buchungswesen umgestellt. Die Jahre 2009 bis 2011 waren stark [&hellip;]<\/p>\n","protected":false},"author":1,"featured_media":0,"parent":0,"menu_order":0,"comment_status":"closed","ping_status":"closed","template":"page-templates\/template-pagebuilder-full-width.php","meta":{"footnotes":""},"class_list":["post-2021","page","type-page","status-publish","hentry"],"publishpress_future_workflow_manual_trigger":{"enabledWorkflows":[]},"rttpg_featured_image_url":null,"rttpg_author":{"display_name":"Adendorf","author_link":"https:\/\/www.adendorf.de\/1\/author\/marco-brede\/"},"rttpg_comment":0,"rttpg_category":null,"rttpg_excerpt":"Haushalt Die Gemeinde Adendorf \u2013 aus dem finanziellen Blickwinkel Der Bereich \u201eHaushalt\u201c ist im Nieders\u00e4chsischen Kommunalverfassungsgesetz (NKomVG) geregelt. Hierzu befassen sich die Paragrafen 110 bis 129 mit der \u201eHaushaltswirtschaft\u201c. Die Gemeinde Adendorf hat ab dem Jahr 2009 auf das sog. doppische Buchungswesen umgestellt. Die Jahre 2009 bis 2011 waren stark [&hellip;]","_links":{"self":[{"href":"https:\/\/www.adendorf.de\/1\/wp-json\/wp\/v2\/pages\/2021","targetHints":{"allow":["GET"]}}],"collection":[{"href":"https:\/\/www.adendorf.de\/1\/wp-json\/wp\/v2\/pages"}],"about":[{"href":"https:\/\/www.adendorf.de\/1\/wp-json\/wp\/v2\/types\/page"}],"author":[{"embeddable":true,"href":"https:\/\/www.adendorf.de\/1\/wp-json\/wp\/v2\/users\/1"}],"replies":[{"embeddable":true,"href":"https:\/\/www.adendorf.de\/1\/wp-json\/wp\/v2\/comments?post=2021"}],"version-history":[{"count":106,"href":"https:\/\/www.adendorf.de\/1\/wp-json\/wp\/v2\/pages\/2021\/revisions"}],"predecessor-version":[{"id":8821,"href":"https:\/\/www.adendorf.de\/1\/wp-json\/wp\/v2\/pages\/2021\/revisions\/8821"}],"wp:attachment":[{"href":"https:\/\/www.adendorf.de\/1\/wp-json\/wp\/v2\/media?parent=2021"}],"curies":[{"name":"wp","href":"https:\/\/api.w.org\/{rel}","templated":true}]}}