{"id":204,"date":"2019-03-06T09:55:47","date_gmt":"2019-03-06T08:55:47","guid":{"rendered":"http:\/\/www.adendorf.de\/1\/?page_id=204"},"modified":"2024-07-01T07:24:27","modified_gmt":"2024-07-01T05:24:27","slug":"bestattungen","status":"publish","type":"page","link":"https:\/\/www.adendorf.de\/1\/buergerservice\/bestattungen\/","title":{"rendered":"Bestattungen"},"content":{"rendered":"\t\t<div data-elementor-type=\"wp-post\" data-elementor-id=\"204\" class=\"elementor elementor-204\">\n\t\t\t\t\t\t<section class=\"elementor-section elementor-top-section elementor-element elementor-element-eaa5e2b elementor-section-boxed elementor-section-height-default elementor-section-height-default\" data-id=\"eaa5e2b\" data-element_type=\"section\" data-e-type=\"section\">\n\t\t\t\t\t\t<div class=\"elementor-container elementor-column-gap-default\">\n\t\t\t\t\t<div class=\"elementor-column elementor-col-100 elementor-top-column elementor-element elementor-element-6dd8451\" data-id=\"6dd8451\" data-element_type=\"column\" data-e-type=\"column\">\n\t\t\t<div class=\"elementor-widget-wrap elementor-element-populated\">\n\t\t\t\t\t\t<div class=\"elementor-element elementor-element-e769b3c elementor-widget elementor-widget-heading\" data-id=\"e769b3c\" data-element_type=\"widget\" data-e-type=\"widget\" data-widget_type=\"heading.default\">\n\t\t\t\t<div class=\"elementor-widget-container\">\n\t\t\t\t\t<h1 class=\"elementor-heading-title elementor-size-default\">Bestattungen<\/h1>\t\t\t\t<\/div>\n\t\t\t\t<\/div>\n\t\t\t\t\t<\/div>\n\t\t<\/div>\n\t\t\t\t\t<\/div>\n\t\t<\/section>\n\t\t\t\t<section class=\"elementor-section elementor-top-section elementor-element elementor-element-e0d1cf3 elementor-section-boxed elementor-section-height-default elementor-section-height-default\" data-id=\"e0d1cf3\" data-element_type=\"section\" data-e-type=\"section\">\n\t\t\t\t\t\t<div class=\"elementor-container elementor-column-gap-default\">\n\t\t\t\t\t<div class=\"elementor-column elementor-col-100 elementor-top-column elementor-element elementor-element-4d95556\" data-id=\"4d95556\" data-element_type=\"column\" data-e-type=\"column\">\n\t\t\t<div class=\"elementor-widget-wrap elementor-element-populated\">\n\t\t\t\t\t\t<div class=\"elementor-element elementor-element-ce36fbf elementor-widget elementor-widget-heading\" data-id=\"ce36fbf\" data-element_type=\"widget\" data-e-type=\"widget\" data-widget_type=\"heading.default\">\n\t\t\t\t<div class=\"elementor-widget-container\">\n\t\t\t\t\t<h2 class=\"elementor-heading-title elementor-size-default\">Kommunaler Friedhof der Gemeinde Adendorf<\/h2>\t\t\t\t<\/div>\n\t\t\t\t<\/div>\n\t\t\t\t<div class=\"elementor-element elementor-element-8bbb839 elementor-widget elementor-widget-text-editor\" data-id=\"8bbb839\" data-element_type=\"widget\" data-e-type=\"widget\" data-widget_type=\"text-editor.default\">\n\t\t\t\t<div class=\"elementor-widget-container\">\n\t\t\t\t\t\t\t\t\t<p>Wisselweg<br \/>Erbstorf<br \/>(\u00f6stlich der Erbstorfer Landstr. am Elbe-Seitenkanal)<\/p>\t\t\t\t\t\t\t\t<\/div>\n\t\t\t\t<\/div>\n\t\t\t\t<div class=\"elementor-element elementor-element-47f3ad4 elementor-widget elementor-widget-google_maps\" data-id=\"47f3ad4\" data-element_type=\"widget\" data-e-type=\"widget\" data-widget_type=\"google_maps.default\">\n\t\t\t\t<div class=\"elementor-widget-container\">\n\t\t\t\t\t\t\t<div class=\"elementor-custom-embed\">\n\t\t\t<iframe loading=\"lazy\"\n\t\t\t\t\tsrc=\"https:\/\/maps.google.com\/maps?q=53.271818%2C10.483177&#038;t=m&#038;z=15&#038;output=embed&#038;iwloc=near\"\n\t\t\t\t\ttitle=\"53.271818,10.483177\"\n\t\t\t\t\taria-label=\"53.271818,10.483177\"\n\t\t\t><\/iframe>\n\t\t<\/div>\n\t\t\t\t\t\t<\/div>\n\t\t\t\t<\/div>\n\t\t\t\t<div class=\"elementor-element elementor-element-a73c272 elementor-widget elementor-widget-text-editor\" data-id=\"a73c272\" data-element_type=\"widget\" data-e-type=\"widget\" data-widget_type=\"text-editor.default\">\n\t\t\t\t<div class=\"elementor-widget-container\">\n\t\t\t\t\t\t\t\t\t<p><\/p><table><tbody><tr><td colspan=\"1\"><strong>Ansprechpartner<\/strong><\/td><\/tr><tr><td>Frau Dutz<\/td><\/tr><tr><td>E-Mail: <a href=\"mai&#108;&#116;&#111;&#58;&#x6e;&#x61;&#x6e;&#x63;&#x79;&#x2e;&#x64;utz&#64;&#97;&#100;&#101;&#110;&#x64;&#x6f;&#x72;&#x66;&#x2e;&#x64;e\">&#x6e;a&#x6e;&#99;&#x79;&#46;d&#x75;&#116;&#x7a;&#64;a&#x64;&#101;&#x6e;&#100;o&#x72;f&#x2e;&#100;&#x65;<\/a><\/td><\/tr><tr><td>Tel.: <a href=\"tel:04131980941\">04131 9809-41<\/a><\/td><\/tr><tr><td>Fax: 04131 9809-55<\/td><\/tr><tr><td colspan=\"1\"><strong>Webseite:<\/strong> <a href=\"http:\/\/www.adendorf.de\">www.adendorf.de<\/a><\/td><\/tr><tr><td colspan=\"1\"><\/td><\/tr><\/tbody><\/table><p><strong>Dokumente:<\/strong><\/p><p><a href=\"http:\/\/www.adendorf.de\/1\/wp-content\/uploads\/2026\/01\/2025-12-12-Friedhofsatzung.pdf\">Satzung \u00fcber das Friedhofs- und Bestattungswesen<\/a><\/p><p><a href=\"http:\/\/www.adendorf.de\/1\/wp-content\/uploads\/2026\/01\/2025-12-12-Friedhofsbebuehrensatzung-Adendorf.pdf\">Friedhofsgeb\u00fchrensatzung<\/a><\/p>\t\t\t\t\t\t\t\t<\/div>\n\t\t\t\t<\/div>\n\t\t\t\t\t<\/div>\n\t\t<\/div>\n\t\t\t\t\t<\/div>\n\t\t<\/section>\n\t\t\t\t<section class=\"elementor-section elementor-top-section elementor-element elementor-element-4a4af26 elementor-section-boxed elementor-section-height-default elementor-section-height-default\" data-id=\"4a4af26\" data-element_type=\"section\" data-e-type=\"section\">\n\t\t\t\t\t\t<div class=\"elementor-container elementor-column-gap-default\">\n\t\t\t\t\t<div class=\"elementor-column elementor-col-100 elementor-top-column elementor-element elementor-element-e392008\" data-id=\"e392008\" data-element_type=\"column\" data-e-type=\"column\">\n\t\t\t<div class=\"elementor-widget-wrap elementor-element-populated\">\n\t\t\t\t\t\t<div class=\"elementor-element elementor-element-b0ff9cc elementor-widget elementor-widget-heading\" data-id=\"b0ff9cc\" data-element_type=\"widget\" data-e-type=\"widget\" data-widget_type=\"heading.default\">\n\t\t\t\t<div class=\"elementor-widget-container\">\n\t\t\t\t\t<h2 class=\"elementor-heading-title elementor-size-default\">Kirchlicher Friedhof<\/h2>\t\t\t\t<\/div>\n\t\t\t\t<\/div>\n\t\t\t\t<div class=\"elementor-element elementor-element-0cd3325 elementor-widget elementor-widget-text-editor\" data-id=\"0cd3325\" data-element_type=\"widget\" data-e-type=\"widget\" data-widget_type=\"text-editor.default\">\n\t\t\t\t<div class=\"elementor-widget-container\">\n\t\t\t\t\t\t\t\t\t<p>Dorfstra\u00dfe \/ Im Suren Winkel<br \/>21365 Adendorf<\/p>\t\t\t\t\t\t\t\t<\/div>\n\t\t\t\t<\/div>\n\t\t\t\t<div class=\"elementor-element elementor-element-0731b15 elementor-widget elementor-widget-google_maps\" data-id=\"0731b15\" data-element_type=\"widget\" data-e-type=\"widget\" data-widget_type=\"google_maps.default\">\n\t\t\t\t<div class=\"elementor-widget-container\">\n\t\t\t\t\t\t\t<div class=\"elementor-custom-embed\">\n\t\t\t<iframe loading=\"lazy\"\n\t\t\t\t\tsrc=\"https:\/\/maps.google.com\/maps?q=53.284157%2C10.448602&#038;t=m&#038;z=16&#038;output=embed&#038;iwloc=near\"\n\t\t\t\t\ttitle=\"53.284157,10.448602\"\n\t\t\t\t\taria-label=\"53.284157,10.448602\"\n\t\t\t><\/iframe>\n\t\t<\/div>\n\t\t\t\t\t\t<\/div>\n\t\t\t\t<\/div>\n\t\t\t\t<div class=\"elementor-element elementor-element-c0cb3b7 elementor-widget elementor-widget-text-editor\" data-id=\"c0cb3b7\" data-element_type=\"widget\" data-e-type=\"widget\" data-widget_type=\"text-editor.default\">\n\t\t\t\t<div class=\"elementor-widget-container\">\n\t\t\t\t\t\t\t\t\t<p><strong>Ansprechpartner<\/strong><\/p><p>Evangelisch-lutherische Emmausgemeinde Adendorf<\/p><p>Telefon: <a href=\"tel:04131186046\">04131 186046<\/a><\/p>\t\t\t\t\t\t\t\t<\/div>\n\t\t\t\t<\/div>\n\t\t\t\t\t<\/div>\n\t\t<\/div>\n\t\t\t\t\t<\/div>\n\t\t<\/section>\n\t\t\t\t<section class=\"elementor-section elementor-top-section elementor-element elementor-element-8b6435f elementor-section-boxed elementor-section-height-default elementor-section-height-default\" data-id=\"8b6435f\" data-element_type=\"section\" data-e-type=\"section\">\n\t\t\t\t\t\t<div class=\"elementor-container elementor-column-gap-default\">\n\t\t\t\t\t<div class=\"elementor-column elementor-col-100 elementor-top-column elementor-element elementor-element-9e4de92\" data-id=\"9e4de92\" data-element_type=\"column\" data-e-type=\"column\">\n\t\t\t<div class=\"elementor-widget-wrap elementor-element-populated\">\n\t\t\t\t\t\t<div class=\"elementor-element elementor-element-1556f3a elementor-widget elementor-widget-heading\" data-id=\"1556f3a\" data-element_type=\"widget\" data-e-type=\"widget\" data-widget_type=\"heading.default\">\n\t\t\t\t<div class=\"elementor-widget-container\">\n\t\t\t\t\t<h2 class=\"elementor-heading-title elementor-size-default\">Tierfriedhof Adendorf \"Tierfrieden\"<\/h2>\t\t\t\t<\/div>\n\t\t\t\t<\/div>\n\t\t\t\t<div class=\"elementor-element elementor-element-e120ed4 elementor-widget elementor-widget-text-editor\" data-id=\"e120ed4\" data-element_type=\"widget\" data-e-type=\"widget\" data-widget_type=\"text-editor.default\">\n\t\t\t\t<div class=\"elementor-widget-container\">\n\t\t\t\t\t\t\t\t\t<p>Papageienweg 20<br \/>21365 Adendorf<\/p>\t\t\t\t\t\t\t\t<\/div>\n\t\t\t\t<\/div>\n\t\t\t\t<div class=\"elementor-element elementor-element-2afc708 elementor-widget elementor-widget-google_maps\" data-id=\"2afc708\" data-element_type=\"widget\" data-e-type=\"widget\" data-widget_type=\"google_maps.default\">\n\t\t\t\t<div class=\"elementor-widget-container\">\n\t\t\t\t\t\t\t<div class=\"elementor-custom-embed\">\n\t\t\t<iframe loading=\"lazy\"\n\t\t\t\t\tsrc=\"https:\/\/maps.google.com\/maps?q=Tierfriedhof%2C%20Papageienweg%2020%2C%20Adendorf&#038;t=m&#038;z=15&#038;output=embed&#038;iwloc=near\"\n\t\t\t\t\ttitle=\"Tierfriedhof, Papageienweg 20, Adendorf\"\n\t\t\t\t\taria-label=\"Tierfriedhof, Papageienweg 20, Adendorf\"\n\t\t\t><\/iframe>\n\t\t<\/div>\n\t\t\t\t\t\t<\/div>\n\t\t\t\t<\/div>\n\t\t\t\t<div class=\"elementor-element elementor-element-efd5153 elementor-widget elementor-widget-text-editor\" data-id=\"efd5153\" data-element_type=\"widget\" data-e-type=\"widget\" data-widget_type=\"text-editor.default\">\n\t\t\t\t<div class=\"elementor-widget-container\">\n\t\t\t\t\t\t\t\t\t<p><strong>Telefon:<\/strong> <a href=\"tel:041314344138\">04131 4344 138<\/a><\/p>\t\t\t\t\t\t\t\t<\/div>\n\t\t\t\t<\/div>\n\t\t\t\t\t<\/div>\n\t\t<\/div>\n\t\t\t\t\t<\/div>\n\t\t<\/section>\n\t\t\t\t<\/div>\n\t\t","protected":false},"excerpt":{"rendered":"<p>Bestattungen Kommunaler Friedhof der Gemeinde Adendorf WisselwegErbstorf(\u00f6stlich der Erbstorfer Landstr. am Elbe-Seitenkanal) Ansprechpartner Frau Dutz E-Mail: &#x6e;&#97;n&#x63;&#121;&#46;&#x64;&#117;t&#x7a;&#64;a&#x64;&#101;n&#x64;&#x6f;r&#x66;&#x2e;&#100;&#x65; Tel.: 04131 9809-41 Fax: 04131 9809-55 Webseite: www.adendorf.de Dokumente: Satzung \u00fcber das Friedhofs- und Bestattungswesen Friedhofsgeb\u00fchrensatzung Kirchlicher Friedhof Dorfstra\u00dfe \/ Im Suren Winkel21365 Adendorf Ansprechpartner Evangelisch-lutherische Emmausgemeinde Adendorf Telefon: 04131 186046 Tierfriedhof Adendorf [&hellip;]<\/p>\n","protected":false},"author":1,"featured_media":0,"parent":274,"menu_order":0,"comment_status":"closed","ping_status":"closed","template":"page-templates\/template-pagebuilder-full-width.php","meta":{"footnotes":""},"class_list":["post-204","page","type-page","status-publish","hentry"],"publishpress_future_workflow_manual_trigger":{"enabledWorkflows":[]},"rttpg_featured_image_url":null,"rttpg_author":{"display_name":"Adendorf","author_link":"https:\/\/www.adendorf.de\/1\/author\/marco-brede\/"},"rttpg_comment":0,"rttpg_category":null,"rttpg_excerpt":"Bestattungen Kommunaler Friedhof der Gemeinde Adendorf WisselwegErbstorf(\u00f6stlich der Erbstorfer Landstr. am Elbe-Seitenkanal) Ansprechpartner Frau Dutz E-Mail: &#110;&#x61;&#110;&#x63;&#121;&#x2e;&#100;&#x75;&#116;&#x7a;&#64;&#x61;&#100;&#x65;&#110;&#x64;&#111;&#x72;&#102;&#x2e;&#100;&#x65; Tel.: 04131 9809-41 Fax: 04131 9809-55 Webseite: www.adendorf.de Dokumente: Satzung \u00fcber das Friedhofs- und Bestattungswesen Friedhofsgeb\u00fchrensatzung Kirchlicher Friedhof Dorfstra\u00dfe \/ Im Suren Winkel21365 Adendorf Ansprechpartner Evangelisch-lutherische Emmausgemeinde Adendorf Telefon: 04131 186046 Tierfriedhof Adendorf [&hellip;]","_links":{"self":[{"href":"https:\/\/www.adendorf.de\/1\/wp-json\/wp\/v2\/pages\/204","targetHints":{"allow":["GET"]}}],"collection":[{"href":"https:\/\/www.adendorf.de\/1\/wp-json\/wp\/v2\/pages"}],"about":[{"href":"https:\/\/www.adendorf.de\/1\/wp-json\/wp\/v2\/types\/page"}],"author":[{"embeddable":true,"href":"https:\/\/www.adendorf.de\/1\/wp-json\/wp\/v2\/users\/1"}],"replies":[{"embeddable":true,"href":"https:\/\/www.adendorf.de\/1\/wp-json\/wp\/v2\/comments?post=204"}],"version-history":[{"count":70,"href":"https:\/\/www.adendorf.de\/1\/wp-json\/wp\/v2\/pages\/204\/revisions"}],"predecessor-version":[{"id":6931,"href":"https:\/\/www.adendorf.de\/1\/wp-json\/wp\/v2\/pages\/204\/revisions\/6931"}],"up":[{"embeddable":true,"href":"https:\/\/www.adendorf.de\/1\/wp-json\/wp\/v2\/pages\/274"}],"wp:attachment":[{"href":"https:\/\/www.adendorf.de\/1\/wp-json\/wp\/v2\/media?parent=204"}],"curies":[{"name":"wp","href":"https:\/\/api.w.org\/{rel}","templated":true}]}}