{"id":288,"date":"2019-03-06T15:30:17","date_gmt":"2019-03-06T14:30:17","guid":{"rendered":"http:\/\/www.adendorf.de\/1\/?page_id=288"},"modified":"2024-04-10T10:10:58","modified_gmt":"2024-04-10T08:10:58","slug":"fundbuero","status":"publish","type":"page","link":"https:\/\/www.adendorf.de\/1\/buergerservice\/fundbuero\/","title":{"rendered":"Fundb\u00fcro"},"content":{"rendered":"\t\t<div data-elementor-type=\"wp-post\" data-elementor-id=\"288\" class=\"elementor elementor-288\">\n\t\t\t\t\t\t<section class=\"elementor-section elementor-top-section elementor-element elementor-element-733504c elementor-section-boxed elementor-section-height-default elementor-section-height-default\" data-id=\"733504c\" data-element_type=\"section\" data-e-type=\"section\">\n\t\t\t\t\t\t<div class=\"elementor-container elementor-column-gap-default\">\n\t\t\t\t\t<div class=\"elementor-column elementor-col-100 elementor-top-column elementor-element elementor-element-d7c5960\" data-id=\"d7c5960\" data-element_type=\"column\" data-e-type=\"column\">\n\t\t\t<div class=\"elementor-widget-wrap elementor-element-populated\">\n\t\t\t\t\t\t<div class=\"elementor-element elementor-element-c572763 elementor-widget elementor-widget-heading\" data-id=\"c572763\" data-element_type=\"widget\" data-e-type=\"widget\" data-widget_type=\"heading.default\">\n\t\t\t\t<div class=\"elementor-widget-container\">\n\t\t\t\t\t<h1 class=\"elementor-heading-title elementor-size-default\">Fundb\u00fcro<\/h1>\t\t\t\t<\/div>\n\t\t\t\t<\/div>\n\t\t\t\t<div class=\"elementor-element elementor-element-db7507e elementor-widget elementor-widget-text-editor\" data-id=\"db7507e\" data-element_type=\"widget\" data-e-type=\"widget\" data-widget_type=\"text-editor.default\">\n\t\t\t\t<div class=\"elementor-widget-container\">\n\t\t\t\t\t\t\t\t\t<p>Haben Sie etwas verloren? Mit etwas Gl\u00fcck wurde es bei uns abgegeben. Klicken Sie auf unten stehenden Link, um zu sehen, ob Ihr Gegenstand dabei ist.<\/p><p>Pr\u00fcfen Sie auch benachbarte Fundb\u00fcros, wenn Sie es in unserem Fundb\u00fcro nicht finden k\u00f6nnen.<\/p>\t\t\t\t\t\t\t\t<\/div>\n\t\t\t\t<\/div>\n\t\t\t\t<div class=\"elementor-element elementor-element-4e06dfa elementor-widget elementor-widget-text-editor\" data-id=\"4e06dfa\" data-element_type=\"widget\" data-e-type=\"widget\" data-widget_type=\"text-editor.default\">\n\t\t\t\t<div class=\"elementor-widget-container\">\n\t\t\t\t\t\t\t\t\t<p><strong>Ansprechpartner<\/strong><\/p><p>Frau Schiller<\/p><p>Gemeinde Adendorf \/ Fundb\u00fcro<\/p><p>Rathausplatz 14<\/p><p>21365 Adendorf<\/p><p>Telefon: <a href=\"tel:04131980946\">04131 &#8211; 9809-46<\/a><\/p><p>Telefax: 04131 &#8211; 9809-55<\/p><p>E-Mail: <a href=\"&#109;a&#x69;l&#x74;o&#x3a;&#115;&#x63;&#104;&#x69;&#108;l&#x65;r&#x40;a&#x64;&#101;&#x6e;&#100;&#x6f;&#114;&#x66;&#46;d&#x65;\">s&#99;&#104;&#105;&#x6c;&#x6c;&#x65;r&#64;&#97;&#100;&#x65;&#x6e;&#x64;&#x6f;rf&#46;&#100;&#x65;<\/a><\/p><p>Zimmer: 0.13<\/p>\t\t\t\t\t\t\t\t<\/div>\n\t\t\t\t<\/div>\n\t\t\t\t<div class=\"elementor-element elementor-element-7edb4a3 elementor-widget elementor-widget-text-editor\" data-id=\"7edb4a3\" data-element_type=\"widget\" data-e-type=\"widget\" data-widget_type=\"text-editor.default\">\n\t\t\t\t<div class=\"elementor-widget-container\">\n\t\t\t\t\t\t\t\t\t<p><a href=\"https:\/\/fundinfo.novafind.eu\/home\/fundinfo\/F03355001\/app\/\" target=\"_blank\" rel=\"noopener\">Webseite des Fundb\u00fcros<\/a><\/p>\t\t\t\t\t\t\t\t<\/div>\n\t\t\t\t<\/div>\n\t\t\t\t\t<\/div>\n\t\t<\/div>\n\t\t\t\t\t<\/div>\n\t\t<\/section>\n\t\t\t\t<\/div>\n\t\t","protected":false},"excerpt":{"rendered":"<p>Fundb\u00fcro Haben Sie etwas verloren? Mit etwas Gl\u00fcck wurde es bei uns abgegeben. Klicken Sie auf unten stehenden Link, um zu sehen, ob Ihr Gegenstand dabei ist. Pr\u00fcfen Sie auch benachbarte Fundb\u00fcros, wenn Sie es in unserem Fundb\u00fcro nicht finden k\u00f6nnen. Ansprechpartner Frau Schiller Gemeinde Adendorf \/ Fundb\u00fcro Rathausplatz 14 [&hellip;]<\/p>\n","protected":false},"author":1,"featured_media":0,"parent":274,"menu_order":0,"comment_status":"closed","ping_status":"closed","template":"page-templates\/template-pagebuilder-full-width.php","meta":{"footnotes":""},"class_list":["post-288","page","type-page","status-publish","hentry"],"publishpress_future_workflow_manual_trigger":{"enabledWorkflows":[]},"rttpg_featured_image_url":null,"rttpg_author":{"display_name":"Adendorf","author_link":"https:\/\/www.adendorf.de\/1\/author\/marco-brede\/"},"rttpg_comment":0,"rttpg_category":null,"rttpg_excerpt":"Fundb\u00fcro Haben Sie etwas verloren? Mit etwas Gl\u00fcck wurde es bei uns abgegeben. Klicken Sie auf unten stehenden Link, um zu sehen, ob Ihr Gegenstand dabei ist. Pr\u00fcfen Sie auch benachbarte Fundb\u00fcros, wenn Sie es in unserem Fundb\u00fcro nicht finden k\u00f6nnen. Ansprechpartner Frau Schiller Gemeinde Adendorf \/ Fundb\u00fcro Rathausplatz 14 [&hellip;]","_links":{"self":[{"href":"https:\/\/www.adendorf.de\/1\/wp-json\/wp\/v2\/pages\/288","targetHints":{"allow":["GET"]}}],"collection":[{"href":"https:\/\/www.adendorf.de\/1\/wp-json\/wp\/v2\/pages"}],"about":[{"href":"https:\/\/www.adendorf.de\/1\/wp-json\/wp\/v2\/types\/page"}],"author":[{"embeddable":true,"href":"https:\/\/www.adendorf.de\/1\/wp-json\/wp\/v2\/users\/1"}],"replies":[{"embeddable":true,"href":"https:\/\/www.adendorf.de\/1\/wp-json\/wp\/v2\/comments?post=288"}],"version-history":[{"count":19,"href":"https:\/\/www.adendorf.de\/1\/wp-json\/wp\/v2\/pages\/288\/revisions"}],"predecessor-version":[{"id":6701,"href":"https:\/\/www.adendorf.de\/1\/wp-json\/wp\/v2\/pages\/288\/revisions\/6701"}],"up":[{"embeddable":true,"href":"https:\/\/www.adendorf.de\/1\/wp-json\/wp\/v2\/pages\/274"}],"wp:attachment":[{"href":"https:\/\/www.adendorf.de\/1\/wp-json\/wp\/v2\/media?parent=288"}],"curies":[{"name":"wp","href":"https:\/\/api.w.org\/{rel}","templated":true}]}}