{"id":293,"date":"2019-03-07T07:56:39","date_gmt":"2019-03-07T06:56:39","guid":{"rendered":"http:\/\/www.adendorf.de\/1\/?page_id=293"},"modified":"2025-01-28T14:46:42","modified_gmt":"2025-01-28T13:46:42","slug":"standesamt","status":"publish","type":"page","link":"https:\/\/www.adendorf.de\/1\/buergerservice\/standesamt\/","title":{"rendered":"Standesamt"},"content":{"rendered":"\t\t<div data-elementor-type=\"wp-post\" data-elementor-id=\"293\" class=\"elementor elementor-293\">\n\t\t\t\t\t\t<section class=\"elementor-section elementor-top-section elementor-element elementor-element-88a8b1c elementor-section-boxed elementor-section-height-default elementor-section-height-default\" data-id=\"88a8b1c\" data-element_type=\"section\" data-e-type=\"section\">\n\t\t\t\t\t\t<div class=\"elementor-container elementor-column-gap-default\">\n\t\t\t\t\t<div class=\"elementor-column elementor-col-100 elementor-top-column elementor-element elementor-element-6f6a9fc\" data-id=\"6f6a9fc\" data-element_type=\"column\" data-e-type=\"column\">\n\t\t\t<div class=\"elementor-widget-wrap elementor-element-populated\">\n\t\t\t\t\t\t<div class=\"elementor-element elementor-element-c0cfa17 elementor-widget elementor-widget-heading\" data-id=\"c0cfa17\" data-element_type=\"widget\" data-e-type=\"widget\" data-widget_type=\"heading.default\">\n\t\t\t\t<div class=\"elementor-widget-container\">\n\t\t\t\t\t<h1 class=\"elementor-heading-title elementor-size-default\">Standesamt<\/h1>\t\t\t\t<\/div>\n\t\t\t\t<\/div>\n\t\t\t\t\t<\/div>\n\t\t<\/div>\n\t\t\t\t\t<\/div>\n\t\t<\/section>\n\t\t\t\t<section class=\"elementor-section elementor-top-section elementor-element elementor-element-55c6dad elementor-section-boxed elementor-section-height-default elementor-section-height-default\" data-id=\"55c6dad\" data-element_type=\"section\" data-e-type=\"section\">\n\t\t\t\t\t\t<div class=\"elementor-container elementor-column-gap-default\">\n\t\t\t\t\t<div class=\"elementor-column elementor-col-66 elementor-top-column elementor-element elementor-element-f4c8f1b\" data-id=\"f4c8f1b\" data-element_type=\"column\" data-e-type=\"column\">\n\t\t\t<div class=\"elementor-widget-wrap elementor-element-populated\">\n\t\t\t\t\t\t<div class=\"elementor-element elementor-element-ccc0104 elementor-widget elementor-widget-text-editor\" data-id=\"ccc0104\" data-element_type=\"widget\" data-e-type=\"widget\" data-widget_type=\"text-editor.default\">\n\t\t\t\t<div class=\"elementor-widget-container\">\n\t\t\t\t\t\t\t\t\t<p>Unser Standesamt ist f\u00fcr Sie da bei Beurkundungen, Anmeldungen und sonstigen Dienstleistungen bei<\/p><ul><li>Geburten<\/li><li>Eheschlie\u00dfungen<\/li><li>Vaterschafts- und Mutterschaftsanerkennungen<\/li><li>Erkl\u00e4rungen zu Namensf\u00fchrungen<\/li><li>Kirchenaustritten<\/li><li>Sterbef\u00e4llen<\/li><li>und vielen weiteren &#8230;<\/li><\/ul>\t\t\t\t\t\t\t\t<\/div>\n\t\t\t\t<\/div>\n\t\t\t\t\t<\/div>\n\t\t<\/div>\n\t\t\t\t<div class=\"elementor-column elementor-col-33 elementor-top-column elementor-element elementor-element-2dbc373\" data-id=\"2dbc373\" data-element_type=\"column\" data-e-type=\"column\">\n\t\t\t<div class=\"elementor-widget-wrap elementor-element-populated\">\n\t\t\t\t\t\t<div class=\"elementor-element elementor-element-a24e710 elementor-widget elementor-widget-image\" data-id=\"a24e710\" data-element_type=\"widget\" data-e-type=\"widget\" data-widget_type=\"image.default\">\n\t\t\t\t<div class=\"elementor-widget-container\">\n\t\t\t\t\t\t\t\t\t\t\t\t\t\t\t<img fetchpriority=\"high\" decoding=\"async\" width=\"750\" height=\"500\" src=\"https:\/\/www.adendorf.de\/1\/wp-content\/uploads\/2019\/03\/Standesamt-1024x683.jpg\" class=\"attachment-large size-large wp-image-316\" alt=\"\" srcset=\"https:\/\/www.adendorf.de\/1\/wp-content\/uploads\/2019\/03\/Standesamt-1024x683.jpg 1024w, https:\/\/www.adendorf.de\/1\/wp-content\/uploads\/2019\/03\/Standesamt-300x200.jpg 300w, https:\/\/www.adendorf.de\/1\/wp-content\/uploads\/2019\/03\/Standesamt-768x512.jpg 768w, https:\/\/www.adendorf.de\/1\/wp-content\/uploads\/2019\/03\/Standesamt-360x240.jpg 360w\" sizes=\"(max-width: 750px) 100vw, 750px\" \/>\t\t\t\t\t\t\t\t\t\t\t\t\t\t\t<\/div>\n\t\t\t\t<\/div>\n\t\t\t\t\t<\/div>\n\t\t<\/div>\n\t\t\t\t\t<\/div>\n\t\t<\/section>\n\t\t\t\t<section class=\"elementor-section elementor-top-section elementor-element elementor-element-469dade elementor-section-boxed elementor-section-height-default elementor-section-height-default\" data-id=\"469dade\" data-element_type=\"section\" data-e-type=\"section\">\n\t\t\t\t\t\t<div class=\"elementor-container elementor-column-gap-default\">\n\t\t\t\t\t<div class=\"elementor-column elementor-col-100 elementor-top-column elementor-element elementor-element-36c211a\" data-id=\"36c211a\" data-element_type=\"column\" data-e-type=\"column\">\n\t\t\t<div class=\"elementor-widget-wrap elementor-element-populated\">\n\t\t\t\t\t\t<div class=\"elementor-element elementor-element-9a0d723 elementor-widget elementor-widget-text-editor\" data-id=\"9a0d723\" data-element_type=\"widget\" data-e-type=\"widget\" data-widget_type=\"text-editor.default\">\n\t\t\t\t<div class=\"elementor-widget-container\">\n\t\t\t\t\t\t\t\t\t<p><strong>Ansprechpartner<\/strong><\/p><p>Herr Eddelb\u00fcttel<\/p><p>Gemeinde Adendorf \/ Standesamt<\/p><p>Rathausplatz 14<\/p><p>21365 Adendorf<\/p><p>Telefon: <a href=\"tel:04131980920\">04131 98 09-20<\/a><\/p><p>Telefax: 04131 98 09-56<\/p><p>E-Mail: <a href=\"&#109;&#x61;&#105;&#x6c;&#116;&#x6f;&#58;&#x73;&#116;&#x61;&#110;&#x64;e&#x73;a&#x6d;t&#x40;a&#x64;e&#x6e;d&#111;&#x72;&#102;&#x2e;&#100;&#x65;\">s&#116;&#x61;&#x6e;d&#101;&#x73;&#x61;m&#116;&#x40;&#x61;d&#101;&#x6e;&#x64;o&#114;&#x66;&#x2e;d&#101;<\/a><a href=\"&#109;a&#x69;l&#x74;o&#x3a;j&#x75;e&#x72;g&#x65;&#110;&#x2e;&#101;&#x64;&#100;&#x65;&#108;&#x62;&#117;&#x65;&#116;&#x74;&#101;l&#x40;a&#x64;e&#x6e;d&#x6f;r&#x66;&#46;&#x64;&#101;\"><\/a><\/p><p>Zimmer: 0.10 (Standesamt)<\/p>\t\t\t\t\t\t\t\t<\/div>\n\t\t\t\t<\/div>\n\t\t\t\t<div class=\"elementor-element elementor-element-59478cc elementor-widget elementor-widget-heading\" data-id=\"59478cc\" data-element_type=\"widget\" data-e-type=\"widget\" data-widget_type=\"heading.default\">\n\t\t\t\t<div class=\"elementor-widget-container\">\n\t\t\t\t\t<h2 class=\"elementor-heading-title elementor-size-medium\">aktueller Hinweis<\/h2>\t\t\t\t<\/div>\n\t\t\t\t<\/div>\n\t\t\t\t<div class=\"elementor-element elementor-element-3ddbf23 elementor-widget elementor-widget-text-editor\" data-id=\"3ddbf23\" data-element_type=\"widget\" data-e-type=\"widget\" data-widget_type=\"text-editor.default\">\n\t\t\t\t<div class=\"elementor-widget-container\">\n\t\t\t\t\t\t\t\t\t<p>Sie k\u00f6nnen Wartezeiten vermeiden, indem Sie einen Termin unter oben genannter Rufnummer vereinbaren.<\/p>\t\t\t\t\t\t\t\t<\/div>\n\t\t\t\t<\/div>\n\t\t\t\t<div class=\"elementor-element elementor-element-b5bac4b elementor-widget elementor-widget-html\" data-id=\"b5bac4b\" data-element_type=\"widget\" data-e-type=\"widget\" data-widget_type=\"html.default\">\n\t\t\t\t<div class=\"elementor-widget-container\">\n\t\t\t\t\t\t\t\t\t<\/div>\n\t\t\t\t<\/div>\n\t\t\t\t\t<\/div>\n\t\t<\/div>\n\t\t\t\t\t<\/div>\n\t\t<\/section>\n\t\t\t\t<\/div>\n\t\t","protected":false},"excerpt":{"rendered":"<p>Standesamt Unser Standesamt ist f\u00fcr Sie da bei Beurkundungen, Anmeldungen und sonstigen Dienstleistungen bei Geburten Eheschlie\u00dfungen Vaterschafts- und Mutterschaftsanerkennungen Erkl\u00e4rungen zu Namensf\u00fchrungen Kirchenaustritten Sterbef\u00e4llen und vielen weiteren &#8230; Ansprechpartner Herr Eddelb\u00fcttel Gemeinde Adendorf \/ Standesamt Rathausplatz 14 21365 Adendorf Telefon: 04131 98 09-20 Telefax: 04131 98 09-56 E-Mail: &#x73;&#x74;&#97;n&#x64;&#x65;&#x73;&#97;m&#x74;&#x40;&#x61;&#100;e&#x6e;&#x64;&#x6f;&#114;f&#x2e;&#x64;&#x65; Zimmer: [&hellip;]<\/p>\n","protected":false},"author":1,"featured_media":0,"parent":274,"menu_order":0,"comment_status":"closed","ping_status":"closed","template":"page-templates\/template-pagebuilder-full-width.php","meta":{"footnotes":""},"class_list":["post-293","page","type-page","status-publish","hentry"],"publishpress_future_workflow_manual_trigger":{"enabledWorkflows":[]},"rttpg_featured_image_url":null,"rttpg_author":{"display_name":"Adendorf","author_link":"https:\/\/www.adendorf.de\/1\/author\/marco-brede\/"},"rttpg_comment":0,"rttpg_category":null,"rttpg_excerpt":"Standesamt Unser Standesamt ist f\u00fcr Sie da bei Beurkundungen, Anmeldungen und sonstigen Dienstleistungen bei Geburten Eheschlie\u00dfungen Vaterschafts- und Mutterschaftsanerkennungen Erkl\u00e4rungen zu Namensf\u00fchrungen Kirchenaustritten Sterbef\u00e4llen und vielen weiteren &#8230; Ansprechpartner Herr Eddelb\u00fcttel Gemeinde Adendorf \/ Standesamt Rathausplatz 14 21365 Adendorf Telefon: 04131 98 09-20 Telefax: 04131 98 09-56 E-Mail: &#115;&#x74;&#97;&#x6e;&#100;&#x65;&#115;&#x61;&#109;&#x74;&#64;&#x61;&#100;&#x65;&#110;&#x64;&#111;&#x72;&#102;&#x2e;&#100;&#x65; Zimmer: [&hellip;]","_links":{"self":[{"href":"https:\/\/www.adendorf.de\/1\/wp-json\/wp\/v2\/pages\/293","targetHints":{"allow":["GET"]}}],"collection":[{"href":"https:\/\/www.adendorf.de\/1\/wp-json\/wp\/v2\/pages"}],"about":[{"href":"https:\/\/www.adendorf.de\/1\/wp-json\/wp\/v2\/types\/page"}],"author":[{"embeddable":true,"href":"https:\/\/www.adendorf.de\/1\/wp-json\/wp\/v2\/users\/1"}],"replies":[{"embeddable":true,"href":"https:\/\/www.adendorf.de\/1\/wp-json\/wp\/v2\/comments?post=293"}],"version-history":[{"count":99,"href":"https:\/\/www.adendorf.de\/1\/wp-json\/wp\/v2\/pages\/293\/revisions"}],"predecessor-version":[{"id":7770,"href":"https:\/\/www.adendorf.de\/1\/wp-json\/wp\/v2\/pages\/293\/revisions\/7770"}],"up":[{"embeddable":true,"href":"https:\/\/www.adendorf.de\/1\/wp-json\/wp\/v2\/pages\/274"}],"wp:attachment":[{"href":"https:\/\/www.adendorf.de\/1\/wp-json\/wp\/v2\/media?parent=293"}],"curies":[{"name":"wp","href":"https:\/\/api.w.org\/{rel}","templated":true}]}}