{"id":302,"date":"2019-03-07T11:15:55","date_gmt":"2019-03-07T10:15:55","guid":{"rendered":"http:\/\/www.adendorf.de\/1\/?page_id=302"},"modified":"2024-08-20T09:08:40","modified_gmt":"2024-08-20T07:08:40","slug":"steuern-und-gebuehren","status":"publish","type":"page","link":"https:\/\/www.adendorf.de\/1\/buergerservice\/steuern-und-gebuehren\/","title":{"rendered":"Steuern und Geb\u00fchren"},"content":{"rendered":"\t\t<div data-elementor-type=\"wp-post\" data-elementor-id=\"302\" class=\"elementor elementor-302\">\n\t\t\t\t\t\t<section class=\"elementor-section elementor-top-section elementor-element elementor-element-0581eaf elementor-section-boxed elementor-section-height-default elementor-section-height-default\" data-id=\"0581eaf\" data-element_type=\"section\" data-e-type=\"section\">\n\t\t\t\t\t\t<div class=\"elementor-container elementor-column-gap-default\">\n\t\t\t\t\t<div class=\"elementor-column elementor-col-100 elementor-top-column elementor-element elementor-element-6a717a8\" data-id=\"6a717a8\" data-element_type=\"column\" data-e-type=\"column\">\n\t\t\t<div class=\"elementor-widget-wrap elementor-element-populated\">\n\t\t\t\t\t\t<div class=\"elementor-element elementor-element-ee47a6f elementor-widget elementor-widget-heading\" data-id=\"ee47a6f\" data-element_type=\"widget\" data-e-type=\"widget\" data-widget_type=\"heading.default\">\n\t\t\t\t<div class=\"elementor-widget-container\">\n\t\t\t\t\t<h1 class=\"elementor-heading-title elementor-size-default\">Steuern und Geb\u00fchren<\/h1>\t\t\t\t<\/div>\n\t\t\t\t<\/div>\n\t\t\t\t\t<\/div>\n\t\t<\/div>\n\t\t\t\t\t<\/div>\n\t\t<\/section>\n\t\t\t\t<section class=\"elementor-section elementor-top-section elementor-element elementor-element-d30a80b elementor-section-boxed elementor-section-height-default elementor-section-height-default\" data-id=\"d30a80b\" data-element_type=\"section\" data-e-type=\"section\">\n\t\t\t\t\t\t<div class=\"elementor-container elementor-column-gap-default\">\n\t\t\t\t\t<div class=\"elementor-column elementor-col-100 elementor-top-column elementor-element elementor-element-d38f4c7\" data-id=\"d38f4c7\" data-element_type=\"column\" data-e-type=\"column\">\n\t\t\t<div class=\"elementor-widget-wrap elementor-element-populated\">\n\t\t\t\t\t\t<div class=\"elementor-element elementor-element-5c42c6f elementor-widget elementor-widget-text-editor\" data-id=\"5c42c6f\" data-element_type=\"widget\" data-e-type=\"widget\" data-widget_type=\"text-editor.default\">\n\t\t\t\t<div class=\"elementor-widget-container\">\n\t\t\t\t\t\t\t\t\t<p>Hier finden Sie die Realsteuerhebes\u00e4tze der Gemeinde Adendorf:<\/p><p>\r\n\t\t    <table>\r\n\t\t\t  <tbody>\r\n\t\t\t    <tr>\r\n\t\t\t\t  <th>Grundsteuer A<\/th>\r\n\t\t\t\t  <th>Grundsteuer B<\/th>\r\n\t\t\t\t  <th>Gewerbesteuer<\/th>\r\n\t\t\t\t<\/tr>\r\n\t\t\t\t<tr>\r\n\t\t\t\t  <td>400%<\/td>\r\n\t\t\t\t  <td>490%<\/td>\r\n\t\t\t\t  <td>405%<\/td>\r\n\t\t\t\t<\/tr>\r\n\t\t\t  <\/tbody>\r\n\t\t\t<\/table>\r\n\t\t<span style=\"font-size: 0.8em;\">\r\n\t\t  <em>Stand: 01.01.2026<br>\r\n\t\t  Angaben ohne Gew\u00e4hr<\/em>\r\n\t\t<\/span>\r\n\t\t<\/p><div style=\"margin-top: 50px;\"><strong>Ansprechpartnerin<\/strong><\/div><p>\r\n\t\t    <p>Julia Renz<\/p>\r\n\t\t\t<p>Gemeinde Adendorf<\/p>\r\n\t\t\t<p>Rathausplatz 14<\/p>\r\n\t\t\t<p>Telefon: <a href=\"tel:04131980924\">04131 9809 24<\/a><\/p>\r\n\t\t\t<p>Telefax: 04131 9809 56<\/p>\r\n\t\t\t<p>E-Mail: <a href=\"m&#97;&#105;&#108;&#x74;&#x6f;&#x3a;ju&#108;&#105;&#x61;&#x2e;&#x72;&#x65;nz&#64;&#97;&#x64;&#x65;&#x6e;&#x64;o&#114;&#102;&#46;&#x64;&#x65;\">&#x6a;&#117;&#x6c;&#x69;&#97;&#x2e;&#x72;&#101;&#x6e;&#x7a;&#64;&#x61;&#x64;e&#x6e;&#x64;o&#x72;&#102;&#46;&#x64;&#101;<\/a><\/p>\r\n\t\t<\/p>\t\t\t\t\t\t\t\t<\/div>\n\t\t\t\t<\/div>\n\t\t\t\t\t<\/div>\n\t\t<\/div>\n\t\t\t\t\t<\/div>\n\t\t<\/section>\n\t\t\t\t<section class=\"elementor-section elementor-top-section elementor-element elementor-element-80fe166 elementor-section-boxed elementor-section-height-default elementor-section-height-default\" data-id=\"80fe166\" data-element_type=\"section\" data-e-type=\"section\">\n\t\t\t\t\t\t<div class=\"elementor-container elementor-column-gap-default\">\n\t\t\t\t\t<div class=\"elementor-column elementor-col-100 elementor-top-column elementor-element elementor-element-7faaa82\" data-id=\"7faaa82\" data-element_type=\"column\" data-e-type=\"column\">\n\t\t\t<div class=\"elementor-widget-wrap elementor-element-populated\">\n\t\t\t\t\t\t<div class=\"elementor-element elementor-element-9c3c485 elementor-widget elementor-widget-text-editor\" data-id=\"9c3c485\" data-element_type=\"widget\" data-e-type=\"widget\" data-widget_type=\"text-editor.default\">\n\t\t\t\t<div class=\"elementor-widget-container\">\n\t\t\t\t\t\t\t\t\t<p>Die Satzungen zur Beherbergungssteuer und Zweitwohnungssteuer treten zum 01.07.2023 in Kraft. Nachfolgend finden Sie weitere Informationen:<\/p><p><\/p>\t\t\t\t\t\t\t\t<\/div>\n\t\t\t\t<\/div>\n\t\t\t\t\t<\/div>\n\t\t<\/div>\n\t\t\t\t\t<\/div>\n\t\t<\/section>\n\t\t\t\t<section class=\"elementor-section elementor-top-section elementor-element elementor-element-dc11c43 elementor-section-boxed elementor-section-height-default elementor-section-height-default\" data-id=\"dc11c43\" data-element_type=\"section\" data-e-type=\"section\">\n\t\t\t\t\t\t<div class=\"elementor-container elementor-column-gap-default\">\n\t\t\t\t\t<div class=\"elementor-column elementor-col-50 elementor-top-column elementor-element elementor-element-8d079d3\" data-id=\"8d079d3\" data-element_type=\"column\" data-e-type=\"column\">\n\t\t\t<div class=\"elementor-widget-wrap elementor-element-populated\">\n\t\t\t\t\t\t<div class=\"elementor-element elementor-element-5ad8195 elementor-widget elementor-widget-text-editor\" data-id=\"5ad8195\" data-element_type=\"widget\" data-e-type=\"widget\" data-widget_type=\"text-editor.default\">\n\t\t\t\t<div class=\"elementor-widget-container\">\n\t\t\t\t\t\t\t\t\t<p><strong>Beherbergungssteuer<\/strong><\/p>\t\t\t\t\t\t\t\t<\/div>\n\t\t\t\t<\/div>\n\t\t\t\t<div class=\"elementor-element elementor-element-6ab36c9 elementor-icon-list--layout-traditional elementor-list-item-link-full_width elementor-widget elementor-widget-icon-list\" data-id=\"6ab36c9\" data-element_type=\"widget\" data-e-type=\"widget\" data-widget_type=\"icon-list.default\">\n\t\t\t\t<div class=\"elementor-widget-container\">\n\t\t\t\t\t\t\t<ul class=\"elementor-icon-list-items\">\n\t\t\t\t\t\t\t<li class=\"elementor-icon-list-item\">\n\t\t\t\t\t\t\t\t\t\t\t<a href=\"https:\/\/www.adendorf.de\/1\/wp-content\/uploads\/2023\/06\/Beherbergungssteuer_Satzung.pdf\" target=\"_blank\">\n\n\t\t\t\t\t\t\t\t\t\t\t\t<span class=\"elementor-icon-list-icon\">\n\t\t\t\t\t\t\t<i aria-hidden=\"true\" class=\"far fa-file-pdf\"><\/i>\t\t\t\t\t\t<\/span>\n\t\t\t\t\t\t\t\t\t\t<span class=\"elementor-icon-list-text\">Satzung der Gemeinde Adendorf \u00fcber die Erhebung einer Steuer auf \u00dcbernachtungen in Beherbergungsbetrieben (Beherbergungssteuer) vom 01.07.2023<\/span>\n\t\t\t\t\t\t\t\t\t\t\t<\/a>\n\t\t\t\t\t\t\t\t\t<\/li>\n\t\t\t\t\t\t\t\t<li class=\"elementor-icon-list-item\">\n\t\t\t\t\t\t\t\t\t\t\t<a href=\"https:\/\/www.adendorf.de\/1\/wp-content\/uploads\/2023\/06\/Beherbergungssteuer_Formular_Steuererklaerung.pdf\" target=\"_blank\">\n\n\t\t\t\t\t\t\t\t\t\t\t\t<span class=\"elementor-icon-list-icon\">\n\t\t\t\t\t\t\t<i aria-hidden=\"true\" class=\"far fa-file-pdf\"><\/i>\t\t\t\t\t\t<\/span>\n\t\t\t\t\t\t\t\t\t\t<span class=\"elementor-icon-list-text\">Steuererkl\u00e4rung zur Beherbergungssteuer<\/span>\n\t\t\t\t\t\t\t\t\t\t\t<\/a>\n\t\t\t\t\t\t\t\t\t<\/li>\n\t\t\t\t\t\t\t\t<li class=\"elementor-icon-list-item\">\n\t\t\t\t\t\t\t\t\t\t\t<a href=\"https:\/\/www.adendorf.de\/1\/wp-content\/uploads\/2023\/06\/Beherbergungssteuer_FAQ.pdf\" target=\"_blank\">\n\n\t\t\t\t\t\t\t\t\t\t\t\t<span class=\"elementor-icon-list-icon\">\n\t\t\t\t\t\t\t<i aria-hidden=\"true\" class=\"far fa-file-pdf\"><\/i>\t\t\t\t\t\t<\/span>\n\t\t\t\t\t\t\t\t\t\t<span class=\"elementor-icon-list-text\">FAQ Beherbergungssteuer der Gemeinde Adendorf<\/span>\n\t\t\t\t\t\t\t\t\t\t\t<\/a>\n\t\t\t\t\t\t\t\t\t<\/li>\n\t\t\t\t\t\t<\/ul>\n\t\t\t\t\t\t<\/div>\n\t\t\t\t<\/div>\n\t\t\t\t\t<\/div>\n\t\t<\/div>\n\t\t\t\t<div class=\"elementor-column elementor-col-50 elementor-top-column elementor-element elementor-element-8a56794\" data-id=\"8a56794\" data-element_type=\"column\" data-e-type=\"column\">\n\t\t\t<div class=\"elementor-widget-wrap elementor-element-populated\">\n\t\t\t\t\t\t<div class=\"elementor-element elementor-element-078f9db elementor-widget elementor-widget-text-editor\" data-id=\"078f9db\" data-element_type=\"widget\" data-e-type=\"widget\" data-widget_type=\"text-editor.default\">\n\t\t\t\t<div class=\"elementor-widget-container\">\n\t\t\t\t\t\t\t\t\t<p><strong>Zweitwohnungssteuer<\/strong><\/p>\t\t\t\t\t\t\t\t<\/div>\n\t\t\t\t<\/div>\n\t\t\t\t<div class=\"elementor-element elementor-element-06885ca elementor-icon-list--layout-traditional elementor-list-item-link-full_width elementor-widget elementor-widget-icon-list\" data-id=\"06885ca\" data-element_type=\"widget\" data-e-type=\"widget\" data-widget_type=\"icon-list.default\">\n\t\t\t\t<div class=\"elementor-widget-container\">\n\t\t\t\t\t\t\t<ul class=\"elementor-icon-list-items\">\n\t\t\t\t\t\t\t<li class=\"elementor-icon-list-item\">\n\t\t\t\t\t\t\t\t\t\t\t<a href=\"https:\/\/www.adendorf.de\/1\/wp-content\/uploads\/2024\/01\/Zweitwohnungssteuersatzung_zum_01072023.pdf\" target=\"_blank\">\n\n\t\t\t\t\t\t\t\t\t\t\t\t<span class=\"elementor-icon-list-icon\">\n\t\t\t\t\t\t\t<i aria-hidden=\"true\" class=\"far fa-file-pdf\"><\/i>\t\t\t\t\t\t<\/span>\n\t\t\t\t\t\t\t\t\t\t<span class=\"elementor-icon-list-text\">Satzung der Gemeinde Adendorf \u00fcber die Erhebung einer Zweitwohnungssteuer vom 01.07.2023 (au\u00dfer Kraft zum 01.01.2024)<\/span>\n\t\t\t\t\t\t\t\t\t\t\t<\/a>\n\t\t\t\t\t\t\t\t\t<\/li>\n\t\t\t\t\t\t\t\t<li class=\"elementor-icon-list-item\">\n\t\t\t\t\t\t\t\t\t\t\t<a href=\"https:\/\/www.adendorf.de\/1\/wp-content\/uploads\/2024\/01\/Zweitwohnungssteuersatzung-Adendorf.pdf\" target=\"_blank\">\n\n\t\t\t\t\t\t\t\t\t\t\t\t<span class=\"elementor-icon-list-icon\">\n\t\t\t\t\t\t\t<i aria-hidden=\"true\" class=\"far fa-file-pdf\"><\/i>\t\t\t\t\t\t<\/span>\n\t\t\t\t\t\t\t\t\t\t<span class=\"elementor-icon-list-text\">Satzung der Gemeinde Adendorf \u00fcber die Erhebung einer Zweitwohnungssteuer vom 01.01.2024<\/span>\n\t\t\t\t\t\t\t\t\t\t\t<\/a>\n\t\t\t\t\t\t\t\t\t<\/li>\n\t\t\t\t\t\t\t\t<li class=\"elementor-icon-list-item\">\n\t\t\t\t\t\t\t\t\t\t\t<a href=\"https:\/\/www.adendorf.de\/1\/wp-content\/uploads\/2024\/01\/Formular-Steuererklaerung.pdf\" target=\"_blank\">\n\n\t\t\t\t\t\t\t\t\t\t\t\t<span class=\"elementor-icon-list-icon\">\n\t\t\t\t\t\t\t<i aria-hidden=\"true\" class=\"far fa-file-pdf\"><\/i>\t\t\t\t\t\t<\/span>\n\t\t\t\t\t\t\t\t\t\t<span class=\"elementor-icon-list-text\">Steuererkl\u00e4rung zur Zweitwohnungssteuer<\/span>\n\t\t\t\t\t\t\t\t\t\t\t<\/a>\n\t\t\t\t\t\t\t\t\t<\/li>\n\t\t\t\t\t\t<\/ul>\n\t\t\t\t\t\t<\/div>\n\t\t\t\t<\/div>\n\t\t\t\t\t<\/div>\n\t\t<\/div>\n\t\t\t\t\t<\/div>\n\t\t<\/section>\n\t\t\t\t<section class=\"elementor-section elementor-top-section elementor-element elementor-element-724e8f9 elementor-section-boxed elementor-section-height-default elementor-section-height-default\" data-id=\"724e8f9\" data-element_type=\"section\" data-e-type=\"section\">\n\t\t\t\t\t\t<div class=\"elementor-container elementor-column-gap-default\">\n\t\t\t\t\t<div class=\"elementor-column elementor-col-100 elementor-top-column elementor-element elementor-element-249c4de\" data-id=\"249c4de\" data-element_type=\"column\" data-e-type=\"column\">\n\t\t\t<div class=\"elementor-widget-wrap elementor-element-populated\">\n\t\t\t\t\t\t<div class=\"elementor-element elementor-element-009103d elementor-widget elementor-widget-text-editor\" data-id=\"009103d\" data-element_type=\"widget\" data-e-type=\"widget\" data-widget_type=\"text-editor.default\">\n\t\t\t\t<div class=\"elementor-widget-container\">\n\t\t\t\t\t\t\t\t\t<p><strong>Grundsteuerreform<\/strong><\/p>\t\t\t\t\t\t\t\t<\/div>\n\t\t\t\t<\/div>\n\t\t\t\t\t<\/div>\n\t\t<\/div>\n\t\t\t\t\t<\/div>\n\t\t<\/section>\n\t\t\t\t<section class=\"elementor-section elementor-top-section elementor-element elementor-element-f05288f elementor-section-boxed elementor-section-height-default elementor-section-height-default\" data-id=\"f05288f\" data-element_type=\"section\" data-e-type=\"section\">\n\t\t\t\t\t\t<div class=\"elementor-container elementor-column-gap-default\">\n\t\t\t\t\t<div class=\"elementor-column elementor-col-50 elementor-top-column elementor-element elementor-element-a3592d9\" data-id=\"a3592d9\" data-element_type=\"column\" data-e-type=\"column\">\n\t\t\t<div class=\"elementor-widget-wrap elementor-element-populated\">\n\t\t\t\t\t\t<div class=\"elementor-element elementor-element-1203978 elementor-widget elementor-widget-image\" data-id=\"1203978\" data-element_type=\"widget\" data-e-type=\"widget\" data-widget_type=\"image.default\">\n\t\t\t\t<div class=\"elementor-widget-container\">\n\t\t\t\t\t\t\t\t\t\t\t\t<figure class=\"wp-caption\">\n\t\t\t\t\t\t\t\t\t\t<img fetchpriority=\"high\" decoding=\"async\" width=\"750\" height=\"750\" src=\"https:\/\/www.adendorf.de\/1\/wp-content\/uploads\/2021\/07\/neue_Werte_Grundsteuerreform-1024x1024.jpg\" class=\"attachment-large size-large wp-image-3950\" alt=\"\" srcset=\"https:\/\/www.adendorf.de\/1\/wp-content\/uploads\/2021\/07\/neue_Werte_Grundsteuerreform.jpg 1024w, https:\/\/www.adendorf.de\/1\/wp-content\/uploads\/2021\/07\/neue_Werte_Grundsteuerreform-300x300.jpg 300w, https:\/\/www.adendorf.de\/1\/wp-content\/uploads\/2021\/07\/neue_Werte_Grundsteuerreform-150x150.jpg 150w, https:\/\/www.adendorf.de\/1\/wp-content\/uploads\/2021\/07\/neue_Werte_Grundsteuerreform-768x768.jpg 768w\" sizes=\"(max-width: 750px) 100vw, 750px\" \/>\t\t\t\t\t\t\t\t\t\t\t<figcaption class=\"widget-image-caption wp-caption-text\">Bildrechte: LStN<\/figcaption>\n\t\t\t\t\t\t\t\t\t\t<\/figure>\n\t\t\t\t\t\t\t\t\t<\/div>\n\t\t\t\t<\/div>\n\t\t\t\t\t<\/div>\n\t\t<\/div>\n\t\t\t\t<div class=\"elementor-column elementor-col-50 elementor-top-column elementor-element elementor-element-dc9fe37\" data-id=\"dc9fe37\" data-element_type=\"column\" data-e-type=\"column\">\n\t\t\t<div class=\"elementor-widget-wrap elementor-element-populated\">\n\t\t\t\t\t\t<div class=\"elementor-element elementor-element-78e4d53 elementor-widget elementor-widget-text-editor\" data-id=\"78e4d53\" data-element_type=\"widget\" data-e-type=\"widget\" data-widget_type=\"text-editor.default\">\n\t\t\t\t<div class=\"elementor-widget-container\">\n\t\t\t\t\t\t\t\t\t<p>Informationen zur Grundsteuerreform finden Sie auf folgenden Seiten:<\/p><ul><li><a href=\"https:\/\/www.adendorf.de\/1\/2024\/08\/20\/grundsteuerreform\/\">Weitere Informationen zur Grundsteuerreform<\/a><\/li><li><a href=\"https:\/\/lstn.niedersachsen.de\/steuer\/grundsteuer\" target=\"_blank\" rel=\"noopener\">Landesamt f\u00fcr Steuern Niedersachsen<\/a> (externer Link)<a href=\"https:\/\/www.youtube.com\/watch?v=jnpTHl2HkgI\" target=\"_blank\" rel=\"noopener\"><\/a><\/li><li><a href=\"https:\/\/www.youtube.com\/watch?v=jnpTHl2HkgI\" target=\"_blank\" rel=\"noopener\">Youtube-Video: &#8222;Wie wird die Grundsteuer B zuk\u00fcnftig berechnet?&#8220;<\/a> (externer Link)<\/li><\/ul><p>Den Lagefaktor k\u00f6nnen Sie mit Hilfe des <a href=\"https:\/\/grundsteuer-viewer.niedersachsen.de\/\" target=\"_blank\" rel=\"noopener\">Grundsteuer-Viewers<\/a> (externer Link) ermitteln.<\/p>\t\t\t\t\t\t\t\t<\/div>\n\t\t\t\t<\/div>\n\t\t\t\t\t<\/div>\n\t\t<\/div>\n\t\t\t\t\t<\/div>\n\t\t<\/section>\n\t\t\t\t<\/div>\n\t\t","protected":false},"excerpt":{"rendered":"<p>Steuern und Geb\u00fchren Hier finden Sie die Realsteuerhebes\u00e4tze der Gemeinde Adendorf: Ansprechpartnerin Die Satzungen zur Beherbergungssteuer und Zweitwohnungssteuer treten zum 01.07.2023 in Kraft. Nachfolgend finden Sie weitere Informationen: Beherbergungssteuer Satzung der Gemeinde Adendorf \u00fcber die Erhebung einer Steuer auf \u00dcbernachtungen in Beherbergungsbetrieben (Beherbergungssteuer) vom 01.07.2023 Steuererkl\u00e4rung zur Beherbergungssteuer FAQ Beherbergungssteuer [&hellip;]<\/p>\n","protected":false},"author":1,"featured_media":0,"parent":274,"menu_order":0,"comment_status":"closed","ping_status":"closed","template":"page-templates\/template-pagebuilder-full-width.php","meta":{"footnotes":""},"class_list":["post-302","page","type-page","status-publish","hentry"],"publishpress_future_workflow_manual_trigger":{"enabledWorkflows":[]},"rttpg_featured_image_url":null,"rttpg_author":{"display_name":"Adendorf","author_link":"https:\/\/www.adendorf.de\/1\/author\/marco-brede\/"},"rttpg_comment":0,"rttpg_category":null,"rttpg_excerpt":"Steuern und Geb\u00fchren Hier finden Sie die Realsteuerhebes\u00e4tze der Gemeinde Adendorf: Ansprechpartnerin Die Satzungen zur Beherbergungssteuer und Zweitwohnungssteuer treten zum 01.07.2023 in Kraft. Nachfolgend finden Sie weitere Informationen: Beherbergungssteuer Satzung der Gemeinde Adendorf \u00fcber die Erhebung einer Steuer auf \u00dcbernachtungen in Beherbergungsbetrieben (Beherbergungssteuer) vom 01.07.2023 Steuererkl\u00e4rung zur Beherbergungssteuer FAQ Beherbergungssteuer [&hellip;]","_links":{"self":[{"href":"https:\/\/www.adendorf.de\/1\/wp-json\/wp\/v2\/pages\/302","targetHints":{"allow":["GET"]}}],"collection":[{"href":"https:\/\/www.adendorf.de\/1\/wp-json\/wp\/v2\/pages"}],"about":[{"href":"https:\/\/www.adendorf.de\/1\/wp-json\/wp\/v2\/types\/page"}],"author":[{"embeddable":true,"href":"https:\/\/www.adendorf.de\/1\/wp-json\/wp\/v2\/users\/1"}],"replies":[{"embeddable":true,"href":"https:\/\/www.adendorf.de\/1\/wp-json\/wp\/v2\/comments?post=302"}],"version-history":[{"count":99,"href":"https:\/\/www.adendorf.de\/1\/wp-json\/wp\/v2\/pages\/302\/revisions"}],"predecessor-version":[{"id":7599,"href":"https:\/\/www.adendorf.de\/1\/wp-json\/wp\/v2\/pages\/302\/revisions\/7599"}],"up":[{"embeddable":true,"href":"https:\/\/www.adendorf.de\/1\/wp-json\/wp\/v2\/pages\/274"}],"wp:attachment":[{"href":"https:\/\/www.adendorf.de\/1\/wp-json\/wp\/v2\/media?parent=302"}],"curies":[{"name":"wp","href":"https:\/\/api.w.org\/{rel}","templated":true}]}}