{"id":3608,"date":"2021-04-27T13:46:58","date_gmt":"2021-04-27T11:46:58","guid":{"rendered":"https:\/\/www.adendorf.de\/1\/?page_id=3608"},"modified":"2024-11-28T08:46:38","modified_gmt":"2024-11-28T07:46:38","slug":"laermaktionsplan","status":"publish","type":"page","link":"https:\/\/www.adendorf.de\/1\/bauen-und-wohnen\/laermaktionsplan\/","title":{"rendered":"L\u00e4rmaktionsplan"},"content":{"rendered":"\t\t<div data-elementor-type=\"wp-post\" data-elementor-id=\"3608\" class=\"elementor elementor-3608\">\n\t\t\t\t\t\t<section class=\"elementor-section elementor-top-section elementor-element elementor-element-d528f7a elementor-section-boxed elementor-section-height-default elementor-section-height-default\" data-id=\"d528f7a\" data-element_type=\"section\" data-e-type=\"section\">\n\t\t\t\t\t\t<div class=\"elementor-container elementor-column-gap-default\">\n\t\t\t\t\t<div class=\"elementor-column elementor-col-100 elementor-top-column elementor-element elementor-element-6e979d2\" data-id=\"6e979d2\" data-element_type=\"column\" data-e-type=\"column\">\n\t\t\t<div class=\"elementor-widget-wrap elementor-element-populated\">\n\t\t\t\t\t\t<div class=\"elementor-element elementor-element-a6ff351 elementor-widget elementor-widget-heading\" data-id=\"a6ff351\" data-element_type=\"widget\" data-e-type=\"widget\" data-widget_type=\"heading.default\">\n\t\t\t\t<div class=\"elementor-widget-container\">\n\t\t\t\t\t<h1 class=\"elementor-heading-title elementor-size-default\">L\u00e4rmaktionsplan<\/h1>\t\t\t\t<\/div>\n\t\t\t\t<\/div>\n\t\t\t\t\t<\/div>\n\t\t<\/div>\n\t\t\t\t\t<\/div>\n\t\t<\/section>\n\t\t\t\t<section class=\"elementor-section elementor-top-section elementor-element elementor-element-6964cd5 elementor-section-boxed elementor-section-height-default elementor-section-height-default\" data-id=\"6964cd5\" data-element_type=\"section\" data-e-type=\"section\">\n\t\t\t\t\t\t<div class=\"elementor-container elementor-column-gap-default\">\n\t\t\t\t\t<div class=\"elementor-column elementor-col-100 elementor-top-column elementor-element elementor-element-7311af0\" data-id=\"7311af0\" data-element_type=\"column\" data-e-type=\"column\">\n\t\t\t<div class=\"elementor-widget-wrap elementor-element-populated\">\n\t\t\t\t\t\t<div class=\"elementor-element elementor-element-0a1e2eb title_position_default title_hover_border_default title-default tpg-el-box-border-enable tpg-border-bottom-disable elementor-widget elementor-widget-tpg-grid-layout\" data-id=\"0a1e2eb\" data-element_type=\"widget\" data-e-type=\"widget\" data-widget_type=\"tpg-grid-layout.default\">\n\t\t\t\t<div class=\"elementor-widget-container\">\n\t\t\t\t\t\t\t<div class=\"rt-container-fluid rt-tpg-container tpg-el-main-wrapper clearfix grid-layout1-main \"\n\t\t\t id=\"rt-tpg-container-2037688363\"\n\t\t\t data-layout=\"grid-layout1\"\n\t\t\t data-grid-style=\"tpg-full-height\"\n\t\t\t data-sc-id=\"elementor\"\n\t\t\t data-el-settings=''\n\t\t\t data-el-query=''\n\t\t\t data-el-path=''\n\t\t>\n\t\t\t\t\t\t<div class='tpg-header-wrapper '>\n\t\t\t\t\t\t\t<\/div>\n\n\t\t\t<div data-title=\"Loading ...\" class=\"rt-row rt-content-loader grid-layout1 grid-behaviour tpg-full-height grid_layout_wrapper\">\n\t\t\t\t<div class=\"rt-col-md-12 rt-col-sm-6 rt-col-xs-12 default rt-grid-item post-7030 post type-post status-publish format-standard hentry category-laermaktionsplan\"        data-id=\"7030\">\n    <div class=\"rt-holder tpg-post-holder \">\n        <div class=\"rt-detail rt-el-content-wrapper\">\n\t\t\t\n\t\t\t<div class=\"entry-title-wrapper\"><h3 class=\"entry-title\"><a data-id=\"7030\" href=\"https:\/\/www.adendorf.de\/1\/2024\/08\/13\/laermaktionsplan-der-4-stufe-der-gemeinde-adendorf\/\" class=\"tpg-post-link\" target=\"_self\">L\u00e4rmaktionsplan der 4. Stufe der Gemeinde Adendorf<\/a><\/h3><\/div>\n\t\t\t\n\n\t\t\t                <div class=\"tpg-excerpt tpg-el-excerpt\">\n\t\t\t\t\t                        <div class=\"tpg-excerpt-inner\">\n\t\t\t\t\t\t\t<p><\/p>\n<p>Der L\u00e4rmaktionsplan der Gemeinde Adendorf erstreckt sich auf das gesamte Gemeindegebiet und hier insbesondere auf die l\u00e4rmkartierten Stra\u00dfen und angrenzende Wohngebiete. Der L\u00e4rmaktionsplan wird gem\u00e4\u00df \u00a7 47d Abs. 5 BImSchG bei bedeutsamen Entwicklungen f\u00fcr die L\u00e4rmsituation, ansonsten jedoch sp\u00e4testens nach 5 Jahren \u00fcberpr\u00fcft und erforderlichenfalls \u00fcberarbeitet. Mit der aktuellen L\u00e4rmkartierung liegt das Erfordernis vor. Erfahrungen und Ergebnisse des Aktionsplans werden dabei ermittelt und bewertet.<\/p>\n<p><\/p>\n<p><\/p>\n<p><strong>Ablauf\/Abschluss <\/strong><strong><\/strong><\/p>\n<p><\/p>\n<p><\/p>\n<p>Den Sachstand zur L\u00e4rmaktionsplanung stellte die Gemeinde jetzt gemeinsam mit dem beauftragten Gutachterb\u00fcro im Ausschuss f\u00fcr Umwelt, Ortsentwicklung und Bauen am 13.08.2024 vor.<\/p>\n<p><\/p>\n<p><\/p>\n<p>In der Zeit vom 13. September 2024 bis zum 11. Oktober 2024 fand die \u00d6ffentlichkeitsbeteiligung statt.<\/p>\n<p><\/p>\n<p><\/p>\n<p>Die R\u00fcckmeldungen aus der \u00d6ffentlichkeitsbeteiligung dienen dazu, Handlungsfelder f\u00fcr den k\u00fcnftigen L\u00e4rmschutz zu ermitteln.<\/p>\n<p><\/p>\n<p><\/p>\n<p>Das beauftragte B\u00fcro hat die R\u00fcckmeldungen in den Entwurf des L\u00e4rmaktionsplans eingearbeitet und einen Abw\u00e4gungsvorschlag erstellt. Der L\u00e4rmaktionsplan und der Abw\u00e4gungsvorschlag wurden politisch beraten und in der Ratssitzung vom 12. Dezember 2024 beschlossen.<\/p>\n<p><\/p>\n<p><\/p>\n<p>Die wesentliche Wirksamkeit des L\u00e4rmaktionsplans ergibt sich daraus, dass das Thema L\u00e4rm immer wieder in den Fokus der gemeindlichen Planungen ger\u00fcckt wird, m\u00f6gliche L\u00e4rmminderungsma\u00dfnahmen aufgezeigt werden und die zust\u00e4ndigen Baulasttr\u00e4ger und Verkehrsbeh\u00f6rden damit konfrontiert werden. Die Umsetzung erfolgt allerdings auf Grund der gesetzlichen Vorgaben und Zust\u00e4ndigkeiten eher langfristig.<\/p>\n<p><\/p>\n<p><\/p>\n<p>Der L\u00e4rmaktionsplan kann direkt heruntergeladen (siehe Link unten) oder im Bereich Bauen, Planen und Liegenschaften der Gemeinde Adendorf eingesehen werden.<\/p>\n<p><\/p>\n<p><\/p>\n<div class=\"wp-block-columns is-layout-flex wp-container-core-columns-is-layout-28f84493 wp-block-columns-is-layout-flex\"><\/p>\n<div class=\"wp-block-column is-layout-flow wp-block-column-is-layout-flow\"><\/p>\n<h2 class=\"wp-block-heading\">Ihr Ansprechpartner bei der Gemeinde Adendorf<\/h2>\n<p><\/p>\n<p><\/p>\n<p>Herr Fechner<br \/>Telefon: <a href=\"tel:04131980927\">04131 9809-27<\/a><br \/>E-Mail: <a href=\"&#x6d;&#97;i&#x6c;&#116;&#111;&#x3a;&#x74;&#111;b&#x69;&#97;s&#x2e;&#x66;&#101;c&#x68;&#110;e&#x72;&#x40;&#97;d&#x65;&#110;d&#x6f;&#x72;&#102;&#46;&#x64;&#101;\">t&#111;&#x62;&#x69;a&#115;&#x2e;&#x66;e&#99;&#104;&#x6e;&#x65;r&#64;&#x61;&#x64;e&#110;&#x64;&#x6f;r&#102;&#46;&#x64;&#x65;<\/a><\/p>\n<p><\/p>\n<p><\/p>\n<p>&nbsp;<\/p>\n<p><\/div>\n<p><\/p>\n<p><\/p>\n<div class=\"wp-block-column is-layout-flow wp-block-column-is-layout-flow\"><\/div>\n<p><\/div>\n<p><\/p>\n<p><\/p>\n<p><strong>Links<\/strong><\/p>\n<p><\/p>\n<p><\/p>\n<div class=\"wp-block-file\"><a id=\"wp-block-file--media-97531549-b81b-47e9-9783-0427f1926952\" href=\"https:\/\/www.adendorf.de\/1\/wp-content\/uploads\/2025\/03\/Laermaktionsplan-10.03.2025.pdf\">L\u00e4rmaktionsplan der Gemeinde Adendorf 4. Runde<\/a><\/div>\n<p><\/p>\n<p><\/p>\n<div class=\"wp-block-file\"><a id=\"wp-block-file--media-cb2f3f9f-c6c6-42b1-8b8a-3c9a6955d2df\" href=\"https:\/\/www.adendorf.de\/1\/wp-content\/uploads\/2024\/08\/Anlage2-StrasseLDEN.pdf\">Anlage 2 - L\u00e4rmkarte Hauptverkehrsstra\u00dfen Gemeinde\u00fcbersicht LDEN<\/a><\/div>\n<p><\/p>\n<p><\/p>\n<div class=\"wp-block-file\"><a id=\"wp-block-file--media-a1c12e77-1b79-4549-b1c3-fc0a94f260fe\" href=\"https:\/\/www.adendorf.de\/1\/wp-content\/uploads\/2024\/08\/Anlage3-StrasseLNight.pdf\">Anlage 3 - L\u00e4rmkarte Hauptverkehrsstra\u00dfen Gemeinde\u00fcbersicht LNight<\/a><\/div>\n<p><\/p>\n                        <\/div>\n\t\t\t\t\t\t\t\t\t\t                <\/div>\n\t\t\t\n\t\t\t        <\/div>\n    <\/div>\n<\/div>\n<div class=\"rt-col-md-12 rt-col-sm-6 rt-col-xs-12 default rt-grid-item post-4123 post type-post status-publish format-standard hentry category-laermaktionsplan\"        data-id=\"4123\">\n    <div class=\"rt-holder tpg-post-holder \">\n        <div class=\"rt-detail rt-el-content-wrapper\">\n\t\t\t\n\t\t\t<div class=\"entry-title-wrapper\"><h3 class=\"entry-title\"><a data-id=\"4123\" href=\"https:\/\/www.adendorf.de\/1\/2021\/08\/24\/laermaktionsplan-der-3-stufe-der-gemeinde-adendorf-wurde-vom-rat-der-gemeinde-am-20-juli-2021-beschlossen\/\" class=\"tpg-post-link\" target=\"_self\">L\u00e4rmaktionsplan der 3. Stufe der Gemeinde Adendorf wurde vom Rat der Gemeinde am 20. Juli 2021 beschlossen<\/a><\/h3><\/div>\n\t\t\t\n\n\t\t\t                <div class=\"tpg-excerpt tpg-el-excerpt\">\n\t\t\t\t\t                        <div class=\"tpg-excerpt-inner\">\n\t\t\t\t\t\t\t<p><\/p>\n<p>Gemeinden sind dazu verpflichtet, L\u00e4rmaktionspl\u00e4ne f\u00fcr besonders l\u00e4rmbetroffene Gebiete aufzustellen. Dies schreibt die Umgebungsl\u00e4rmrichtlinie der Europ\u00e4ischen Union (EU-Richtlinie 2002\/49\/EG) vor. Die Richtlinie ist 2005 durch die Einf\u00fchrung der \u00a7\u00a7 47a \u2013 47f in das Bundesimmissionsschutzgesetz (BImSchG) in nationales Recht umgesetzt worden. Die wesentlichen Vorgaben dieser Richtlinie sind die Ermittlung und Bewertung der L\u00e4rmsituation durch strategische L\u00e4rmkarten und die Verpflichtung, L\u00e4rmaktionspl\u00e4ne aufzustellen.<\/p>\n<p><\/p>\n<p><\/p>\n<p>Das westliche Gemeindegebiet Adendorfs wird von Nord nach S\u00fcd von der B209 durchzogen. Die BAB A4 verl\u00e4uft s\u00fcdlich des Gemeindegebiets, ebenso wie die Bahnstrecke L\u00fcbeck \u2013 Hamburg. Die Bahnstrecke L\u00fcneburg \u2013 Lauenburg (Elbe) quert die Gemeinde von S\u00fcd nach Nordost.<\/p>\n<p><\/p>\n<p><\/p>\n<p>Auf Grund ihrer \u00fcberregionalen Bedeutung und der Verkehrsmenge von rund 25.000 bis 11.700 Kfz\/Tag auf der B209 geh\u00f6rt diese Stra\u00dfe zu den im Rahmen der Umgebungsl\u00e4rmrichtlinie 2002\/49\/EG (ULR) vom Land Niedersachsen kartierten Hauptverkehrsstra\u00dfen, f\u00fcr die ein L\u00e4rmaktionsplan aufzustellen ist.<\/p>\n<p><\/p>\n<p><\/p>\n<p>L\u00e4rm von Gro\u00dfflugh\u00e4fen oder Haupteisenbahnstrecken entsprechend den Vorgaben der Umgebungsl\u00e4rmrichtlinie 2002\/49\/EG3 (ULR) ist in Adendorf nicht gegeben und wird daher nicht betrachtet. Die Bahnstrecke in Adendorf weist nicht die n\u00f6tige Anzahl an Verkehrsbewegungen auf und wurde daher vom zust\u00e4ndigen Eisenbahnbundesamt nicht kartiert.<\/p>\n<p><\/p>\n<p><\/p>\n<h2 class=\"wp-block-heading\">L\u00e4rmkartierung<\/h2>\n<p><\/p>\n<p><\/p>\n<p>Die L\u00e4rmkarten f\u00fcr das Stra\u00dfennetz der Autobahnen, Bundesstra\u00dfen und Landesstra\u00dfen sind auf der Internetseite des Nieders\u00e4chsischen Ministeriums f\u00fcr Umwelt, Energie, Bauen und Klimaschutz \u00fcber eine <a rel=\"noreferrer noopener\" href=\"https:\/\/www.umwelt.niedersachsen.de\/service\/umweltkarten\/luft_laerm_gav\/euumgebungslaerm\/aktuelle-kartierungsergebnisse-157342.html\" target=\"_blank\">interaktive Karte<\/a> abrufbar.<\/p>\n<p><\/p>\n<p><\/p>\n<h2 class=\"wp-block-heading\">Ablauf\/Abschluss<\/h2>\n<p><\/p>\n<p><\/p>\n<p>Zun\u00e4chst wurde ein Entwurf der L\u00e4rmaktionsplanung erstellt und in der Sitzung des Ausschusses f\u00fcr Umwelt, Ortsentwicklung und Bauen am 25. Februar 2021 vorgestellt und beraten. Um der \u00d6ffentlichkeit die M\u00f6glichkeit der Mitwirkung zu geben, erfolgte im Zeitraum vom 7. Mai bis 4. Juni 2021 die \u00f6ffentliche Auslegung des Entwurfes des L\u00e4rmaktionsplanes. Ebenfalls konnte der Entwurf des L\u00e4rmaktionsplanes auf der gemeindlichen Homepage eingesehen werden. Dar\u00fcber hinaus wurden die zust\u00e4ndigen Beh\u00f6rden als Tr\u00e4ger \u00f6ffentlicher Belange direkt beteiligt.<\/p>\n<p><\/p>\n<p><\/p>\n<p>Die Inhalte der eingegangenen Stellungnahmen wurden gepr\u00fcft, abgewogen und anschlie\u00dfend in den vom Rat am 20. Juli 2021 beschlossenen L\u00e4rmaktionsplan eingearbeitet.<\/p>\n<p><\/p>\n<p><\/p>\n<p>Der L\u00e4rmaktionsplan kann direkt heruntergeladen (siehe Link unten) oder im Bereich Bauen, Planen und Liegenschaften der Gemeinde Adendorf eingesehen werden.<\/p>\n<p><\/p>\n<p><\/p>\n<div class=\"wp-block-columns is-layout-flex wp-container-core-columns-is-layout-28f84493 wp-block-columns-is-layout-flex\"><\/p>\n<div class=\"wp-block-column is-layout-flow wp-block-column-is-layout-flow\"><\/p>\n<h2 class=\"wp-block-heading\">Ihr Ansprechpartner bei der Gemeinde Adendorf<\/h2>\n<p><\/p>\n<p><\/p>\n<p>Herr Ninnemann<br \/>Telefon: <a href=\"tel:04131980930\">04131 9809-30<\/a><br \/>E-Mail: <a href=\"&#x6d;&#x61;&#x69;&#x6c;&#x74;&#111;&#58;&#99;&#104;ris&#x74;&#x69;&#x61;&#x6e;&#x2e;&#x6e;&#105;&#110;&#110;ema&#x6e;&#x6e;&#x40;&#x61;&#x64;&#x65;&#110;&#100;&#111;&#114;f&#46;d&#x65;\">&#99;&#x68;&#x72;i&#115;&#x74;i&#97;&#x6e;&#x2e;&#110;&#x69;&#x6e;n&#101;&#x6d;a&#110;&#x6e;&#x40;&#97;&#x64;&#x65;n&#100;&#x6f;r&#102;&#x2e;&#x64;&#101;<\/a><\/p>\n<p><\/p>\n<p><\/p>\n<p>\u00a0<\/p>\n<p><\/p>\n<p><\/p>\n<p><strong>Links<\/strong><\/p>\n<p><\/div>\n<p><\/p>\n<p><\/p>\n<div class=\"wp-block-column is-layout-flow wp-block-column-is-layout-flow\"><\/div>\n<p><\/div>\n<p><\/p>\n<p><\/p>\n<div class=\"wp-block-file\"><a href=\"https:\/\/www.adendorf.de\/1\/wp-content\/uploads\/2021\/08\/Laermaktionsplan-der-Gemeinde-Adendorf.pdf\">L\u00e4rmaktionsplan der Gemeinde Adendorf<\/a><\/div>\n<p><\/p>\n<p><\/p>\n<div class=\"wp-block-file\"><a href=\"https:\/\/www.adendorf.de\/1\/wp-content\/uploads\/2021\/08\/Bekanntmachung_Laermaktionsplan.pdf\">Bekanntmachung<\/a><\/div>\n<p><\/p>\n                        <\/div>\n\t\t\t\t\t\t\t\t\t\t                <\/div>\n\t\t\t\n\t\t\t        <\/div>\n    <\/div>\n<\/div>\n\t\t\t<\/div>\n\t\t\t\n\t\t<\/div>\n\t\t\t\t\t\t<\/div>\n\t\t\t\t<\/div>\n\t\t\t\t\t<\/div>\n\t\t<\/div>\n\t\t\t\t\t<\/div>\n\t\t<\/section>\n\t\t\t\t<\/div>\n\t\t","protected":false},"excerpt":{"rendered":"<p>L\u00e4rmaktionsplan L\u00e4rmaktionsplan der 4. Stufe der Gemeinde Adendorf Der L\u00e4rmaktionsplan der Gemeinde Adendorf erstreckt sich auf das gesamte Gemeindegebiet und hier insbesondere auf die l\u00e4rmkartierten Stra\u00dfen und angrenzende Wohngebiete. Der L\u00e4rmaktionsplan wird gem\u00e4\u00df \u00a7 47d Abs. 5 BImSchG bei bedeutsamen Entwicklungen f\u00fcr die L\u00e4rmsituation, ansonsten jedoch sp\u00e4testens nach 5 Jahren [&hellip;]<\/p>\n","protected":false},"author":1,"featured_media":0,"parent":512,"menu_order":0,"comment_status":"closed","ping_status":"closed","template":"page-templates\/template-pagebuilder-full-width.php","meta":{"footnotes":""},"class_list":["post-3608","page","type-page","status-publish","hentry"],"publishpress_future_workflow_manual_trigger":{"enabledWorkflows":[]},"rttpg_featured_image_url":null,"rttpg_author":{"display_name":"Adendorf","author_link":"https:\/\/www.adendorf.de\/1\/author\/marco-brede\/"},"rttpg_comment":0,"rttpg_category":"","rttpg_excerpt":"L\u00e4rmaktionsplan L\u00e4rmaktionsplan der 4. Stufe der Gemeinde Adendorf Der L\u00e4rmaktionsplan der Gemeinde Adendorf erstreckt sich auf das gesamte Gemeindegebiet und hier insbesondere auf die l\u00e4rmkartierten Stra\u00dfen und angrenzende Wohngebiete. Der L\u00e4rmaktionsplan wird gem\u00e4\u00df \u00a7 47d Abs. 5 BImSchG bei bedeutsamen Entwicklungen f\u00fcr die L\u00e4rmsituation, ansonsten jedoch sp\u00e4testens nach 5 Jahren [&hellip;]","_links":{"self":[{"href":"https:\/\/www.adendorf.de\/1\/wp-json\/wp\/v2\/pages\/3608","targetHints":{"allow":["GET"]}}],"collection":[{"href":"https:\/\/www.adendorf.de\/1\/wp-json\/wp\/v2\/pages"}],"about":[{"href":"https:\/\/www.adendorf.de\/1\/wp-json\/wp\/v2\/types\/page"}],"author":[{"embeddable":true,"href":"https:\/\/www.adendorf.de\/1\/wp-json\/wp\/v2\/users\/1"}],"replies":[{"embeddable":true,"href":"https:\/\/www.adendorf.de\/1\/wp-json\/wp\/v2\/comments?post=3608"}],"version-history":[{"count":7,"href":"https:\/\/www.adendorf.de\/1\/wp-json\/wp\/v2\/pages\/3608\/revisions"}],"predecessor-version":[{"id":7476,"href":"https:\/\/www.adendorf.de\/1\/wp-json\/wp\/v2\/pages\/3608\/revisions\/7476"}],"up":[{"embeddable":true,"href":"https:\/\/www.adendorf.de\/1\/wp-json\/wp\/v2\/pages\/512"}],"wp:attachment":[{"href":"https:\/\/www.adendorf.de\/1\/wp-json\/wp\/v2\/media?parent=3608"}],"curies":[{"name":"wp","href":"https:\/\/api.w.org\/{rel}","templated":true}]}}