{"id":433,"date":"2019-03-08T10:43:47","date_gmt":"2019-03-08T09:43:47","guid":{"rendered":"http:\/\/www.adendorf.de\/1\/?page_id=433"},"modified":"2020-08-10T09:44:05","modified_gmt":"2020-08-10T07:44:05","slug":"kommunikation","status":"publish","type":"page","link":"https:\/\/www.adendorf.de\/1\/verwaltung\/kommunikation\/","title":{"rendered":"Kommunikation"},"content":{"rendered":"\t\t<div data-elementor-type=\"wp-post\" data-elementor-id=\"433\" class=\"elementor elementor-433\">\n\t\t\t\t\t\t<section class=\"elementor-section elementor-top-section elementor-element elementor-element-f704dc4 elementor-section-boxed elementor-section-height-default elementor-section-height-default\" data-id=\"f704dc4\" data-element_type=\"section\" data-e-type=\"section\">\n\t\t\t\t\t\t<div class=\"elementor-container elementor-column-gap-default\">\n\t\t\t\t\t<div class=\"elementor-column elementor-col-100 elementor-top-column elementor-element elementor-element-5bf8590\" data-id=\"5bf8590\" data-element_type=\"column\" data-e-type=\"column\">\n\t\t\t<div class=\"elementor-widget-wrap elementor-element-populated\">\n\t\t\t\t\t\t<div class=\"elementor-element elementor-element-7dbff35 elementor-widget elementor-widget-heading\" data-id=\"7dbff35\" data-element_type=\"widget\" data-e-type=\"widget\" data-widget_type=\"heading.default\">\n\t\t\t\t<div class=\"elementor-widget-container\">\n\t\t\t\t\t<h1 class=\"elementor-heading-title elementor-size-default\">Kommunikation mit der Gemeinde Adendorf<\/h1>\t\t\t\t<\/div>\n\t\t\t\t<\/div>\n\t\t\t\t<div class=\"elementor-element elementor-element-f07c813 elementor-widget elementor-widget-html\" data-id=\"f07c813\" data-element_type=\"widget\" data-e-type=\"widget\" data-widget_type=\"html.default\">\n\t\t\t\t<div class=\"elementor-widget-container\">\n\t\t\t\t\t<p style=\"font-size: 1.5em\"><i class=\"fa fa-phone\" aria-hidden=\"true\"><\/i>Telefon: <a href=\"tel:0413198090\">04131 9809-0<\/a><\/p>\n<p style=\"font-size: 1.5em;\"><i class=\"fa fa-fax\" aria-hidden=\"true\"><\/i> Fax: 04131 9809-55<font style=\"margin: 0 30 0 30;\">|<\/font>\n<i class=\"fa fa-laptop aria-hidden=\"><\/i> E-Mail: &#x69;&#x6e;&#x66;&#x6f;&#64;&#97;&#100;&#101;ndo&#x72;&#x66;&#x2e;&#x64;&#x65;<\/p>\n<p style=\"font-size: 1.5em;\">\n<i class=\"fa fa-address-card\" aria-hidden=\"true\"><\/i> Gemeinde Adendorf<font style=\"margin: 0 30 0 30;\">|<\/font>Rathausplatz 14<font style=\"margin: 0 30 0 30;\">|<\/font>21365 Adendorf<\/p>\n<p>Daten, die per E-Mail versendet werden, k\u00f6nnen eventuell von Dritten abgefangen und gelesen werden. Ebenfalls k\u00f6nnten diese verf\u00e4lscht oder fehlgeleitet werden, ohne, dass Sie als Absender oder wir als Empf\u00e4nger dies erfahren. Lassen Sie besondere Vorsicht beim Versand von pers\u00f6nlichen und\/oder vertraulichen Informationen walten.<\/p> <p>Nutzen Sie das unten stehende Kontaktformular f\u00fcr eine E-Mail-Kommunikation mit uns.<\/p>\n<p>Grunds\u00e4tzlich d\u00fcrfen auch Dokumente elektronisch versendet werden, bei denen das Gesetz eine schriftliche \u00dcbermittlung vorsieht. Diese m\u00fcssen mit einer <strong>qualifizierten elektronischen Signatur<\/strong> gem\u00e4\u00df Signaturgesetz versehen sein. Senden Sie E-Mails in diesen F\u00e4llen an <a href=\"&#x6d;&#97;i&#x6c;&#x74;&#111;:&#x69;&#110;f&#x6f;&#x40;&#97;d&#x65;&#110;d&#x6f;&#x72;&#102;&#46;&#x64;&#x65;\">&#105;&#x6e;&#102;&#x6f;&#64;&#x61;&#100;&#x65;&#110;&#x64;&#111;&#x72;&#102;&#x2e;&#100;&#x65;<\/a>.<\/p>\n<p>&nbsp;<\/p>\n<p><strong><i class=\"fa fa-credit-card\"><\/i> Bankverbindungen:<\/strong><\/p>\n<table>\n    <tr>\n        <td>Sparkasse L\u00fcneburg<br \/>\n        IBAN: DE30 2405 0110 0001 0001 16<br>\n        BIC: NOLADE21LBG<\/td>\n        <td>Volksbank L\u00fcneburger Heide eG<br>\n        IBAN: DE05 2406 0300 0170 3242 00<br>\n        BIC: GENODEF1NBU<\/td>\n    <\/tr>\n<\/table>\n<p>Hier finden Sie unsere <a href=\"https:\/\/www.adendorf.de\/1\/buergerservice\/formulare\/\" target=\"_blank\">SEPA-Lastschriftmandate<\/a>.<\/p>\t\t\t\t<\/div>\n\t\t\t\t<\/div>\n\t\t\t\t<div class=\"elementor-element elementor-element-19fe3db elementor-widget elementor-widget-heading\" data-id=\"19fe3db\" data-element_type=\"widget\" data-e-type=\"widget\" data-widget_type=\"heading.default\">\n\t\t\t\t<div class=\"elementor-widget-container\">\n\t\t\t\t\t<h2 class=\"elementor-heading-title elementor-size-default\">Kontaktformular<\/h2>\t\t\t\t<\/div>\n\t\t\t\t<\/div>\n\t\t\t\t<div class=\"elementor-element elementor-element-a943251 elementor-widget elementor-widget-html\" data-id=\"a943251\" data-element_type=\"widget\" data-e-type=\"widget\" data-widget_type=\"html.default\">\n\t\t\t\t<div class=\"elementor-widget-container\">\n\t\t\t\t\t<p><strong>&mdash; E-Mail-Kommunikation mit der Gemeinde Adendorf &mdash;<\/strong><\/p>\t\t\t\t<\/div>\n\t\t\t\t<\/div>\n\t\t\t\t<div class=\"elementor-element elementor-element-76f3eec elementor-widget elementor-widget-content_form_contact\" data-id=\"76f3eec\" data-element_type=\"widget\" data-e-type=\"widget\" data-widget_type=\"content_form_contact.default\">\n\t\t\t\t<div class=\"elementor-widget-container\">\n\t\t\t\t\t<form action=\"https:\/\/www.adendorf.de\/1\/wp-admin\/admin-post.php\" method=\"post\" name=\"content-form-76f3eec\" id=\"content-form-76f3eec\" class=\"ti-cf-module content-form content-form-contact content_form_contact\"><input type=\"hidden\" id=\"_wpnonce_contact\" name=\"_wpnonce_contact\" value=\"65525381a5\" \/><input type=\"hidden\" name=\"_wp_http_referer\" value=\"\/1\/wp-json\/wp\/v2\/pages\/433\" \/><input type=\"hidden\" name=\"action\" value=\"content_form_submit\" \/><input type=\"hidden\" name=\"form-type\" value=\"contact\" \/><input type=\"hidden\" name=\"form-builder\" value=\"elementor\" \/><input type=\"hidden\" name=\"post-id\" value=\"433\" \/><input type=\"hidden\" name=\"form-id\" value=\"76f3eec\" \/><fieldset class=&quot;content-form-field-text elementor-column elementor-col-100&quot;><label for=\"data[76f3eec][name]\" >Name<span class=\"required-mark\"> *<\/span><\/label><input type=\"text\" name=\"data[76f3eec][name]\" id=\"data[76f3eec][name]\" required=required  placeholder=\"Bitte geben Sie Ihren Namen ein\"><\/fieldset><fieldset class=&quot;content-form-field-email elementor-column elementor-col-100&quot;><label for=\"data[76f3eec][email]\" >Email<span class=\"required-mark\"> *<\/span><\/label><input type=\"text\" name=\"data[76f3eec][email]\" id=\"data[76f3eec][email]\" required=required  placeholder=\"Bitte geben Sie Ihre E-Mail-Adresse ein\"><\/fieldset><fieldset class=&quot;content-form-field-number elementor-column elementor-col-100&quot;><label for=\"data[76f3eec][phone]\" >Telefon<\/label><input type=\"text\" name=\"data[76f3eec][phone]\" id=\"data[76f3eec][phone]\"   placeholder=\"Bitte geben Sie Ihre Telefonnummer f\u00fcr eventuelle R\u00fcckfragen ein (freiwillige Angabe)\"><\/fieldset><fieldset class=&quot;content-form-field-textarea elementor-column elementor-col-100&quot;><label for=\"data[76f3eec][message]\" >Nachricht<span class=\"required-mark\"> *<\/span><\/label><textarea name=\"data[76f3eec][message]\" id=\"data[76f3eec][message]\"  required=required placeholder=\"Bitte geben Sie Ihre Nachricht an uns ein\" cols=\"30\" rows=\"5\"><\/textarea><\/fieldset><fieldset class=\"submit-form contact\"><button type=\"submit\" name=\"submit\"  value=\"submit-contact-76f3eec\" class=\"\">Absenden<\/button><\/fieldset><\/form>\t\t\t\t<\/div>\n\t\t\t\t<\/div>\n\t\t\t\t<div class=\"elementor-element elementor-element-1be2f4a elementor-widget elementor-widget-html\" data-id=\"1be2f4a\" data-element_type=\"widget\" data-e-type=\"widget\" data-widget_type=\"html.default\">\n\t\t\t\t<div class=\"elementor-widget-container\">\n\t\t\t\t\t\t\t\t\t<\/div>\n\t\t\t\t<\/div>\n\t\t\t\t\t<\/div>\n\t\t<\/div>\n\t\t\t\t\t<\/div>\n\t\t<\/section>\n\t\t\t\t<\/div>\n\t\t","protected":false},"excerpt":{"rendered":"<p>Kommunikation mit der Gemeinde Adendorf Telefon: 04131 9809-0 Fax: 04131 9809-55| E-Mail: &#x69;&#x6e;&#x66;&#x6f;&#x40;&#x61;&#x64;&#101;&#110;&#100;&#111;&#114;f&#46;de Gemeinde Adendorf|Rathausplatz 14|21365 Adendorf Daten, die per E-Mail versendet werden, k\u00f6nnen eventuell von Dritten abgefangen und gelesen werden. Ebenfalls k\u00f6nnten diese verf\u00e4lscht oder fehlgeleitet werden, ohne, dass Sie als Absender oder wir als Empf\u00e4nger dies erfahren. Lassen [&hellip;]<\/p>\n","protected":false},"author":1,"featured_media":0,"parent":327,"menu_order":0,"comment_status":"closed","ping_status":"closed","template":"page-templates\/template-pagebuilder-full-width.php","meta":{"footnotes":""},"class_list":["post-433","page","type-page","status-publish","hentry"],"publishpress_future_workflow_manual_trigger":{"enabledWorkflows":[]},"rttpg_featured_image_url":null,"rttpg_author":{"display_name":"Adendorf","author_link":"https:\/\/www.adendorf.de\/1\/author\/marco-brede\/"},"rttpg_comment":0,"rttpg_category":null,"rttpg_excerpt":"Kommunikation mit der Gemeinde Adendorf Telefon: 04131 9809-0 Fax: 04131 9809-55| E-Mail: &#x69;&#x6e;&#102;&#111;&#64;&#x61;&#x64;&#x65;&#110;do&#x72;&#x66;&#46;&#100;e Gemeinde Adendorf|Rathausplatz 14|21365 Adendorf Daten, die per E-Mail versendet werden, k\u00f6nnen eventuell von Dritten abgefangen und gelesen werden. Ebenfalls k\u00f6nnten diese verf\u00e4lscht oder fehlgeleitet werden, ohne, dass Sie als Absender oder wir als Empf\u00e4nger dies erfahren. Lassen [&hellip;]","_links":{"self":[{"href":"https:\/\/www.adendorf.de\/1\/wp-json\/wp\/v2\/pages\/433","targetHints":{"allow":["GET"]}}],"collection":[{"href":"https:\/\/www.adendorf.de\/1\/wp-json\/wp\/v2\/pages"}],"about":[{"href":"https:\/\/www.adendorf.de\/1\/wp-json\/wp\/v2\/types\/page"}],"author":[{"embeddable":true,"href":"https:\/\/www.adendorf.de\/1\/wp-json\/wp\/v2\/users\/1"}],"replies":[{"embeddable":true,"href":"https:\/\/www.adendorf.de\/1\/wp-json\/wp\/v2\/comments?post=433"}],"version-history":[{"count":25,"href":"https:\/\/www.adendorf.de\/1\/wp-json\/wp\/v2\/pages\/433\/revisions"}],"predecessor-version":[{"id":2960,"href":"https:\/\/www.adendorf.de\/1\/wp-json\/wp\/v2\/pages\/433\/revisions\/2960"}],"up":[{"embeddable":true,"href":"https:\/\/www.adendorf.de\/1\/wp-json\/wp\/v2\/pages\/327"}],"wp:attachment":[{"href":"https:\/\/www.adendorf.de\/1\/wp-json\/wp\/v2\/media?parent=433"}],"curies":[{"name":"wp","href":"https:\/\/api.w.org\/{rel}","templated":true}]}}