{"id":468,"date":"2019-03-08T11:57:33","date_gmt":"2019-03-08T10:57:33","guid":{"rendered":"http:\/\/www.adendorf.de\/1\/?page_id=468"},"modified":"2025-01-22T15:49:41","modified_gmt":"2025-01-22T14:49:41","slug":"notruftafel","status":"publish","type":"page","link":"https:\/\/www.adendorf.de\/1\/buergerservice\/notruftafel\/","title":{"rendered":"Notruftafel"},"content":{"rendered":"\t\t<div data-elementor-type=\"wp-post\" data-elementor-id=\"468\" class=\"elementor elementor-468\">\n\t\t\t\t\t\t<section class=\"elementor-section elementor-top-section elementor-element elementor-element-85944da elementor-section-boxed elementor-section-height-default elementor-section-height-default\" data-id=\"85944da\" data-element_type=\"section\" data-e-type=\"section\">\n\t\t\t\t\t\t<div class=\"elementor-container elementor-column-gap-default\">\n\t\t\t\t\t<div class=\"elementor-column elementor-col-100 elementor-top-column elementor-element elementor-element-ea0d23e\" data-id=\"ea0d23e\" data-element_type=\"column\" data-e-type=\"column\">\n\t\t\t<div class=\"elementor-widget-wrap elementor-element-populated\">\n\t\t\t\t\t\t<div class=\"elementor-element elementor-element-540c57a elementor-widget elementor-widget-heading\" data-id=\"540c57a\" data-element_type=\"widget\" data-e-type=\"widget\" data-widget_type=\"heading.default\">\n\t\t\t\t<div class=\"elementor-widget-container\">\n\t\t\t\t\t<h1 class=\"elementor-heading-title elementor-size-default\">Notruftafel<\/h1>\t\t\t\t<\/div>\n\t\t\t\t<\/div>\n\t\t\t\t<div class=\"elementor-element elementor-element-9226e7a elementor-widget elementor-widget-html\" data-id=\"9226e7a\" data-element_type=\"widget\" data-e-type=\"widget\" data-widget_type=\"html.default\">\n\t\t\t\t<div class=\"elementor-widget-container\">\n\t\t\t\t\t<style>\ntr:nth-child(even) {background-color: rgba(0,148,222,0.2);}\ntr:hover {background-color: rgba(255,247,0,0.5);}\n<\/style>\n<table>\n<tbody>\n<tr>\n<th>Bezeichnung<\/th>\n<th>Telefon<\/th>\n<\/tr>\n\n<tr>\n<td style=\"padding: 5px;\">Notruf Polizei (\u00dcberfall, Verkehrsunfall)<\/td>\n<td style=\"padding: 5px;\">\n110<\/td>\n<\/tr>\n\n<tr>\n<td style=\"padding: 5px;\">Notruf Feuerwehr und Rettungsdienst<\/td>\n<td style=\"padding: 5px;\">\n112<\/td>\n<\/tr>\n\n<tr>\n<td style=\"padding: 5px;\" width=80%>Abwassernotdienst (Kanalverstopfung \u00f6ffentl. Bereich)<\/td>\n<td style=\"padding: 5px;\">\n<a href=\"tel:01713287338\">0171 3 28 73 38<\/a><\/td>\n<\/tr>\n\n<tr>\n<td style=\"padding: 5px;\">Giftnotrufzentrale<\/td>\n<td style=\"padding: 5px;\">\n<a href=\"tel:055119240\">0551 1924-0<\/a><\/td>\n<\/tr>\n\n\n<tr>\n<td style=\"padding: 5px;\">Einsatzleitstelle<\/td>\n<td style=\"padding: 5px;\">\n<a href=\"tel:0413183065300\">04131 8306-5300<\/a><\/td>\n<\/tr>\n<tr>\n<td style=\"padding: 5px;\">Polizeiwache L\u00fcneburg<\/td>\n<td style=\"padding: 5px;\">\n<a href=\"tel:0413183062215\">04131 8306-2215<\/a><\/td>\n<\/tr>\n<tr>\n<td style=\"padding: 5px;\">Polizeiwache Adendorf<br>\n<i>Sprechzeiten:<\/i><br>\nMontag 10:00 - 12:00&nbsp;Uhr<br>\nMittwoch 18:00 - 20:00&nbsp;Uhr<br>\nFreitag 15:00 - 18:00&nbsp;Uhr<br>\nAu\u00dferhalb der Sprechzeiten ist die Wache unregelm\u00e4\u00dfig besetzt.<\/td>\n<td style=\"padding: 5px;\">\n<a href=\"tel:04131854010\">04131 85 401-0<\/a><\/td>\n<\/tr>\n<tr>\n<td style=\"padding: 5px;\">Krankentransport ASB \/ DRK (Rettungsleitstelle)<\/td>\n<td style=\"padding: 5px;\">\n<a href=\"tel:0413119222\">04131 1 92 22<\/a><\/td>\n<\/tr>\n<tr>\n<td style=\"padding: 5px;\">St\u00e4dtisches Klinikum<\/td>\n<td style=\"padding: 5px;\">\n<a href=\"tel:04131770\">04131 770<\/a><\/td>\n<\/tr>\n<tr>\n<td style=\"padding: 5px;\">Psychiatrische Klinik L\u00fcneburg<\/td>\n<td style=\"padding: 5px;\">\n<a href=\"tel:04131600\">04131 60-0<\/a><\/td>\n<\/tr>\n<tr>\n<td style=\"padding: 5px;\">Gemeindebrandmeister<\/td>\n<td style=\"padding: 5px;\">\n<a href=\"tel:041317993764\">04131 799 37 64<\/a><\/td>\n<\/tr>\n<tr>\n<td style=\"padding: 5px;\">Ortsfeuerwehr Adendorf<\/td>\n<td style=\"padding: 5px;\">\n<a href=\"tel:04131189980\">04131 18 99 80<\/a><\/td>\n<\/tr>\n<tr>\n<td style=\"padding: 5px;\">Ortsfeuerwehr Erbstorf<\/td>\n<td style=\"padding: 5px;\">\n<a href=\"tel:04131860149\">04131 86 01 49<\/a><\/td>\n<\/tr>\n\n<tr>\n<td style=\"padding: 5px;\">E.ON Avacon L\u00fcneburg (Strom- und Gasversorgung)<\/td>\n<td style=\"padding: 5px;\">\n<a href=\"tel:041317040\">04131 704-0<\/a><\/td>\n<\/tr>\n<tr>\n<td style=\"padding: 5px;\">St\u00f6rungsannahme Strom, Wasser und W\u00e4rme (kostenfrei)<\/td>\n<td style=\"padding: 5px;\">\n<a href=\"tel:08000282266\">0800 028 22 66<\/a><\/td>\n<\/tr>\n<tr>\n<td style=\"padding: 5px;\">St\u00f6rungsannahme Erdgas (kostenfrei)<\/td>\n<td style=\"padding: 5px;\">\n<a href=\"tel:08004282266\">0800 428 22 66<\/a><\/td>\n<\/tr>\n<tr>\n<td style=\"padding: 5px;\">Wasserbeschaffungsverband Elbmarsch (Adendorf)<\/td>\n<td style=\"padding: 5px;\">\n<a href=\"tel:0413198010\">04131 98 01-0<\/a><\/td>\n<\/tr>\n<tr>\n<td style=\"padding: 5px;\">Wasserbeschaffungsverband Elbmarsch (Seevetal-Hitfeld)<\/td>\n<td style=\"padding: 5px;\">\n<a href=\"tel:0410550040\">04105 5 00 40<\/a><\/td>\n<\/tr>\n<tr>\n<td style=\"padding: 5px;\">Telefonseelsorge (kostenfrei)<\/td>\n<td style=\"padding: 5px;\">\n<a href=\"tel:08001110111\">0 800 - 1 11 01 11<\/a><\/td>\n<\/tr>\n<tr>\n<td style=\"padding: 5px;\">Suchtberatung<\/td>\n<td style=\"padding: 5px;\">\n<a href=\"tel:04131684460\">04131 68 44 60<\/a><\/td>\n<\/tr>\n\n<tr>\n<td style=\"padding: 5px;\">E.ON Avacon<\/td>\n<td style=\"padding: 5px;\">\n<a href=\"tel:01801282266\">0180 1 28 22 66<\/a><\/td>\n<\/tr>\n<\/tbody>\n<\/table>\t\t\t\t<\/div>\n\t\t\t\t<\/div>\n\t\t\t\t\t<\/div>\n\t\t<\/div>\n\t\t\t\t\t<\/div>\n\t\t<\/section>\n\t\t\t\t<\/div>\n\t\t","protected":false},"excerpt":{"rendered":"<p>Notruftafel Bezeichnung Telefon Notruf Polizei (\u00dcberfall, Verkehrsunfall) 110 Notruf Feuerwehr und Rettungsdienst 112 Abwassernotdienst (Kanalverstopfung \u00f6ffentl. Bereich) 0171 3 28 73 38 Giftnotrufzentrale 0551 1924-0 Einsatzleitstelle 04131 8306-5300 Polizeiwache L\u00fcneburg 04131 8306-2215 Polizeiwache Adendorf Sprechzeiten: Montag 10:00 &#8211; 12:00&nbsp;Uhr Mittwoch 18:00 &#8211; 20:00&nbsp;Uhr Freitag 15:00 &#8211; 18:00&nbsp;Uhr Au\u00dferhalb der Sprechzeiten [&hellip;]<\/p>\n","protected":false},"author":1,"featured_media":0,"parent":274,"menu_order":0,"comment_status":"closed","ping_status":"closed","template":"page-templates\/template-pagebuilder-full-width.php","meta":{"footnotes":""},"class_list":["post-468","page","type-page","status-publish","hentry"],"publishpress_future_workflow_manual_trigger":{"enabledWorkflows":[]},"rttpg_featured_image_url":null,"rttpg_author":{"display_name":"Adendorf","author_link":"https:\/\/www.adendorf.de\/1\/author\/marco-brede\/"},"rttpg_comment":0,"rttpg_category":null,"rttpg_excerpt":"Notruftafel Bezeichnung Telefon Notruf Polizei (\u00dcberfall, Verkehrsunfall) 110 Notruf Feuerwehr und Rettungsdienst 112 Abwassernotdienst (Kanalverstopfung \u00f6ffentl. Bereich) 0171 3 28 73 38 Giftnotrufzentrale 0551 1924-0 Einsatzleitstelle 04131 8306-5300 Polizeiwache L\u00fcneburg 04131 8306-2215 Polizeiwache Adendorf Sprechzeiten: Montag 10:00 &#8211; 12:00&nbsp;Uhr Mittwoch 18:00 &#8211; 20:00&nbsp;Uhr Freitag 15:00 &#8211; 18:00&nbsp;Uhr Au\u00dferhalb der Sprechzeiten [&hellip;]","_links":{"self":[{"href":"https:\/\/www.adendorf.de\/1\/wp-json\/wp\/v2\/pages\/468","targetHints":{"allow":["GET"]}}],"collection":[{"href":"https:\/\/www.adendorf.de\/1\/wp-json\/wp\/v2\/pages"}],"about":[{"href":"https:\/\/www.adendorf.de\/1\/wp-json\/wp\/v2\/types\/page"}],"author":[{"embeddable":true,"href":"https:\/\/www.adendorf.de\/1\/wp-json\/wp\/v2\/users\/1"}],"replies":[{"embeddable":true,"href":"https:\/\/www.adendorf.de\/1\/wp-json\/wp\/v2\/comments?post=468"}],"version-history":[{"count":42,"href":"https:\/\/www.adendorf.de\/1\/wp-json\/wp\/v2\/pages\/468\/revisions"}],"predecessor-version":[{"id":7750,"href":"https:\/\/www.adendorf.de\/1\/wp-json\/wp\/v2\/pages\/468\/revisions\/7750"}],"up":[{"embeddable":true,"href":"https:\/\/www.adendorf.de\/1\/wp-json\/wp\/v2\/pages\/274"}],"wp:attachment":[{"href":"https:\/\/www.adendorf.de\/1\/wp-json\/wp\/v2\/media?parent=468"}],"curies":[{"name":"wp","href":"https:\/\/api.w.org\/{rel}","templated":true}]}}