{"id":514,"date":"2019-03-11T14:20:15","date_gmt":"2019-03-11T13:20:15","guid":{"rendered":"http:\/\/www.adendorf.de\/1\/?page_id=514"},"modified":"2024-03-12T09:35:30","modified_gmt":"2024-03-12T08:35:30","slug":"bebauungsplaene","status":"publish","type":"page","link":"https:\/\/www.adendorf.de\/1\/bauen-und-wohnen\/bebauungsplaene\/","title":{"rendered":"Bebauungspl\u00e4ne"},"content":{"rendered":"\t\t<div data-elementor-type=\"wp-post\" data-elementor-id=\"514\" class=\"elementor elementor-514\">\n\t\t\t\t\t\t<section class=\"elementor-section elementor-top-section elementor-element elementor-element-b147e93 elementor-section-boxed elementor-section-height-default elementor-section-height-default\" data-id=\"b147e93\" data-element_type=\"section\" data-e-type=\"section\">\n\t\t\t\t\t\t<div class=\"elementor-container elementor-column-gap-default\">\n\t\t\t\t\t<div class=\"elementor-column elementor-col-100 elementor-top-column elementor-element elementor-element-359df18\" data-id=\"359df18\" data-element_type=\"column\" data-e-type=\"column\">\n\t\t\t<div class=\"elementor-widget-wrap elementor-element-populated\">\n\t\t\t\t\t\t<div class=\"elementor-element elementor-element-2615ccf elementor-widget elementor-widget-heading\" data-id=\"2615ccf\" data-element_type=\"widget\" data-e-type=\"widget\" data-widget_type=\"heading.default\">\n\t\t\t\t<div class=\"elementor-widget-container\">\n\t\t\t\t\t<h1 class=\"elementor-heading-title elementor-size-default\">Bebauungspl\u00e4ne \/ Fl\u00e4chennutzungspl\u00e4ne<\/h1>\t\t\t\t<\/div>\n\t\t\t\t<\/div>\n\t\t\t\t\t<\/div>\n\t\t<\/div>\n\t\t\t\t\t<\/div>\n\t\t<\/section>\n\t\t\t\t<section class=\"elementor-section elementor-top-section elementor-element elementor-element-cc2195b elementor-section-boxed elementor-section-height-default elementor-section-height-default\" data-id=\"cc2195b\" data-element_type=\"section\" data-e-type=\"section\">\n\t\t\t\t\t\t<div class=\"elementor-container elementor-column-gap-default\">\n\t\t\t\t\t<div class=\"elementor-column elementor-col-100 elementor-top-column elementor-element elementor-element-a7dbbc6\" data-id=\"a7dbbc6\" data-element_type=\"column\" data-e-type=\"column\">\n\t\t\t<div class=\"elementor-widget-wrap elementor-element-populated\">\n\t\t\t\t\t\t<div class=\"elementor-element elementor-element-c05bb1c elementor-widget elementor-widget-heading\" data-id=\"c05bb1c\" data-element_type=\"widget\" data-e-type=\"widget\" data-widget_type=\"heading.default\">\n\t\t\t\t<div class=\"elementor-widget-container\">\n\t\t\t\t\t<h2 class=\"elementor-heading-title elementor-size-default\">Ver\u00f6ffentlichung der beschlossenen Bebauungspl\u00e4ne \/ wirksamen Fl\u00e4chennutzungsl\u00e4ne im Internet<\/h2>\t\t\t\t<\/div>\n\t\t\t\t<\/div>\n\t\t\t\t<div class=\"elementor-element elementor-element-fb4112f elementor-widget elementor-widget-text-editor\" data-id=\"fb4112f\" data-element_type=\"widget\" data-e-type=\"widget\" data-widget_type=\"text-editor.default\">\n\t\t\t\t<div class=\"elementor-widget-container\">\n\t\t\t\t\t\t\t\t\t<p>Die Gemeinde Adendorf ver\u00f6ffentlicht ihre jeweiligen in Kraft getretenen Bebauungspl\u00e4ne sowie ihre wirksamen Fl\u00e4chennutzungspl\u00e4ne \u00fcber das <a href=\"https:\/\/geoportal.lklg.net\/geoportal\/login-ol.htm?login=geoadendorf\" target=\"_blank\" rel=\"noopener\">Geoportal des Landkreises L\u00fcneburg<\/a>.<\/p>\t\t\t\t\t\t\t\t<\/div>\n\t\t\t\t<\/div>\n\t\t\t\t\t<\/div>\n\t\t<\/div>\n\t\t\t\t\t<\/div>\n\t\t<\/section>\n\t\t\t\t<section class=\"elementor-section elementor-top-section elementor-element elementor-element-b3bfd29 elementor-section-boxed elementor-section-height-default elementor-section-height-default\" data-id=\"b3bfd29\" data-element_type=\"section\" data-e-type=\"section\">\n\t\t\t\t\t\t<div class=\"elementor-container elementor-column-gap-default\">\n\t\t\t\t\t<div class=\"elementor-column elementor-col-100 elementor-top-column elementor-element elementor-element-2a2cc71\" data-id=\"2a2cc71\" data-element_type=\"column\" data-e-type=\"column\">\n\t\t\t<div class=\"elementor-widget-wrap elementor-element-populated\">\n\t\t\t\t\t\t<div class=\"elementor-element elementor-element-869fa43 elementor-hidden-phone elementor-widget elementor-widget-html\" data-id=\"869fa43\" data-element_type=\"widget\" data-e-type=\"widget\" data-widget_type=\"html.default\">\n\t\t\t\t<div class=\"elementor-widget-container\">\n\t\t\t\t\t<iframe src=\"http:\/\/geo.lklg.net\/terraweb_openlayers\/login-ol.htm?login=geoadendorf&mobil=false&size=mittel&mapWidth=800&mapHeight=600\" style=\"height: 600px;\"><\/iframe>\t\t\t\t<\/div>\n\t\t\t\t<\/div>\n\t\t\t\t\t<\/div>\n\t\t<\/div>\n\t\t\t\t\t<\/div>\n\t\t<\/section>\n\t\t\t\t<\/div>\n\t\t","protected":false},"excerpt":{"rendered":"<p>Bebauungspl\u00e4ne \/ Fl\u00e4chennutzungspl\u00e4ne Ver\u00f6ffentlichung der beschlossenen Bebauungspl\u00e4ne \/ wirksamen Fl\u00e4chennutzungsl\u00e4ne im Internet Die Gemeinde Adendorf ver\u00f6ffentlicht ihre jeweiligen in Kraft getretenen Bebauungspl\u00e4ne sowie ihre wirksamen Fl\u00e4chennutzungspl\u00e4ne \u00fcber das Geoportal des Landkreises L\u00fcneburg.<\/p>\n","protected":false},"author":1,"featured_media":0,"parent":512,"menu_order":0,"comment_status":"closed","ping_status":"closed","template":"page-templates\/template-pagebuilder-full-width.php","meta":{"footnotes":""},"class_list":["post-514","page","type-page","status-publish","hentry"],"publishpress_future_workflow_manual_trigger":{"enabledWorkflows":[]},"rttpg_featured_image_url":null,"rttpg_author":{"display_name":"Adendorf","author_link":"https:\/\/www.adendorf.de\/1\/author\/marco-brede\/"},"rttpg_comment":0,"rttpg_category":null,"rttpg_excerpt":"Bebauungspl\u00e4ne \/ Fl\u00e4chennutzungspl\u00e4ne Ver\u00f6ffentlichung der beschlossenen Bebauungspl\u00e4ne \/ wirksamen Fl\u00e4chennutzungsl\u00e4ne im Internet Die Gemeinde Adendorf ver\u00f6ffentlicht ihre jeweiligen in Kraft getretenen Bebauungspl\u00e4ne sowie ihre wirksamen Fl\u00e4chennutzungspl\u00e4ne \u00fcber das Geoportal des Landkreises L\u00fcneburg.","_links":{"self":[{"href":"https:\/\/www.adendorf.de\/1\/wp-json\/wp\/v2\/pages\/514","targetHints":{"allow":["GET"]}}],"collection":[{"href":"https:\/\/www.adendorf.de\/1\/wp-json\/wp\/v2\/pages"}],"about":[{"href":"https:\/\/www.adendorf.de\/1\/wp-json\/wp\/v2\/types\/page"}],"author":[{"embeddable":true,"href":"https:\/\/www.adendorf.de\/1\/wp-json\/wp\/v2\/users\/1"}],"replies":[{"embeddable":true,"href":"https:\/\/www.adendorf.de\/1\/wp-json\/wp\/v2\/comments?post=514"}],"version-history":[{"count":8,"href":"https:\/\/www.adendorf.de\/1\/wp-json\/wp\/v2\/pages\/514\/revisions"}],"predecessor-version":[{"id":6657,"href":"https:\/\/www.adendorf.de\/1\/wp-json\/wp\/v2\/pages\/514\/revisions\/6657"}],"up":[{"embeddable":true,"href":"https:\/\/www.adendorf.de\/1\/wp-json\/wp\/v2\/pages\/512"}],"wp:attachment":[{"href":"https:\/\/www.adendorf.de\/1\/wp-json\/wp\/v2\/media?parent=514"}],"curies":[{"name":"wp","href":"https:\/\/api.w.org\/{rel}","templated":true}]}}