{"id":599,"date":"2019-03-12T15:46:18","date_gmt":"2019-03-12T14:46:18","guid":{"rendered":"http:\/\/www.adendorf.de\/1\/?page_id=599"},"modified":"2026-04-14T07:28:05","modified_gmt":"2026-04-14T05:28:05","slug":"hundebesitzer","status":"publish","type":"page","link":"https:\/\/www.adendorf.de\/1\/familie\/fuer-alle\/hundebesitzer\/","title":{"rendered":"Sie sind Hundebesitzer?"},"content":{"rendered":"\t\t<div data-elementor-type=\"wp-post\" data-elementor-id=\"599\" class=\"elementor elementor-599\">\n\t\t\t\t\t\t<section class=\"elementor-section elementor-top-section elementor-element elementor-element-7f1e3cc elementor-section-boxed elementor-section-height-default elementor-section-height-default\" data-id=\"7f1e3cc\" data-element_type=\"section\" data-e-type=\"section\">\n\t\t\t\t\t\t<div class=\"elementor-container elementor-column-gap-default\">\n\t\t\t\t\t<div class=\"elementor-column elementor-col-100 elementor-top-column elementor-element elementor-element-c15f879\" data-id=\"c15f879\" data-element_type=\"column\" data-e-type=\"column\">\n\t\t\t<div class=\"elementor-widget-wrap elementor-element-populated\">\n\t\t\t\t\t\t<div class=\"elementor-element elementor-element-b65d4c9 elementor-widget elementor-widget-heading\" data-id=\"b65d4c9\" data-element_type=\"widget\" data-e-type=\"widget\" data-widget_type=\"heading.default\">\n\t\t\t\t<div class=\"elementor-widget-container\">\n\t\t\t\t\t<h1 class=\"elementor-heading-title elementor-size-default\">Liebe Hundehalterin, lieber Hundehalter!<\/h1>\t\t\t\t<\/div>\n\t\t\t\t<\/div>\n\t\t\t\t\t<\/div>\n\t\t<\/div>\n\t\t\t\t\t<\/div>\n\t\t<\/section>\n\t\t\t\t<section class=\"elementor-section elementor-top-section elementor-element elementor-element-8acd8ca elementor-section-boxed elementor-section-height-default elementor-section-height-default\" data-id=\"8acd8ca\" data-element_type=\"section\" data-e-type=\"section\">\n\t\t\t\t\t\t<div class=\"elementor-container elementor-column-gap-default\">\n\t\t\t\t\t<div class=\"elementor-column elementor-col-50 elementor-top-column elementor-element elementor-element-de45f1b\" data-id=\"de45f1b\" data-element_type=\"column\" data-e-type=\"column\">\n\t\t\t<div class=\"elementor-widget-wrap elementor-element-populated\">\n\t\t\t\t\t\t<div class=\"elementor-element elementor-element-5e1d57d elementor-widget elementor-widget-image\" data-id=\"5e1d57d\" data-element_type=\"widget\" data-e-type=\"widget\" data-widget_type=\"image.default\">\n\t\t\t\t<div class=\"elementor-widget-container\">\n\t\t\t\t\t\t\t\t\t\t\t\t\t\t\t<img fetchpriority=\"high\" decoding=\"async\" width=\"750\" height=\"507\" src=\"https:\/\/www.adendorf.de\/1\/wp-content\/uploads\/2022\/06\/Hund-1024x692.jpg\" class=\"attachment-large size-large wp-image-5043\" alt=\"\" srcset=\"https:\/\/www.adendorf.de\/1\/wp-content\/uploads\/2022\/06\/Hund-1024x692.jpg 1024w, https:\/\/www.adendorf.de\/1\/wp-content\/uploads\/2022\/06\/Hund-300x203.jpg 300w, https:\/\/www.adendorf.de\/1\/wp-content\/uploads\/2022\/06\/Hund-768x519.jpg 768w, https:\/\/www.adendorf.de\/1\/wp-content\/uploads\/2022\/06\/Hund-1536x1038.jpg 1536w, https:\/\/www.adendorf.de\/1\/wp-content\/uploads\/2022\/06\/Hund-2048x1384.jpg 2048w\" sizes=\"(max-width: 750px) 100vw, 750px\" \/>\t\t\t\t\t\t\t\t\t\t\t\t\t\t\t<\/div>\n\t\t\t\t<\/div>\n\t\t\t\t\t<\/div>\n\t\t<\/div>\n\t\t\t\t<div class=\"elementor-column elementor-col-50 elementor-top-column elementor-element elementor-element-990e784\" data-id=\"990e784\" data-element_type=\"column\" data-e-type=\"column\">\n\t\t\t<div class=\"elementor-widget-wrap elementor-element-populated\">\n\t\t\t\t\t\t<div class=\"elementor-element elementor-element-f711821 elementor-widget elementor-widget-text-editor\" data-id=\"f711821\" data-element_type=\"widget\" data-e-type=\"widget\" data-widget_type=\"text-editor.default\">\n\t\t\t\t<div class=\"elementor-widget-container\">\n\t\t\t\t\t\t\t\t\t<p>Sie haben sich entschlossen, in der Gemeinde Adendorf einen Hund zu halten. Der sicherlich gro\u00dfen Freude, die Ihnen dieses Tier bereitet und auch k\u00fcnftig bereiten soll, stehen auf der anderen Seite aber auch Verpflichtungen gegen\u00fcber.<\/p><p>Neben den sich aus dem Nieders\u00e4chsischen Hundegesetz (NHundG) ergebenden Rechten und Pflichten geh\u00f6ren hierzu auch steuerliche Rechte und Pflichten nach der Hundesteuersatzung der Gemeinde Adendorf.<\/p>\t\t\t\t\t\t\t\t<\/div>\n\t\t\t\t<\/div>\n\t\t\t\t\t<\/div>\n\t\t<\/div>\n\t\t\t\t\t<\/div>\n\t\t<\/section>\n\t\t\t\t<section class=\"elementor-section elementor-top-section elementor-element elementor-element-fee8aa2 elementor-section-boxed elementor-section-height-default elementor-section-height-default\" data-id=\"fee8aa2\" data-element_type=\"section\" data-e-type=\"section\">\n\t\t\t\t\t\t<div class=\"elementor-container elementor-column-gap-default\">\n\t\t\t\t\t<div class=\"elementor-column elementor-col-100 elementor-top-column elementor-element elementor-element-fb1ea18\" data-id=\"fb1ea18\" data-element_type=\"column\" data-e-type=\"column\">\n\t\t\t<div class=\"elementor-widget-wrap elementor-element-populated\">\n\t\t\t\t\t\t<div class=\"elementor-element elementor-element-5411ad1 elementor-widget elementor-widget-heading\" data-id=\"5411ad1\" data-element_type=\"widget\" data-e-type=\"widget\" data-widget_type=\"heading.default\">\n\t\t\t\t<div class=\"elementor-widget-container\">\n\t\t\t\t\t<h2 class=\"elementor-heading-title elementor-size-default\">Wer muss den Hund anmelden?<\/h2>\t\t\t\t<\/div>\n\t\t\t\t<\/div>\n\t\t\t\t<div class=\"elementor-element elementor-element-504dac1 elementor-widget elementor-widget-text-editor\" data-id=\"504dac1\" data-element_type=\"widget\" data-e-type=\"widget\" data-widget_type=\"text-editor.default\">\n\t\t\t\t<div class=\"elementor-widget-container\">\n\t\t\t\t\t\t\t\t\t<p>Zur Anmeldung verpflichtet ist der Hundehalter. Hundehalter ist jeder, der einen Hund in seinem Haushalt oder Betrieb aufnimmt. Als Halter des Hundes gilt nicht, wer einen Hund nicht l\u00e4nger als zwei Monate in Pflege oder Verwahrung genommen hat oder zum Anlernen h\u00e4lt.<\/p>\t\t\t\t\t\t\t\t<\/div>\n\t\t\t\t<\/div>\n\t\t\t\t\t<\/div>\n\t\t<\/div>\n\t\t\t\t\t<\/div>\n\t\t<\/section>\n\t\t\t\t<section class=\"elementor-section elementor-top-section elementor-element elementor-element-b830da6 elementor-section-boxed elementor-section-height-default elementor-section-height-default\" data-id=\"b830da6\" data-element_type=\"section\" data-e-type=\"section\">\n\t\t\t\t\t\t<div class=\"elementor-container elementor-column-gap-default\">\n\t\t\t\t\t<div class=\"elementor-column elementor-col-100 elementor-top-column elementor-element elementor-element-4bc86e6\" data-id=\"4bc86e6\" data-element_type=\"column\" data-e-type=\"column\">\n\t\t\t<div class=\"elementor-widget-wrap elementor-element-populated\">\n\t\t\t\t\t\t<div class=\"elementor-element elementor-element-18c8ff6 elementor-widget elementor-widget-heading\" data-id=\"18c8ff6\" data-element_type=\"widget\" data-e-type=\"widget\" data-widget_type=\"heading.default\">\n\t\t\t\t<div class=\"elementor-widget-container\">\n\t\t\t\t\t<h2 class=\"elementor-heading-title elementor-size-default\">Wann ist der Hund steuerlich anzumelden?<\/h2>\t\t\t\t<\/div>\n\t\t\t\t<\/div>\n\t\t\t\t<div class=\"elementor-element elementor-element-429024f elementor-widget elementor-widget-text-editor\" data-id=\"429024f\" data-element_type=\"widget\" data-e-type=\"widget\" data-widget_type=\"text-editor.default\">\n\t\t\t\t<div class=\"elementor-widget-container\">\n\t\t\t\t\t\t\t\t\t<p>Jeder Hund muss <strong>innerhalb von zwei Wochen <\/strong>nach Erwerb steuerlich angemeldet werden. Diese Frist gilt ebenfalls f\u00fcr die Abmeldung zur Hundesteuer. Junghunde gelten erst mit Ablauf des dritten Lebensmonats als erworben.<\/p>\t\t\t\t\t\t\t\t<\/div>\n\t\t\t\t<\/div>\n\t\t\t\t\t<\/div>\n\t\t<\/div>\n\t\t\t\t\t<\/div>\n\t\t<\/section>\n\t\t\t\t<section class=\"elementor-section elementor-top-section elementor-element elementor-element-c21db68 elementor-section-boxed elementor-section-height-default elementor-section-height-default\" data-id=\"c21db68\" data-element_type=\"section\" data-e-type=\"section\">\n\t\t\t\t\t\t<div class=\"elementor-container elementor-column-gap-default\">\n\t\t\t\t\t<div class=\"elementor-column elementor-col-100 elementor-top-column elementor-element elementor-element-405e852\" data-id=\"405e852\" data-element_type=\"column\" data-e-type=\"column\">\n\t\t\t<div class=\"elementor-widget-wrap elementor-element-populated\">\n\t\t\t\t\t\t<div class=\"elementor-element elementor-element-b920e84 elementor-widget elementor-widget-heading\" data-id=\"b920e84\" data-element_type=\"widget\" data-e-type=\"widget\" data-widget_type=\"heading.default\">\n\t\t\t\t<div class=\"elementor-widget-container\">\n\t\t\t\t\t<h2 class=\"elementor-heading-title elementor-size-default\">Wo und wie ist der Hund steuerlich anzumelden?<\/h2>\t\t\t\t<\/div>\n\t\t\t\t<\/div>\n\t\t\t\t<div class=\"elementor-element elementor-element-5511605 elementor-widget elementor-widget-text-editor\" data-id=\"5511605\" data-element_type=\"widget\" data-e-type=\"widget\" data-widget_type=\"text-editor.default\">\n\t\t\t\t<div class=\"elementor-widget-container\">\n\t\t\t\t\t\t\t\t\t<p>Es besteht eine steuerliche Verpflichtung, Ihren Hund anzumelden. Bitte melden Sie Ihren Hund <strong>schriftlich<\/strong> in der Gemeinde Adendorf im Steueramt (Rathausplatz 14, 21365 Adendorf) an.<\/p><p>Folgende Unterlagen werden f\u00fcr die Anmeldung ben\u00f6tigt:<\/p><ul><li>ausgef\u00fclltes Formular <a href=\"https:\/\/www.adendorf.de\/1\/wp-content\/uploads\/2019\/03\/Hundesteuer-Anmeldung.pdf\" target=\"_blank\" rel=\"noopener\">\u201eAnmeldung zur Hundesteuer\u201c<\/a> (oder online \u00fcber unser <a href=\"https:\/\/service.adendorf.de\/buergerservice\/dienstleistungen\/hundesteuer-festsetzung-900000025-0.html?myMedium=1&amp;auswahl=0\">Serviceportal<\/a>)<\/li><li>Nachweis \u00fcber eine bestehende <a href=\"https:\/\/voris.wolterskluwer-online.de\/browse\/document\/6dcb11e1-618a-36b4-b3ef-896212c43a15\" target=\"_blank\" rel=\"noopener\">Tierhalterhaftpflicht-Versicherung<\/a> (f\u00fcr Hunde, die \u00e4lter als sechs Monate sind)<\/li><li>Nachweis \u00fcber die Registrierung im <a href=\"https:\/\/hunderegister-nds.de\/login\" target=\"_blank\" rel=\"noopener\">Zentralen Hunderegister<\/a> (f\u00fcr Hunde, die \u00e4lter als sechs Monate sind)<\/li><li>Nachweis \u00fcber die theoretische <a href=\"https:\/\/voris.wolterskluwer-online.de\/browse\/document\/6690cb97-3777-3398-ad4e-5086b85b5b0d\" target=\"_blank\" rel=\"noopener\">Sachkunde<\/a> (die praktische Sachkundepr\u00fcfung ist w\u00e4hrend des ersten Jahres der Hundehaltung abzulegen)<\/li><\/ul><p>Idealerweise reichen Sie die oben genannten Informationen mit der Anmeldung ein. Eventuell fehlende Informationen m\u00fcssen nachgereicht werden.<\/p>\t\t\t\t\t\t\t\t<\/div>\n\t\t\t\t<\/div>\n\t\t\t\t\t<\/div>\n\t\t<\/div>\n\t\t\t\t\t<\/div>\n\t\t<\/section>\n\t\t\t\t<section class=\"elementor-section elementor-top-section elementor-element elementor-element-d8ddba7 elementor-section-boxed elementor-section-height-default elementor-section-height-default\" data-id=\"d8ddba7\" data-element_type=\"section\" data-e-type=\"section\">\n\t\t\t\t\t\t<div class=\"elementor-container elementor-column-gap-default\">\n\t\t\t\t\t<div class=\"elementor-column elementor-col-100 elementor-top-column elementor-element elementor-element-c1cace8\" data-id=\"c1cace8\" data-element_type=\"column\" data-e-type=\"column\">\n\t\t\t<div class=\"elementor-widget-wrap elementor-element-populated\">\n\t\t\t\t\t\t<div class=\"elementor-element elementor-element-b6d79e6 elementor-widget elementor-widget-heading\" data-id=\"b6d79e6\" data-element_type=\"widget\" data-e-type=\"widget\" data-widget_type=\"heading.default\">\n\t\t\t\t<div class=\"elementor-widget-container\">\n\t\t\t\t\t<h2 class=\"elementor-heading-title elementor-size-default\">Ansprechpartnerin<\/h2>\t\t\t\t<\/div>\n\t\t\t\t<\/div>\n\t\t\t\t<div class=\"elementor-element elementor-element-b29cdae elementor-widget elementor-widget-text-editor\" data-id=\"b29cdae\" data-element_type=\"widget\" data-e-type=\"widget\" data-widget_type=\"text-editor.default\">\n\t\t\t\t<div class=\"elementor-widget-container\">\n\t\t\t\t\t\t\t\t\t<p>\r\n\t\t    <p>Julia Renz<\/p>\r\n\t\t\t<p>Gemeinde Adendorf<\/p>\r\n\t\t\t<p>Rathausplatz 14<\/p>\r\n\t\t\t<p>Telefon: <a href=\"tel:04131980924\">04131 9809 24<\/a><\/p>\r\n\t\t\t<p>Telefax: 04131 9809 56<\/p>\r\n\t\t\t<p>E-Mail: <a href=\"&#x6d;&#97;&#x69;&#x6c;&#116;&#x6f;&#58;j&#x75;&#108;i&#x61;&#46;r&#x65;&#110;z&#x40;&#97;&#x64;&#x65;&#110;&#x64;&#x6f;&#114;&#x66;&#46;d&#x65;\">ju&#108;&#105;&#97;&#x2e;&#x72;&#x65;&#x6e;&#x7a;&#64;a&#100;&#101;&#110;&#x64;&#x6f;&#x72;&#x66;&#x2e;de<\/a><\/p>\r\n\t\t<\/p>\t\t\t\t\t\t\t\t<\/div>\n\t\t\t\t<\/div>\n\t\t\t\t<div class=\"elementor-element elementor-element-0b38eb8 elementor-widget elementor-widget-heading\" data-id=\"0b38eb8\" data-element_type=\"widget\" data-e-type=\"widget\" data-widget_type=\"heading.default\">\n\t\t\t\t<div class=\"elementor-widget-container\">\n\t\t\t\t\t<h2 class=\"elementor-heading-title elementor-size-default\">Formulare<\/h2>\t\t\t\t<\/div>\n\t\t\t\t<\/div>\n\t\t\t\t<div class=\"elementor-element elementor-element-87c7e2b elementor-widget elementor-widget-text-editor\" data-id=\"87c7e2b\" data-element_type=\"widget\" data-e-type=\"widget\" data-widget_type=\"text-editor.default\">\n\t\t\t\t<div class=\"elementor-widget-container\">\n\t\t\t\t\t\t\t\t\t<p>Alle Formulare k\u00f6nnen Sie auch online \u00fcber unser <a href=\"https:\/\/service.adendorf.de\/\">Serviceportal<\/a> ausf\u00fcllen und versenden.<\/p>\t\t\t\t\t\t\t\t<\/div>\n\t\t\t\t<\/div>\n\t\t\t\t<div class=\"elementor-element elementor-element-6faee4e elementor-icon-list--layout-traditional elementor-list-item-link-full_width elementor-widget elementor-widget-icon-list\" data-id=\"6faee4e\" data-element_type=\"widget\" data-e-type=\"widget\" data-widget_type=\"icon-list.default\">\n\t\t\t\t<div class=\"elementor-widget-container\">\n\t\t\t\t\t\t\t<ul class=\"elementor-icon-list-items\">\n\t\t\t\t\t\t\t<li class=\"elementor-icon-list-item\">\n\t\t\t\t\t\t\t\t\t\t\t<a href=\"https:\/\/www.adendorf.de\/1\/wp-content\/uploads\/2019\/03\/Hundesteuer-Anmeldung.pdf\" target=\"_blank\">\n\n\t\t\t\t\t\t\t\t\t\t\t\t<span class=\"elementor-icon-list-icon\">\n\t\t\t\t\t\t\t<i aria-hidden=\"true\" class=\"far fa-file-pdf\"><\/i>\t\t\t\t\t\t<\/span>\n\t\t\t\t\t\t\t\t\t\t<span class=\"elementor-icon-list-text\">Hundesteuer - Anmeldung<\/span>\n\t\t\t\t\t\t\t\t\t\t\t<\/a>\n\t\t\t\t\t\t\t\t\t<\/li>\n\t\t\t\t\t\t\t\t<li class=\"elementor-icon-list-item\">\n\t\t\t\t\t\t\t\t\t\t\t<a href=\"https:\/\/www.adendorf.de\/1\/wp-content\/uploads\/2019\/03\/Hundesteuer-Abmeldung.pdf\" target=\"_blank\">\n\n\t\t\t\t\t\t\t\t\t\t\t\t<span class=\"elementor-icon-list-icon\">\n\t\t\t\t\t\t\t<i aria-hidden=\"true\" class=\"far fa-file-pdf\"><\/i>\t\t\t\t\t\t<\/span>\n\t\t\t\t\t\t\t\t\t\t<span class=\"elementor-icon-list-text\">Hundesteuer - Abmeldung<\/span>\n\t\t\t\t\t\t\t\t\t\t\t<\/a>\n\t\t\t\t\t\t\t\t\t<\/li>\n\t\t\t\t\t\t\t\t<li class=\"elementor-icon-list-item\">\n\t\t\t\t\t\t\t\t\t\t\t<a href=\"https:\/\/www.adendorf.de\/1\/wp-content\/uploads\/2019\/03\/SEPA-Lastschriftmandat.pdf\" target=\"_blank\">\n\n\t\t\t\t\t\t\t\t\t\t\t\t<span class=\"elementor-icon-list-icon\">\n\t\t\t\t\t\t\t<i aria-hidden=\"true\" class=\"far fa-file-pdf\"><\/i>\t\t\t\t\t\t<\/span>\n\t\t\t\t\t\t\t\t\t\t<span class=\"elementor-icon-list-text\">SEPA-Lastschriftmandat<\/span>\n\t\t\t\t\t\t\t\t\t\t\t<\/a>\n\t\t\t\t\t\t\t\t\t<\/li>\n\t\t\t\t\t\t<\/ul>\n\t\t\t\t\t\t<\/div>\n\t\t\t\t<\/div>\n\t\t\t\t<div class=\"elementor-element elementor-element-d6e74dd elementor-widget elementor-widget-heading\" data-id=\"d6e74dd\" data-element_type=\"widget\" data-e-type=\"widget\" data-widget_type=\"heading.default\">\n\t\t\t\t<div class=\"elementor-widget-container\">\n\t\t\t\t\t<h2 class=\"elementor-heading-title elementor-size-default\">weitere Informationen<\/h2>\t\t\t\t<\/div>\n\t\t\t\t<\/div>\n\t\t\t\t<div class=\"elementor-element elementor-element-a4eb91d elementor-icon-list--layout-traditional elementor-list-item-link-full_width elementor-widget elementor-widget-icon-list\" data-id=\"a4eb91d\" data-element_type=\"widget\" data-e-type=\"widget\" data-widget_type=\"icon-list.default\">\n\t\t\t\t<div class=\"elementor-widget-container\">\n\t\t\t\t\t\t\t<ul class=\"elementor-icon-list-items\">\n\t\t\t\t\t\t\t<li class=\"elementor-icon-list-item\">\n\t\t\t\t\t\t\t\t\t\t\t<a href=\"https:\/\/www.adendorf.de\/1\/wp-content\/uploads\/2026\/04\/hundesteuersatzung.pdf\" target=\"_blank\">\n\n\t\t\t\t\t\t\t\t\t\t\t\t<span class=\"elementor-icon-list-icon\">\n\t\t\t\t\t\t\t<i aria-hidden=\"true\" class=\"far fa-file-pdf\"><\/i>\t\t\t\t\t\t<\/span>\n\t\t\t\t\t\t\t\t\t\t<span class=\"elementor-icon-list-text\">Hundesteuersatzung der Gemeinde Adendorf<\/span>\n\t\t\t\t\t\t\t\t\t\t\t<\/a>\n\t\t\t\t\t\t\t\t\t<\/li>\n\t\t\t\t\t\t\t\t<li class=\"elementor-icon-list-item\">\n\t\t\t\t\t\t\t\t\t\t\t<a href=\"https:\/\/www.adendorf.de\/1\/wp-content\/uploads\/2019\/04\/Informationen-zum-Nieders\u00e4chsischen-Gesetz-\u00fcber-das-Halten-von-Hunden.pdf\" target=\"_blank\">\n\n\t\t\t\t\t\t\t\t\t\t\t\t<span class=\"elementor-icon-list-icon\">\n\t\t\t\t\t\t\t<i aria-hidden=\"true\" class=\"far fa-file-pdf\"><\/i>\t\t\t\t\t\t<\/span>\n\t\t\t\t\t\t\t\t\t\t<span class=\"elementor-icon-list-text\">Informationen zum NHundG sowie zur Hundehaltung in Adendorf<\/span>\n\t\t\t\t\t\t\t\t\t\t\t<\/a>\n\t\t\t\t\t\t\t\t\t<\/li>\n\t\t\t\t\t\t<\/ul>\n\t\t\t\t\t\t<\/div>\n\t\t\t\t<\/div>\n\t\t\t\t<div class=\"elementor-element elementor-element-fed1fbf elementor-widget elementor-widget-heading\" data-id=\"fed1fbf\" data-element_type=\"widget\" data-e-type=\"widget\" data-widget_type=\"heading.default\">\n\t\t\t\t<div class=\"elementor-widget-container\">\n\t\t\t\t\t<h2 class=\"elementor-heading-title elementor-size-default\">Links<\/h2>\t\t\t\t<\/div>\n\t\t\t\t<\/div>\n\t\t\t\t<div class=\"elementor-element elementor-element-0895d18 elementor-icon-list--layout-traditional elementor-list-item-link-full_width elementor-widget elementor-widget-icon-list\" data-id=\"0895d18\" data-element_type=\"widget\" data-e-type=\"widget\" data-widget_type=\"icon-list.default\">\n\t\t\t\t<div class=\"elementor-widget-container\">\n\t\t\t\t\t\t\t<ul class=\"elementor-icon-list-items\">\n\t\t\t\t\t\t\t<li class=\"elementor-icon-list-item\">\n\t\t\t\t\t\t\t\t\t\t\t<a href=\"https:\/\/hunderegister-nds.de\/login\" target=\"_blank\">\n\n\t\t\t\t\t\t\t\t\t\t\t\t<span class=\"elementor-icon-list-icon\">\n\t\t\t\t\t\t\t<i aria-hidden=\"true\" class=\"fas fa-globe\"><\/i>\t\t\t\t\t\t<\/span>\n\t\t\t\t\t\t\t\t\t\t<span class=\"elementor-icon-list-text\">Hunderegister Niedersachsen<\/span>\n\t\t\t\t\t\t\t\t\t\t\t<\/a>\n\t\t\t\t\t\t\t\t\t<\/li>\n\t\t\t\t\t\t\t\t<li class=\"elementor-icon-list-item\">\n\t\t\t\t\t\t\t\t\t\t\t<a href=\"http:\/\/www.ml.niedersachsen.de\/themen\/tiergesundheit_tierschutz\/tierschutz\/mit-dem-zentralen-register-und-dem-sachkundenachweis-sind-ab-01072013-alle-regelungen-des-hundegesetzes-in-kraft-93854.html\" target=\"_blank\">\n\n\t\t\t\t\t\t\t\t\t\t\t\t<span class=\"elementor-icon-list-icon\">\n\t\t\t\t\t\t\t<i aria-hidden=\"true\" class=\"fas fa-globe\"><\/i>\t\t\t\t\t\t<\/span>\n\t\t\t\t\t\t\t\t\t\t<span class=\"elementor-icon-list-text\">Informationen zum Hundegesetz<\/span>\n\t\t\t\t\t\t\t\t\t\t\t<\/a>\n\t\t\t\t\t\t\t\t\t<\/li>\n\t\t\t\t\t\t<\/ul>\n\t\t\t\t\t\t<\/div>\n\t\t\t\t<\/div>\n\t\t\t\t\t<\/div>\n\t\t<\/div>\n\t\t\t\t\t<\/div>\n\t\t<\/section>\n\t\t\t\t<section class=\"elementor-section elementor-top-section elementor-element elementor-element-665d8a9 elementor-section-boxed elementor-section-height-default elementor-section-height-default\" data-id=\"665d8a9\" data-element_type=\"section\" data-e-type=\"section\">\n\t\t\t\t\t\t<div class=\"elementor-container elementor-column-gap-default\">\n\t\t\t\t\t<div class=\"elementor-column elementor-col-100 elementor-top-column elementor-element elementor-element-748cdfd\" data-id=\"748cdfd\" data-element_type=\"column\" data-e-type=\"column\">\n\t\t\t<div class=\"elementor-widget-wrap elementor-element-populated\">\n\t\t\t\t\t\t<div class=\"elementor-element elementor-element-c26a1a8 elementor-widget elementor-widget-heading\" data-id=\"c26a1a8\" data-element_type=\"widget\" data-e-type=\"widget\" data-widget_type=\"heading.default\">\n\t\t\t\t<div class=\"elementor-widget-container\">\n\t\t\t\t\t<h2 class=\"elementor-heading-title elementor-size-default\">Steuers\u00e4tze<\/h2>\t\t\t\t<\/div>\n\t\t\t\t<\/div>\n\t\t\t\t<div class=\"elementor-element elementor-element-d7530b0 elementor-widget elementor-widget-text-editor\" data-id=\"d7530b0\" data-element_type=\"widget\" data-e-type=\"widget\" data-widget_type=\"text-editor.default\">\n\t\t\t\t<div class=\"elementor-widget-container\">\n\t\t\t\t\t\t\t\t\tGem\u00e4\u00df \u00a7 3 der Hundesteuersatzung der Gemeinde Adendorf betr\u00e4gt die Steuer j\u00e4hrlich:\n<table style=\"width: 550px; margin-left: 20px;\">\n<tbody>\n<tr>\n<td>a)<\/td>\n<td>f\u00fcr den ersten Hund<\/td>\n<td style=\"text-align: right;\">60,00 Euro<\/td>\n<\/tr>\n<tr>\n<td>b)<\/td>\n<td>f\u00fcr den zweiten Hund<\/td>\n<td style=\"text-align: right;\">100,00 Euro<\/td>\n<\/tr>\n<tr>\n<td>c)<\/td>\n<td>f\u00fcr jeden weiteren Hund<\/td>\n<td style=\"text-align: right;\">140,00 Euro<\/td>\n<\/tr>\n<tr>\n<td>d)<\/td>\n<td>f\u00fcr den ersten gef\u00e4hrlichen Hund<\/td>\n<td style=\"text-align: right;\">600,00 Euro<\/td>\n<\/tr>\n<tr>\n<td>e)<\/td>\n<td>f\u00fcr jeden weiteren gef\u00e4hrlichen Hund<\/td>\n<td style=\"text-align: right;\">700,00 Euro<\/td>\n<\/tr>\n<tr>\n<td colspan=\"3\"><small style=\"font-style: italic;\">Angaben ohne Gew\u00e4hr<\/small><\/td>\n<\/tr>\n<\/tbody>\n<\/table>\t\t\t\t\t\t\t\t<\/div>\n\t\t\t\t<\/div>\n\t\t\t\t\t<\/div>\n\t\t<\/div>\n\t\t\t\t\t<\/div>\n\t\t<\/section>\n\t\t\t\t<\/div>\n\t\t","protected":false},"excerpt":{"rendered":"<p>Liebe Hundehalterin, lieber Hundehalter! Sie haben sich entschlossen, in der Gemeinde Adendorf einen Hund zu halten. Der sicherlich gro\u00dfen Freude, die Ihnen dieses Tier bereitet und auch k\u00fcnftig bereiten soll, stehen auf der anderen Seite aber auch Verpflichtungen gegen\u00fcber. Neben den sich aus dem Nieders\u00e4chsischen Hundegesetz (NHundG) ergebenden Rechten und [&hellip;]<\/p>\n","protected":false},"author":1,"featured_media":0,"parent":1076,"menu_order":0,"comment_status":"closed","ping_status":"closed","template":"page-templates\/template-pagebuilder-full-width.php","meta":{"footnotes":""},"class_list":["post-599","page","type-page","status-publish","hentry"],"publishpress_future_workflow_manual_trigger":{"enabledWorkflows":[]},"rttpg_featured_image_url":null,"rttpg_author":{"display_name":"Adendorf","author_link":"https:\/\/www.adendorf.de\/1\/author\/marco-brede\/"},"rttpg_comment":0,"rttpg_category":null,"rttpg_excerpt":"Liebe Hundehalterin, lieber Hundehalter! Sie haben sich entschlossen, in der Gemeinde Adendorf einen Hund zu halten. Der sicherlich gro\u00dfen Freude, die Ihnen dieses Tier bereitet und auch k\u00fcnftig bereiten soll, stehen auf der anderen Seite aber auch Verpflichtungen gegen\u00fcber. Neben den sich aus dem Nieders\u00e4chsischen Hundegesetz (NHundG) ergebenden Rechten und [&hellip;]","_links":{"self":[{"href":"https:\/\/www.adendorf.de\/1\/wp-json\/wp\/v2\/pages\/599","targetHints":{"allow":["GET"]}}],"collection":[{"href":"https:\/\/www.adendorf.de\/1\/wp-json\/wp\/v2\/pages"}],"about":[{"href":"https:\/\/www.adendorf.de\/1\/wp-json\/wp\/v2\/types\/page"}],"author":[{"embeddable":true,"href":"https:\/\/www.adendorf.de\/1\/wp-json\/wp\/v2\/users\/1"}],"replies":[{"embeddable":true,"href":"https:\/\/www.adendorf.de\/1\/wp-json\/wp\/v2\/comments?post=599"}],"version-history":[{"count":63,"href":"https:\/\/www.adendorf.de\/1\/wp-json\/wp\/v2\/pages\/599\/revisions"}],"predecessor-version":[{"id":9031,"href":"https:\/\/www.adendorf.de\/1\/wp-json\/wp\/v2\/pages\/599\/revisions\/9031"}],"up":[{"embeddable":true,"href":"https:\/\/www.adendorf.de\/1\/wp-json\/wp\/v2\/pages\/1076"}],"wp:attachment":[{"href":"https:\/\/www.adendorf.de\/1\/wp-json\/wp\/v2\/media?parent=599"}],"curies":[{"name":"wp","href":"https:\/\/api.w.org\/{rel}","templated":true}]}}