{"id":613,"date":"2019-03-15T07:33:02","date_gmt":"2019-03-15T06:33:02","guid":{"rendered":"http:\/\/www.adendorf.de\/1\/?page_id=613"},"modified":"2020-04-21T09:30:05","modified_gmt":"2020-04-21T07:30:05","slug":"spielplaetze","status":"publish","type":"page","link":"https:\/\/www.adendorf.de\/1\/aktiv-in-adendorf\/dorfleben\/spielplaetze\/","title":{"rendered":"Spielpl\u00e4tze"},"content":{"rendered":"\t\t<div data-elementor-type=\"wp-post\" data-elementor-id=\"613\" class=\"elementor elementor-613\">\n\t\t\t\t\t\t<section class=\"elementor-section elementor-top-section elementor-element elementor-element-822fab5 elementor-section-boxed elementor-section-height-default elementor-section-height-default\" data-id=\"822fab5\" data-element_type=\"section\" data-e-type=\"section\">\n\t\t\t\t\t\t<div class=\"elementor-container elementor-column-gap-default\">\n\t\t\t\t\t<div class=\"elementor-column elementor-col-100 elementor-top-column elementor-element elementor-element-44d5c36\" data-id=\"44d5c36\" data-element_type=\"column\" data-e-type=\"column\">\n\t\t\t<div class=\"elementor-widget-wrap elementor-element-populated\">\n\t\t\t\t\t\t<div class=\"elementor-element elementor-element-87d8cac elementor-widget elementor-widget-heading\" data-id=\"87d8cac\" data-element_type=\"widget\" data-e-type=\"widget\" data-widget_type=\"heading.default\">\n\t\t\t\t<div class=\"elementor-widget-container\">\n\t\t\t\t\t<h1 class=\"elementor-heading-title elementor-size-default\">Spielpl\u00e4tze<\/h1>\t\t\t\t<\/div>\n\t\t\t\t<\/div>\n\t\t\t\t<div class=\"elementor-element elementor-element-f3d18b7 elementor-widget elementor-widget-text-editor\" data-id=\"f3d18b7\" data-element_type=\"widget\" data-e-type=\"widget\" data-widget_type=\"text-editor.default\">\n\t\t\t\t<div class=\"elementor-widget-container\">\n\t\t\t\t\t\t\t\t\t<p>Hier finden Sie die \u00f6ffentliche Spielpl\u00e4tze in der Gemeinde Adendorf:<\/p>\t\t\t\t\t\t\t\t<\/div>\n\t\t\t\t<\/div>\n\t\t\t\t<div class=\"elementor-element elementor-element-a24e0e7 elementor-widget elementor-widget-html\" data-id=\"a24e0e7\" data-element_type=\"widget\" data-e-type=\"widget\" data-widget_type=\"html.default\">\n\t\t\t\t<div class=\"elementor-widget-container\">\n\t\t\t\t\t<ul>\n    <li>Am Golfplatz<\/li>\n    <li>Am L\u00fcner Holz<\/li>\n    <li>Am Sportplatz \/ Scharnebecker Weg<\/li>\n    <li>Bonnestra\u00dfe<\/li>\n    <li>B\u00f6ttcherstra\u00dfe<\/li>\n    <li>Erbstorf<\/li>\n    <li>Fontaneweg<\/li>\n    <li>Kornblumenweg (Acht \u00c4cker)<\/li>\n    <li>Maria- Montessori- Stra\u00dfe<\/li>\n    <li>Pfarrer- Kneipp- Weg<\/li>\n    <li>Pflugweg<\/li>\n    <li>R\u00f6ntgenstra\u00dfe<\/li>\n    <li>Schule Dorfstra\u00dfe<\/li>\n    <li>Schule Weinbergsweg<\/li>\n    <li>Zum Wei\u00dfenstein<\/li>\n    <li>Skaterbahn<\/li>\n<\/ul>\t\t\t\t<\/div>\n\t\t\t\t<\/div>\n\t\t\t\t\t<\/div>\n\t\t<\/div>\n\t\t\t\t\t<\/div>\n\t\t<\/section>\n\t\t\t\t<section class=\"elementor-section elementor-top-section elementor-element elementor-element-f656fb8 elementor-section-boxed elementor-section-height-default elementor-section-height-default\" data-id=\"f656fb8\" data-element_type=\"section\" data-e-type=\"section\">\n\t\t\t\t\t\t<div class=\"elementor-container elementor-column-gap-default\">\n\t\t\t\t\t<div class=\"elementor-column elementor-col-100 elementor-top-column elementor-element elementor-element-1490b31\" data-id=\"1490b31\" data-element_type=\"column\" data-e-type=\"column\">\n\t\t\t<div class=\"elementor-widget-wrap elementor-element-populated\">\n\t\t\t\t\t\t<div class=\"elementor-element elementor-element-72a177f elementor-widget elementor-widget-html\" data-id=\"72a177f\" data-element_type=\"widget\" data-e-type=\"widget\" data-widget_type=\"html.default\">\n\t\t\t\t<div class=\"elementor-widget-container\">\n\t\t\t\t\t<iframe src=\"https:\/\/www.google.com\/maps\/d\/u\/0\/embed?mid=19YIA4r6pzh7svImy7mvw0JhHkbBvuEMH\" width=\"640\" height=\"700\"><\/iframe>\t\t\t\t<\/div>\n\t\t\t\t<\/div>\n\t\t\t\t\t<\/div>\n\t\t<\/div>\n\t\t\t\t\t<\/div>\n\t\t<\/section>\n\t\t\t\t<section class=\"elementor-section elementor-top-section elementor-element elementor-element-2923b5a elementor-section-boxed elementor-section-height-default elementor-section-height-default\" data-id=\"2923b5a\" data-element_type=\"section\" data-e-type=\"section\">\n\t\t\t\t\t\t<div class=\"elementor-container elementor-column-gap-default\">\n\t\t\t\t\t<div class=\"elementor-column elementor-col-100 elementor-top-column elementor-element elementor-element-3530adb\" data-id=\"3530adb\" data-element_type=\"column\" data-e-type=\"column\">\n\t\t\t<div class=\"elementor-widget-wrap elementor-element-populated\">\n\t\t\t\t\t\t<div class=\"elementor-element elementor-element-c2d38d0 spielplatz_galerie elementor-widget elementor-widget-image-gallery\" data-id=\"c2d38d0\" data-element_type=\"widget\" data-e-type=\"widget\" data-widget_type=\"image-gallery.default\">\n\t\t\t\t<div class=\"elementor-widget-container\">\n\t\t\t\t\t\t\t<div class=\"elementor-image-gallery\">\n\t\t\t\n\t\t<style type=\"text\/css\">\n\t\t\t#gallery-1 {\n\t\t\t\tmargin: auto;\n\t\t\t}\n\t\t\t#gallery-1 .gallery-item {\n\t\t\t\tfloat: left;\n\t\t\t\tmargin-top: 10px;\n\t\t\t\ttext-align: center;\n\t\t\t\twidth: 25%;\n\t\t\t}\n\t\t\t#gallery-1 img {\n\t\t\t\tborder: 2px solid #cfcfcf;\n\t\t\t}\n\t\t\t#gallery-1 .gallery-caption {\n\t\t\t\tmargin-left: 0;\n\t\t\t}\n\t\t\t\/* see gallery_shortcode() in wp-includes\/media.php *\/\n\t\t<\/style>\n\t\t<div id='gallery-1' class='gallery galleryid-613 gallery-columns-4 gallery-size-medium_large'><dl class='gallery-item'>\n\t\t\t<dt class='gallery-icon landscape'>\n\t\t\t\t<a data-elementor-open-lightbox=\"yes\" data-elementor-lightbox-slideshow=\"c2d38d0\" data-elementor-lightbox-title=\"Spielplatz am Golfplatz2\" data-e-action-hash=\"#elementor-action%3Aaction%3Dlightbox%26settings%3DeyJpZCI6MTQ2OSwidXJsIjoiaHR0cHM6XC9cL3d3dy5hZGVuZG9yZi5kZVwvMVwvd3AtY29udGVudFwvdXBsb2Fkc1wvMjAxOVwvMDZcL1NwaWVscGxhdHotYW0tR29sZnBsYXR6Mi5qcGciLCJzbGlkZXNob3ciOiJjMmQzOGQwIn0%3D\" href='https:\/\/www.adendorf.de\/1\/wp-content\/uploads\/2019\/06\/Spielplatz-am-Golfplatz2.jpg'><img fetchpriority=\"high\" decoding=\"async\" width=\"750\" height=\"500\" src=\"https:\/\/www.adendorf.de\/1\/wp-content\/uploads\/2019\/06\/Spielplatz-am-Golfplatz2-768x512.jpg\" class=\"attachment-medium_large size-medium_large\" alt=\"\" aria-describedby=\"gallery-1-1469\" srcset=\"https:\/\/www.adendorf.de\/1\/wp-content\/uploads\/2019\/06\/Spielplatz-am-Golfplatz2-768x512.jpg 768w, https:\/\/www.adendorf.de\/1\/wp-content\/uploads\/2019\/06\/Spielplatz-am-Golfplatz2-300x200.jpg 300w, https:\/\/www.adendorf.de\/1\/wp-content\/uploads\/2019\/06\/Spielplatz-am-Golfplatz2-1024x683.jpg 1024w, https:\/\/www.adendorf.de\/1\/wp-content\/uploads\/2019\/06\/Spielplatz-am-Golfplatz2-360x240.jpg 360w\" sizes=\"(max-width: 750px) 100vw, 750px\" \/><\/a>\n\t\t\t<\/dt>\n\t\t\t\t<dd class='wp-caption-text gallery-caption' id='gallery-1-1469'>\n\t\t\t\tSpielplatz am Golfplatz\n\t\t\t\t<\/dd><\/dl><dl class='gallery-item'>\n\t\t\t<dt class='gallery-icon landscape'>\n\t\t\t\t<a data-elementor-open-lightbox=\"yes\" data-elementor-lightbox-slideshow=\"c2d38d0\" data-elementor-lightbox-title=\"Spielplatz_Weinbergsweg\" data-e-action-hash=\"#elementor-action%3Aaction%3Dlightbox%26settings%3DeyJpZCI6MTQ3MCwidXJsIjoiaHR0cHM6XC9cL3d3dy5hZGVuZG9yZi5kZVwvMVwvd3AtY29udGVudFwvdXBsb2Fkc1wvMjAxOVwvMDZcL1NwaWVscGxhdHpfV2VpbmJlcmdzd2VnLmpwZyIsInNsaWRlc2hvdyI6ImMyZDM4ZDAifQ%3D%3D\" href='https:\/\/www.adendorf.de\/1\/wp-content\/uploads\/2019\/06\/Spielplatz_Weinbergsweg.jpg'><img decoding=\"async\" width=\"750\" height=\"500\" src=\"https:\/\/www.adendorf.de\/1\/wp-content\/uploads\/2019\/06\/Spielplatz_Weinbergsweg-768x512.jpg\" class=\"attachment-medium_large size-medium_large\" alt=\"\" aria-describedby=\"gallery-1-1470\" srcset=\"https:\/\/www.adendorf.de\/1\/wp-content\/uploads\/2019\/06\/Spielplatz_Weinbergsweg-768x512.jpg 768w, https:\/\/www.adendorf.de\/1\/wp-content\/uploads\/2019\/06\/Spielplatz_Weinbergsweg-300x200.jpg 300w, https:\/\/www.adendorf.de\/1\/wp-content\/uploads\/2019\/06\/Spielplatz_Weinbergsweg-1024x683.jpg 1024w, https:\/\/www.adendorf.de\/1\/wp-content\/uploads\/2019\/06\/Spielplatz_Weinbergsweg-360x240.jpg 360w\" sizes=\"(max-width: 750px) 100vw, 750px\" \/><\/a>\n\t\t\t<\/dt>\n\t\t\t\t<dd class='wp-caption-text gallery-caption' id='gallery-1-1470'>\n\t\t\t\tSpielplatz Weinbergsweg\n\t\t\t\t<\/dd><\/dl>\n\t\t\t<br style='clear: both' \/>\n\t\t<\/div>\n\t\t<\/div>\n\t\t\t\t\t\t<\/div>\n\t\t\t\t<\/div>\n\t\t\t\t\t<\/div>\n\t\t<\/div>\n\t\t\t\t\t<\/div>\n\t\t<\/section>\n\t\t\t\t<\/div>\n\t\t","protected":false},"excerpt":{"rendered":"<p>Spielpl\u00e4tze Hier finden Sie die \u00f6ffentliche Spielpl\u00e4tze in der Gemeinde Adendorf: Am Golfplatz Am L\u00fcner Holz Am Sportplatz \/ Scharnebecker Weg Bonnestra\u00dfe B\u00f6ttcherstra\u00dfe Erbstorf Fontaneweg Kornblumenweg (Acht \u00c4cker) Maria- Montessori- Stra\u00dfe Pfarrer- Kneipp- Weg Pflugweg R\u00f6ntgenstra\u00dfe Schule Dorfstra\u00dfe Schule Weinbergsweg Zum Wei\u00dfenstein Skaterbahn Spielplatz am Golfplatz Spielplatz Weinbergsweg<\/p>\n","protected":false},"author":1,"featured_media":0,"parent":746,"menu_order":0,"comment_status":"closed","ping_status":"closed","template":"page-templates\/template-pagebuilder-full-width.php","meta":{"footnotes":""},"class_list":["post-613","page","type-page","status-publish","hentry"],"publishpress_future_workflow_manual_trigger":{"enabledWorkflows":[]},"rttpg_featured_image_url":null,"rttpg_author":{"display_name":"Adendorf","author_link":"https:\/\/www.adendorf.de\/1\/author\/marco-brede\/"},"rttpg_comment":0,"rttpg_category":null,"rttpg_excerpt":"Spielpl\u00e4tze Hier finden Sie die \u00f6ffentliche Spielpl\u00e4tze in der Gemeinde Adendorf: Am Golfplatz Am L\u00fcner Holz Am Sportplatz \/ Scharnebecker Weg Bonnestra\u00dfe B\u00f6ttcherstra\u00dfe Erbstorf Fontaneweg Kornblumenweg (Acht \u00c4cker) Maria- Montessori- Stra\u00dfe Pfarrer- Kneipp- Weg Pflugweg R\u00f6ntgenstra\u00dfe Schule Dorfstra\u00dfe Schule Weinbergsweg Zum Wei\u00dfenstein Skaterbahn Spielplatz am Golfplatz Spielplatz Weinbergsweg","_links":{"self":[{"href":"https:\/\/www.adendorf.de\/1\/wp-json\/wp\/v2\/pages\/613","targetHints":{"allow":["GET"]}}],"collection":[{"href":"https:\/\/www.adendorf.de\/1\/wp-json\/wp\/v2\/pages"}],"about":[{"href":"https:\/\/www.adendorf.de\/1\/wp-json\/wp\/v2\/types\/page"}],"author":[{"embeddable":true,"href":"https:\/\/www.adendorf.de\/1\/wp-json\/wp\/v2\/users\/1"}],"replies":[{"embeddable":true,"href":"https:\/\/www.adendorf.de\/1\/wp-json\/wp\/v2\/comments?post=613"}],"version-history":[{"count":23,"href":"https:\/\/www.adendorf.de\/1\/wp-json\/wp\/v2\/pages\/613\/revisions"}],"predecessor-version":[{"id":2504,"href":"https:\/\/www.adendorf.de\/1\/wp-json\/wp\/v2\/pages\/613\/revisions\/2504"}],"up":[{"embeddable":true,"href":"https:\/\/www.adendorf.de\/1\/wp-json\/wp\/v2\/pages\/746"}],"wp:attachment":[{"href":"https:\/\/www.adendorf.de\/1\/wp-json\/wp\/v2\/media?parent=613"}],"curies":[{"name":"wp","href":"https:\/\/api.w.org\/{rel}","templated":true}]}}