{"id":685,"date":"2019-04-02T15:42:22","date_gmt":"2019-04-02T13:42:22","guid":{"rendered":"http:\/\/www.adendorf.de\/1\/?page_id=685"},"modified":"2023-01-30T15:42:03","modified_gmt":"2023-01-30T14:42:03","slug":"sonstiges","status":"publish","type":"page","link":"https:\/\/www.adendorf.de\/1\/verwaltung\/sonstiges\/","title":{"rendered":"Sonstiges"},"content":{"rendered":"\t\t<div data-elementor-type=\"wp-post\" data-elementor-id=\"685\" class=\"elementor elementor-685\">\n\t\t\t\t\t\t<section class=\"elementor-section elementor-top-section elementor-element elementor-element-d5cd464 elementor-section-boxed elementor-section-height-default elementor-section-height-default\" data-id=\"d5cd464\" data-element_type=\"section\" data-e-type=\"section\">\n\t\t\t\t\t\t<div class=\"elementor-container elementor-column-gap-default\">\n\t\t\t\t\t<div class=\"elementor-column elementor-col-100 elementor-top-column elementor-element elementor-element-10a8351\" data-id=\"10a8351\" data-element_type=\"column\" data-e-type=\"column\">\n\t\t\t<div class=\"elementor-widget-wrap elementor-element-populated\">\n\t\t\t\t\t\t<div class=\"elementor-element elementor-element-448b227 elementor-widget elementor-widget-heading\" data-id=\"448b227\" data-element_type=\"widget\" data-e-type=\"widget\" data-widget_type=\"heading.default\">\n\t\t\t\t<div class=\"elementor-widget-container\">\n\t\t\t\t\t<h2 class=\"elementor-heading-title elementor-size-default\">Rat der Gemeinde Adendorf beschlie\u00dft Beitritt zur Initiative \u201eLebenswerte St\u00e4dte durch angemessene Geschwindigkeiten\u201c<\/h2>\t\t\t\t<\/div>\n\t\t\t\t<\/div>\n\t\t\t\t<div class=\"elementor-element elementor-element-71d3742 elementor-widget elementor-widget-text-editor\" data-id=\"71d3742\" data-element_type=\"widget\" data-e-type=\"widget\" data-widget_type=\"text-editor.default\">\n\t\t\t\t<div class=\"elementor-widget-container\">\n\t\t\t\t\t\t\t\t\t<p><strong>Mit gro\u00dfer Mehrheit ist die Gemeinde der bundesweiten Initiative beigetreten.<\/strong><\/p><p>Immer mehr St\u00e4dte und Gemeinden sprechen sich f\u00fcr Tempo 30 innerorts aus \u2013 auch auf ausgew\u00e4hlten Hauptverkehrsstra\u00dfen. Ziel ist es, die Verkehrssicherheit zu erh\u00f6hen, L\u00e4rm- und Schadstoffbelastungen zu reduzieren und den \u00f6ffentlichen Raum neu zu beleben. Der Rat der Gemeinde hat in seiner Sitzung am Donnerstag, 1. September 2022, beschlossen, dass die Gemeinde Adendorf der Initiative beitreten wird.<\/p><p>Die Initiative fordert den Bund auf, die rechtlichen Voraussetzungen daf\u00fcr zu schaffen, dass Kommunen Tempo 30 als H\u00f6chstgeschwindigkeit innerorts anordnen k\u00f6nnen, wo sie es f\u00fcr notwendig halten. Derzeit legt der \u00a745 der Stra\u00dfenverkehrs-Ordnung (StVO) &#8211; ein Bundesgesetz &#8211; fest, dass Tempo 30 nur bei konkreten Gef\u00e4hrdungen bzw. vor sozialen Einrichtungen wie beispielsweise Kinderg\u00e4rten oder Altenheimen angeordnet werden kann.<\/p><p>Weitere Informationen unter <a href=\"https:\/\/www.lebenswerte-staedte.de\/\" target=\"_blank\" rel=\"noopener\">https:\/\/www.lebenswerte-staedte.de\/<\/a>.<\/p>\t\t\t\t\t\t\t\t<\/div>\n\t\t\t\t<\/div>\n\t\t\t\t<div class=\"elementor-element elementor-element-6e41ae2 elementor-widget-divider--view-line elementor-widget elementor-widget-divider\" data-id=\"6e41ae2\" data-element_type=\"widget\" data-e-type=\"widget\" data-widget_type=\"divider.default\">\n\t\t\t\t<div class=\"elementor-widget-container\">\n\t\t\t\t\t\t\t<div class=\"elementor-divider\">\n\t\t\t<span class=\"elementor-divider-separator\">\n\t\t\t\t\t\t<\/span>\n\t\t<\/div>\n\t\t\t\t\t\t<\/div>\n\t\t\t\t<\/div>\n\t\t\t\t\t<\/div>\n\t\t<\/div>\n\t\t\t\t\t<\/div>\n\t\t<\/section>\n\t\t\t\t<section class=\"elementor-section elementor-top-section elementor-element elementor-element-fbe8db9 elementor-section-boxed elementor-section-height-default elementor-section-height-default\" data-id=\"fbe8db9\" data-element_type=\"section\" data-e-type=\"section\">\n\t\t\t\t\t\t<div class=\"elementor-container elementor-column-gap-default\">\n\t\t\t\t\t<div class=\"elementor-column elementor-col-100 elementor-top-column elementor-element elementor-element-b9ef9d2\" data-id=\"b9ef9d2\" data-element_type=\"column\" data-e-type=\"column\">\n\t\t\t<div class=\"elementor-widget-wrap elementor-element-populated\">\n\t\t\t\t\t\t<div class=\"elementor-element elementor-element-8286f6d elementor-widget elementor-widget-heading\" data-id=\"8286f6d\" data-element_type=\"widget\" data-e-type=\"widget\" data-widget_type=\"heading.default\">\n\t\t\t\t<div class=\"elementor-widget-container\">\n\t\t\t\t\t<h2 class=\"elementor-heading-title elementor-size-default\">Fairtrade-Town Adendorf<\/h2>\t\t\t\t<\/div>\n\t\t\t\t<\/div>\n\t\t\t\t<div class=\"elementor-element elementor-element-dec54db elementor-widget elementor-widget-text-editor\" data-id=\"dec54db\" data-element_type=\"widget\" data-e-type=\"widget\" data-widget_type=\"text-editor.default\">\n\t\t\t\t<div class=\"elementor-widget-container\">\n\t\t\t\t\t\t\t\t\t<div class=\"blubox-jck\"><p><strong>B\u00fcrgerverein regt Zertifizierung als Fairtrade-Kommune an <\/strong><\/p><p>Die Vorsitzende des B\u00fcrgervereins Adendorf, Frau Gundula Meyer, regte auf der gestrigen Ratssitzung am 25. August 2017 an, dass der Gemeinderat einen Beschluss dar\u00fcber fassen m\u00f6ge, dass Adendorf sich um die Auszeichnung \u201eFairtrade-Town\u201c bewerbe. B\u00fcrgermeister Thomas Maack sicherte zu, dass die Verwaltung die Voraussetzungen f\u00fcr die Zertifizierung als \u201eFairtrade-Town\u201c pr\u00fcfen werde und dem Gemeinderat das Ergebnis vorlegen werde. Insgesamt seien f\u00fcnf Kriterien zu erf\u00fcllen. Hierbei geht es insbesondere darum, dass m\u00f6glichst viele Akteure aus der Gemeinde (Einzelhandel, Restaurants, Kultur- und Bildungseinrichtungen &amp; Vereine) sich aktiv mit dem Thema Fairtrade befassen und entsprechende Produkte anbieten.<\/p><\/div><div class=\"blubox-jck\"><p><strong>Rat ber\u00e4t \u00fcber die Teilnahme an der Kampagne \u201eFairtrade-Town\u201c <\/strong><\/p><p>Auf der kommenden Ratssitzung des Gemeinderates am 06.04.2017 wird unter Tagesordnungspunkt 14 \u00fcber die Teilnahme Adendorfs an der Kampagne \u201eFairtrade-Towns\u201c beraten. Sofern der Gemeinderat zustimmt, wird sich eine Steuerungsgruppe gr\u00fcnden und die Kriterien f\u00fcr die Aufnahme in den Kreis der Fairtrade-Towns abarbeiten. Ziel ist es, den fairen Handel als festen Bestandteil Adendorfs zu integrieren.<\/p><\/div><div class=\"blubox-jck\"><p><strong>Gemeinderat bef\u00fcrwortet Teilnahme an \u201eFairtrade-Kampagne\u201c <\/strong><\/p><p>Auf der gestrigen Ratssitzung (06.04.2017) hat sich der Rat der Gemeinde Adendorf einstimmig daf\u00fcr ausgesprochen, an der Kampagne \u201eFairtrade-Towns\u201c teilzunehmen. Jetzt wird \u00fcber die Verwaltung eine Steuerungsgruppe eingeladen, die sich aus folgenden Partnern zusammensetzt:<\/p><ul><li>F\u00fcr die Zivilgesellschaft: 1 Vertreter des B\u00fcrgervereins &amp; 1 Vertreter der Kirche<\/li><li>F\u00fcr die Wirtschaft: 1 Vertreter der Werbegemeinschaft<\/li><li>F\u00fcr die Politik: 3 Vertreter aus dem Gemeinderat<\/li><\/ul><\/div><div class=\"blubox-jck\"><p><strong>Erste Sitzung der Steuerungsgruppe<\/strong><\/p><p>Am heutigen Tag (23.05.2017) fand die erste Sitzung der Steuerungsgruppe \u201eFairtrade-Town\u201c statt. Auf der konstituierenden Sitzung wurde Frau Gundula Meyer (B\u00fcrgerverein) zur Sprecherin der Steuerungsgruppe benannt. Gemeinsam wurden auf der Sitzung besprochen, wie die Unterlagen f\u00fcr die Zertifizierung zusammengestellt werden. Ziel ist es, bis Ende des Jahres 2017 die Unterlagen f\u00fcr die Zertifizierung abgegeben zu haben. Insbesondere geht es hierbei um die Nachweise von Kooperationspartnern aus den Bereichen Zivilgesellschaft, Einzelhandel und Gastronomie, dass diese sich mit Produkten aus dem fairen Handel an der Kampagne beteiligen.<\/p><\/div><div class=\"blubox-jck\"><p><strong>Bewerbungsunterlagen sind vollst\u00e4ndig<\/strong><\/p><p>Am 01.11.2017 trafen die letzten Nachweise der Kooperationspartner im Rathaus ein. Die Unterlagen f\u00fcr die Beantragung der Zertifizierung zur \u201eFairtrade-Town\u201c werden jetzt aufbereitet und in den n\u00e4chsten Tagen an die Zertifizierungsstelle versandt. Interessierte Unternehmen und Personen, welche die Steuerungsgruppe zuk\u00fcnftig bei ihrer Arbeit unterst\u00fctzen m\u00f6chten, melden sich gerne bei der Sprecherin der Steuerungsgruppe Frau Gundula Meyer: <span id=\"cloak847a5349fce39c4316dcd964e533b392\"><a href=\"&#109;&#x61;&#105;&#x6c;&#116;&#x6f;&#58;&#x69;&#110;&#x66;&#111;&#x40;b&#x75;e&#x72;g&#x65;r&#x76;e&#x72;e&#105;&#x6e;&#45;&#x61;&#100;&#x65;&#110;&#x64;&#111;&#x72;&#102;&#x2e;&#100;&#x65;\">i&#110;&#102;&#x6f;&#x40;b&#117;&#101;&#x72;&#x67;&#x65;r&#118;&#101;&#x72;&#x65;in&#45;&#x61;&#x64;&#x65;n&#100;&#111;&#x72;&#x66;&#46;d&#101;<\/a><\/span><\/p><p><strong>Adendorf hat&#8217;s: Aufnahme als fair Trade Town<\/strong><br \/>Auf Initiative der 1. Vorsitzenden des B\u00fcrgervereins Adendorf e.V. hat der Rat der Gemeinde Adendorf im August 2017 einstimmig beschlossen, sich um den Titel \u201eFair Trade Town\u201c zu bewerben. Fairtrade-Towns f\u00f6rdern gezielt den fairen Handel auf kommunaler Ebene. Zu diesem Zweck hat sich eine Steuerungsgruppe, bestehend aus Vertretern aus Politik, Gemeindeverwaltung, B\u00fcrgerverein, Einzelhandel und Kirche zusammengetan, um die aktuellen Aktivit\u00e4ten zum Fairen Handel zusammenzutragen. Am 7. M\u00e4rz 2019 erhielt B\u00fcrgermeister Thomas Maack die gute Nachricht, dass alle Kriterien f\u00fcr die Verleihung des Titels erf\u00fcllt sind. Die \u00dcbergabe der Urkunde wird im September feierlich im Rahmen einer Informationsveranstaltung \u00fcber Produkte aus fairem Handel und den Arbeitsbedingungen der Menschen vor Ort in der Bibliothek in Adendorf stattfinden.<\/p><\/div>\t\t\t\t\t\t\t\t<\/div>\n\t\t\t\t<\/div>\n\t\t\t\t\t<\/div>\n\t\t<\/div>\n\t\t\t\t\t<\/div>\n\t\t<\/section>\n\t\t\t\t<\/div>\n\t\t","protected":false},"excerpt":{"rendered":"<p>Rat der Gemeinde Adendorf beschlie\u00dft Beitritt zur Initiative \u201eLebenswerte St\u00e4dte durch angemessene Geschwindigkeiten\u201c Mit gro\u00dfer Mehrheit ist die Gemeinde der bundesweiten Initiative beigetreten. Immer mehr St\u00e4dte und Gemeinden sprechen sich f\u00fcr Tempo 30 innerorts aus \u2013 auch auf ausgew\u00e4hlten Hauptverkehrsstra\u00dfen. Ziel ist es, die Verkehrssicherheit zu erh\u00f6hen, L\u00e4rm- und Schadstoffbelastungen [&hellip;]<\/p>\n","protected":false},"author":1,"featured_media":0,"parent":327,"menu_order":0,"comment_status":"closed","ping_status":"closed","template":"page-templates\/template-pagebuilder-full-width.php","meta":{"footnotes":""},"class_list":["post-685","page","type-page","status-publish","hentry"],"publishpress_future_workflow_manual_trigger":{"enabledWorkflows":[]},"rttpg_featured_image_url":null,"rttpg_author":{"display_name":"Adendorf","author_link":"https:\/\/www.adendorf.de\/1\/author\/marco-brede\/"},"rttpg_comment":0,"rttpg_category":null,"rttpg_excerpt":"Rat der Gemeinde Adendorf beschlie\u00dft Beitritt zur Initiative \u201eLebenswerte St\u00e4dte durch angemessene Geschwindigkeiten\u201c Mit gro\u00dfer Mehrheit ist die Gemeinde der bundesweiten Initiative beigetreten. Immer mehr St\u00e4dte und Gemeinden sprechen sich f\u00fcr Tempo 30 innerorts aus \u2013 auch auf ausgew\u00e4hlten Hauptverkehrsstra\u00dfen. Ziel ist es, die Verkehrssicherheit zu erh\u00f6hen, L\u00e4rm- und Schadstoffbelastungen [&hellip;]","_links":{"self":[{"href":"https:\/\/www.adendorf.de\/1\/wp-json\/wp\/v2\/pages\/685","targetHints":{"allow":["GET"]}}],"collection":[{"href":"https:\/\/www.adendorf.de\/1\/wp-json\/wp\/v2\/pages"}],"about":[{"href":"https:\/\/www.adendorf.de\/1\/wp-json\/wp\/v2\/types\/page"}],"author":[{"embeddable":true,"href":"https:\/\/www.adendorf.de\/1\/wp-json\/wp\/v2\/users\/1"}],"replies":[{"embeddable":true,"href":"https:\/\/www.adendorf.de\/1\/wp-json\/wp\/v2\/comments?post=685"}],"version-history":[{"count":13,"href":"https:\/\/www.adendorf.de\/1\/wp-json\/wp\/v2\/pages\/685\/revisions"}],"predecessor-version":[{"id":7798,"href":"https:\/\/www.adendorf.de\/1\/wp-json\/wp\/v2\/pages\/685\/revisions\/7798"}],"up":[{"embeddable":true,"href":"https:\/\/www.adendorf.de\/1\/wp-json\/wp\/v2\/pages\/327"}],"wp:attachment":[{"href":"https:\/\/www.adendorf.de\/1\/wp-json\/wp\/v2\/media?parent=685"}],"curies":[{"name":"wp","href":"https:\/\/api.w.org\/{rel}","templated":true}]}}