{"id":701,"date":"2019-04-16T11:15:32","date_gmt":"2019-04-16T09:15:32","guid":{"rendered":"http:\/\/www.adendorf.de\/1\/?page_id=701"},"modified":"2019-12-04T15:36:33","modified_gmt":"2019-12-04T14:36:33","slug":"buergermeister","status":"publish","type":"page","link":"https:\/\/www.adendorf.de\/1\/verwaltung\/buergermeister\/","title":{"rendered":"B\u00fcrgermeister"},"content":{"rendered":"\t\t<div data-elementor-type=\"wp-post\" data-elementor-id=\"701\" class=\"elementor elementor-701\">\n\t\t\t\t\t\t<section class=\"elementor-section elementor-top-section elementor-element elementor-element-4f963f3 elementor-section-boxed elementor-section-height-default elementor-section-height-default\" data-id=\"4f963f3\" data-element_type=\"section\" data-e-type=\"section\">\n\t\t\t\t\t\t<div class=\"elementor-container elementor-column-gap-default\">\n\t\t\t\t\t<div class=\"elementor-column elementor-col-100 elementor-top-column elementor-element elementor-element-a3c00de\" data-id=\"a3c00de\" data-element_type=\"column\" data-e-type=\"column\">\n\t\t\t<div class=\"elementor-widget-wrap elementor-element-populated\">\n\t\t\t\t\t\t<div class=\"elementor-element elementor-element-3dffbe6 elementor-widget elementor-widget-heading\" data-id=\"3dffbe6\" data-element_type=\"widget\" data-e-type=\"widget\" data-widget_type=\"heading.default\">\n\t\t\t\t<div class=\"elementor-widget-container\">\n\t\t\t\t\t<h1 class=\"elementor-heading-title elementor-size-default\">Verwaltungsspitze<\/h1>\t\t\t\t<\/div>\n\t\t\t\t<\/div>\n\t\t\t\t<div class=\"elementor-element elementor-element-b39fdac elementor-widget elementor-widget-image\" data-id=\"b39fdac\" data-element_type=\"widget\" data-e-type=\"widget\" data-widget_type=\"image.default\">\n\t\t\t\t<div class=\"elementor-widget-container\">\n\t\t\t\t\t\t\t\t\t\t\t\t<figure class=\"wp-caption\">\n\t\t\t\t\t\t\t\t\t\t<img decoding=\"async\" src=\"https:\/\/www.adendorf.de\/1\/wp-content\/uploads\/elementor\/thumbs\/buergermeister_maack-o6g73lqlcw7ap2fh2vn9gryjcr3mczqevd9w5k38hg.jpg\" title=\"buergermeister_maack\" alt=\"buergermeister_maack\" loading=\"lazy\" \/>\t\t\t\t\t\t\t\t\t\t\t<figcaption class=\"widget-image-caption wp-caption-text\">Thomas Maack<br>B\u00fcrgermeister<\/figcaption>\n\t\t\t\t\t\t\t\t\t\t<\/figure>\n\t\t\t\t\t\t\t\t\t<\/div>\n\t\t\t\t<\/div>\n\t\t\t\t<div class=\"elementor-element elementor-element-9fedb27 elementor-widget elementor-widget-text-editor\" data-id=\"9fedb27\" data-element_type=\"widget\" data-e-type=\"widget\" data-widget_type=\"text-editor.default\">\n\t\t\t\t<div class=\"elementor-widget-container\">\n\t\t\t\t\t\t\t\t\t<p><strong>Liebe Adendorferinnen und Adendorfer,<\/strong><br \/><strong> sehr geehrte G\u00e4ste und Besucher des Adendorfer-Portals,<\/strong><\/p><p>ich begr\u00fc\u00dfe Sie sehr herzlich auf dem Internetauftritt der Gemeinde Adendorf und freue mich \u00fcber Ihr Interesse, sich auf diesem Wege \u00fcber die Gemeinde zu informieren.<\/p><p>Ich lade Sie hiermit ein, die Gemeinde mit ihren Freizeit- und Sportangeboten, den Einrichtungen, Vereinen und Verb\u00e4nden, der Politik und die Verwaltung mit ihrem virtuellen B\u00fcrgerservice und ihren Dienstleistungen in dieser Form n\u00e4her kennenzulernen und einen ersten Eindruck \u00fcber unsere sch\u00f6ne Gemeinde zu erlangen.<\/p><p><strong>Wissenswertes \u00fcber Adendorf<\/strong><\/p><p>In unserer Gemeinde leben rund 10.800 B\u00fcrgerinnen und B\u00fcrger, die in ihrem Lebensumfeld eine umfassende und vielf\u00e4ltige soziale, kulturelle und wirtschaftlich gut funktionierende Infrastruktur vorfinden. Kirchengemeinden, Vereine, Verb\u00e4nde, Organisationen und karitative Institutionen entfalten hier ihre Aktivit\u00e4ten und tragen durch ihr Engagement und ihrer gr\u00f6\u00dftenteils ehrenamtlichen T\u00e4tigkeit f\u00fcr das Gemeinwesen dazu bei, dass sich die Menschen in Adendorf wohlf\u00fchlen. Ein attraktives und umfangreiches Angebot an Krippen, Kinderg\u00e4rten, Schulen, Jugend- und Senioreneinrichtungen, aber auch ein einmaliges Freizeitangebot runden die gute Infrastruktur der Gemeinde Adendorf ab.<\/p><p>So sieht sich die Gemeinde als Sportgemeinde mit \u00fcberregionaler Bedeutung. Besitzen wir doch als Alleinstellungsmerkmal ein eigenes, kommunal betriebenes Eisstadion und ein Freibad in unserer Sportmeile. Flankiert wird dieses durch einen Golfplatz und Fitnessstudios im Ort.<\/p><p>Wirtschaftlich kann Adendorf auf eine starke Gemeinschaft aus Dienstleistungs- und Gewerbebetrieben zur\u00fcckgreifen. Sie stehen f\u00fcr eine umfassende und fachliche Betreuung zur Verf\u00fcgung.<\/p><p>Im Rahmen \u00fcberregionaler Kontakte bestehen St\u00e4dtepartnerschaften mit dem franz\u00f6sischen Canton St. Romain de Colbosc bereits seit 1987 und der polnischen Stadt Wongrowitz seit 2001.<\/p><p>Als musikalisches Angebot steht z. B. die Adendorfer Serenade. Eine Kammermusikreihe mit bis zu acht Konzerten im Jahr, welche von Herbst bis Fr\u00fchjahr in der Johanneskapelle, der Emmauskirche oder in der Bibliothek stattfindet. Zuh\u00f6rer jeden Alters k\u00f6nnen hier hervorragende K\u00fcnstler hautnah erleben.<\/p><p>Das Bildungsangebot umfasst die Grundschule und die Oberschule. Weiterf\u00fchrende Schulen befinden sich gut erreichbar in der Nachbargemeinde Scharnebeck oder der Hansestadt L\u00fcneburg mit verschiedenen Gymnasien. Dar\u00fcber hinaus gibt es zur Erweiterung des Bildungsangebotes eine enge Kooperation der Bibliothek in Adendorf mit den Grundschulen und Kindertageseinrichtungen.<br \/><br \/>Liebe B\u00fcrgerinnen und B\u00fcrger,<br \/>lernen Sie die Gemeinde Adendorf kennen, nutzen Sie gerne die vorgehaltenen Angebote und f\u00fchlen Sie sich in unserer Gemeinde wohl.<\/p><p>Herzlichst Ihr<br \/>Thomas Maack<\/p>\t\t\t\t\t\t\t\t<\/div>\n\t\t\t\t<\/div>\n\t\t\t\t\t<\/div>\n\t\t<\/div>\n\t\t\t\t\t<\/div>\n\t\t<\/section>\n\t\t\t\t<section class=\"elementor-section elementor-top-section elementor-element elementor-element-033f403 elementor-section-boxed elementor-section-height-default elementor-section-height-default\" data-id=\"033f403\" data-element_type=\"section\" data-e-type=\"section\">\n\t\t\t\t\t\t<div class=\"elementor-container elementor-column-gap-default\">\n\t\t\t\t\t<div class=\"elementor-column elementor-col-50 elementor-top-column elementor-element elementor-element-43bf502\" data-id=\"43bf502\" data-element_type=\"column\" data-e-type=\"column\">\n\t\t\t<div class=\"elementor-widget-wrap elementor-element-populated\">\n\t\t\t\t\t\t<div class=\"elementor-element elementor-element-b234bbc elementor-widget elementor-widget-text-editor\" data-id=\"b234bbc\" data-element_type=\"widget\" data-e-type=\"widget\" data-widget_type=\"text-editor.default\">\n\t\t\t\t<div class=\"elementor-widget-container\">\n\t\t\t\t\t\t\t\t\t<p><strong>Kontakt<\/strong><\/p><p>Gemeinde Adendorf<\/p><p>Rathausplatz 14<\/p><p>21365 Adendorf<\/p><p>Telefon: <a href=\"tel:04131980921\">04131 98 09-21<\/a><\/p><p>Telefax: 04131 98 09-56<\/p><p>E-Mail: <a href=\"&#109;&#x61;i&#x6c;&#x74;&#111;&#x3a;t&#x68;&#x6f;&#109;&#x61;s&#x2e;&#x6d;&#97;&#x61;c&#x6b;&#x40;&#97;&#x64;e&#x6e;&#x64;&#111;&#x72;f&#x2e;&#x64;&#101;\">&#116;&#x68;&#111;&#x6d;a&#115;&#x2e;&#109;&#x61;a&#x63;k&#64;&#x61;&#100;&#x65;n&#x64;&#x6f;&#114;&#x66;&#46;&#x64;e<\/a><\/p><p>Internet: <a href=\"https:\/\/www.adendorf.de\" target=\"_blank\" rel=\"noopener\">https:\/\/www.adendorf.de<\/a><\/p>\t\t\t\t\t\t\t\t<\/div>\n\t\t\t\t<\/div>\n\t\t\t\t\t<\/div>\n\t\t<\/div>\n\t\t\t\t<div class=\"elementor-column elementor-col-50 elementor-top-column elementor-element elementor-element-1c0cc41\" data-id=\"1c0cc41\" data-element_type=\"column\" data-e-type=\"column\">\n\t\t\t<div class=\"elementor-widget-wrap elementor-element-populated\">\n\t\t\t\t\t\t<div class=\"elementor-element elementor-element-b14e2cd elementor-widget elementor-widget-google_maps\" data-id=\"b14e2cd\" data-element_type=\"widget\" data-e-type=\"widget\" data-widget_type=\"google_maps.default\">\n\t\t\t\t<div class=\"elementor-widget-container\">\n\t\t\t\t\t\t\t<div class=\"elementor-custom-embed\">\n\t\t\t<iframe loading=\"lazy\"\n\t\t\t\t\tsrc=\"https:\/\/maps.google.com\/maps?q=Gemeinde%20Adendorf%2C%20Rathausplatz%2014%2C%2021365%20Adendorf&#038;t=m&#038;z=15&#038;output=embed&#038;iwloc=near\"\n\t\t\t\t\ttitle=\"Gemeinde Adendorf, Rathausplatz 14, 21365 Adendorf\"\n\t\t\t\t\taria-label=\"Gemeinde Adendorf, Rathausplatz 14, 21365 Adendorf\"\n\t\t\t><\/iframe>\n\t\t<\/div>\n\t\t\t\t\t\t<\/div>\n\t\t\t\t<\/div>\n\t\t\t\t\t<\/div>\n\t\t<\/div>\n\t\t\t\t\t<\/div>\n\t\t<\/section>\n\t\t\t\t<\/div>\n\t\t","protected":false},"excerpt":{"rendered":"<p>Verwaltungsspitze Thomas MaackB\u00fcrgermeister Liebe Adendorferinnen und Adendorfer, sehr geehrte G\u00e4ste und Besucher des Adendorfer-Portals, ich begr\u00fc\u00dfe Sie sehr herzlich auf dem Internetauftritt der Gemeinde Adendorf und freue mich \u00fcber Ihr Interesse, sich auf diesem Wege \u00fcber die Gemeinde zu informieren. Ich lade Sie hiermit ein, die Gemeinde mit ihren Freizeit- [&hellip;]<\/p>\n","protected":false},"author":1,"featured_media":0,"parent":327,"menu_order":0,"comment_status":"closed","ping_status":"closed","template":"page-templates\/template-pagebuilder-full-width.php","meta":{"footnotes":""},"class_list":["post-701","page","type-page","status-publish","hentry"],"publishpress_future_workflow_manual_trigger":{"enabledWorkflows":[]},"rttpg_featured_image_url":null,"rttpg_author":{"display_name":"Adendorf","author_link":"https:\/\/www.adendorf.de\/1\/author\/marco-brede\/"},"rttpg_comment":0,"rttpg_category":null,"rttpg_excerpt":"Verwaltungsspitze Thomas MaackB\u00fcrgermeister Liebe Adendorferinnen und Adendorfer, sehr geehrte G\u00e4ste und Besucher des Adendorfer-Portals, ich begr\u00fc\u00dfe Sie sehr herzlich auf dem Internetauftritt der Gemeinde Adendorf und freue mich \u00fcber Ihr Interesse, sich auf diesem Wege \u00fcber die Gemeinde zu informieren. Ich lade Sie hiermit ein, die Gemeinde mit ihren Freizeit- [&hellip;]","_links":{"self":[{"href":"https:\/\/www.adendorf.de\/1\/wp-json\/wp\/v2\/pages\/701","targetHints":{"allow":["GET"]}}],"collection":[{"href":"https:\/\/www.adendorf.de\/1\/wp-json\/wp\/v2\/pages"}],"about":[{"href":"https:\/\/www.adendorf.de\/1\/wp-json\/wp\/v2\/types\/page"}],"author":[{"embeddable":true,"href":"https:\/\/www.adendorf.de\/1\/wp-json\/wp\/v2\/users\/1"}],"replies":[{"embeddable":true,"href":"https:\/\/www.adendorf.de\/1\/wp-json\/wp\/v2\/comments?post=701"}],"version-history":[{"count":15,"href":"https:\/\/www.adendorf.de\/1\/wp-json\/wp\/v2\/pages\/701\/revisions"}],"predecessor-version":[{"id":3169,"href":"https:\/\/www.adendorf.de\/1\/wp-json\/wp\/v2\/pages\/701\/revisions\/3169"}],"up":[{"embeddable":true,"href":"https:\/\/www.adendorf.de\/1\/wp-json\/wp\/v2\/pages\/327"}],"wp:attachment":[{"href":"https:\/\/www.adendorf.de\/1\/wp-json\/wp\/v2\/media?parent=701"}],"curies":[{"name":"wp","href":"https:\/\/api.w.org\/{rel}","templated":true}]}}