{"id":715,"date":"2019-04-16T11:31:46","date_gmt":"2019-04-16T09:31:46","guid":{"rendered":"http:\/\/www.adendorf.de\/1\/?page_id=715"},"modified":"2023-07-27T09:44:44","modified_gmt":"2023-07-27T07:44:44","slug":"geoportal-adendorf","status":"publish","type":"page","link":"https:\/\/www.adendorf.de\/1\/bauen-und-wohnen\/geoportal-adendorf\/","title":{"rendered":"Geoportal Adendorf"},"content":{"rendered":"\t\t<div data-elementor-type=\"wp-post\" data-elementor-id=\"715\" class=\"elementor elementor-715\">\n\t\t\t\t\t\t<section class=\"elementor-section elementor-top-section elementor-element elementor-element-3230453 elementor-section-boxed elementor-section-height-default elementor-section-height-default\" data-id=\"3230453\" data-element_type=\"section\" data-e-type=\"section\">\n\t\t\t\t\t\t<div class=\"elementor-container elementor-column-gap-default\">\n\t\t\t\t\t<div class=\"elementor-column elementor-col-100 elementor-top-column elementor-element elementor-element-2771366\" data-id=\"2771366\" data-element_type=\"column\" data-e-type=\"column\">\n\t\t\t<div class=\"elementor-widget-wrap elementor-element-populated\">\n\t\t\t\t\t\t<div class=\"elementor-element elementor-element-97c37d8 elementor-widget elementor-widget-heading\" data-id=\"97c37d8\" data-element_type=\"widget\" data-e-type=\"widget\" data-widget_type=\"heading.default\">\n\t\t\t\t<div class=\"elementor-widget-container\">\n\t\t\t\t\t<h1 class=\"elementor-heading-title elementor-size-default\">Geoportal Adendorf<\/h1>\t\t\t\t<\/div>\n\t\t\t\t<\/div>\n\t\t\t\t<div class=\"elementor-element elementor-element-93d74a2 elementor-widget elementor-widget-text-editor\" data-id=\"93d74a2\" data-element_type=\"widget\" data-e-type=\"widget\" data-widget_type=\"text-editor.default\">\n\t\t\t\t<div class=\"elementor-widget-container\">\n\t\t\t\t\t\t\t\t\t<p>Das Geoportal Adendorf wird \u00fcber den Landkreis L\u00fcneburg ver\u00f6ffentlicht. Sie finden das Geoportal unter dem unten aufgef\u00fchrten Link.<\/p><p>In dem Portal werden unter anderem aktuelle Bebauungs- und Fl\u00e4chennutzungspl\u00e4ne dargestellt.<\/p>\t\t\t\t\t\t\t\t<\/div>\n\t\t\t\t<\/div>\n\t\t\t\t\t<\/div>\n\t\t<\/div>\n\t\t\t\t\t<\/div>\n\t\t<\/section>\n\t\t\t\t<section class=\"elementor-section elementor-top-section elementor-element elementor-element-0d89059 elementor-section-boxed elementor-section-height-default elementor-section-height-default\" data-id=\"0d89059\" data-element_type=\"section\" data-e-type=\"section\">\n\t\t\t\t\t\t<div class=\"elementor-container elementor-column-gap-default\">\n\t\t\t\t\t<div class=\"elementor-column elementor-col-50 elementor-top-column elementor-element elementor-element-1f672d9\" data-id=\"1f672d9\" data-element_type=\"column\" data-e-type=\"column\">\n\t\t\t<div class=\"elementor-widget-wrap elementor-element-populated\">\n\t\t\t\t\t\t<div class=\"elementor-element elementor-element-89d9fc2 elementor-widget elementor-widget-text-editor\" data-id=\"89d9fc2\" data-element_type=\"widget\" data-e-type=\"widget\" data-widget_type=\"text-editor.default\">\n\t\t\t\t<div class=\"elementor-widget-container\">\n\t\t\t\t\t\t\t\t\t<p><strong>Ansprechpartner<\/strong><\/p><p>Herr Ninnemann<\/p><p>Gemeinde Adendorf<\/p><p>Rathausplatz 14<\/p><p>21365 Adendorf<\/p><p>Telefon: <a href=\"tel:04131980930\">04131 98 09-30<\/a><\/p><p>Telefax: 04131 98 09-56<\/p><p>E-Mail: <a href=\"&#109;&#x61;i&#108;&#x74;o&#58;&#x63;h&#114;&#x69;s&#116;&#x69;&#97;&#x6e;&#x2e;&#110;&#x69;&#x6e;&#110;&#x65;m&#97;&#x6e;n&#64;&#x61;d&#101;&#x6e;d&#111;&#x72;&#102;&#x2e;&#x64;&#101;\">&#99;&#x68;r&#105;&#x73;t&#105;&#x61;n&#46;&#x6e;i&#110;&#x6e;e&#109;&#x61;n&#110;&#x40;a&#100;&#x65;n&#100;&#x6f;r&#102;&#x2e;d&#101;<\/a><strong><\/strong><\/p>\t\t\t\t\t\t\t\t<\/div>\n\t\t\t\t<\/div>\n\t\t\t\t\t<\/div>\n\t\t<\/div>\n\t\t\t\t<div class=\"elementor-column elementor-col-50 elementor-top-column elementor-element elementor-element-fdfd2e4\" data-id=\"fdfd2e4\" data-element_type=\"column\" data-e-type=\"column\">\n\t\t\t<div class=\"elementor-widget-wrap elementor-element-populated\">\n\t\t\t\t\t\t\t<\/div>\n\t\t<\/div>\n\t\t\t\t\t<\/div>\n\t\t<\/section>\n\t\t\t\t<section class=\"elementor-section elementor-top-section elementor-element elementor-element-b781ad6 elementor-section-boxed elementor-section-height-default elementor-section-height-default\" data-id=\"b781ad6\" data-element_type=\"section\" data-e-type=\"section\">\n\t\t\t\t\t\t<div class=\"elementor-container elementor-column-gap-default\">\n\t\t\t\t\t<div class=\"elementor-column elementor-col-100 elementor-top-column elementor-element elementor-element-6732ecb\" data-id=\"6732ecb\" data-element_type=\"column\" data-e-type=\"column\">\n\t\t\t<div class=\"elementor-widget-wrap elementor-element-populated\">\n\t\t\t\t\t\t<div class=\"elementor-element elementor-element-2880aec elementor-widget elementor-widget-text-editor\" data-id=\"2880aec\" data-element_type=\"widget\" data-e-type=\"widget\" data-widget_type=\"text-editor.default\">\n\t\t\t\t<div class=\"elementor-widget-container\">\n\t\t\t\t\t\t\t\t\t<p><strong>Links<\/strong><\/p>\t\t\t\t\t\t\t\t<\/div>\n\t\t\t\t<\/div>\n\t\t\t\t<div class=\"elementor-element elementor-element-0a2ce75 elementor-icon-list--layout-traditional elementor-list-item-link-full_width elementor-widget elementor-widget-icon-list\" data-id=\"0a2ce75\" data-element_type=\"widget\" data-e-type=\"widget\" data-widget_type=\"icon-list.default\">\n\t\t\t\t<div class=\"elementor-widget-container\">\n\t\t\t\t\t\t\t<ul class=\"elementor-icon-list-items\">\n\t\t\t\t\t\t\t<li class=\"elementor-icon-list-item\">\n\t\t\t\t\t\t\t\t\t\t\t<a href=\"https:\/\/geoportal.lklg.net\/\" target=\"_blank\">\n\n\t\t\t\t\t\t\t\t\t\t\t\t<span class=\"elementor-icon-list-icon\">\n\t\t\t\t\t\t\t<i aria-hidden=\"true\" class=\"fas fa-globe\"><\/i>\t\t\t\t\t\t<\/span>\n\t\t\t\t\t\t\t\t\t\t<span class=\"elementor-icon-list-text\">Geoportal Adendorf<\/span>\n\t\t\t\t\t\t\t\t\t\t\t<\/a>\n\t\t\t\t\t\t\t\t\t<\/li>\n\t\t\t\t\t\t<\/ul>\n\t\t\t\t\t\t<\/div>\n\t\t\t\t<\/div>\n\t\t\t\t\t<\/div>\n\t\t<\/div>\n\t\t\t\t\t<\/div>\n\t\t<\/section>\n\t\t\t\t<\/div>\n\t\t","protected":false},"excerpt":{"rendered":"<p>Geoportal Adendorf Das Geoportal Adendorf wird \u00fcber den Landkreis L\u00fcneburg ver\u00f6ffentlicht. Sie finden das Geoportal unter dem unten aufgef\u00fchrten Link. In dem Portal werden unter anderem aktuelle Bebauungs- und Fl\u00e4chennutzungspl\u00e4ne dargestellt. Ansprechpartner Herr Ninnemann Gemeinde Adendorf Rathausplatz 14 21365 Adendorf Telefon: 04131 98 09-30 Telefax: 04131 98 09-56 E-Mail: &#x63;&#x68;&#114;i&#x73;&#x74;&#105;an&#x2e;&#x6e;&#105;n&#x6e;&#x65;&#109;&#97;n&#x6e;&#x40;&#97;d&#x65;&#x6e;&#100;&#111;r&#x66;&#x2e;&#100;e [&hellip;]<\/p>\n","protected":false},"author":1,"featured_media":0,"parent":512,"menu_order":0,"comment_status":"closed","ping_status":"closed","template":"page-templates\/template-pagebuilder-full-width.php","meta":{"footnotes":""},"class_list":["post-715","page","type-page","status-publish","hentry"],"publishpress_future_workflow_manual_trigger":{"enabledWorkflows":[]},"rttpg_featured_image_url":null,"rttpg_author":{"display_name":"Adendorf","author_link":"https:\/\/www.adendorf.de\/1\/author\/marco-brede\/"},"rttpg_comment":0,"rttpg_category":null,"rttpg_excerpt":"Geoportal Adendorf Das Geoportal Adendorf wird \u00fcber den Landkreis L\u00fcneburg ver\u00f6ffentlicht. Sie finden das Geoportal unter dem unten aufgef\u00fchrten Link. In dem Portal werden unter anderem aktuelle Bebauungs- und Fl\u00e4chennutzungspl\u00e4ne dargestellt. Ansprechpartner Herr Ninnemann Gemeinde Adendorf Rathausplatz 14 21365 Adendorf Telefon: 04131 98 09-30 Telefax: 04131 98 09-56 E-Mail: &#x63;&#x68;&#x72;&#105;&#115;ti&#x61;&#x6e;&#x2e;&#x6e;&#105;&#110;ne&#x6d;&#x61;&#x6e;&#110;&#64;&#97;de&#x6e;&#x64;&#x6f;&#114;&#102;&#46;d&#x65; [&hellip;]","_links":{"self":[{"href":"https:\/\/www.adendorf.de\/1\/wp-json\/wp\/v2\/pages\/715","targetHints":{"allow":["GET"]}}],"collection":[{"href":"https:\/\/www.adendorf.de\/1\/wp-json\/wp\/v2\/pages"}],"about":[{"href":"https:\/\/www.adendorf.de\/1\/wp-json\/wp\/v2\/types\/page"}],"author":[{"embeddable":true,"href":"https:\/\/www.adendorf.de\/1\/wp-json\/wp\/v2\/users\/1"}],"replies":[{"embeddable":true,"href":"https:\/\/www.adendorf.de\/1\/wp-json\/wp\/v2\/comments?post=715"}],"version-history":[{"count":10,"href":"https:\/\/www.adendorf.de\/1\/wp-json\/wp\/v2\/pages\/715\/revisions"}],"predecessor-version":[{"id":6116,"href":"https:\/\/www.adendorf.de\/1\/wp-json\/wp\/v2\/pages\/715\/revisions\/6116"}],"up":[{"embeddable":true,"href":"https:\/\/www.adendorf.de\/1\/wp-json\/wp\/v2\/pages\/512"}],"wp:attachment":[{"href":"https:\/\/www.adendorf.de\/1\/wp-json\/wp\/v2\/media?parent=715"}],"curies":[{"name":"wp","href":"https:\/\/api.w.org\/{rel}","templated":true}]}}