{"id":727,"date":"2019-04-16T12:19:47","date_gmt":"2019-04-16T10:19:47","guid":{"rendered":"http:\/\/www.adendorf.de\/1\/?page_id=727"},"modified":"2024-11-06T11:30:29","modified_gmt":"2024-11-06T10:30:29","slug":"feuerwehr","status":"publish","type":"page","link":"https:\/\/www.adendorf.de\/1\/aktiv-in-adendorf\/dorfleben\/feuerwehr\/","title":{"rendered":"Feuerwehr"},"content":{"rendered":"\t\t<div data-elementor-type=\"wp-post\" data-elementor-id=\"727\" class=\"elementor elementor-727\">\n\t\t\t\t\t\t<section class=\"elementor-section elementor-top-section elementor-element elementor-element-f129ee9 elementor-section-boxed elementor-section-height-default elementor-section-height-default\" data-id=\"f129ee9\" data-element_type=\"section\" data-e-type=\"section\">\n\t\t\t\t\t\t<div class=\"elementor-container elementor-column-gap-default\">\n\t\t\t\t\t<div class=\"elementor-column elementor-col-100 elementor-top-column elementor-element elementor-element-e5cec7a\" data-id=\"e5cec7a\" data-element_type=\"column\" data-e-type=\"column\">\n\t\t\t<div class=\"elementor-widget-wrap elementor-element-populated\">\n\t\t\t\t\t\t<div class=\"elementor-element elementor-element-3c13b42 elementor-widget elementor-widget-heading\" data-id=\"3c13b42\" data-element_type=\"widget\" data-e-type=\"widget\" data-widget_type=\"heading.default\">\n\t\t\t\t<div class=\"elementor-widget-container\">\n\t\t\t\t\t<h1 class=\"elementor-heading-title elementor-size-default\">Feuerwehr<\/h1>\t\t\t\t<\/div>\n\t\t\t\t<\/div>\n\t\t\t\t\t<\/div>\n\t\t<\/div>\n\t\t\t\t\t<\/div>\n\t\t<\/section>\n\t\t\t\t<section class=\"elementor-section elementor-top-section elementor-element elementor-element-0e3cbcd elementor-section-boxed elementor-section-height-default elementor-section-height-default\" data-id=\"0e3cbcd\" data-element_type=\"section\" data-e-type=\"section\">\n\t\t\t\t\t\t<div class=\"elementor-container elementor-column-gap-default\">\n\t\t\t\t\t<div class=\"elementor-column elementor-col-100 elementor-top-column elementor-element elementor-element-22fbe8a\" data-id=\"22fbe8a\" data-element_type=\"column\" data-e-type=\"column\">\n\t\t\t<div class=\"elementor-widget-wrap elementor-element-populated\">\n\t\t\t\t\t\t<div class=\"elementor-element elementor-element-e11a219 elementor-widget elementor-widget-image\" data-id=\"e11a219\" data-element_type=\"widget\" data-e-type=\"widget\" data-widget_type=\"image.default\">\n\t\t\t\t<div class=\"elementor-widget-container\">\n\t\t\t\t\t\t\t\t\t\t\t\t\t\t\t<img fetchpriority=\"high\" decoding=\"async\" width=\"750\" height=\"422\" src=\"https:\/\/www.adendorf.de\/1\/wp-content\/uploads\/2019\/04\/feuerwehr_adendorf.jpg\" class=\"attachment-large size-large wp-image-733\" alt=\"\" srcset=\"https:\/\/www.adendorf.de\/1\/wp-content\/uploads\/2019\/04\/feuerwehr_adendorf.jpg 896w, https:\/\/www.adendorf.de\/1\/wp-content\/uploads\/2019\/04\/feuerwehr_adendorf-300x169.jpg 300w, https:\/\/www.adendorf.de\/1\/wp-content\/uploads\/2019\/04\/feuerwehr_adendorf-768x432.jpg 768w\" sizes=\"(max-width: 750px) 100vw, 750px\" \/>\t\t\t\t\t\t\t\t\t\t\t\t\t\t\t<\/div>\n\t\t\t\t<\/div>\n\t\t\t\t<div class=\"elementor-element elementor-element-9f9184e elementor-widget elementor-widget-text-editor\" data-id=\"9f9184e\" data-element_type=\"widget\" data-e-type=\"widget\" data-widget_type=\"text-editor.default\">\n\t\t\t\t<div class=\"elementor-widget-container\">\n\t\t\t\t\t\t\t\t\t<div class=\"blubox-jck\"><p>Die Aufgaben des Brandschutzes und der Hilfeleistung (z. B. bei Verkehrsunf\u00e4llen) werden in Adendorf durch die \u00f6rtliche Freiwillige Feuerwehr sichergestellt.<\/p><p>Die Gemeinde Adendorf ist Tr\u00e4ger der Freiwilligen Feuerwehr und stellt die organisatorischen und sachlichen Mittel f\u00fcr die Wahrnehmung dieser Aufgaben zur Verf\u00fcgung.<\/p><p><strong>Im Brand- und Hilfeleistungsfall w\u00e4hlen Sie die Telefonnummer: 112<\/strong><\/p><\/div>\t\t\t\t\t\t\t\t<\/div>\n\t\t\t\t<\/div>\n\t\t\t\t<div class=\"elementor-element elementor-element-4d78938 elementor-widget elementor-widget-text-editor\" data-id=\"4d78938\" data-element_type=\"widget\" data-e-type=\"widget\" data-widget_type=\"text-editor.default\">\n\t\t\t\t<div class=\"elementor-widget-container\">\n\t\t\t\t\t\t\t\t\t<div class=\"blubox-jck\"><p><strong>Einsatzabteilung<\/strong><\/p><p>Mit den Ortsfeuerwehren Adendorf und Erbstorf verf\u00fcgt die Gemeinde Adendorf \u00fcber zwei Ortswehren, die mit ihren ehrenamtlichen Mitgliedern alle Aufgaben zum Wohl der Allgemeinheit erledigen. Die Aufnahme in den aktiven Feuerwehrdienst ist ab 16 Jahren m\u00f6glich.<\/p><p>Sofern Sie Interesse an der Mitarbeit in der Einsatzabteilung haben, melden Sie sich gerne beim jeweiligen Ortsbrandmeister (Kontaktdaten siehe unten).<\/p><\/div><div class=\"blubox-jck\"><p><strong>Jugendfeuerwehr<\/strong><\/p><p>Beide Ortswehren verf\u00fcgen bereits seit 1968 jeweils \u00fcber eine Jugendfeuerwehr (Jugendliche im Alter von 10 bis 18). In einem vielseitigen Programm, zu dem regelm\u00e4\u00dfiger \u00dcbungsdienst, Zeltlager, Spiele, Nachtm\u00e4rsche, Wettk\u00e4mpfe und viel Spa\u00df geh\u00f6ren, werden die Kinder und Jugendlichen an den aktiven Brandschutz herangef\u00fchrt.<\/p><p>Interessierte, die bei der Jugendfeuerwehr mitmachen m\u00f6chten, melden sich gerne beim jeweiligen Jugendfeuerwehrwart (Kontaktdaten siehe unten).<\/p><\/div><div class=\"blubox-jck\"><p><strong>Kinderfeuerwehr<\/strong><\/p><p>Seit 2001 gibt es eine gemeinsame Kinderfeuerwehr (Kinder im Alter von 6 bis 10). Dort werden die Kinder auf spielerische Art an den Brandschutz und den Dienst in der Jugendfeuerwehr herangef\u00fchrt.<\/p><p>Interessierte, die bei der Kinderfeuerwehr mitmachen m\u00f6chten, k\u00f6nnen sich gerne an die Leiterin der Kinderfeuerwehr wenden (Kontaktdaten siehe unten).<\/p><\/div><div class=\"blubox-jck\"><p><strong>Gemeindefeuerwehrverband Adendorf e. V. <\/strong><\/p><p>Alle, die gerne Mitglied der Freiwilligen Feuerwehr werden m\u00f6chten, aber keine Zeit f\u00fcr den aktiven Dienst haben, k\u00f6nnen auch als F\u00f6rderndes Mitglied dabei sein.<\/p><p>Alle weiteren Informationen zur Gemeindefeuerwehrverband Adendorf e. V. finden Sie unter <a href=\"http:\/\/www.feuerwehr-adendorf.de\" target=\"_blank\" rel=\"noopener\">www.feuerwehr-adendorf.de<\/a>.<\/p><p>Informationen zum Aufnahmeantrag finden Sie ebenfalls auf der o.g. Webseite (<a href=\"https:\/\/feuerwehr-adendorf.de\/foerdermitgliedschaft\/#mitglied-werden\" target=\"_blank\" rel=\"noopener\">Direktlink<\/a>).<\/p><\/div>\t\t\t\t\t\t\t\t<\/div>\n\t\t\t\t<\/div>\n\t\t\t\t\t<\/div>\n\t\t<\/div>\n\t\t\t\t\t<\/div>\n\t\t<\/section>\n\t\t\t\t<section class=\"elementor-section elementor-top-section elementor-element elementor-element-4389f9b elementor-section-boxed elementor-section-height-default elementor-section-height-default\" data-id=\"4389f9b\" data-element_type=\"section\" data-e-type=\"section\">\n\t\t\t\t\t\t<div class=\"elementor-container elementor-column-gap-default\">\n\t\t\t\t\t<div class=\"elementor-column elementor-col-50 elementor-top-column elementor-element elementor-element-e5b3291\" data-id=\"e5b3291\" data-element_type=\"column\" data-e-type=\"column\">\n\t\t\t<div class=\"elementor-widget-wrap elementor-element-populated\">\n\t\t\t\t\t\t<div class=\"elementor-element elementor-element-0bc8723 elementor-widget elementor-widget-image\" data-id=\"0bc8723\" data-element_type=\"widget\" data-e-type=\"widget\" data-widget_type=\"image.default\">\n\t\t\t\t<div class=\"elementor-widget-container\">\n\t\t\t\t\t\t\t\t\t\t\t\t\t\t\t<img decoding=\"async\" width=\"750\" height=\"500\" src=\"https:\/\/www.adendorf.de\/1\/wp-content\/uploads\/2019\/06\/Feuerwehr2-1024x683.jpg\" class=\"attachment-large size-large wp-image-1439\" alt=\"\" srcset=\"https:\/\/www.adendorf.de\/1\/wp-content\/uploads\/2019\/06\/Feuerwehr2-1024x683.jpg 1024w, https:\/\/www.adendorf.de\/1\/wp-content\/uploads\/2019\/06\/Feuerwehr2-300x200.jpg 300w, https:\/\/www.adendorf.de\/1\/wp-content\/uploads\/2019\/06\/Feuerwehr2-768x512.jpg 768w, https:\/\/www.adendorf.de\/1\/wp-content\/uploads\/2019\/06\/Feuerwehr2-360x240.jpg 360w\" sizes=\"(max-width: 750px) 100vw, 750px\" \/>\t\t\t\t\t\t\t\t\t\t\t\t\t\t\t<\/div>\n\t\t\t\t<\/div>\n\t\t\t\t\t<\/div>\n\t\t<\/div>\n\t\t\t\t<div class=\"elementor-column elementor-col-50 elementor-top-column elementor-element elementor-element-80e5c17\" data-id=\"80e5c17\" data-element_type=\"column\" data-e-type=\"column\">\n\t\t\t<div class=\"elementor-widget-wrap elementor-element-populated\">\n\t\t\t\t\t\t<div class=\"elementor-element elementor-element-7cc77a2 elementor-widget elementor-widget-image\" data-id=\"7cc77a2\" data-element_type=\"widget\" data-e-type=\"widget\" data-widget_type=\"image.default\">\n\t\t\t\t<div class=\"elementor-widget-container\">\n\t\t\t\t\t\t\t\t\t\t\t\t\t\t\t<img decoding=\"async\" width=\"750\" height=\"500\" src=\"https:\/\/www.adendorf.de\/1\/wp-content\/uploads\/2019\/06\/Feuerwehr1-1024x683.jpg\" class=\"attachment-large size-large wp-image-1442\" alt=\"\" srcset=\"https:\/\/www.adendorf.de\/1\/wp-content\/uploads\/2019\/06\/Feuerwehr1-1024x683.jpg 1024w, https:\/\/www.adendorf.de\/1\/wp-content\/uploads\/2019\/06\/Feuerwehr1-300x200.jpg 300w, https:\/\/www.adendorf.de\/1\/wp-content\/uploads\/2019\/06\/Feuerwehr1-768x512.jpg 768w, https:\/\/www.adendorf.de\/1\/wp-content\/uploads\/2019\/06\/Feuerwehr1-360x240.jpg 360w\" sizes=\"(max-width: 750px) 100vw, 750px\" \/>\t\t\t\t\t\t\t\t\t\t\t\t\t\t\t<\/div>\n\t\t\t\t<\/div>\n\t\t\t\t\t<\/div>\n\t\t<\/div>\n\t\t\t\t\t<\/div>\n\t\t<\/section>\n\t\t\t\t<section class=\"elementor-section elementor-top-section elementor-element elementor-element-7209eb9 elementor-section-boxed elementor-section-height-default elementor-section-height-default\" data-id=\"7209eb9\" data-element_type=\"section\" data-e-type=\"section\">\n\t\t\t\t\t\t<div class=\"elementor-container elementor-column-gap-default\">\n\t\t\t\t\t<div class=\"elementor-column elementor-col-50 elementor-top-column elementor-element elementor-element-edcaaa0\" data-id=\"edcaaa0\" data-element_type=\"column\" data-e-type=\"column\" data-settings=\"{&quot;background_background&quot;:&quot;classic&quot;}\">\n\t\t\t<div class=\"elementor-widget-wrap elementor-element-populated\">\n\t\t\t\t\t\t<div class=\"elementor-element elementor-element-44bcbbe elementor-widget elementor-widget-heading\" data-id=\"44bcbbe\" data-element_type=\"widget\" data-e-type=\"widget\" data-widget_type=\"heading.default\">\n\t\t\t\t<div class=\"elementor-widget-container\">\n\t\t\t\t\t<h2 class=\"elementor-heading-title elementor-size-default\">Ortsfeuerwehr Adendorf<\/h2>\t\t\t\t<\/div>\n\t\t\t\t<\/div>\n\t\t\t\t<div class=\"elementor-element elementor-element-56f9690 elementor-widget elementor-widget-text-editor\" data-id=\"56f9690\" data-element_type=\"widget\" data-e-type=\"widget\" data-widget_type=\"text-editor.default\">\n\t\t\t\t<div class=\"elementor-widget-container\">\n\t\t\t\t\t\t\t\t\t<p><strong>Ortsbrandmeister<\/strong><\/p><p>Andreas Paulisch<\/p><p>Mobil: <a href=\"tel:01603381389\">0160 338 1389<\/a><\/p><p>E-Mail: <a href=\"&#x6d;&#x61;&#x69;&#108;&#116;o:&#x61;&#x6e;&#x64;&#114;&#101;as&#x2e;&#x70;&#x61;&#117;&#108;is&#x63;&#x68;&#x40;&#102;&#108;lg&#x2e;&#x64;&#x65;\">&#97;&#x6e;d&#114;&#x65;a&#115;&#x2e;p&#x61;&#x75;&#108;&#x69;s&#99;&#x68;&#64;&#102;&#x6c;l&#x67;&#x2e;&#100;&#x65;<\/a><\/p>\t\t\t\t\t\t\t\t<\/div>\n\t\t\t\t<\/div>\n\t\t\t\t\t<\/div>\n\t\t<\/div>\n\t\t\t\t<div class=\"elementor-column elementor-col-50 elementor-top-column elementor-element elementor-element-83b5825\" data-id=\"83b5825\" data-element_type=\"column\" data-e-type=\"column\">\n\t\t\t<div class=\"elementor-widget-wrap elementor-element-populated\">\n\t\t\t\t\t\t<div class=\"elementor-element elementor-element-ac90eb8 elementor-widget elementor-widget-google_maps\" data-id=\"ac90eb8\" data-element_type=\"widget\" data-e-type=\"widget\" data-widget_type=\"google_maps.default\">\n\t\t\t\t<div class=\"elementor-widget-container\">\n\t\t\t\t\t\t\t<div class=\"elementor-custom-embed\">\n\t\t\t<iframe loading=\"lazy\"\n\t\t\t\t\tsrc=\"https:\/\/maps.google.com\/maps?q=Ortsfeuerwehr%20Adendorf&#038;t=m&#038;z=15&#038;output=embed&#038;iwloc=near\"\n\t\t\t\t\ttitle=\"Ortsfeuerwehr Adendorf\"\n\t\t\t\t\taria-label=\"Ortsfeuerwehr Adendorf\"\n\t\t\t><\/iframe>\n\t\t<\/div>\n\t\t\t\t\t\t<\/div>\n\t\t\t\t<\/div>\n\t\t\t\t\t<\/div>\n\t\t<\/div>\n\t\t\t\t\t<\/div>\n\t\t<\/section>\n\t\t\t\t<section class=\"elementor-section elementor-top-section elementor-element elementor-element-55aa96c elementor-section-boxed elementor-section-height-default elementor-section-height-default\" data-id=\"55aa96c\" data-element_type=\"section\" data-e-type=\"section\">\n\t\t\t\t\t\t<div class=\"elementor-container elementor-column-gap-default\">\n\t\t\t\t\t<div class=\"elementor-column elementor-col-50 elementor-top-column elementor-element elementor-element-b25a128\" data-id=\"b25a128\" data-element_type=\"column\" data-e-type=\"column\">\n\t\t\t<div class=\"elementor-widget-wrap elementor-element-populated\">\n\t\t\t\t\t\t<div class=\"elementor-element elementor-element-c23d3a1 elementor-widget elementor-widget-google_maps\" data-id=\"c23d3a1\" data-element_type=\"widget\" data-e-type=\"widget\" data-widget_type=\"google_maps.default\">\n\t\t\t\t<div class=\"elementor-widget-container\">\n\t\t\t\t\t\t\t<div class=\"elementor-custom-embed\">\n\t\t\t<iframe loading=\"lazy\"\n\t\t\t\t\tsrc=\"https:\/\/maps.google.com\/maps?q=Freiwillige%20Feuerwehr%20Erbstorf&#038;t=m&#038;z=15&#038;output=embed&#038;iwloc=near\"\n\t\t\t\t\ttitle=\"Freiwillige Feuerwehr Erbstorf\"\n\t\t\t\t\taria-label=\"Freiwillige Feuerwehr Erbstorf\"\n\t\t\t><\/iframe>\n\t\t<\/div>\n\t\t\t\t\t\t<\/div>\n\t\t\t\t<\/div>\n\t\t\t\t\t<\/div>\n\t\t<\/div>\n\t\t\t\t<div class=\"elementor-column elementor-col-50 elementor-top-column elementor-element elementor-element-cf91b71\" data-id=\"cf91b71\" data-element_type=\"column\" data-e-type=\"column\" data-settings=\"{&quot;background_background&quot;:&quot;classic&quot;}\">\n\t\t\t<div class=\"elementor-widget-wrap elementor-element-populated\">\n\t\t\t\t\t\t<div class=\"elementor-element elementor-element-5b7b34b elementor-widget elementor-widget-heading\" data-id=\"5b7b34b\" data-element_type=\"widget\" data-e-type=\"widget\" data-widget_type=\"heading.default\">\n\t\t\t\t<div class=\"elementor-widget-container\">\n\t\t\t\t\t<h2 class=\"elementor-heading-title elementor-size-default\">Ortsfeuerwehr Erbstorf<\/h2>\t\t\t\t<\/div>\n\t\t\t\t<\/div>\n\t\t\t\t<div class=\"elementor-element elementor-element-9748f59 elementor-widget elementor-widget-text-editor\" data-id=\"9748f59\" data-element_type=\"widget\" data-e-type=\"widget\" data-widget_type=\"text-editor.default\">\n\t\t\t\t<div class=\"elementor-widget-container\">\n\t\t\t\t\t\t\t\t\t<p><strong>Ortsbrandmeister<\/strong><\/p><p>Dennis Schwien<\/p><p>Mobil: <a href=\"tel:01708239739\">0170 823 97 39<\/a><\/p><p>E-Mail: <a href=\"mailto:d&#101;&#110;&#110;&#105;&#115;&#46;&#115;&#99;&#104;&#119;&#x69;&#x65;&#x6e;&#x40;&#x66;&#x6c;&#x6c;&#x67;&#x2e;&#x64;&#x65;\">d&#101;&#110;&#110;&#x69;&#x73;&#x2e;sc&#104;&#119;&#x69;&#x65;&#x6e;&#x40;fl&#108;&#103;&#x2e;&#x64;&#x65;<\/a><\/p><p>Internet: <a href=\"http:\/\/www.feuerwehr-adendorf.de\" target=\"_blank\" rel=\"noopener\">www.feuerwehr-adendorf.de<\/a><a href=\"http:\/\/www.florian-adendorf.de\" target=\"_blank\" rel=\"noopener\"><\/a><\/p>\t\t\t\t\t\t\t\t<\/div>\n\t\t\t\t<\/div>\n\t\t\t\t\t<\/div>\n\t\t<\/div>\n\t\t\t\t\t<\/div>\n\t\t<\/section>\n\t\t\t\t<section class=\"elementor-section elementor-top-section elementor-element elementor-element-e42ce30 elementor-section-boxed elementor-section-height-default elementor-section-height-default\" data-id=\"e42ce30\" data-element_type=\"section\" data-e-type=\"section\">\n\t\t\t\t\t\t<div class=\"elementor-container elementor-column-gap-default\">\n\t\t\t\t\t<div class=\"elementor-column elementor-col-100 elementor-top-column elementor-element elementor-element-091c65d\" data-id=\"091c65d\" data-element_type=\"column\" data-e-type=\"column\">\n\t\t\t<div class=\"elementor-widget-wrap elementor-element-populated\">\n\t\t\t\t\t\t<div class=\"elementor-element elementor-element-a3c6d3e elementor-widget elementor-widget-heading\" data-id=\"a3c6d3e\" data-element_type=\"widget\" data-e-type=\"widget\" data-widget_type=\"heading.default\">\n\t\t\t\t<div class=\"elementor-widget-container\">\n\t\t\t\t\t<h2 class=\"elementor-heading-title elementor-size-default\">Weitere Kontaktdaten<\/h2>\t\t\t\t<\/div>\n\t\t\t\t<\/div>\n\t\t\t\t\t<\/div>\n\t\t<\/div>\n\t\t\t\t\t<\/div>\n\t\t<\/section>\n\t\t\t\t<section class=\"elementor-section elementor-top-section elementor-element elementor-element-7f60887 elementor-section-boxed elementor-section-height-default elementor-section-height-default\" data-id=\"7f60887\" data-element_type=\"section\" data-e-type=\"section\">\n\t\t\t\t\t\t<div class=\"elementor-container elementor-column-gap-default\">\n\t\t\t\t\t<div class=\"elementor-column elementor-col-50 elementor-top-column elementor-element elementor-element-1dc705b\" data-id=\"1dc705b\" data-element_type=\"column\" data-e-type=\"column\">\n\t\t\t<div class=\"elementor-widget-wrap elementor-element-populated\">\n\t\t\t\t\t\t<div class=\"elementor-element elementor-element-a666f24 elementor-widget elementor-widget-text-editor\" data-id=\"a666f24\" data-element_type=\"widget\" data-e-type=\"widget\" data-widget_type=\"text-editor.default\">\n\t\t\t\t<div class=\"elementor-widget-container\">\n\t\t\t\t\t\t\t\t\t<p><strong>Gemeindebrandmeister<\/strong><br \/>Markus Braun<br \/>Mobil: <a href=\"tel:015758414217\">0157 5841 4217<\/a><br \/>E-Mail: <a href=\"&#109;&#x61;i&#x6c;&#x74;&#111;&#x3a;m&#x61;&#x72;&#107;&#x75;s&#x2e;&#x62;&#114;&#x61;u&#x6e;&#x40;&#102;&#x6c;l&#x67;&#x2e;&#100;&#x65;\">m&#97;&#x72;&#x6b;u&#115;&#46;&#x62;&#x72;a&#117;&#x6e;&#x40;f&#108;&#108;&#x67;&#x2e;d&#101;<\/a><\/p>\t\t\t\t\t\t\t\t<\/div>\n\t\t\t\t<\/div>\n\t\t\t\t\t<\/div>\n\t\t<\/div>\n\t\t\t\t<div class=\"elementor-column elementor-col-50 elementor-top-column elementor-element elementor-element-7772c4c\" data-id=\"7772c4c\" data-element_type=\"column\" data-e-type=\"column\">\n\t\t\t<div class=\"elementor-widget-wrap elementor-element-populated\">\n\t\t\t\t\t\t<div class=\"elementor-element elementor-element-e385aee elementor-widget elementor-widget-text-editor\" data-id=\"e385aee\" data-element_type=\"widget\" data-e-type=\"widget\" data-widget_type=\"text-editor.default\">\n\t\t\t\t<div class=\"elementor-widget-container\">\n\t\t\t\t\t\t\t\t\t<p><strong>Gemeindejugendwart<\/strong><br \/>Christoph Klinge<br \/>Mobil: <a href=\"tel:015776465227\">01577 6465 227<\/a><br \/>E-Mail: <a href=\"&#109;a&#x69;l&#x74;&#111;&#x3a;&#99;&#x68;&#114;i&#x73;t&#x6f;&#112;&#x68;&#46;&#x6b;&#108;&#x69;&#110;g&#x65;&#64;&#x66;&#108;&#x6c;&#103;&#x2e;&#100;e\">&#x63;&#104;&#x72;&#x69;s&#x74;&#111;p&#x68;&#46;k&#x6c;&#105;&#x6e;&#x67;e&#x40;&#102;l&#x6c;&#103;&#46;&#x64;&#101;<\/a><span id=\"cloak23eef1c79364a97b1ced3b170eee813c\"><\/span><a href=\"http:\/\/www.florian-adendorf.de\" target=\"_blank\" rel=\"noopener\"><\/a><\/p>\t\t\t\t\t\t\t\t<\/div>\n\t\t\t\t<\/div>\n\t\t\t\t\t<\/div>\n\t\t<\/div>\n\t\t\t\t\t<\/div>\n\t\t<\/section>\n\t\t\t\t<section class=\"elementor-section elementor-top-section elementor-element elementor-element-02dc844 elementor-section-boxed elementor-section-height-default elementor-section-height-default\" data-id=\"02dc844\" data-element_type=\"section\" data-e-type=\"section\">\n\t\t\t\t\t\t<div class=\"elementor-container elementor-column-gap-default\">\n\t\t\t\t\t<div class=\"elementor-column elementor-col-50 elementor-top-column elementor-element elementor-element-fcf82cf\" data-id=\"fcf82cf\" data-element_type=\"column\" data-e-type=\"column\">\n\t\t\t<div class=\"elementor-widget-wrap elementor-element-populated\">\n\t\t\t\t\t\t<div class=\"elementor-element elementor-element-db88bef elementor-widget elementor-widget-text-editor\" data-id=\"db88bef\" data-element_type=\"widget\" data-e-type=\"widget\" data-widget_type=\"text-editor.default\">\n\t\t\t\t<div class=\"elementor-widget-container\">\n\t\t\t\t\t\t\t\t\t<p><strong><\/strong><strong>Jugendfeuerwehrwartin Ortsfeuerwehr Adendorf<\/strong><br \/>Sandy Melchior<br \/>Mobil: <a href=\"tel:015207104417\">0152 0710 4417<\/a><br \/>E-Mail: <span id=\"cloakb31cfa8855eabee728cb211e31e83bbf\"><a href=\"&#109;a&#x69;l&#x74;o&#x3a;&#115;&#x61;&#110;&#x64;&#121;&#46;&#x6d;e&#x6c;c&#x68;&#105;&#x6f;&#114;&#x40;&#102;&#x6c;&#108;g&#x2e;d&#x65;\">&#x73;&#97;n&#x64;&#121;&#46;&#x6d;&#x65;&#108;c&#x68;&#105;o&#x72;&#x40;&#102;l&#x6c;&#103;&#46;&#x64;&#x65;<\/a><\/span><a href=\"http:\/\/www.florian-adendorf.de\" target=\"_blank\" rel=\"noopener\"><\/a><\/p>\t\t\t\t\t\t\t\t<\/div>\n\t\t\t\t<\/div>\n\t\t\t\t\t<\/div>\n\t\t<\/div>\n\t\t\t\t<div class=\"elementor-column elementor-col-50 elementor-top-column elementor-element elementor-element-74a943b\" data-id=\"74a943b\" data-element_type=\"column\" data-e-type=\"column\">\n\t\t\t<div class=\"elementor-widget-wrap elementor-element-populated\">\n\t\t\t\t\t\t<div class=\"elementor-element elementor-element-054eafd elementor-widget elementor-widget-text-editor\" data-id=\"054eafd\" data-element_type=\"widget\" data-e-type=\"widget\" data-widget_type=\"text-editor.default\">\n\t\t\t\t<div class=\"elementor-widget-container\">\n\t\t\t\t\t\t\t\t\t<p><strong><\/strong><strong>Jugendfeuerwehrwart Ortsfeuerwehr Erbstorf<\/strong><br \/>Florian Rokohl<br \/>Mobil: <a href=\"tel:015773536296\">0157 7353 6296<\/a><br \/>E-Mail: <a href=\"&#x6d;&#x61;&#105;l&#x74;&#x6f;&#58;&#102;l&#x6f;&#x72;&#105;&#97;n&#x2e;&#x72;&#111;ko&#x68;&#x6c;&#64;f&#x6c;&#x6c;&#103;&#46;d&#x65;\">&#x66;&#x6c;&#111;r&#x69;&#x61;&#110;&#46;r&#x6f;&#x6b;&#111;&#104;l&#x40;&#x66;&#108;lg&#x2e;&#x64;&#101;<\/a><span id=\"cloak89da25fc3b30cdda1ac3e0d622135241\"><\/span><a href=\"http:\/\/www.feuerwehr-adendorf.de\" target=\"_blank\" rel=\"noopener\"><\/a><\/p>\t\t\t\t\t\t\t\t<\/div>\n\t\t\t\t<\/div>\n\t\t\t\t\t<\/div>\n\t\t<\/div>\n\t\t\t\t\t<\/div>\n\t\t<\/section>\n\t\t\t\t<section class=\"elementor-section elementor-top-section elementor-element elementor-element-ea5bfc3 elementor-section-boxed elementor-section-height-default elementor-section-height-default\" data-id=\"ea5bfc3\" data-element_type=\"section\" data-e-type=\"section\">\n\t\t\t\t\t\t<div class=\"elementor-container elementor-column-gap-default\">\n\t\t\t\t\t<div class=\"elementor-column elementor-col-50 elementor-top-column elementor-element elementor-element-b9aa4d5\" data-id=\"b9aa4d5\" data-element_type=\"column\" data-e-type=\"column\">\n\t\t\t<div class=\"elementor-widget-wrap elementor-element-populated\">\n\t\t\t\t\t\t<div class=\"elementor-element elementor-element-e8b78a1 elementor-widget elementor-widget-text-editor\" data-id=\"e8b78a1\" data-element_type=\"widget\" data-e-type=\"widget\" data-widget_type=\"text-editor.default\">\n\t\t\t\t<div class=\"elementor-widget-container\">\n\t\t\t\t\t\t\t\t\t<p><strong><\/strong><strong><\/strong><strong>Leiter der Kinderfeuerwehren Adendorf und Erbstorf<\/strong><br \/>Mirko Udem<br \/>Mobil: <a href=\"tel:01749364512\">0174 9364512<\/a><br \/>E-Mail: <a href=\"&#109;&#x61;i&#x6c;&#x74;&#111;&#x3a;m&#x69;&#x72;&#107;&#x6f;&#46;&#x75;&#x64;&#101;&#x6d;&#64;&#x66;&#x6c;&#108;&#x67;&#46;&#x64;&#x65;\"><span id=\"cloak81a2a24029ba6f731304a3f4d9d0fcaa\">&#109;&#x69;&#x72;k&#111;&#x2e;&#x75;d&#101;&#x6d;&#64;&#102;&#x6c;&#x6c;g&#46;&#x64;e<\/span><\/a><\/p>\t\t\t\t\t\t\t\t<\/div>\n\t\t\t\t<\/div>\n\t\t\t\t\t<\/div>\n\t\t<\/div>\n\t\t\t\t<div class=\"elementor-column elementor-col-50 elementor-top-column elementor-element elementor-element-03cd9b3\" data-id=\"03cd9b3\" data-element_type=\"column\" data-e-type=\"column\">\n\t\t\t<div class=\"elementor-widget-wrap elementor-element-populated\">\n\t\t\t\t\t\t<div class=\"elementor-element elementor-element-096bb1b elementor-widget elementor-widget-text-editor\" data-id=\"096bb1b\" data-element_type=\"widget\" data-e-type=\"widget\" data-widget_type=\"text-editor.default\">\n\t\t\t\t<div class=\"elementor-widget-container\">\n\t\t\t\t\t\t\t\t\t<p><strong><\/strong><strong><\/strong><strong>Vorsitzender des Gemeindefeuerwehrverbandes Adendorf e. V<\/strong><br \/>Mirko Dannenfeld<br \/>Mobil: <a href=\"tel:01796767643\">0179 6767 643<\/a><br \/>E-Mail: <span id=\"cloak2d6d5ae7957026b37821bc87546cefe3\"><a href=\"ma&#105;&#108;&#116;&#x6f;&#x3a;&#x6d;&#x69;rk&#111;&#46;&#100;&#x61;&#x6e;&#x6e;&#x65;nf&#101;&#108;&#100;&#x40;&#x66;&#x6c;&#x6c;g&#46;&#100;&#101;\">m&#105;&#114;&#x6b;&#x6f;&#46;d&#97;&#110;&#x6e;&#x65;nf&#101;&#108;&#x64;&#x40;fl&#108;&#x67;&#x2e;&#x64;e <\/a><\/span><a href=\"http:\/\/www.feuerwehr-adendorf.de\" target=\"_blank\" rel=\"noopener\"><\/a><\/p>\t\t\t\t\t\t\t\t<\/div>\n\t\t\t\t<\/div>\n\t\t\t\t\t<\/div>\n\t\t<\/div>\n\t\t\t\t\t<\/div>\n\t\t<\/section>\n\t\t\t\t<\/div>\n\t\t","protected":false},"excerpt":{"rendered":"<p>Feuerwehr Die Aufgaben des Brandschutzes und der Hilfeleistung (z. B. bei Verkehrsunf\u00e4llen) werden in Adendorf durch die \u00f6rtliche Freiwillige Feuerwehr sichergestellt. Die Gemeinde Adendorf ist Tr\u00e4ger der Freiwilligen Feuerwehr und stellt die organisatorischen und sachlichen Mittel f\u00fcr die Wahrnehmung dieser Aufgaben zur Verf\u00fcgung. Im Brand- und Hilfeleistungsfall w\u00e4hlen Sie die [&hellip;]<\/p>\n","protected":false},"author":1,"featured_media":0,"parent":746,"menu_order":0,"comment_status":"closed","ping_status":"closed","template":"page-templates\/template-pagebuilder-full-width.php","meta":{"footnotes":""},"class_list":["post-727","page","type-page","status-publish","hentry"],"publishpress_future_workflow_manual_trigger":{"enabledWorkflows":[]},"rttpg_featured_image_url":null,"rttpg_author":{"display_name":"Adendorf","author_link":"https:\/\/www.adendorf.de\/1\/author\/marco-brede\/"},"rttpg_comment":0,"rttpg_category":null,"rttpg_excerpt":"Feuerwehr Die Aufgaben des Brandschutzes und der Hilfeleistung (z. B. bei Verkehrsunf\u00e4llen) werden in Adendorf durch die \u00f6rtliche Freiwillige Feuerwehr sichergestellt. Die Gemeinde Adendorf ist Tr\u00e4ger der Freiwilligen Feuerwehr und stellt die organisatorischen und sachlichen Mittel f\u00fcr die Wahrnehmung dieser Aufgaben zur Verf\u00fcgung. Im Brand- und Hilfeleistungsfall w\u00e4hlen Sie die [&hellip;]","_links":{"self":[{"href":"https:\/\/www.adendorf.de\/1\/wp-json\/wp\/v2\/pages\/727","targetHints":{"allow":["GET"]}}],"collection":[{"href":"https:\/\/www.adendorf.de\/1\/wp-json\/wp\/v2\/pages"}],"about":[{"href":"https:\/\/www.adendorf.de\/1\/wp-json\/wp\/v2\/types\/page"}],"author":[{"embeddable":true,"href":"https:\/\/www.adendorf.de\/1\/wp-json\/wp\/v2\/users\/1"}],"replies":[{"embeddable":true,"href":"https:\/\/www.adendorf.de\/1\/wp-json\/wp\/v2\/comments?post=727"}],"version-history":[{"count":59,"href":"https:\/\/www.adendorf.de\/1\/wp-json\/wp\/v2\/pages\/727\/revisions"}],"predecessor-version":[{"id":7375,"href":"https:\/\/www.adendorf.de\/1\/wp-json\/wp\/v2\/pages\/727\/revisions\/7375"}],"up":[{"embeddable":true,"href":"https:\/\/www.adendorf.de\/1\/wp-json\/wp\/v2\/pages\/746"}],"wp:attachment":[{"href":"https:\/\/www.adendorf.de\/1\/wp-json\/wp\/v2\/media?parent=727"}],"curies":[{"name":"wp","href":"https:\/\/api.w.org\/{rel}","templated":true}]}}