{"id":7691,"date":"2025-01-31T10:46:32","date_gmt":"2025-01-31T09:46:32","guid":{"rendered":"https:\/\/www.adendorf.de\/1\/?page_id=7691"},"modified":"2025-01-31T10:46:32","modified_gmt":"2025-01-31T09:46:32","slug":"nationale-klimaschutzinitiative","status":"publish","type":"page","link":"https:\/\/www.adendorf.de\/1\/klimaschutz\/nationale-klimaschutzinitiative\/","title":{"rendered":"Nationale Klimaschutzinitiative"},"content":{"rendered":"\t\t<div data-elementor-type=\"wp-page\" data-elementor-id=\"7691\" class=\"elementor elementor-7691\">\n\t\t\t\t\t\t<section class=\"elementor-section elementor-top-section elementor-element elementor-element-c3eea18 elementor-section-boxed elementor-section-height-default elementor-section-height-default\" data-id=\"c3eea18\" data-element_type=\"section\" data-e-type=\"section\">\n\t\t\t\t\t\t<div class=\"elementor-container elementor-column-gap-default\">\n\t\t\t\t\t<div class=\"elementor-column elementor-col-100 elementor-top-column elementor-element elementor-element-f24cf19\" data-id=\"f24cf19\" data-element_type=\"column\" data-e-type=\"column\">\n\t\t\t<div class=\"elementor-widget-wrap elementor-element-populated\">\n\t\t\t\t\t\t<div class=\"elementor-element elementor-element-0d873b8 elementor-widget elementor-widget-heading\" data-id=\"0d873b8\" data-element_type=\"widget\" data-e-type=\"widget\" data-widget_type=\"heading.default\">\n\t\t\t\t<div class=\"elementor-widget-container\">\n\t\t\t\t\t<h2 class=\"elementor-heading-title elementor-size-default\">Nationale Klimaschutzinitiative<\/h2>\t\t\t\t<\/div>\n\t\t\t\t<\/div>\n\t\t\t\t<div class=\"elementor-element elementor-element-e0f1988 elementor-widget elementor-widget-text-editor\" data-id=\"e0f1988\" data-element_type=\"widget\" data-e-type=\"widget\" data-widget_type=\"text-editor.default\">\n\t\t\t\t<div class=\"elementor-widget-container\">\n\t\t\t\t\t\t\t\t\t<p>Mit der nationalen Klimaschutzinitative initiert und f\u00f6rdert das Bundesministerium seit 2008 zahlreiche Projekte, die einen Beitrag zur Senkung der Treibhausgaseemissionen leisten. Ihre Programme und Projekte decken ein breites Spektrum an Klimaschutzaktivit\u00e4ten ab: Von der Entwicklung langfristiger Stategien bis hin zur konkreten Hilfestellung und investiven F\u00f6rderma\u00dfnahmen. Diese Vielfalt ist Garant f\u00fcr gute Ideen. Die Nationale Klimaschutziniative tr\u00e4gt zu einer Verankerung des Klimaschutzes vor Ort bei .Von ihr profitieren Verbraucherinnen und Verbraucher ebenso wie Unternehmen, Kommunen oder Bildungseinrichtungen.<\/p>\t\t\t\t\t\t\t\t<\/div>\n\t\t\t\t<\/div>\n\t\t\t\t<div class=\"elementor-element elementor-element-f320ba3 elementor-widget elementor-widget-heading\" data-id=\"f320ba3\" data-element_type=\"widget\" data-e-type=\"widget\" data-widget_type=\"heading.default\">\n\t\t\t\t<div class=\"elementor-widget-container\">\n\t\t\t\t\t<h2 class=\"elementor-heading-title elementor-size-default\">Die Gemeinde Adendorf beteiligt sich an der Nationalen Klimaschutzinitiative<\/h2>\t\t\t\t<\/div>\n\t\t\t\t<\/div>\n\t\t\t\t<div class=\"elementor-element elementor-element-946ddab title_position_default title_hover_border_default title-default tpg-el-box-border-enable tpg-border-bottom-disable elementor-widget elementor-widget-tpg-grid-layout\" data-id=\"946ddab\" data-element_type=\"widget\" data-e-type=\"widget\" data-widget_type=\"tpg-grid-layout.default\">\n\t\t\t\t<div class=\"elementor-widget-container\">\n\t\t\t\t\t\t\t<div class=\"rt-container-fluid rt-tpg-container tpg-el-main-wrapper clearfix grid-layout1-main \"\n\t\t\t id=\"rt-tpg-container-2216629146\"\n\t\t\t data-layout=\"grid-layout1\"\n\t\t\t data-grid-style=\"tpg-full-height\"\n\t\t\t data-sc-id=\"elementor\"\n\t\t\t data-el-settings=''\n\t\t\t data-el-query=''\n\t\t\t data-el-path=''\n\t\t>\n\t\t\t\t\t\t<div class='tpg-header-wrapper '>\n\t\t\t\t\t\t\t<\/div>\n\n\t\t\t<div data-title=\"Loading ...\" class=\"rt-row rt-content-loader grid-layout1 grid-behaviour tpg-full-height grid_layout_wrapper\">\n\t\t\t\t<div class=\"rt-col-md-12 rt-col-sm-6 rt-col-xs-12 default rt-grid-item post-8052 post type-post status-publish format-standard hentry category-nationale-klimaschutzinitiative\"        data-id=\"8052\">\n    <div class=\"rt-holder tpg-post-holder \">\n        <div class=\"rt-detail rt-el-content-wrapper\">\n\t\t\t\n\t\t\t<div class=\"entry-title-wrapper\"><h3 class=\"entry-title\"><a data-id=\"8052\" href=\"https:\/\/www.adendorf.de\/1\/2025\/03\/28\/austausch-der-entfeuchtungsanlage-im-eisstadion-adendorf\/\" class=\"tpg-post-link\" target=\"_self\">Austausch der Entfeuchtungsanlage im Eisstadion Adendorf<\/a><\/h3><\/div>\n\t\t\t\n\n\t\t\t                <div class=\"tpg-excerpt tpg-el-excerpt\">\n\t\t\t\t\t                        <div class=\"tpg-excerpt-inner\">\n\t\t\t\t\t\t\t<table>\n<tbody>\n<tr>\n<td style=\"vertical-align: top\">\n<p>Titel:<\/p>\n<\/td>\n<td style=\"vertical-align: top\">\n<p>KSI: Erneuerung der Entfeuchtungsanlage im Eisstadion Adendorf<\/p>\n<\/td>\n<\/tr>\n<tr>\n<td style=\"vertical-align: top\">\n<p>Laufzeit<\/p>\n<\/td>\n<td style=\"vertical-align: top\">\n<p>01.05.2024 - 30.04.2026<\/p>\n<\/td>\n<\/tr>\n<tr>\n<td style=\"vertical-align: top\">\n<p>Beteiligte Partner:<\/p>\n<\/td>\n<td style=\"vertical-align: top\">\n<p>Gemeinde Adendorf<br \/>Bundesministerium f\u00fcr Wirtschaft und Klimaschutz (F\u00f6rdermittelgeber)<\/p>\n<\/td>\n<\/tr>\n<tr>\n<td style=\"vertical-align: top\">\n<p>F\u00f6rderkennzeichen:<\/p>\n<\/td>\n<td style=\"vertical-align: top\">\n67K30003\n<\/td>\n<\/tr>\n<tr>\n<td>Ziele und Inhalt:<\/td>\n<td>Durch den Austausch der Entfeuchtungsanlage werden energetische Optimierungen ber\u00fccksichtigt. Die bisherige Anlage weist enien hohen Energieverbrauch aus. Die Entfeuchtungsanlage reguliert die Luftfeuchtigkeit in der Eishalle, so dass z.B. an der Dachkonstruktion keine Sch\u00e4den auftreten..<\/td>\n<\/tr>\n<tr>\n<td>Weitere Informationen<\/td>\n<td><a href=\"https:\/\/www.klimaschutz.de\/kommunalrichtlinie\" target=\"_blank\">www.klimaschutz.de\/kommunalrichtlinie<\/a><\/td>\n<\/tr>\n<\/tbody>\n<\/table>\n<p>\t\t\t\t\t\t\t\t\t\t\t\t\t\t\t<img fetchpriority=\"high\" decoding=\"async\" width=\"750\" height=\"313\" src=\"https:\/&#47;&#x77;&#x77;&#x77;&#46;&#97;&#100;&#x65;&#x6e;d&#111;&#114;&#x66;&#x2e;de&#47;&#x31;&#x2f;&#x77;p&#45;&#x63;&#x6f;&#x6e;t&#101;&#110;&#x74;&#x2f;u&#112;&#108;&#x6f;&#x61;ds&#47;&#x32;&#x30;&#x32;5&#47;&#48;&#x33;&#x2f;B&#77;&#85;&#x4b;&#x4e;_&#78;&#75;&#x49;&#x5f;ge&#102;&#x6f;&#x65;&#x72;d&#101;&#114;&#x74;&#x5f;G&#82;&#66;&#x5f;&#x44;E&#95;&#50;&#x30;&#x32;5_&#113;&#x75;&#x65;&#x72;&#64;&#52;&#120;&#x2d;&#x31;0&#48;&#45;&#x37;&#x36;8x&#51;&#x32;&#x31;&#x2e;j&#112;&#x67;\" alt=\"\" \/><\/p>\n                        <\/div>\n\t\t\t\t\t\t\t\t\t\t                <\/div>\n\t\t\t\n\t\t\t        <\/div>\n    <\/div>\n<\/div>\n<div class=\"rt-col-md-12 rt-col-sm-6 rt-col-xs-12 default rt-grid-item post-7901 post type-post status-publish format-standard hentry category-nationale-klimaschutzinitiative\"        data-id=\"7901\">\n    <div class=\"rt-holder tpg-post-holder \">\n        <div class=\"rt-detail rt-el-content-wrapper\">\n\t\t\t\n\t\t\t<div class=\"entry-title-wrapper\"><h3 class=\"entry-title\"><a data-id=\"7901\" href=\"https:\/\/www.adendorf.de\/1\/2025\/03\/06\/austausch-der-innenbeleuchtung-im-eisstadion-adendorf\/\" class=\"tpg-post-link\" target=\"_self\">Austausch der Innenbeleuchtung im Eisstadion Adendorf<\/a><\/h3><\/div>\n\t\t\t\n\n\t\t\t                <div class=\"tpg-excerpt tpg-el-excerpt\">\n\t\t\t\t\t                        <div class=\"tpg-excerpt-inner\">\n\t\t\t\t\t\t\t<table>\n<tbody>\n<tr>\n<td style=\"vertical-align: top\">\n<p>Titel:<\/p>\n<\/td>\n<td style=\"vertical-align: top\">\n<p>KSI: Austausch der Innenbeleuchtung im Eisstadion Adendorf<\/p>\n<\/td>\n<\/tr>\n<tr>\n<td style=\"vertical-align: top\">\n<p>Laufzeit<\/p>\n<\/td>\n<td style=\"vertical-align: top\">\n<p>01.05.2024 - 31.12.2025<\/p>\n<\/td>\n<\/tr>\n<tr>\n<td style=\"vertical-align: top\">\n<p>Beteiligte Partner:<\/p>\n<\/td>\n<td style=\"vertical-align: top\">\n<p>Gemeinde Adendorf<br \/>Bundesministerium f\u00fcr Wirtschaft und Klimaschutz (F\u00f6rdermittelgeber)<\/p>\n<\/td>\n<\/tr>\n<tr>\n<td style=\"vertical-align: top\">\n<p>F\u00f6rderkennzeichen:<\/p>\n<\/td>\n<td style=\"vertical-align: top\">\n67K30002\n<\/td>\n<\/tr>\n<tr>\n<td>Ziele und Inhalt:<\/td>\n<td>Durch den Austausch der Innenbeleuchtung im Eisstadion Adendorf werden energetische Belange ber\u00fccksichtigt und die Stromkosten erheblich gesenkt.<\/td>\n<\/tr>\n<tr>\n<td>Weitere Informationen<\/td>\n<td><a href=\"https:\/\/www.klimaschutz.de\/kommunalrichtlinie\" target=\"_blank\">www.klimaschutz.de\/kommunalrichtlinie<\/a><\/td>\n<\/tr>\n<\/tbody>\n<\/table>\n<p>\t\t\t\t\t\t\t\t\t\t\t\t\t\t\t<img fetchpriority=\"high\" decoding=\"async\" width=\"750\" height=\"313\" src=\"https:\/\/www&#46;adendorf&#46;de\/1\/wp-c&#111;&#110;&#116;&#101;&#110;&#116;&#47;&#117;&#112;&#108;&#111;&#97;&#100;&#115;&#47;&#50;&#48;&#50;&#53;&#47;&#48;&#51;&#47;&#66;&#77;&#85;&#75;&#78;&#95;&#78;&#75;&#x49;&#x5f;&#x67;&#x65;&#x66;&#x6f;&#x65;&#x72;&#x64;&#x65;&#x72;&#x74;&#x5f;&#x47;&#x52;&#x42;&#x5f;&#x44;&#x45;&#x5f;&#x32;&#x30;&#x32;&#x35;&#x5f;&#x71;&#x75;&#x65;&#x72;&#x40;&#x34;&#x78;&#x2d;&#x31;&#x30;&#x30;&#x2d;&#x37;&#x36;&#x38;&#x78;&#x33;&#x32;&#x31;&#x2e;jpg\" alt=\"\" \/><\/p>\n                        <\/div>\n\t\t\t\t\t\t\t\t\t\t                <\/div>\n\t\t\t\n\t\t\t        <\/div>\n    <\/div>\n<\/div>\n<div class=\"rt-col-md-12 rt-col-sm-6 rt-col-xs-12 default rt-grid-item post-7893 post type-post status-publish format-standard hentry category-nationale-klimaschutzinitiative\"        data-id=\"7893\">\n    <div class=\"rt-holder tpg-post-holder \">\n        <div class=\"rt-detail rt-el-content-wrapper\">\n\t\t\t\n\t\t\t<div class=\"entry-title-wrapper\"><h3 class=\"entry-title\"><a data-id=\"7893\" href=\"https:\/\/www.adendorf.de\/1\/2025\/01\/22\/erstellung-eines-integrierten-klimaschutzkonzeptes\/\" class=\"tpg-post-link\" target=\"_self\">Erstellung eines integrierten Klimaschutzkonzeptes<\/a><\/h3><\/div>\n\t\t\t\n\n\t\t\t                <div class=\"tpg-excerpt tpg-el-excerpt\">\n\t\t\t\t\t                        <div class=\"tpg-excerpt-inner\">\n\t\t\t\t\t\t\t<table>\n<tbody>\n<tr>\n<td style=\"vertical-align: top\">\n<p>Titel:<\/p>\n<\/td>\n<td style=\"vertical-align: top\">\n<p>KSI: Erstellung eines integrierten Klimaschutzkonzeptes durch ein Klimaschutzmanagement f\u00fcr die Gemeinde Adendorf<\/p>\n<\/td>\n<\/tr>\n<tr>\n<td style=\"vertical-align: top\">\n<p>Laufzeit<\/p>\n<\/td>\n<td style=\"vertical-align: top\">\n<p>01.04.2024 - 31.10.2026<\/p>\n<\/td>\n<\/tr>\n<tr>\n<td style=\"vertical-align: top\">\n<p>Beteiligte Partner:<\/p>\n<\/td>\n<td style=\"vertical-align: top\">\n<p>Gemeinde Adendorf<br \/>Bundesministerium f\u00fcr Wirtschaft und Klimaschutz (F\u00f6rdermittelgeber)<\/p>\n<\/td>\n<\/tr>\n<tr>\n<td style=\"vertical-align: top\">\n<p>F\u00f6rderkennzeichen:<\/p>\n<\/td>\n<td style=\"vertical-align: top\">\n67K24740\n<\/td>\n<\/tr>\n<tr>\n<td>Ziele und Inhalt:<\/td>\n<td>Erstellung eines Klimaschutzkonzeptes mit konkreten Ma\u00dfnahmen f\u00fcr die Gemeinde Adendorf. Das Konzept soll in Zusammenarbeit mit einer Klimaschutzbeauftragten oder einem Klimaschutzbeauftragten realisiert werden.<\/td>\n<\/tr>\n<tr>\n<td>Weitere Informationen<\/td>\n<td><a href=\"https:\/\/www.klimaschutz.de\/kommunalrichtlinie\" target=\"_blank\">www.klimaschutz.de\/kommunalrichtlinie<\/a><\/td>\n<\/tr>\n<\/tbody>\n<\/table>\n<p>\t\t\t\t\t\t\t\t\t\t\t\t\t\t\t<img fetchpriority=\"high\" decoding=\"async\" width=\"750\" height=\"313\" src=\"https:&#47;\/&#x77;w&#x77;&#46;&#x61;d&#x65;n&#x64;o&#x72;&#102;&#x2e;&#100;&#x65;&#47;&#x31;&#47;&#x77;&#112;&#x2d;&#99;&#x6f;&#110;t&#x65;n&#x74;\/&#x75;p&#x6c;o&#x61;d&#x73;&#47;&#x32;&#48;&#x32;&#53;&#x2f;&#48;&#x33;&#47;&#x42;&#77;&#x55;&#75;N&#x5f;N&#x4b;I&#x5f;g&#x65;f&#x6f;e&#x72;&#100;&#x65;&#114;&#x74;&#95;&#x47;&#82;&#x42;&#95;&#x44;&#69;&#x5f;&#50;0&#x32;5&#x5f;q&#x75;e&#x72;&#64;&#x34;x&#x2d;&#49;&#x30;&#48;&#x2d;&#55;&#x36;&#56;&#x78;&#51;&#x32;&#49;&#x2e;&#106;p&#x67;\" alt=\"\" \/><\/p>\n                        <\/div>\n\t\t\t\t\t\t\t\t\t\t                <\/div>\n\t\t\t\n\t\t\t        <\/div>\n    <\/div>\n<\/div>\n<div class=\"rt-col-md-12 rt-col-sm-6 rt-col-xs-12 default rt-grid-item post-7736 post type-post status-publish format-standard hentry category-nationale-klimaschutzinitiative\"        data-id=\"7736\">\n    <div class=\"rt-holder tpg-post-holder \">\n        <div class=\"rt-detail rt-el-content-wrapper\">\n\t\t\t\n\t\t\t<div class=\"entry-title-wrapper\"><h3 class=\"entry-title\"><a data-id=\"7736\" href=\"https:\/\/www.adendorf.de\/1\/2025\/01\/22\/austausch-der-strassenbeleuchtung-im-gemeindegebiet-der-gemeinde-adendorf\/\" class=\"tpg-post-link\" target=\"_self\">Austausch der Stra\u00dfenbeleuchtung im Gemeindegebiet der Gemeinde Adendorf\u200b<\/a><\/h3><\/div>\n\t\t\t\n\n\t\t\t                <div class=\"tpg-excerpt tpg-el-excerpt\">\n\t\t\t\t\t                        <div class=\"tpg-excerpt-inner\">\n\t\t\t\t\t\t\t<table>\n<tbody>\n<tr>\n<td style=\"vertical-align: top\">\n<p>Titel:<\/p>\n<\/td>\n<td style=\"vertical-align: top\">\n<p>Austausch der Stra\u00dfenbeleuchtung im Gemeindegebiet der Gemeinde Adendorf zur zeitabh\u00e4ngig geregelten Beleuchtung mit Vorbereitung f\u00fcr adaptive Beleuchtung (smart-ready)<\/p>\n<\/td>\n<\/tr>\n<tr>\n<td style=\"vertical-align: top\">\n<p>Laufzeit<\/p>\n<\/td>\n<td style=\"vertical-align: top\">\n<p>01.06.2024 - 31.12.2025<\/p>\n<\/td>\n<\/tr>\n<tr>\n<td style=\"vertical-align: top\">\n<p>Beteiligte Partner:<\/p>\n<\/td>\n<td style=\"vertical-align: top\">\n<p>Gemeinde Adendorf<br \/>Bundesministerium f\u00fcr Wirtschaft und Klimaschutz (F\u00f6rdermittelgeber)<\/p>\n<\/td>\n<\/tr>\n<tr>\n<td style=\"vertical-align: top\">\n<p>F\u00f6rderkennzeichen:<\/p>\n<\/td>\n<td style=\"vertical-align: top\">\n67K25396\n<\/td>\n<\/tr>\n<tr>\n<td>Ziele und Inhalt:<\/td>\n<td>Austausch der Stra\u00dfenbeleuchtung im Gemeindegebiet der Gemeinde Adendorf zur zeitabh\u00e4ngig geregelten Beleuchtung mit Vorbereitung f\u00fcr adaptive Beleuchtung (smart-ready)<\/td>\n<\/tr>\n<tr>\n<td>Weitere Informationen<\/td>\n<td><a href=\"https:\/\/www.klimaschutz.de\/kommunalrichtlinie\" target=\"_blank\">www.klimaschutz.de\/kommunalrichtlinie<\/a><\/td>\n<\/tr>\n<\/tbody>\n<\/table>\n<p>\t\t\t\t\t\t\t\t\t\t\t\t\t\t\t<img fetchpriority=\"high\" decoding=\"async\" width=\"750\" height=\"313\" src=\"https:&#47;\/&#x77;w&#x77;&#46;&#x61;&#100;&#x65;&#110;d&#x6f;r&#x66;&#46;&#x64;&#101;&#x2f;&#49;&#x2f;&#119;p&#x2d;c&#x6f;&#110;&#x74;&#101;&#x6e;&#116;\/&#x75;p&#x6c;&#111;&#x61;&#100;&#x73;&#47;&#x32;&#48;2&#x35;\/&#x30;&#51;&#x2f;&#66;&#x4d;&#85;K&#x4e;_&#x4e;&#75;&#x49;&#95;&#x67;&#101;&#x66;&#111;e&#x72;d&#x65;&#114;&#x74;&#95;&#x47;&#82;B&#x5f;D&#x45;&#95;&#x32;&#48;&#x32;&#53;&#x5f;&#113;u&#x65;r&#x40;&#52;&#x78;&#45;&#x31;&#48;0&#x2d;7&#x36;&#56;&#x78;&#51;&#x32;&#49;&#x2e;&#106;p&#x67;\" alt=\"\" \/><\/p>\n                        <\/div>\n\t\t\t\t\t\t\t\t\t\t                <\/div>\n\t\t\t\n\t\t\t        <\/div>\n    <\/div>\n<\/div>\n<div class=\"rt-col-md-12 rt-col-sm-6 rt-col-xs-12 default rt-grid-item post-7728 post type-post status-publish format-standard hentry category-nationale-klimaschutzinitiative\"        data-id=\"7728\">\n    <div class=\"rt-holder tpg-post-holder \">\n        <div class=\"rt-detail rt-el-content-wrapper\">\n\t\t\t\n\t\t\t<div class=\"entry-title-wrapper\"><h3 class=\"entry-title\"><a data-id=\"7728\" href=\"https:\/\/www.adendorf.de\/1\/2025\/01\/22\/ksi-machbarkeitsstudie-fuer-massnahmen-a2-premiumroute-lueneburg-adendorf-scharnebeck-als-eines-der-ersten-projekte-des-landkreisweiten-radverkehrskonzept-rvk-fkz-03k08138\/\" class=\"tpg-post-link\" target=\"_self\">KSI: Machbarkeitsstudie f\u00fcr Ma\u00dfnahmen A2 &#8222;Premiumroute L\u00fcneburg-Adendorf-Scharnebeck&#8220; als eines der ersten Projekte des landkreisweiten Radverkehrskonzept (RVK) (FKZ: 03K08138)<\/a><\/h3><\/div>\n\t\t\t\n\n\t\t\t                <div class=\"tpg-excerpt tpg-el-excerpt\">\n\t\t\t\t\t                        <div class=\"tpg-excerpt-inner\">\n\t\t\t\t\t\t\t<table>\n<tbody>\n<tr>\n<td style=\"vertical-align: top\">\n<p>F\u00f6rderkennzeichen:<\/p>\n<\/td>\n<td style=\"vertical-align: top\">\n<p>67K23069<\/p>\n<\/td>\n<\/tr>\n<tr>\n<td style=\"vertical-align: top\">\n<p>F&ouml;rderzeitraum:<\/p>\n<\/td>\n<td style=\"vertical-align: top\">\n<p>01.04.2023 - 31.12.2025<\/p>\n<\/td>\n<\/tr>\n<tr>\n<td style=\"vertical-align: top\">\n<p>Beteiligte Partner:<\/p>\n<\/td>\n<td style=\"vertical-align: top\">\n<p>Landkreis L\u00fcneburg, Gemeinde Scharnebeck, Hansestadt L\u00fcneburg und Gemeinde Adendorf<\/p>\n<\/td>\n<\/tr>\n<tr>\n<td style=\"vertical-align: top\">\n<p>Ziel und Inhalt:<\/p>\n<\/td>\n<td style=\"vertical-align: top\">\n<p>\n    Der Landkreis L&uuml;neburg hat ein landkreisweites Radverkehrskonzept (RVK) (FKZ: 03K08138) erarbeiten lassen. Mit verschiedenen Ma&szlig;nahmenpaketen und unterschiedlichen Priorisierungen stellt das RVK die Grundlage der Radverkehrsf&ouml;rderung im Landkreis L&uuml;neburg dar. Die den politischen Beschluss des RVK begleitende Strategie sieht vor, die Ma&szlig;nahme A2 &bdquo;Premiumroute L&uuml;neburg-Adendorf-Scharnebeck&ldquo; als eines der ersten Projekte umzusetzen. Zudem wurde Adendorf im Zuge des Radverkehrskonzeptes als Modellgemeinde erweitert untersucht. Die Ans&auml;tze f&uuml;r Adendorf sollen sp&auml;ter auf andere Kommunen &uuml;bertragbar sein.<\/p>\n<p>Zwischen der Gemeinde Adendorf und der Hansestadt L&uuml;neburg bestehen ausgepr&auml;gte Verkehrsbeziehungen. Radfahrenden soll alternativ zu der stark belasteten B209 eine Direktroute durch das L&uuml;ner Holz zur Verf&uuml;gung gestellt werden. Um den Radverkehrsanteil am Pendleraufkommen sp&uuml;rbar zu steigern, ist eine durchgehende Qualit&auml;tsverbesserung der Alternativroute. vorgesehen, die eine attraktive ganzj&auml;hrige Befahrbarkeit mit dem Zeitvorteil aufgrund ihrer direkten F&uuml;hrung verkn&uuml;pft. Durch die Fortsetzung der Premiumroute bis Scharnebeck (perspektivisch bis Rullstorf) sollen zus&auml;tzliche Radverkehrspotenziale insbesondere im Sch&uuml;ler- und Freizeitverkehr aktiviert werden. <\/p>\n<p>Weitere Informationen erhalten Sie \u00fcber die Klimaschutzinitiative, Kommunalrichtlinie unter:<a href=\"https:\/\/www.klimaschutz.de\/kommunalrichtlinie\" target=\"_blank\">https:\/\/www.klimaschutz.de\/kommunalrichtlinie<\/a><\/p>\n<\/td>\n<\/tr>\n<\/tbody>\n<\/table>\n<p>\t\t\t\t\t\t\t\t\t\t\t\t\t\t\t<img fetchpriority=\"high\" decoding=\"async\" width=\"750\" height=\"313\" src=\"https:&#x2f;&#x2f;&#x77;&#119;&#119;&#46;a&#x64;&#x65;&#x6e;&#100;&#111;rf&#x2e;&#x64;&#x65;&#47;&#49;\/w&#x70;&#x2d;&#x63;&#111;&#110;te&#x6e;&#x74;&#x2f;&#117;&#112;lo&#x61;&#x64;&#x73;&#47;&#50;&#48;2&#x35;&#x2f;&#x30;&#x33;&#47;&#66;M&#x55;&#x4b;&#x4e;&#x5f;&#78;&#75;I_&#x67;&#x65;&#x66;&#111;&#101;rd&#x65;&#x72;&#x74;&#95;&#71;RB&#x5f;&#x44;&#x45;&#95;&#50;02&#x35;&#x5f;&#x71;&#117;&#101;r&#64;&#x34;&#x78;&#x2d;&#49;&#48;&#48;-&#x37;&#x36;&#x38;&#x78;&#51;&#50;1&#x2e;&#x6a;&#x70;&#x67;\" alt=\"\" \/><\/p>\n                        <\/div>\n\t\t\t\t\t\t\t\t\t\t                <\/div>\n\t\t\t\n\t\t\t        <\/div>\n    <\/div>\n<\/div>\n<div class=\"rt-col-md-12 rt-col-sm-6 rt-col-xs-12 default rt-grid-item post-7704 post type-post status-publish format-standard hentry category-nationale-klimaschutzinitiative\"        data-id=\"7704\">\n    <div class=\"rt-holder tpg-post-holder \">\n        <div class=\"rt-detail rt-el-content-wrapper\">\n\t\t\t\n\t\t\t<div class=\"entry-title-wrapper\"><h3 class=\"entry-title\"><a data-id=\"7704\" href=\"https:\/\/www.adendorf.de\/1\/2025\/01\/21\/sanierung-der-aussenbeleuchtung\/\" class=\"tpg-post-link\" target=\"_self\">Sanierung der Au\u00dfenbeleuchtung<\/a><\/h3><\/div>\n\t\t\t\n\n\t\t\t                <div class=\"tpg-excerpt tpg-el-excerpt\">\n\t\t\t\t\t                        <div class=\"tpg-excerpt-inner\">\n\t\t\t\t\t\t\t<p>Die Gemeinde Adendorf beteiligt sich an der Nationalen Klimaschutzinitiative und m\u00f6chte in diesem Rahmen die Sanierung der Stra\u00dfenbeleuchtung im Kirchweg und Papageienweg durchf\u00fchren. Hierf\u00fcr hat die Gemeinde heute am 17.12.2015 einen entsprechenden F\u00f6rderantrag gestellt. Insgesamt sollen 120 Lampenk\u00f6pfe modernisiert werden mit dem Ziel, den Energieverbrauch deutlich zu senken. Insgesamt belaufen sich die Kosten f\u00fcr diese Ma\u00dfnahme auf rund 100.000\u00a0\u20ac. Die Gemeinde hat hierf\u00fcr F\u00f6rdermittel in H\u00f6he von rd. 25.000\u00a0\u20ac beim Bundesministerium f\u00fcr Umwelt, Naturschutz, Bau und Reaktorsicherheit beantragt.<\/p>\n<p>Die Ma\u00dfnahme im Detail:<\/p>\n<table>\n<tbody>\n<tr>\n<td style=\"vertical-align: top\">\n<p>Titel:<\/p>\n<\/td>\n<td style=\"vertical-align: top\">\n<p>Sanierung der Au\u00dfenbeleuchtung<\/p>\n<\/td>\n<\/tr>\n<tr>\n<td style=\"vertical-align: top\">\n<p>Laufzeit:<\/p>\n<\/td>\n<td style=\"vertical-align: top\">\n<p>01.06.2017 \u2013 31.12.2017 (verl\u00e4ngert)<\/p>\n<\/td>\n<\/tr>\n<tr>\n<td style=\"vertical-align: top\">\n<p>Beteiligte Partner:<\/p>\n<\/td>\n<td style=\"vertical-align: top\">\n<p>Gemeinde Adendorf<\/p>\n<p>Bundesministerium f\u00fcr Umwelt, Naturschutz, Bau und Reaktorsicherheit (F\u00f6rdermittelgeber)<\/p>\n<\/td>\n<\/tr>\n<tr>\n<td style=\"vertical-align: top\">\n<p>F\u00f6rderkennzeichen:<\/p>\n<\/td>\n<td style=\"vertical-align: top\">\n<p>03K02915<\/p>\n<\/td>\n<\/tr>\n<tr>\n<td style=\"vertical-align: top\">\n<p>Ziel und Inhalt:<\/p>\n<\/td>\n<td style=\"vertical-align: top\">\n<p>Umsetzung der Klimaziele der Nationalen Klimaschutzinitiative<\/p>\n<\/td>\n<\/tr>\n<tr>\n<td style=\"vertical-align: top\">\n<p>Kostenrahmen<\/p>\n<\/td>\n<td style=\"vertical-align: top\">\n<p>rd. 100.000&nbsp;\u20ac<\/p>\n<\/td>\n<\/tr>\n<\/tbody>\n<\/table>\n<h2>Bewilligungsbescheid aus Berlin f\u00fcr die Stra\u00dfensanierung<\/h2>\n<p>Mit Schreiben vom 04.03.2016 gew\u00e4hrt das Bundesministerium f\u00fcr Umwelt, Naturschutz, Bau und Reaktorsicherheit der Gemeinde Adendorf rd. 25.000\u00a0\u20ac f\u00fcr die Sanierung der Stra\u00dfenbeleuchtung. B\u00fcrgermeister Thomas Maack freut sich \u00fcber die F\u00f6rdermittel, die es der Gemeinde erm\u00f6glichen, energieeffiziente Lampenk\u00f6pfe in den Stra\u00dfen Kirchweg und Papageienweg zu installieren.<\/p>\n<h2>Austausch der Lampenk\u00f6pfe beginnt am 17.04.2017<\/h2>\n<p>Ab n\u00e4chsten Montag beginnt die Firma Avacon mit dem Austausch der alten Lampenk\u00f6pfe im Kirchweg und Papageienweg. Die Arbeiten werden voraussichtlich drei Wochen dauern. Die Ma\u00dfnahme wird aufgrund eines Beschlusses vom Bundestag vom Bundesministerium f\u00fcr Umwelt, Naturschutz, Bau und Reaktorsicherheit gef\u00f6rdert.<\/p>\n<p>Kirchweg und Papageienweg haben eine neue Beleuchtung erhalten<\/p>\n<p>Am 27. Juni 2017 erfolgte die Schlussabnahme der Umr\u00fcstung der Lampenk\u00f6pfe. Mithilfe der F\u00f6rderung durch das Bundesministerium f\u00fcr Umwelt, Naturschutz, Bau und Reaktorsicherheit wurden in den Stra\u00dfen \u201eKirchweg\u201c und \u201ePapageienweg\u201c insgesamt 127 Lampenk\u00f6pfe mit neuer LED-Technik ausgestattet.<\/p>\n<ul>\n<li>\n\t\t\t\t\t\t\t\t\t\t\t<a href=\"http:\/\/www.adendorf.de\/1\/wp-content\/uploads\/2019\/03\/zertifikat-klimaschutz.pdf\"><br \/>\n\t\t\t\t\t\t\t\t\t\tUmweltzertifikat<br \/>\n\t\t\t\t\t\t\t\t\t\t\t<\/a>\n\t\t\t\t\t\t\t\t\t<\/li>\n<\/ul>\n<p>\t\t\t\t\t\t\t\t\t\t\t\t\t\t\t<img decoding=\"async\" width=\"750\" height=\"287\" src=\"https:\/\/www.adendorf.de\/1\/wp-content\/uploads\/2020\/02\/BMUB_NKI-768x294.jpg\" alt=\"\" \/><\/p>\n                        <\/div>\n\t\t\t\t\t\t\t\t\t\t                <\/div>\n\t\t\t\n\t\t\t        <\/div>\n    <\/div>\n<\/div>\n\t\t\t<\/div>\n\t\t\t\n\t\t<\/div>\n\t\t\t\t\t\t<\/div>\n\t\t\t\t<\/div>\n\t\t\t\t\t<\/div>\n\t\t<\/div>\n\t\t\t\t\t<\/div>\n\t\t<\/section>\n\t\t\t\t<\/div>\n\t\t","protected":false},"excerpt":{"rendered":"<p>Nationale Klimaschutzinitiative Mit der nationalen Klimaschutzinitative initiert und f\u00f6rdert das Bundesministerium seit 2008 zahlreiche Projekte, die einen Beitrag zur Senkung der Treibhausgaseemissionen leisten. Ihre Programme und Projekte decken ein breites Spektrum an Klimaschutzaktivit\u00e4ten ab: Von der Entwicklung langfristiger Stategien bis hin zur konkreten Hilfestellung und investiven F\u00f6rderma\u00dfnahmen. Diese Vielfalt ist [&hellip;]<\/p>\n","protected":false},"author":1,"featured_media":0,"parent":7644,"menu_order":0,"comment_status":"closed","ping_status":"closed","template":"elementor_header_footer","meta":{"footnotes":""},"class_list":["post-7691","page","type-page","status-publish","hentry"],"publishpress_future_workflow_manual_trigger":{"enabledWorkflows":[]},"rttpg_featured_image_url":null,"rttpg_author":{"display_name":"Adendorf","author_link":"https:\/\/www.adendorf.de\/1\/author\/marco-brede\/"},"rttpg_comment":0,"rttpg_category":"","rttpg_excerpt":"Nationale Klimaschutzinitiative Mit der nationalen Klimaschutzinitative initiert und f\u00f6rdert das Bundesministerium seit 2008 zahlreiche Projekte, die einen Beitrag zur Senkung der Treibhausgaseemissionen leisten. Ihre Programme und Projekte decken ein breites Spektrum an Klimaschutzaktivit\u00e4ten ab: Von der Entwicklung langfristiger Stategien bis hin zur konkreten Hilfestellung und investiven F\u00f6rderma\u00dfnahmen. Diese Vielfalt ist [&hellip;]","_links":{"self":[{"href":"https:\/\/www.adendorf.de\/1\/wp-json\/wp\/v2\/pages\/7691","targetHints":{"allow":["GET"]}}],"collection":[{"href":"https:\/\/www.adendorf.de\/1\/wp-json\/wp\/v2\/pages"}],"about":[{"href":"https:\/\/www.adendorf.de\/1\/wp-json\/wp\/v2\/types\/page"}],"author":[{"embeddable":true,"href":"https:\/\/www.adendorf.de\/1\/wp-json\/wp\/v2\/users\/1"}],"replies":[{"embeddable":true,"href":"https:\/\/www.adendorf.de\/1\/wp-json\/wp\/v2\/comments?post=7691"}],"version-history":[{"count":14,"href":"https:\/\/www.adendorf.de\/1\/wp-json\/wp\/v2\/pages\/7691\/revisions"}],"predecessor-version":[{"id":7715,"href":"https:\/\/www.adendorf.de\/1\/wp-json\/wp\/v2\/pages\/7691\/revisions\/7715"}],"up":[{"embeddable":true,"href":"https:\/\/www.adendorf.de\/1\/wp-json\/wp\/v2\/pages\/7644"}],"wp:attachment":[{"href":"https:\/\/www.adendorf.de\/1\/wp-json\/wp\/v2\/media?parent=7691"}],"curies":[{"name":"wp","href":"https:\/\/api.w.org\/{rel}","templated":true}]}}