{"id":7693,"date":"2025-01-21T15:51:20","date_gmt":"2025-01-21T14:51:20","guid":{"rendered":"https:\/\/www.adendorf.de\/1\/?page_id=7693"},"modified":"2025-01-22T12:23:29","modified_gmt":"2025-01-22T11:23:29","slug":"foerderprogramme-der-gemeinde-adendorf","status":"publish","type":"page","link":"https:\/\/www.adendorf.de\/1\/klimaschutz\/foerderprogramme-der-gemeinde-adendorf\/","title":{"rendered":"F\u00f6rderprogramme der Gemeinde Adendorf"},"content":{"rendered":"\t\t<div data-elementor-type=\"wp-page\" data-elementor-id=\"7693\" class=\"elementor elementor-7693\">\n\t\t\t\t\t\t<section class=\"elementor-section elementor-top-section elementor-element elementor-element-c3eea18 elementor-section-boxed elementor-section-height-default elementor-section-height-default\" data-id=\"c3eea18\" data-element_type=\"section\" data-e-type=\"section\">\n\t\t\t\t\t\t<div class=\"elementor-container elementor-column-gap-default\">\n\t\t\t\t\t<div class=\"elementor-column elementor-col-100 elementor-top-column elementor-element elementor-element-f24cf19\" data-id=\"f24cf19\" data-element_type=\"column\" data-e-type=\"column\">\n\t\t\t<div class=\"elementor-widget-wrap elementor-element-populated\">\n\t\t\t\t\t\t<div class=\"elementor-element elementor-element-946ddab title_position_default title_hover_border_default title-default tpg-el-box-border-enable tpg-border-bottom-disable elementor-widget elementor-widget-tpg-grid-layout\" data-id=\"946ddab\" data-element_type=\"widget\" data-e-type=\"widget\" data-widget_type=\"tpg-grid-layout.default\">\n\t\t\t\t<div class=\"elementor-widget-container\">\n\t\t\t\t\t\t\t<div class=\"rt-container-fluid rt-tpg-container tpg-el-main-wrapper clearfix grid-layout1-main \"\n\t\t\t id=\"rt-tpg-container-983568427\"\n\t\t\t data-layout=\"grid-layout1\"\n\t\t\t data-grid-style=\"tpg-full-height\"\n\t\t\t data-sc-id=\"elementor\"\n\t\t\t data-el-settings=''\n\t\t\t data-el-query=''\n\t\t\t data-el-path=''\n\t\t>\n\t\t\t\t\t\t<div class='tpg-header-wrapper '>\n\t\t\t\t\t\t\t<\/div>\n\n\t\t\t<div data-title=\"Loading ...\" class=\"rt-row rt-content-loader grid-layout1 grid-behaviour tpg-full-height grid_layout_wrapper\">\n\t\t\t\t<div class=\"rt-col-md-12 rt-col-sm-6 rt-col-xs-12 default rt-grid-item post-6744 post type-post status-publish format-standard hentry category-foerderprogramme category-klimaschutzmassnahmen\"        data-id=\"6744\">\n    <div class=\"rt-holder tpg-post-holder \">\n        <div class=\"rt-detail rt-el-content-wrapper\">\n\t\t\t\n\t\t\t<div class=\"entry-title-wrapper\"><h3 class=\"entry-title\"><a data-id=\"6744\" href=\"https:\/\/www.adendorf.de\/1\/2024\/04\/25\/stecker-solar-geraete-foerderprogramm-der-gemeinde-adendorf\/\" class=\"tpg-post-link\" target=\"_self\">Stecker-Solar-Ger\u00e4te-F\u00f6rderprogramm der Gemeinde Adendorf<\/a><\/h3><\/div>\n\t\t\t\n\n\t\t\t                <div class=\"tpg-excerpt tpg-el-excerpt\">\n\t\t\t\t\t                        <div class=\"tpg-excerpt-inner\">\n\t\t\t\t\t\t\t<p><\/p>\n<p>Die Gemeinde Adendorf hat sich zum Ziel, gesetzt die CO2-Emissionen in ihrem Gebiet zu senken. Der Ausbau der Erneuerbaren Energien spielt dabei eine wesentliche Rolle. Um den Ausbau zu unterst\u00fctzen, sollen durch F\u00f6rderprogramme Anreize geschaffen werden. Durch diese Richtlinie sollen sog. Stecker-Solar-Ger\u00e4te gef\u00f6rdert werden. Auf diese Weise k\u00f6nnen auch Mieter*innen bzw. Eigent\u00fcmer*innen von Wohnungen, denen kein eigenes Dach zur Verf\u00fcgung steht, auf einfache Weise Strom erzeugen.<\/p>\n<p><\/p>\n<p><\/p>\n<ul class=\"wp-block-list\"><\/p>\n<li><a href=\"https:\/\/www.adendorf.de\/1\/wp-content\/uploads\/2023\/11\/Foerderrichtlinie_Stecker_Solar_Geraete.pdf\">F\u00f6rderrichtlinie<\/a><\/li>\n<p><\/p>\n<p><\/p>\n<li><a href=\"https:\/\/www.adendorf.de\/1\/wp-content\/uploads\/2023\/11\/Antrag-Steckersolar.pdf\">Antrag auf Gew\u00e4hrung eines Zuschusses<\/a><\/li>\n<p><\/ul>\n<p><\/p>\n<p><\/p>\n<p><strong>Ansprechpartnerin<\/strong><br \/>Nancy Dutz<br \/>Gemeinde Adendorf<br \/>Rathausplatz 14<br \/>Telefon: <a href=\"tel:04131980941\">04131 9809 41<\/a><br \/>Telefax: 04131 9809 56<br \/>E-Mail: <a href=\"&#109;&#97;&#x69;l&#116;&#x6f;&#x3a;n&#97;&#x6e;&#x63;y&#46;&#x64;u&#116;&#x7a;&#x40;a&#100;&#x65;&#x6e;d&#111;&#x72;f&#46;&#x64;&#x65;\">&#110;&#x61;n&#99;&#x79;&#46;&#100;&#x75;t&#122;&#x40;a&#100;&#x65;&#110;&#x64;&#x6f;&#114;&#x66;&#x2e;&#100;&#x65;<\/a><\/p>\n<p><\/p>\n<p><\/p>\n<p><\/p>\n                        <\/div>\n\t\t\t\t\t\t\t\t\t\t                <\/div>\n\t\t\t\n\t\t\t        <\/div>\n    <\/div>\n<\/div>\n<div class=\"rt-col-md-12 rt-col-sm-6 rt-col-xs-12 default rt-grid-item post-6277 post type-post status-publish format-standard has-post-thumbnail hentry category-allgemein category-foerderprogramme\"        data-id=\"6277\">\n    <div class=\"rt-holder tpg-post-holder \">\n        <div class=\"rt-detail rt-el-content-wrapper\">\n\t\t\t\n\t\t\t<div class=\"entry-title-wrapper\"><h3 class=\"entry-title\"><a data-id=\"6277\" href=\"https:\/\/www.adendorf.de\/1\/2023\/06\/14\/foerdermoeglichkeiten\/\" class=\"tpg-post-link\" target=\"_self\">F\u00f6rderm\u00f6glichkeiten<\/a><\/h3><\/div>\n\t\t\t\n\n\t\t\t                <div class=\"tpg-excerpt tpg-el-excerpt\">\n\t\t\t\t\t                        <div class=\"tpg-excerpt-inner\">\n\t\t\t\t\t\t\t<p><\/p>\n<p>Die Gemeinde Adendorf unterst\u00fctzt ihre B\u00fcrgerinnen und B\u00fcrger mit verschiedenen F\u00f6rderprogrammen. Lesen Sie sich die Richtlinien sorgf\u00e4ltig durch und pr\u00fcfen Sie, ob Ihre Vorhaben die Voraussetzungen erf\u00fcllen.<\/p>\n<p><\/p>\n<p><\/p>\n<ul class=\"wp-block-list\"><\/p>\n<li><a href=\"https:\/\/www.adendorf.de\/1\/wp-content\/uploads\/2019\/03\/heckenprogramm.pdf\">F\u00f6rderrichtlinien f\u00fcr die Bezuschussung von Heckenpflanzungen in der Gemeinde Adendorf (Heckenprogramm)<\/a><\/li>\n<p><\/p>\n<p><\/p>\n<li><a href=\"https:\/\/www.adendorf.de\/1\/wp-content\/uploads\/2022\/03\/Foerderrichtlinie-Dachbegruenungs-Foerderprogramm-der-Gemeinde-Adendorf.pdf\">F\u00f6rderrichtlinien Dachbegr\u00fcnungs-F\u00f6rderprogramm der Gemeinde Adendorf<\/a><\/li>\n<p><\/p>\n<p><\/p>\n<li><a href=\"https:\/\/www.adendorf.de\/1\/wp-content\/uploads\/2023\/11\/Foerderrichtlinie_Stecker_Solar_Geraete.pdf\">F\u00f6rderrichtlinie Stecker-Solar-Ger\u00e4te-F\u00f6rderprogramm der Gemeinde Adendorf<\/a><\/li>\n<p><\/p>\n<p><\/p>\n<li><a href=\"https:\/\/www.adendorf.de\/1\/wp-content\/uploads\/2024\/10\/Foerderrichtlinie_Umweltpreis.pdf\">F\u00f6rderrichtlinie f\u00fcr den kommunalen Umweltpreis der Gemeinde Adendorf<\/a><\/li>\n<p><\/ul>\n<p><\/p>\n<p><\/p>\n<p><\/p>\n                        <\/div>\n\t\t\t\t\t\t\t\t\t\t                <\/div>\n\t\t\t\n\t\t\t        <\/div>\n    <\/div>\n<\/div>\n\t\t\t<\/div>\n\t\t\t\n\t\t<\/div>\n\t\t\t\t\t\t<\/div>\n\t\t\t\t<\/div>\n\t\t\t\t\t<\/div>\n\t\t<\/div>\n\t\t\t\t\t<\/div>\n\t\t<\/section>\n\t\t\t\t<\/div>\n\t\t","protected":false},"excerpt":{"rendered":"<p>Stecker-Solar-Ger\u00e4te-F\u00f6rderprogramm der Gemeinde Adendorf Die Gemeinde Adendorf hat sich zum Ziel, gesetzt die CO2-Emissionen in ihrem Gebiet zu senken. Der Ausbau der Erneuerbaren Energien spielt dabei eine wesentliche Rolle. Um den Ausbau zu unterst\u00fctzen, sollen durch F\u00f6rderprogramme Anreize geschaffen werden. Durch diese Richtlinie sollen sog. Stecker-Solar-Ger\u00e4te gef\u00f6rdert werden. Auf diese [&hellip;]<\/p>\n","protected":false},"author":1,"featured_media":0,"parent":7644,"menu_order":0,"comment_status":"closed","ping_status":"closed","template":"elementor_header_footer","meta":{"footnotes":""},"class_list":["post-7693","page","type-page","status-publish","hentry"],"publishpress_future_workflow_manual_trigger":{"enabledWorkflows":[]},"rttpg_featured_image_url":null,"rttpg_author":{"display_name":"Adendorf","author_link":"https:\/\/www.adendorf.de\/1\/author\/marco-brede\/"},"rttpg_comment":0,"rttpg_category":"","rttpg_excerpt":"Stecker-Solar-Ger\u00e4te-F\u00f6rderprogramm der Gemeinde Adendorf Die Gemeinde Adendorf hat sich zum Ziel, gesetzt die CO2-Emissionen in ihrem Gebiet zu senken. Der Ausbau der Erneuerbaren Energien spielt dabei eine wesentliche Rolle. Um den Ausbau zu unterst\u00fctzen, sollen durch F\u00f6rderprogramme Anreize geschaffen werden. Durch diese Richtlinie sollen sog. Stecker-Solar-Ger\u00e4te gef\u00f6rdert werden. Auf diese [&hellip;]","_links":{"self":[{"href":"https:\/\/www.adendorf.de\/1\/wp-json\/wp\/v2\/pages\/7693","targetHints":{"allow":["GET"]}}],"collection":[{"href":"https:\/\/www.adendorf.de\/1\/wp-json\/wp\/v2\/pages"}],"about":[{"href":"https:\/\/www.adendorf.de\/1\/wp-json\/wp\/v2\/types\/page"}],"author":[{"embeddable":true,"href":"https:\/\/www.adendorf.de\/1\/wp-json\/wp\/v2\/users\/1"}],"replies":[{"embeddable":true,"href":"https:\/\/www.adendorf.de\/1\/wp-json\/wp\/v2\/comments?post=7693"}],"version-history":[{"count":4,"href":"https:\/\/www.adendorf.de\/1\/wp-json\/wp\/v2\/pages\/7693\/revisions"}],"predecessor-version":[{"id":7747,"href":"https:\/\/www.adendorf.de\/1\/wp-json\/wp\/v2\/pages\/7693\/revisions\/7747"}],"up":[{"embeddable":true,"href":"https:\/\/www.adendorf.de\/1\/wp-json\/wp\/v2\/pages\/7644"}],"wp:attachment":[{"href":"https:\/\/www.adendorf.de\/1\/wp-json\/wp\/v2\/media?parent=7693"}],"curies":[{"name":"wp","href":"https:\/\/api.w.org\/{rel}","templated":true}]}}