{"id":798,"date":"2019-04-16T15:09:23","date_gmt":"2019-04-16T13:09:23","guid":{"rendered":"http:\/\/www.adendorf.de\/1\/?page_id=798"},"modified":"2022-01-13T17:17:39","modified_gmt":"2022-01-13T16:17:39","slug":"wohnmobilstellplatz","status":"publish","type":"page","link":"https:\/\/www.adendorf.de\/1\/aktiv-in-adendorf\/freizeit\/wohnmobilstellplatz\/","title":{"rendered":"Wohnmobilstellplatz"},"content":{"rendered":"\t\t<div data-elementor-type=\"wp-post\" data-elementor-id=\"798\" class=\"elementor elementor-798\">\n\t\t\t\t\t\t<section class=\"elementor-section elementor-top-section elementor-element elementor-element-4f51ccd elementor-section-boxed elementor-section-height-default elementor-section-height-default\" data-id=\"4f51ccd\" data-element_type=\"section\" data-e-type=\"section\">\n\t\t\t\t\t\t<div class=\"elementor-container elementor-column-gap-default\">\n\t\t\t\t\t<div class=\"elementor-column elementor-col-100 elementor-top-column elementor-element elementor-element-9c91ce8\" data-id=\"9c91ce8\" data-element_type=\"column\" data-e-type=\"column\">\n\t\t\t<div class=\"elementor-widget-wrap elementor-element-populated\">\n\t\t\t\t\t\t<div class=\"elementor-element elementor-element-e62cdad elementor-widget elementor-widget-heading\" data-id=\"e62cdad\" data-element_type=\"widget\" data-e-type=\"widget\" data-widget_type=\"heading.default\">\n\t\t\t\t<div class=\"elementor-widget-container\">\n\t\t\t\t\t<h1 class=\"elementor-heading-title elementor-size-default\">Wohnmobilstellplatz<\/h1>\t\t\t\t<\/div>\n\t\t\t\t<\/div>\n\t\t\t\t<div class=\"elementor-element elementor-element-2068610 elementor-widget elementor-widget-text-editor\" data-id=\"2068610\" data-element_type=\"widget\" data-e-type=\"widget\" data-widget_type=\"text-editor.default\">\n\t\t\t\t<div class=\"elementor-widget-container\">\n\t\t\t\t\t\t\t\t\t<p>Der Platz befindet sich im Scharnebecker Weg gegen\u00fcber dem Walter-Maack-Eisstadion. Er bietet Platz f\u00fcr 30 Wohnmobile und ist ganzj\u00e4hrig ge\u00f6ffnet. Die Stellplatzgeb\u00fchr betr\u00e4gt 10,00\u00a0\u20ac.<\/p><p><strong>Der Wohnmobilstellplatz verf\u00fcgt \u00fcber<\/strong><\/p><ul><li>eine Station f\u00fcr Frisch- und Abwasser<\/li><li>eine Stromversorgung f\u00fcr alle Pl\u00e4tze und<\/li><li>einen Grillplatz.<\/li><\/ul><p><strong>Betreiber<\/strong><\/p><p>L\u00fcneburger Parkhaus und Parkraum Verwaltungs GmbH (L\u00fcneparken)<\/p><p>Telefon: <a href=\"tel:041313098000\">04131 309 80 00<\/a><\/p>\t\t\t\t\t\t\t\t<\/div>\n\t\t\t\t<\/div>\n\t\t\t\t<div class=\"elementor-element elementor-element-10433f7 my-hidden elementor-widget elementor-widget-text-editor\" data-id=\"10433f7\" data-element_type=\"widget\" data-e-type=\"widget\" data-widget_type=\"text-editor.default\">\n\t\t\t\t<div class=\"elementor-widget-container\">\n\t\t\t\t\t\t\t\t\t<p><strong>Ansprechpartner in der Gemeindeverwaltung<\/strong><\/p><p>Gemeinde Adendorf<\/p><p>Holger Sch\u00f6lzel<\/p><p>Rathausplatz 14<\/p><p>21365 Adendorf<\/p><p>Telefon: <a href=\"tel:04131 9809 23\">04131 9809 23<\/a><\/p><p>Telefax: 04131 9809 56<\/p><p>E-Mail: <a href=\"&#x6d;&#97;i&#x6c;&#116;&#111;&#x3a;&#x68;&#111;l&#x67;&#101;r&#x2e;&#x73;&#99;h&#x6f;&#101;l&#x7a;&#x65;&#108;&#64;&#x61;&#100;e&#x6e;&#x64;&#111;r&#x66;&#46;d&#x65;\">ho&#108;&#103;&#101;&#x72;&#x2e;&#x73;&#x63;&#x68;oe&#108;&#122;&#101;&#x6c;&#x40;&#x61;&#x64;&#x65;nd&#111;&#114;&#102;&#x2e;&#x64;&#x65;<\/a><\/p><p>Internet: www.adendorf.de<\/p>\t\t\t\t\t\t\t\t<\/div>\n\t\t\t\t<\/div>\n\t\t\t\t\t<\/div>\n\t\t<\/div>\n\t\t\t\t\t<\/div>\n\t\t<\/section>\n\t\t\t\t<\/div>\n\t\t","protected":false},"excerpt":{"rendered":"<p>Wohnmobilstellplatz Der Platz befindet sich im Scharnebecker Weg gegen\u00fcber dem Walter-Maack-Eisstadion. Er bietet Platz f\u00fcr 30 Wohnmobile und ist ganzj\u00e4hrig ge\u00f6ffnet. Die Stellplatzgeb\u00fchr betr\u00e4gt 10,00\u00a0\u20ac. Der Wohnmobilstellplatz verf\u00fcgt \u00fcber eine Station f\u00fcr Frisch- und Abwasser eine Stromversorgung f\u00fcr alle Pl\u00e4tze und einen Grillplatz. Betreiber L\u00fcneburger Parkhaus und Parkraum Verwaltungs GmbH [&hellip;]<\/p>\n","protected":false},"author":1,"featured_media":0,"parent":748,"menu_order":0,"comment_status":"closed","ping_status":"closed","template":"page-templates\/template-pagebuilder-full-width.php","meta":{"footnotes":""},"class_list":["post-798","page","type-page","status-publish","hentry"],"publishpress_future_workflow_manual_trigger":{"enabledWorkflows":[]},"rttpg_featured_image_url":null,"rttpg_author":{"display_name":"Adendorf","author_link":"https:\/\/www.adendorf.de\/1\/author\/marco-brede\/"},"rttpg_comment":0,"rttpg_category":null,"rttpg_excerpt":"Wohnmobilstellplatz Der Platz befindet sich im Scharnebecker Weg gegen\u00fcber dem Walter-Maack-Eisstadion. Er bietet Platz f\u00fcr 30 Wohnmobile und ist ganzj\u00e4hrig ge\u00f6ffnet. Die Stellplatzgeb\u00fchr betr\u00e4gt 10,00\u00a0\u20ac. Der Wohnmobilstellplatz verf\u00fcgt \u00fcber eine Station f\u00fcr Frisch- und Abwasser eine Stromversorgung f\u00fcr alle Pl\u00e4tze und einen Grillplatz. Betreiber L\u00fcneburger Parkhaus und Parkraum Verwaltungs GmbH [&hellip;]","_links":{"self":[{"href":"https:\/\/www.adendorf.de\/1\/wp-json\/wp\/v2\/pages\/798","targetHints":{"allow":["GET"]}}],"collection":[{"href":"https:\/\/www.adendorf.de\/1\/wp-json\/wp\/v2\/pages"}],"about":[{"href":"https:\/\/www.adendorf.de\/1\/wp-json\/wp\/v2\/types\/page"}],"author":[{"embeddable":true,"href":"https:\/\/www.adendorf.de\/1\/wp-json\/wp\/v2\/users\/1"}],"replies":[{"embeddable":true,"href":"https:\/\/www.adendorf.de\/1\/wp-json\/wp\/v2\/comments?post=798"}],"version-history":[{"count":11,"href":"https:\/\/www.adendorf.de\/1\/wp-json\/wp\/v2\/pages\/798\/revisions"}],"predecessor-version":[{"id":4521,"href":"https:\/\/www.adendorf.de\/1\/wp-json\/wp\/v2\/pages\/798\/revisions\/4521"}],"up":[{"embeddable":true,"href":"https:\/\/www.adendorf.de\/1\/wp-json\/wp\/v2\/pages\/748"}],"wp:attachment":[{"href":"https:\/\/www.adendorf.de\/1\/wp-json\/wp\/v2\/media?parent=798"}],"curies":[{"name":"wp","href":"https:\/\/api.w.org\/{rel}","templated":true}]}}