{"id":8037,"date":"2025-03-27T07:22:20","date_gmt":"2025-03-27T06:22:20","guid":{"rendered":"https:\/\/www.adendorf.de\/1\/?page_id=8037"},"modified":"2025-03-27T07:43:22","modified_gmt":"2025-03-27T06:43:22","slug":"energiebericht","status":"publish","type":"page","link":"https:\/\/www.adendorf.de\/1\/klimaschutz\/energiebericht\/","title":{"rendered":"Energiebericht"},"content":{"rendered":"\n<p>Energieberichte werden durch \u00a717 des Nieders\u00e4chsischen Gesetzes zur F\u00f6rderung des Klimaschutzes und zur Minderung der Folgen des Klimawandels (NKlimaG) f\u00fcr alle Kommunen in Niedersachsen als Pflichtaufgabe vorgeschrieben. Die Berichte sollen dazu beitragen, dass \u00fcber Erkenntnisse bez\u00fcglich der Endenergieverbr\u00e4uche und CO<sub>2<\/sub>-\u00c4quivalent-Emissionen dieselben gesenkt und gleichzeitig Energiekosten reduziert werden k\u00f6nnen. Das erste vorgeschriebene Berichtsjahr war 2022; um eine Vergleichbarkeit zu anderen Jahren zu erm\u00f6glichen wurden zus\u00e4tzlich die Jahre 2019 bis 2021 betrachtet.<\/p>\n\n\n\n<p>Unter nachfolgendem Link sehen Sie den Energiebericht der Gemeinde Adendorf f\u00fcr den Betrachtungszeitraum 2019-2022: <a href=\"https:\/\/www.adendorf.de\/1\/wp-content\/uploads\/2025\/03\/Energiebericht-der-Gemeinde-2022.pdf\" target=\"_blank\" rel=\"noreferrer noopener\">Energiebericht der Gemeinde 2022<\/a><\/p>\n\n\n\n<p><\/p>\n","protected":false},"excerpt":{"rendered":"<p>Energieberichte werden durch \u00a717 des Nieders\u00e4chsischen Gesetzes zur F\u00f6rderung des Klimaschutzes und zur Minderung der Folgen des Klimawandels (NKlimaG) f\u00fcr alle Kommunen in Niedersachsen als Pflichtaufgabe vorgeschrieben. Die Berichte sollen dazu beitragen, dass \u00fcber Erkenntnisse bez\u00fcglich der Endenergieverbr\u00e4uche und CO2-\u00c4quivalent-Emissionen dieselben gesenkt und gleichzeitig Energiekosten reduziert werden k\u00f6nnen. Das erste [&hellip;]<\/p>\n","protected":false},"author":1,"featured_media":8042,"parent":7644,"menu_order":0,"comment_status":"closed","ping_status":"closed","template":"","meta":{"footnotes":""},"class_list":["post-8037","page","type-page","status-publish","has-post-thumbnail","hentry"],"publishpress_future_workflow_manual_trigger":{"enabledWorkflows":[]},"rttpg_featured_image_url":{"full":["https:\/\/www.adendorf.de\/1\/wp-content\/uploads\/2025\/03\/Energiebericht.jpg",1695,1000,false],"landscape":["https:\/\/www.adendorf.de\/1\/wp-content\/uploads\/2025\/03\/Energiebericht.jpg",1695,1000,false],"portraits":["https:\/\/www.adendorf.de\/1\/wp-content\/uploads\/2025\/03\/Energiebericht.jpg",1695,1000,false],"thumbnail":["https:\/\/www.adendorf.de\/1\/wp-content\/uploads\/2025\/03\/Energiebericht-150x150.jpg",150,150,true],"medium":["https:\/\/www.adendorf.de\/1\/wp-content\/uploads\/2025\/03\/Energiebericht-300x177.jpg",300,177,true],"large":["https:\/\/www.adendorf.de\/1\/wp-content\/uploads\/2025\/03\/Energiebericht-1024x604.jpg",750,442,true],"1536x1536":["https:\/\/www.adendorf.de\/1\/wp-content\/uploads\/2025\/03\/Energiebericht-1536x906.jpg",1536,906,true],"2048x2048":["https:\/\/www.adendorf.de\/1\/wp-content\/uploads\/2025\/03\/Energiebericht.jpg",1695,1000,false],"hestia-blog":["https:\/\/www.adendorf.de\/1\/wp-content\/uploads\/2025\/03\/Energiebericht-360x240.jpg",360,240,true]},"rttpg_author":{"display_name":"Adendorf","author_link":"https:\/\/www.adendorf.de\/1\/author\/marco-brede\/"},"rttpg_comment":0,"rttpg_category":null,"rttpg_excerpt":"Energieberichte werden durch \u00a717 des Nieders\u00e4chsischen Gesetzes zur F\u00f6rderung des Klimaschutzes und zur Minderung der Folgen des Klimawandels (NKlimaG) f\u00fcr alle Kommunen in Niedersachsen als Pflichtaufgabe vorgeschrieben. Die Berichte sollen dazu beitragen, dass \u00fcber Erkenntnisse bez\u00fcglich der Endenergieverbr\u00e4uche und CO2-\u00c4quivalent-Emissionen dieselben gesenkt und gleichzeitig Energiekosten reduziert werden k\u00f6nnen. Das erste [&hellip;]","_links":{"self":[{"href":"https:\/\/www.adendorf.de\/1\/wp-json\/wp\/v2\/pages\/8037","targetHints":{"allow":["GET"]}}],"collection":[{"href":"https:\/\/www.adendorf.de\/1\/wp-json\/wp\/v2\/pages"}],"about":[{"href":"https:\/\/www.adendorf.de\/1\/wp-json\/wp\/v2\/types\/page"}],"author":[{"embeddable":true,"href":"https:\/\/www.adendorf.de\/1\/wp-json\/wp\/v2\/users\/1"}],"replies":[{"embeddable":true,"href":"https:\/\/www.adendorf.de\/1\/wp-json\/wp\/v2\/comments?post=8037"}],"version-history":[{"count":2,"href":"https:\/\/www.adendorf.de\/1\/wp-json\/wp\/v2\/pages\/8037\/revisions"}],"predecessor-version":[{"id":8045,"href":"https:\/\/www.adendorf.de\/1\/wp-json\/wp\/v2\/pages\/8037\/revisions\/8045"}],"up":[{"embeddable":true,"href":"https:\/\/www.adendorf.de\/1\/wp-json\/wp\/v2\/pages\/7644"}],"wp:featuredmedia":[{"embeddable":true,"href":"https:\/\/www.adendorf.de\/1\/wp-json\/wp\/v2\/media\/8042"}],"wp:attachment":[{"href":"https:\/\/www.adendorf.de\/1\/wp-json\/wp\/v2\/media?parent=8037"}],"curies":[{"name":"wp","href":"https:\/\/api.w.org\/{rel}","templated":true}]}}