{"id":8631,"date":"2025-11-06T11:36:35","date_gmt":"2025-11-06T10:36:35","guid":{"rendered":"https:\/\/www.adendorf.de\/1\/?page_id=8631"},"modified":"2025-11-17T13:58:24","modified_gmt":"2025-11-17T12:58:24","slug":"veranstaltungskalender","status":"publish","type":"page","link":"https:\/\/www.adendorf.de\/1\/familie\/kultur\/tourismus\/veranstaltungskalender\/","title":{"rendered":"Veranstaltungskalender"},"content":{"rendered":"\t\t<div data-elementor-type=\"wp-page\" data-elementor-id=\"8631\" class=\"elementor elementor-8631\">\n\t\t\t\t\t\t<section class=\"elementor-section elementor-top-section elementor-element elementor-element-eb201e9 elementor-section-boxed elementor-section-height-default elementor-section-height-default\" data-id=\"eb201e9\" data-element_type=\"section\" data-e-type=\"section\">\n\t\t\t\t\t\t<div class=\"elementor-container elementor-column-gap-default\">\n\t\t\t\t\t<div class=\"elementor-column elementor-col-100 elementor-top-column elementor-element elementor-element-ea41545\" data-id=\"ea41545\" data-element_type=\"column\" data-e-type=\"column\">\n\t\t\t<div class=\"elementor-widget-wrap elementor-element-populated\">\n\t\t\t\t\t\t<div class=\"elementor-element elementor-element-fc4211e elementor-widget elementor-widget-heading\" data-id=\"fc4211e\" data-element_type=\"widget\" data-e-type=\"widget\" data-widget_type=\"heading.default\">\n\t\t\t\t<div class=\"elementor-widget-container\">\n\t\t\t\t\t<h2 class=\"elementor-heading-title elementor-size-default\">Veranstaltungskalender<\/h2>\t\t\t\t<\/div>\n\t\t\t\t<\/div>\n\t\t\t\t<div class=\"elementor-element elementor-element-e6a113c elementor-widget elementor-widget-text-editor\" data-id=\"e6a113c\" data-element_type=\"widget\" data-e-type=\"widget\" data-widget_type=\"text-editor.default\">\n\t\t\t\t<div class=\"elementor-widget-container\">\n\t\t\t\t\t\t\t\t\t<p><strong>Nutzen Sie den Veranstaltungskalender<\/strong><\/p><p>Ein gut gepflegter Veranstaltungskalender bringt Vorteile f\u00fcr alle: G\u00e4ste finden schnell spannende Angebote und Einheimische behalten den \u00dcberblick. Gleichzeitig lassen sich Termin\u00fcberschneidungen bei Festen oder Vereinsaktionen vermeiden.<\/p><p><strong>So einfach geht\u2019s:<\/strong><\/p><ul><li>\u00dcber den Eventmelder k\u00f6nnen Sie Ihre Veranstaltung direkt digital eintragen.<br \/><a href=\"https:\/\/pages.et4.de\/de\/open-data-niedersachsen-tourismus\/default\/announce\/Event\/edit\">https:\/\/pages.et4.de\/de\/open-data-niedersachsen-tourismus\/default\/announce\/Event\/edit <\/a>(externer Link)<\/li><\/ul><ul><li>Alternativ senden Sie uns die Infos per E-Mail an <a href=\"&#x6d;&#97;i&#x6c;&#116;&#111;&#x3a;&#x69;&#110;f&#x6f;&#64;a&#x64;&#x65;&#110;d&#x6f;&#114;f&#x2e;&#x64;&#101;\">&#105;&#x6e;f&#111;&#x40;a&#100;&#x65;n&#100;&#x6f;r&#102;&#x2e;&#100;&#x65;<\/a>. Bitte geben Sie mindestens an:<br \/>\u2022 Name der Veranstaltung<br \/>\u2022 Datum und Uhrzeit<br \/>\u2022 Veranstalter \/ Ansprechpartner<br \/>\u2022 Adresse oder Geodaten des Veranstaltungsortes<br \/>\u2022 kurze Beschreibung \/ Programm<br \/>\u2022 optional: ein Foto<\/li><\/ul>\t\t\t\t\t\t\t\t<\/div>\n\t\t\t\t<\/div>\n\t\t\t\t<div class=\"elementor-element elementor-element-cba6455 elementor-widget elementor-widget-html\" data-id=\"cba6455\" data-element_type=\"widget\" data-e-type=\"widget\" data-widget_type=\"html.default\">\n\t\t\t\t<div class=\"elementor-widget-container\">\n\t\t\t\t\t<script \n            id=\"et4pages\" \n            type=\"text\/javascript\" \n            src=\"https:\/\/pages.destination.one\/de\/erlebnis-elbe\/default\/search\/Event\/Lat:53.281748\/Lng:10.4392992\/mode:next_months,3\/radius:10000\/sort:chronological?i_header_offset=400&i_footer_offset=400&i_scroll_offset=0&i_header_offset_mobile=400&i_footer_offset_mobile=400&i_scroll_offset_mobile=0&i_target=et4pages\">\n<\/script>\n\t\t\t\t<\/div>\n\t\t\t\t<\/div>\n\t\t\t\t\t<\/div>\n\t\t<\/div>\n\t\t\t\t\t<\/div>\n\t\t<\/section>\n\t\t\t\t<\/div>\n\t\t","protected":false},"excerpt":{"rendered":"<p>Veranstaltungskalender Nutzen Sie den Veranstaltungskalender Ein gut gepflegter Veranstaltungskalender bringt Vorteile f\u00fcr alle: G\u00e4ste finden schnell spannende Angebote und Einheimische behalten den \u00dcberblick. Gleichzeitig lassen sich Termin\u00fcberschneidungen bei Festen oder Vereinsaktionen vermeiden. So einfach geht\u2019s: \u00dcber den Eventmelder k\u00f6nnen Sie Ihre Veranstaltung direkt digital eintragen.https:\/\/pages.et4.de\/de\/open-data-niedersachsen-tourismus\/default\/announce\/Event\/edit (externer Link) Alternativ senden Sie [&hellip;]<\/p>\n","protected":false},"author":1,"featured_media":0,"parent":1156,"menu_order":0,"comment_status":"closed","ping_status":"closed","template":"page-templates\/template-pagebuilder-full-width.php","meta":{"footnotes":""},"class_list":["post-8631","page","type-page","status-publish","hentry"],"publishpress_future_workflow_manual_trigger":{"enabledWorkflows":[]},"rttpg_featured_image_url":null,"rttpg_author":{"display_name":"Adendorf","author_link":"https:\/\/www.adendorf.de\/1\/author\/marco-brede\/"},"rttpg_comment":0,"rttpg_category":null,"rttpg_excerpt":"Veranstaltungskalender Nutzen Sie den Veranstaltungskalender Ein gut gepflegter Veranstaltungskalender bringt Vorteile f\u00fcr alle: G\u00e4ste finden schnell spannende Angebote und Einheimische behalten den \u00dcberblick. Gleichzeitig lassen sich Termin\u00fcberschneidungen bei Festen oder Vereinsaktionen vermeiden. So einfach geht\u2019s: \u00dcber den Eventmelder k\u00f6nnen Sie Ihre Veranstaltung direkt digital eintragen.https:\/\/pages.et4.de\/de\/open-data-niedersachsen-tourismus\/default\/announce\/Event\/edit (externer Link) Alternativ senden Sie [&hellip;]","_links":{"self":[{"href":"https:\/\/www.adendorf.de\/1\/wp-json\/wp\/v2\/pages\/8631","targetHints":{"allow":["GET"]}}],"collection":[{"href":"https:\/\/www.adendorf.de\/1\/wp-json\/wp\/v2\/pages"}],"about":[{"href":"https:\/\/www.adendorf.de\/1\/wp-json\/wp\/v2\/types\/page"}],"author":[{"embeddable":true,"href":"https:\/\/www.adendorf.de\/1\/wp-json\/wp\/v2\/users\/1"}],"replies":[{"embeddable":true,"href":"https:\/\/www.adendorf.de\/1\/wp-json\/wp\/v2\/comments?post=8631"}],"version-history":[{"count":13,"href":"https:\/\/www.adendorf.de\/1\/wp-json\/wp\/v2\/pages\/8631\/revisions"}],"predecessor-version":[{"id":8721,"href":"https:\/\/www.adendorf.de\/1\/wp-json\/wp\/v2\/pages\/8631\/revisions\/8721"}],"up":[{"embeddable":true,"href":"https:\/\/www.adendorf.de\/1\/wp-json\/wp\/v2\/pages\/1156"}],"wp:attachment":[{"href":"https:\/\/www.adendorf.de\/1\/wp-json\/wp\/v2\/media?parent=8631"}],"curies":[{"name":"wp","href":"https:\/\/api.w.org\/{rel}","templated":true}]}}