{"id":869,"date":"2019-04-23T15:41:51","date_gmt":"2019-04-23T13:41:51","guid":{"rendered":"http:\/\/www.adendorf.de\/1\/?page_id=869"},"modified":"2020-04-21T09:30:44","modified_gmt":"2020-04-21T07:30:44","slug":"vereins-institutionsverzeichnis","status":"publish","type":"page","link":"https:\/\/www.adendorf.de\/1\/aktiv-in-adendorf\/dorfleben\/vereins-institutionsverzeichnis\/","title":{"rendered":"Vereinsverzeichnis, Institutionsverzeichnis"},"content":{"rendered":"\t\t<div data-elementor-type=\"wp-post\" data-elementor-id=\"869\" class=\"elementor elementor-869\">\n\t\t\t\t\t\t<section class=\"elementor-section elementor-top-section elementor-element elementor-element-926311d elementor-section-boxed elementor-section-height-default elementor-section-height-default\" data-id=\"926311d\" data-element_type=\"section\" data-e-type=\"section\">\n\t\t\t\t\t\t<div class=\"elementor-container elementor-column-gap-default\">\n\t\t\t\t\t<div class=\"elementor-column elementor-col-100 elementor-top-column elementor-element elementor-element-17dcd10\" data-id=\"17dcd10\" data-element_type=\"column\" data-e-type=\"column\">\n\t\t\t<div class=\"elementor-widget-wrap elementor-element-populated\">\n\t\t\t\t\t\t<div class=\"elementor-element elementor-element-121856b elementor-widget elementor-widget-heading\" data-id=\"121856b\" data-element_type=\"widget\" data-e-type=\"widget\" data-widget_type=\"heading.default\">\n\t\t\t\t<div class=\"elementor-widget-container\">\n\t\t\t\t\t<h1 class=\"elementor-heading-title elementor-size-default\">Vereinsverzeichnis \/ Institutionsverzeichnis<\/h1>\t\t\t\t<\/div>\n\t\t\t\t<\/div>\n\t\t\t\t<div class=\"elementor-element elementor-element-fd65e91 elementor-widget elementor-widget-text-editor\" data-id=\"fd65e91\" data-element_type=\"widget\" data-e-type=\"widget\" data-widget_type=\"text-editor.default\">\n\t\t\t\t<div class=\"elementor-widget-container\">\n\t\t\t\t\t\t\t\t\t<p>Wir m\u00f6chten allen \u00f6rtlichen Vereinen und Institutionen \u00fcber ein Verzeichnis die M\u00f6glichkeit bieten, sich kostenlos zu pr\u00e4sentieren.<\/p><p>Jeder Verein\/jede Institution, der\/die auf der Homepage der Gemeinde in das Verzeichnis aufgenommen werden m\u00f6chte, kann das beigef\u00fcgte Formular ausgef\u00fcllt und unterzeichnet an die Gemeinde Adendorf, z. Hd. Herrn Brede, Rathausplatz 14, 21365 Adendorf, (<a href=\"&#109;&#97;&#x69;&#x6c;&#116;&#111;&#x3a;&#x6d;&#97;&#114;&#x63;&#x6f;&#46;&#98;&#x72;&#x65;&#100;&#101;&#x40;&#x61;&#100;&#101;&#x6e;&#x64;&#111;&#114;&#x66;&#x2e;&#100;&#101;\">marc&#111;&#46;&#98;&#114;&#101;&#x64;&#x65;&#x40;&#x61;&#x64;&#x65;&#x6e;dorf&#46;&#100;&#101;<\/a>) zur\u00fccksenden.<\/p>\t\t\t\t\t\t\t\t<\/div>\n\t\t\t\t<\/div>\n\t\t\t\t<div class=\"elementor-element elementor-element-3d5d9ac elementor-icon-list--layout-traditional elementor-list-item-link-full_width elementor-widget elementor-widget-icon-list\" data-id=\"3d5d9ac\" data-element_type=\"widget\" data-e-type=\"widget\" data-widget_type=\"icon-list.default\">\n\t\t\t\t<div class=\"elementor-widget-container\">\n\t\t\t\t\t\t\t<ul class=\"elementor-icon-list-items\">\n\t\t\t\t\t\t\t<li class=\"elementor-icon-list-item\">\n\t\t\t\t\t\t\t\t\t\t\t<a href=\"https:\/\/www.adendorf.de\/1\/wp-content\/uploads\/2020\/04\/Formular-Vereins-Institutionsverzeichnis.pdf\" target=\"_blank\">\n\n\t\t\t\t\t\t\t\t\t\t\t\t<span class=\"elementor-icon-list-icon\">\n\t\t\t\t\t\t\t<i aria-hidden=\"true\" class=\"far fa-file-pdf\"><\/i>\t\t\t\t\t\t<\/span>\n\t\t\t\t\t\t\t\t\t\t<span class=\"elementor-icon-list-text\">Formular Vereinsverzeichnis \/ Institutionsverzeichnis<\/span>\n\t\t\t\t\t\t\t\t\t\t\t<\/a>\n\t\t\t\t\t\t\t\t\t<\/li>\n\t\t\t\t\t\t<\/ul>\n\t\t\t\t\t\t<\/div>\n\t\t\t\t<\/div>\n\t\t\t\t<div class=\"elementor-element elementor-element-6952fa8 elementor-widget elementor-widget-shortcode\" data-id=\"6952fa8\" data-element_type=\"widget\" data-e-type=\"widget\" data-widget_type=\"shortcode.default\">\n\t\t\t\t<div class=\"elementor-widget-container\">\n\t\t\t\t\t\t\t<div class=\"elementor-shortcode\"><\/div>\n\t\t\t\t\t\t<\/div>\n\t\t\t\t<\/div>\n\t\t\t\t<div class=\"elementor-element elementor-element-785d581 elementor-widget elementor-widget-text-editor\" data-id=\"785d581\" data-element_type=\"widget\" data-e-type=\"widget\" data-widget_type=\"text-editor.default\">\n\t\t\t\t<div class=\"elementor-widget-container\">\n\t\t\t\t\t\t\t\t\t<p><\/p>\t\t\t\t\t\t\t\t<\/div>\n\t\t\t\t<\/div>\n\t\t\t\t\t<\/div>\n\t\t<\/div>\n\t\t\t\t\t<\/div>\n\t\t<\/section>\n\t\t\t\t<\/div>\n\t\t","protected":false},"excerpt":{"rendered":"<p>Vereinsverzeichnis \/ Institutionsverzeichnis Wir m\u00f6chten allen \u00f6rtlichen Vereinen und Institutionen \u00fcber ein Verzeichnis die M\u00f6glichkeit bieten, sich kostenlos zu pr\u00e4sentieren. Jeder Verein\/jede Institution, der\/die auf der Homepage der Gemeinde in das Verzeichnis aufgenommen werden m\u00f6chte, kann das beigef\u00fcgte Formular ausgef\u00fcllt und unterzeichnet an die Gemeinde Adendorf, z. Hd. Herrn Brede, [&hellip;]<\/p>\n","protected":false},"author":1,"featured_media":0,"parent":746,"menu_order":0,"comment_status":"closed","ping_status":"closed","template":"page-templates\/template-pagebuilder-full-width.php","meta":{"footnotes":""},"class_list":["post-869","page","type-page","status-publish","hentry"],"publishpress_future_workflow_manual_trigger":{"enabledWorkflows":[]},"rttpg_featured_image_url":null,"rttpg_author":{"display_name":"Adendorf","author_link":"https:\/\/www.adendorf.de\/1\/author\/marco-brede\/"},"rttpg_comment":0,"rttpg_category":null,"rttpg_excerpt":"Vereinsverzeichnis \/ Institutionsverzeichnis Wir m\u00f6chten allen \u00f6rtlichen Vereinen und Institutionen \u00fcber ein Verzeichnis die M\u00f6glichkeit bieten, sich kostenlos zu pr\u00e4sentieren. Jeder Verein\/jede Institution, der\/die auf der Homepage der Gemeinde in das Verzeichnis aufgenommen werden m\u00f6chte, kann das beigef\u00fcgte Formular ausgef\u00fcllt und unterzeichnet an die Gemeinde Adendorf, z. Hd. Herrn Brede, [&hellip;]","_links":{"self":[{"href":"https:\/\/www.adendorf.de\/1\/wp-json\/wp\/v2\/pages\/869","targetHints":{"allow":["GET"]}}],"collection":[{"href":"https:\/\/www.adendorf.de\/1\/wp-json\/wp\/v2\/pages"}],"about":[{"href":"https:\/\/www.adendorf.de\/1\/wp-json\/wp\/v2\/types\/page"}],"author":[{"embeddable":true,"href":"https:\/\/www.adendorf.de\/1\/wp-json\/wp\/v2\/users\/1"}],"replies":[{"embeddable":true,"href":"https:\/\/www.adendorf.de\/1\/wp-json\/wp\/v2\/comments?post=869"}],"version-history":[{"count":8,"href":"https:\/\/www.adendorf.de\/1\/wp-json\/wp\/v2\/pages\/869\/revisions"}],"predecessor-version":[{"id":2505,"href":"https:\/\/www.adendorf.de\/1\/wp-json\/wp\/v2\/pages\/869\/revisions\/2505"}],"up":[{"embeddable":true,"href":"https:\/\/www.adendorf.de\/1\/wp-json\/wp\/v2\/pages\/746"}],"wp:attachment":[{"href":"https:\/\/www.adendorf.de\/1\/wp-json\/wp\/v2\/media?parent=869"}],"curies":[{"name":"wp","href":"https:\/\/api.w.org\/{rel}","templated":true}]}}