{"id":8758,"date":"2025-12-11T14:49:04","date_gmt":"2025-12-11T13:49:04","guid":{"rendered":"https:\/\/www.adendorf.de\/1\/?page_id=8758"},"modified":"2025-12-11T15:17:50","modified_gmt":"2025-12-11T14:17:50","slug":"kulturbeauftragte","status":"publish","type":"page","link":"https:\/\/www.adendorf.de\/1\/buergerservice\/beauftragte\/kulturbeauftragte\/","title":{"rendered":"Kulturbeauftragte"},"content":{"rendered":"\n<h2 class=\"wp-block-heading\"><strong>Alexandra Schmeling<\/strong><\/h2>\n\n\n\n<div class=\"wp-block-columns is-layout-flex wp-container-core-columns-is-layout-28f84493 wp-block-columns-is-layout-flex\">\n<div class=\"wp-block-column is-layout-flow wp-block-column-is-layout-flow\" style=\"flex-basis:66.66%\">\n<p><strong>Kultur<\/strong> ist das Herzst\u00fcck eines lebendigen Gemeindelebens \u2013 sie verbindet Menschen, schafft Begegnungen und Erlebnisse und gibt Raum f\u00fcr Kreativit\u00e4t. Als Kulturbeuaftragte der Gemeinde Adendorf ist es meine Aufgabe, genau diese kulturelle Vielfalt sichtbar und erlebbar zu machen. Ein zentraler Bestandteil meiner T\u00e4tigkeit ist die <strong>k\u00fcnstlerische Leitung der Adendorfer Serenade<\/strong>, einer Konzertreihe, die sich seit 45 Jahren zu einem festen Bestandteil des kulturellen Lebens in unserer Gemeinde entwickelt hat. Sie trug bisher immer den Beinamen der \u201eKammermusikreihe\u201c \u2013 und das wird auch weiterhin ein wichtiges Element bleiben. Dennoch m\u00f6chte ich die Serenade \u00f6ffnen und weiterentwickeln, um ein breites Publikum anzusprechen: von Klassikliebhaberinnen und -liebhabern bis hin zu neugierigen Entdeckerinnen und Entdeckern neuer Musikrichtungen, von Jung bis Alt.<\/p>\n<\/div>\n\n\n\n<div class=\"wp-block-column is-layout-flow wp-block-column-is-layout-flow\" style=\"flex-basis:33.33%\">\n<figure class=\"wp-block-image size-large\"><img fetchpriority=\"high\" decoding=\"async\" width=\"683\" height=\"1024\" src=\"https:\/\/www.adendorf.de\/1\/wp-content\/uploads\/2025\/12\/Kulturbeauftragte-Alexandra-Schmeling-683x1024.jpg\" alt=\"\" class=\"wp-image-8760\" srcset=\"https:\/\/www.adendorf.de\/1\/wp-content\/uploads\/2025\/12\/Kulturbeauftragte-Alexandra-Schmeling-683x1024.jpg 683w, https:\/\/www.adendorf.de\/1\/wp-content\/uploads\/2025\/12\/Kulturbeauftragte-Alexandra-Schmeling-200x300.jpg 200w, https:\/\/www.adendorf.de\/1\/wp-content\/uploads\/2025\/12\/Kulturbeauftragte-Alexandra-Schmeling-768x1152.jpg 768w, https:\/\/www.adendorf.de\/1\/wp-content\/uploads\/2025\/12\/Kulturbeauftragte-Alexandra-Schmeling-1024x1536.jpg 1024w, https:\/\/www.adendorf.de\/1\/wp-content\/uploads\/2025\/12\/Kulturbeauftragte-Alexandra-Schmeling-1365x2048.jpg 1365w, https:\/\/www.adendorf.de\/1\/wp-content\/uploads\/2025\/12\/Kulturbeauftragte-Alexandra-Schmeling-scaled.jpg 1707w\" sizes=\"(max-width: 683px) 100vw, 683px\" \/><\/figure>\n<\/div>\n<\/div>\n\n\n\n<p>In Zukunft wird sich die Serenade auch vermehrt in anderen Musikrichtungen und Formaten ausbreiten \u2013 auch an au\u00dfergew\u00f6hnlichen Orten wie etwa der Eishalle oder dem Golfplatz. Die Adendorfer Serenade soll nicht nur ein Konzert, sondern ein\u00a0<strong>Erlebnis<\/strong>\u00a0sein: Musik, die Menschen zusammenbringt \u2013 auch solche, die sich sonst vielleicht nie begegnet w\u00e4ren.<\/p>\n\n\n\n<p>Zu meinen Aufgaben im Rahmen der Adendorfer Serenade geh\u00f6rt es, K\u00fcnstlerinnen und K\u00fcnstler zu engagieren, Konzerte zu planen und zu koordinieren \u2013 von der Auswahl passender R\u00e4umlichkeiten und Termine \u00fcber das Zusammenstellen der Konzertprogramme bis hin zur Organisation einer ganzen Saison. Ebenso k\u00fcmmere ich mich um ganz praktische Sachen, wie einen Klavierstimmer, das Drucken von Flyern und Plakaten, die Bewerbung der Konzerte, die finanzielle Planung sowie vor allem darum, eine angenehme Atmosp\u00e4hre f\u00fcr Publikum und Mitwirkende zu schaffen, damit jedes Konzert reibungslos und inspirierend abl\u00e4uft.<\/p>\n\n\n\n<p>Doch Kultur in Adendorf ist weit mehr als Konzerte. Als Kulturbeauftragte m\u00f6chte ich Ideen und Impulse geben, wie wir das kulturelle Leben insgesamt st\u00e4rken und weiterentwickeln k\u00f6nnen. Dazu geh\u00f6rt die Zusammenarbeit mit Schulen, Kirchen, Vereinen, K\u00fcnstlerinnen und K\u00fcnstlern aus der Region, ebenso wie Lesungen, Workshops, Aktionen im \u00f6ffentlichen Raum. Besonders am Herzen liegt mir, die sch\u00f6nen Orte, die wir in Adendorf haben, noch st\u00e4rker f\u00fcr kulturelle <strong>Begegnungen<\/strong> zu nutzen \u2013 und dabei Menschen unterschiedlichen Alters, Herkunft oder Religion zusammenzubringen. Denn Kultur, f\u00fcr mich als Musikerin besonders die Musik, ist eine Sprache, die wir alle sprechen \u2013 und mit der wir uns verst\u00e4ndigen k\u00f6nnen.<\/p>\n\n\n\n<p>Ich bin offen f\u00fcr <strong>Anregungen und Ideen<\/strong> aus der B\u00fcrgerschaft, denn Kultur lebt vom Mitmachen und Mitgestalten. Ob junge Talente, engagierte Gruppen oder erfahrene Kulturschaffende: Alle tragen dazu bei, dass Adendorf bunt, lebendig und offen bleibt.<\/p>\n\n\n\n<p>Als frisch gestartete Kulturbeauftragte bringe ich viele Ideen mit \u2013 aber mir ist bewusst, dass sich manches erst entwickeln muss. Durch mein Studium der Schulmusik habe ich einen besonderen Zugang zum gemeinsamen Musizieren und Erleben von Kultur. Das Konzert der \u201e<strong>Community Music<\/strong>\u201c beispielsweise, das ich im Studium kennengelernt habe, ist eine gro\u00dfe Inspiration: gemeinsam Kultur schaffen, Menschen aktiv einbeziehen und Barrieren abbauen. Genau diesen Gedanken m\u00f6chte ich auch in Adendorf weitertragen &#8211; und sehe darin meine wichigste Aufgabe. Die Aufgabe als Kulturbeauftragte ist somit vielseitig: Sie verbindet organisatorisches Geschick mit kreativer Leidenschaft, Planung mit Spontanit\u00e4t, Tradition mit Innovation. Im Mittelpunkt steht immer der Kultur nicht nur \u201estattfindet\u201c, sondern gelebt wird \u2013 <strong>von den Menschen, f\u00fcr die Menschen<\/strong>.<\/p>\n","protected":false},"excerpt":{"rendered":"<p>Alexandra Schmeling Kultur ist das Herzst\u00fcck eines lebendigen Gemeindelebens \u2013 sie verbindet Menschen, schafft Begegnungen und Erlebnisse und gibt Raum f\u00fcr Kreativit\u00e4t. Als Kulturbeuaftragte der Gemeinde Adendorf ist es meine Aufgabe, genau diese kulturelle Vielfalt sichtbar und erlebbar zu machen. Ein zentraler Bestandteil meiner T\u00e4tigkeit ist die k\u00fcnstlerische Leitung der [&hellip;]<\/p>\n","protected":false},"author":1,"featured_media":0,"parent":266,"menu_order":0,"comment_status":"closed","ping_status":"closed","template":"","meta":{"footnotes":""},"class_list":["post-8758","page","type-page","status-publish","hentry"],"publishpress_future_workflow_manual_trigger":{"enabledWorkflows":[]},"rttpg_featured_image_url":null,"rttpg_author":{"display_name":"Adendorf","author_link":"https:\/\/www.adendorf.de\/1\/author\/marco-brede\/"},"rttpg_comment":0,"rttpg_category":null,"rttpg_excerpt":"Alexandra Schmeling Kultur ist das Herzst\u00fcck eines lebendigen Gemeindelebens \u2013 sie verbindet Menschen, schafft Begegnungen und Erlebnisse und gibt Raum f\u00fcr Kreativit\u00e4t. Als Kulturbeuaftragte der Gemeinde Adendorf ist es meine Aufgabe, genau diese kulturelle Vielfalt sichtbar und erlebbar zu machen. Ein zentraler Bestandteil meiner T\u00e4tigkeit ist die k\u00fcnstlerische Leitung der [&hellip;]","_links":{"self":[{"href":"https:\/\/www.adendorf.de\/1\/wp-json\/wp\/v2\/pages\/8758","targetHints":{"allow":["GET"]}}],"collection":[{"href":"https:\/\/www.adendorf.de\/1\/wp-json\/wp\/v2\/pages"}],"about":[{"href":"https:\/\/www.adendorf.de\/1\/wp-json\/wp\/v2\/types\/page"}],"author":[{"embeddable":true,"href":"https:\/\/www.adendorf.de\/1\/wp-json\/wp\/v2\/users\/1"}],"replies":[{"embeddable":true,"href":"https:\/\/www.adendorf.de\/1\/wp-json\/wp\/v2\/comments?post=8758"}],"version-history":[{"count":3,"href":"https:\/\/www.adendorf.de\/1\/wp-json\/wp\/v2\/pages\/8758\/revisions"}],"predecessor-version":[{"id":8771,"href":"https:\/\/www.adendorf.de\/1\/wp-json\/wp\/v2\/pages\/8758\/revisions\/8771"}],"up":[{"embeddable":true,"href":"https:\/\/www.adendorf.de\/1\/wp-json\/wp\/v2\/pages\/266"}],"wp:attachment":[{"href":"https:\/\/www.adendorf.de\/1\/wp-json\/wp\/v2\/media?parent=8758"}],"curies":[{"name":"wp","href":"https:\/\/api.w.org\/{rel}","templated":true}]}}