{"id":9139,"date":"2026-05-07T14:10:35","date_gmt":"2026-05-07T12:10:35","guid":{"rendered":"https:\/\/www.adendorf.de\/1\/?page_id=9139"},"modified":"2026-05-07T14:15:40","modified_gmt":"2026-05-07T12:15:40","slug":"flusslandschaft-elbe-gmbh","status":"publish","type":"page","link":"https:\/\/www.adendorf.de\/1\/familie\/kultur\/tourismus\/flusslandschaft-elbe-gmbh\/","title":{"rendered":"Flusslandschaft Elbe GmbH"},"content":{"rendered":"\t\t<div data-elementor-type=\"wp-page\" data-elementor-id=\"9139\" class=\"elementor elementor-9139\">\n\t\t\t\t\t\t<section class=\"elementor-section elementor-top-section elementor-element elementor-element-b8b9a1d elementor-section-boxed elementor-section-height-default elementor-section-height-default\" data-id=\"b8b9a1d\" data-element_type=\"section\" data-e-type=\"section\">\n\t\t\t\t\t\t<div class=\"elementor-container elementor-column-gap-default\">\n\t\t\t\t\t<div class=\"elementor-column elementor-col-100 elementor-top-column elementor-element elementor-element-ae485b9\" data-id=\"ae485b9\" data-element_type=\"column\" data-e-type=\"column\">\n\t\t\t<div class=\"elementor-widget-wrap elementor-element-populated\">\n\t\t\t\t\t\t<div class=\"elementor-element elementor-element-56b5e77 elementor-widget elementor-widget-heading\" data-id=\"56b5e77\" data-element_type=\"widget\" data-e-type=\"widget\" data-widget_type=\"heading.default\">\n\t\t\t\t<div class=\"elementor-widget-container\">\n\t\t\t\t\t<h2 class=\"elementor-heading-title elementor-size-default\">Flusslandschaft Elbe GmbH<\/h2>\t\t\t\t<\/div>\n\t\t\t\t<\/div>\n\t\t\t\t<div class=\"elementor-element elementor-element-9e892e2 elementor-widget elementor-widget-image\" data-id=\"9e892e2\" data-element_type=\"widget\" data-e-type=\"widget\" data-widget_type=\"image.default\">\n\t\t\t\t<div class=\"elementor-widget-container\">\n\t\t\t\t\t\t\t\t\t\t\t\t\t\t\t<img fetchpriority=\"high\" decoding=\"async\" width=\"750\" height=\"422\" src=\"https:\/\/www.adendorf.de\/1\/wp-content\/uploads\/2026\/05\/Flusslandschaft-Elbe-Erlebnis-Elbe.png\" class=\"attachment-large size-large wp-image-9141\" alt=\"\" srcset=\"https:\/\/www.adendorf.de\/1\/wp-content\/uploads\/2026\/05\/Flusslandschaft-Elbe-Erlebnis-Elbe.png 761w, https:\/\/www.adendorf.de\/1\/wp-content\/uploads\/2026\/05\/Flusslandschaft-Elbe-Erlebnis-Elbe-300x169.png 300w\" sizes=\"(max-width: 750px) 100vw, 750px\" \/>\t\t\t\t\t\t\t\t\t\t\t\t\t\t\t<\/div>\n\t\t\t\t<\/div>\n\t\t\t\t<div class=\"elementor-element elementor-element-5e16f28 elementor-widget elementor-widget-text-editor\" data-id=\"5e16f28\" data-element_type=\"widget\" data-e-type=\"widget\" data-widget_type=\"text-editor.default\">\n\t\t\t\t<div class=\"elementor-widget-container\">\n\t\t\t\t\t\t\t\t\t<p>Als touristische Dachmarke der Elbregion verbindet die Flusslandschaft Elbe GmbH die Angebote der Winsener Elbmarsch und der L\u00fcneburger Elbtalaue. Besucher finden hier vielf\u00e4ltige Natur-, Kultur- und Freizeitm\u00f6glichkeiten entlang von rund 120 Kilometern Flusslandschaft.<\/p><p>Weitere Informationen zur gesamten Region und aktuellen Angeboten stellt die Flusslandschaft Elbe GmbH auf ihrer Internetseite <a href=\"https:\/\/www.erlebnis-elbe.de\/\" target=\"_blank\" rel=\"noopener\">Erlebnis Elbe\u00a0 <\/a>(externer Link) bereit.<\/p>\t\t\t\t\t\t\t\t<\/div>\n\t\t\t\t<\/div>\n\t\t\t\t<div class=\"elementor-element elementor-element-b8561aa elementor-widget elementor-widget-image\" data-id=\"b8561aa\" data-element_type=\"widget\" data-e-type=\"widget\" data-widget_type=\"image.default\">\n\t\t\t\t<div class=\"elementor-widget-container\">\n\t\t\t\t\t\t\t\t\t\t\t\t<figure class=\"wp-caption\">\n\t\t\t\t\t\t\t\t\t\t<img decoding=\"async\" width=\"750\" height=\"422\" src=\"https:\/\/www.adendorf.de\/1\/wp-content\/uploads\/2026\/05\/Flusslandschaft-Elbe-GmbH-Markus-Tiemann-cc0-1024x576.jpg\" class=\"attachment-large size-large wp-image-9142\" alt=\"\" srcset=\"https:\/\/www.adendorf.de\/1\/wp-content\/uploads\/2026\/05\/Flusslandschaft-Elbe-GmbH-Markus-Tiemann-cc0-1024x576.jpg 1024w, https:\/\/www.adendorf.de\/1\/wp-content\/uploads\/2026\/05\/Flusslandschaft-Elbe-GmbH-Markus-Tiemann-cc0-300x169.jpg 300w, https:\/\/www.adendorf.de\/1\/wp-content\/uploads\/2026\/05\/Flusslandschaft-Elbe-GmbH-Markus-Tiemann-cc0-768x432.jpg 768w, https:\/\/www.adendorf.de\/1\/wp-content\/uploads\/2026\/05\/Flusslandschaft-Elbe-GmbH-Markus-Tiemann-cc0.jpg 1386w\" sizes=\"(max-width: 750px) 100vw, 750px\" \/>\t\t\t\t\t\t\t\t\t\t\t<figcaption class=\"widget-image-caption wp-caption-text\">Bild: CC0 | Markus Tiemann\/ Flusslandschaft Elbe GmbH<\/figcaption>\n\t\t\t\t\t\t\t\t\t\t<\/figure>\n\t\t\t\t\t\t\t\t\t<\/div>\n\t\t\t\t<\/div>\n\t\t\t\t\t<\/div>\n\t\t<\/div>\n\t\t\t\t\t<\/div>\n\t\t<\/section>\n\t\t\t\t<\/div>\n\t\t","protected":false},"excerpt":{"rendered":"<p>Flusslandschaft Elbe GmbH Als touristische Dachmarke der Elbregion verbindet die Flusslandschaft Elbe GmbH die Angebote der Winsener Elbmarsch und der L\u00fcneburger Elbtalaue. Besucher finden hier vielf\u00e4ltige Natur-, Kultur- und Freizeitm\u00f6glichkeiten entlang von rund 120 Kilometern Flusslandschaft. Weitere Informationen zur gesamten Region und aktuellen Angeboten stellt die Flusslandschaft Elbe GmbH auf [&hellip;]<\/p>\n","protected":false},"author":1,"featured_media":0,"parent":1156,"menu_order":0,"comment_status":"closed","ping_status":"closed","template":"page-templates\/template-pagebuilder-full-width.php","meta":{"footnotes":""},"class_list":["post-9139","page","type-page","status-publish","hentry"],"publishpress_future_workflow_manual_trigger":{"enabledWorkflows":[]},"rttpg_featured_image_url":null,"rttpg_author":{"display_name":"Adendorf","author_link":"https:\/\/www.adendorf.de\/1\/author\/marco-brede\/"},"rttpg_comment":0,"rttpg_category":null,"rttpg_excerpt":"Flusslandschaft Elbe GmbH Als touristische Dachmarke der Elbregion verbindet die Flusslandschaft Elbe GmbH die Angebote der Winsener Elbmarsch und der L\u00fcneburger Elbtalaue. Besucher finden hier vielf\u00e4ltige Natur-, Kultur- und Freizeitm\u00f6glichkeiten entlang von rund 120 Kilometern Flusslandschaft. Weitere Informationen zur gesamten Region und aktuellen Angeboten stellt die Flusslandschaft Elbe GmbH auf [&hellip;]","_links":{"self":[{"href":"https:\/\/www.adendorf.de\/1\/wp-json\/wp\/v2\/pages\/9139","targetHints":{"allow":["GET"]}}],"collection":[{"href":"https:\/\/www.adendorf.de\/1\/wp-json\/wp\/v2\/pages"}],"about":[{"href":"https:\/\/www.adendorf.de\/1\/wp-json\/wp\/v2\/types\/page"}],"author":[{"embeddable":true,"href":"https:\/\/www.adendorf.de\/1\/wp-json\/wp\/v2\/users\/1"}],"replies":[{"embeddable":true,"href":"https:\/\/www.adendorf.de\/1\/wp-json\/wp\/v2\/comments?post=9139"}],"version-history":[{"count":4,"href":"https:\/\/www.adendorf.de\/1\/wp-json\/wp\/v2\/pages\/9139\/revisions"}],"predecessor-version":[{"id":9145,"href":"https:\/\/www.adendorf.de\/1\/wp-json\/wp\/v2\/pages\/9139\/revisions\/9145"}],"up":[{"embeddable":true,"href":"https:\/\/www.adendorf.de\/1\/wp-json\/wp\/v2\/pages\/1156"}],"wp:attachment":[{"href":"https:\/\/www.adendorf.de\/1\/wp-json\/wp\/v2\/media?parent=9139"}],"curies":[{"name":"wp","href":"https:\/\/api.w.org\/{rel}","templated":true}]}}