{"id":99,"date":"2019-03-04T15:40:47","date_gmt":"2019-03-04T14:40:47","guid":{"rendered":"http:\/\/www.adendorf.de\/1\/?page_id=99"},"modified":"2019-10-18T08:35:57","modified_gmt":"2019-10-18T06:35:57","slug":"impressum","status":"publish","type":"page","link":"https:\/\/www.adendorf.de\/1\/impressum\/","title":{"rendered":"Impressum"},"content":{"rendered":"\t\t<div data-elementor-type=\"wp-post\" data-elementor-id=\"99\" class=\"elementor elementor-99\">\n\t\t\t\t\t\t<section class=\"elementor-section elementor-top-section elementor-element elementor-element-4594caf elementor-section-boxed elementor-section-height-default elementor-section-height-default\" data-id=\"4594caf\" data-element_type=\"section\" data-e-type=\"section\">\n\t\t\t\t\t\t<div class=\"elementor-container elementor-column-gap-default\">\n\t\t\t\t\t<div class=\"elementor-column elementor-col-100 elementor-top-column elementor-element elementor-element-a2c57fa\" data-id=\"a2c57fa\" data-element_type=\"column\" data-e-type=\"column\">\n\t\t\t<div class=\"elementor-widget-wrap elementor-element-populated\">\n\t\t\t\t\t\t<div class=\"elementor-element elementor-element-d5844b6 elementor-widget elementor-widget-heading\" data-id=\"d5844b6\" data-element_type=\"widget\" data-e-type=\"widget\" data-widget_type=\"heading.default\">\n\t\t\t\t<div class=\"elementor-widget-container\">\n\t\t\t\t\t<h2 class=\"elementor-heading-title elementor-size-default\">Impressum \/ Anbieterkennzeichnung<\/h2>\t\t\t\t<\/div>\n\t\t\t\t<\/div>\n\t\t\t\t\t<\/div>\n\t\t<\/div>\n\t\t\t\t\t<\/div>\n\t\t<\/section>\n\t\t\t\t<section class=\"elementor-section elementor-top-section elementor-element elementor-element-f7411f1 elementor-section-boxed elementor-section-height-default elementor-section-height-default\" data-id=\"f7411f1\" data-element_type=\"section\" data-e-type=\"section\">\n\t\t\t\t\t\t<div class=\"elementor-container elementor-column-gap-default\">\n\t\t\t\t\t<div class=\"elementor-column elementor-col-100 elementor-top-column elementor-element elementor-element-73e7b27\" data-id=\"73e7b27\" data-element_type=\"column\" data-e-type=\"column\">\n\t\t\t<div class=\"elementor-widget-wrap elementor-element-populated\">\n\t\t\t\t\t\t<div class=\"elementor-element elementor-element-e838bcf elementor-widget elementor-widget-heading\" data-id=\"e838bcf\" data-element_type=\"widget\" data-e-type=\"widget\" data-widget_type=\"heading.default\">\n\t\t\t\t<div class=\"elementor-widget-container\">\n\t\t\t\t\t<h3 class=\"elementor-heading-title elementor-size-default\">Name und Anschrift des Verantwortlichen<\/h3>\t\t\t\t<\/div>\n\t\t\t\t<\/div>\n\t\t\t\t<div class=\"elementor-element elementor-element-4134082 elementor-widget elementor-widget-text-editor\" data-id=\"4134082\" data-element_type=\"widget\" data-e-type=\"widget\" data-widget_type=\"text-editor.default\">\n\t\t\t\t<div class=\"elementor-widget-container\">\n\t\t\t\t\t\t\t\t\t<p>Gemeinde Adendorf<br \/>Rathausplatz 14<br \/>21365 Adendorf<br \/>Telefon: <a href=\"tel:04131 9809-0\">+49 4131 9809-0<\/a><br \/>Fax: +49 4131 980955<br \/>E-Mail: <a><span id=\"cloakf556d084f9395e768140dc98a05e01eb\"><\/span><\/a><a href=\"&#109;&#x61;&#105;&#x6c;&#116;&#x6f;&#58;&#x67;&#101;&#x6d;&#101;&#x69;&#110;&#x64;&#101;&#x40;&#97;&#x64;&#101;&#x6e;&#100;&#x6f;&#114;&#x66;&#46;&#x64;&#101;\">&#103;&#x65;&#109;&#x65;i&#110;&#x64;&#101;&#x40;a&#x64;e&#110;&#x64;&#111;&#x72;f&#x2e;&#x64;&#101;<\/a><\/p><div class=\"blubox-jck\">Die Gemeinde Adendorf ist eine K\u00f6rperschaft des \u00f6ffentlichen Rechts vertreten durch den B\u00fcrgermeister Thomas Maack.<\/div><div><\/div><div class=\"blubox-jck\">Umsatzsteuer-Identifikationsnummer<br \/>gem. \u00a7 27 a Umsatzsteuergesetz: DE 116086333<\/div><div><\/div><div class=\"blubox-jck\">Bankverbindung der Gemeinde:<br \/>Sparkasse L\u00fcneburg IBAN: DE30 2405 0110 0001 0001 16<br \/>BIC: NOLADE21LBG<br \/>Volksbank L\u00fcneburger Heide IBAN: DE05 2406 0300 0170 3242 00<br \/>BIC:GENODEF1NBU<\/div>\t\t\t\t\t\t\t\t<\/div>\n\t\t\t\t<\/div>\n\t\t\t\t\t<\/div>\n\t\t<\/div>\n\t\t\t\t\t<\/div>\n\t\t<\/section>\n\t\t\t\t<section class=\"elementor-section elementor-top-section elementor-element elementor-element-6c91667 elementor-section-boxed elementor-section-height-default elementor-section-height-default\" data-id=\"6c91667\" data-element_type=\"section\" data-e-type=\"section\">\n\t\t\t\t\t\t<div class=\"elementor-container elementor-column-gap-default\">\n\t\t\t\t\t<div class=\"elementor-column elementor-col-100 elementor-top-column elementor-element elementor-element-5c2e87d\" data-id=\"5c2e87d\" data-element_type=\"column\" data-e-type=\"column\">\n\t\t\t<div class=\"elementor-widget-wrap elementor-element-populated\">\n\t\t\t\t\t\t<div class=\"elementor-element elementor-element-2d4176d elementor-widget elementor-widget-heading\" data-id=\"2d4176d\" data-element_type=\"widget\" data-e-type=\"widget\" data-widget_type=\"heading.default\">\n\t\t\t\t<div class=\"elementor-widget-container\">\n\t\t\t\t\t<h2 class=\"elementor-heading-title elementor-size-default\">Haftungsausschluss<\/h2>\t\t\t\t<\/div>\n\t\t\t\t<\/div>\n\t\t\t\t<div class=\"elementor-element elementor-element-ce283f8 elementor-widget elementor-widget-text-editor\" data-id=\"ce283f8\" data-element_type=\"widget\" data-e-type=\"widget\" data-widget_type=\"text-editor.default\">\n\t\t\t\t<div class=\"elementor-widget-container\">\n\t\t\t\t\t\t\t\t\t<div style=\"\">\n<p style=\"font-weight: bold; margin-top:20px;\">1. Inhalt des Online Angebots<\/p>\n<p>Die Gemeinde Adendorf ist bem\u00fcht, f\u00fcr die Korrektheit und Aktualit\u00e4t der bereitgestellten Informationen des Online-Angebotes zu sorgen. Sie \u00fcbernimmt jedoch keinerlei Gew\u00e4hr f\u00fcr die Vollst\u00e4ndigkeit oder Qualit\u00e4t der bereitgestellten Informationen. Haftungsanspr\u00fcche gegen die Gemeinde Adendorf, welche sich auf Sch\u00e4den materieller oder ideeller Art beziehen, die durch die Nutzung oder Nichtnutzung der dargebotenen Informationen bzw. durch die Nutzung fehlerhafter und unvollst\u00e4ndiger Informationen verursacht wurden, sind grunds\u00e4tzlich ausgeschlossen, sofern seitens der Gemeinde Adendorf kein nachweislich vors\u00e4tzliches oder grob fahrl\u00e4ssiges Verschulden vorliegt.\nAlle Angebote sind freibleibend und unverbindlich. Die Gemeinde Adendorf beh\u00e4lt es sich ausdr\u00fccklich vor, Teile der Seiten oder das gesamte Angebot ohne gesonderte Ank\u00fcndigung zu ver\u00e4ndern, zu erg\u00e4nzen, zu l\u00f6schen oder die Ver\u00f6ffentlichung zeitweise oder endg\u00fcltig einzustellen.<\/p>\n\n<p style=\"font-weight: bold; margin-top:20px;\">2. Verweise und Links<\/p>\n<p>Bei direkten oder indirekten Verweisen auf fremde Internetseiten (&#8222;Links&#8220;), die au\u00dferhalb des Verantwortungsbereiches der Gemeinde Adendorf liegen, kommt eine Haftung nur dann in Betracht, wenn die Gemeinde Adendorf von den Inhalten Kenntnis hat und es ihr technisch m\u00f6glich und zumutbar ist, die Nutzung im Falle rechtswidriger Inhalte zu verhindern.\nDie Gemeinde Adendorf weist darauf hin, dass zum Zeitpunkt der Linksetzung keine illegalen Inhalte auf den zu verlinkenden Seiten erkennbar waren. Auf die aktuelle und zuk\u00fcnftige Gestaltung, die Inhalte oder die Urheberschaft der gelinkten\/verkn\u00fcpften Seiten hat die Gemeinde Adendorf keinerlei Einfluss. Deshalb distanziert sie sich hiermit ausdr\u00fccklich von allen Inhalten aller gelinkten \/ verkn\u00fcpften Seiten, die nach der Linksetzung ver\u00e4ndert wurden. Dies gilt f\u00fcr alle innerhalb des eigenen Internetangebotes gesetzten Links und Verweise. F\u00fcr illegale, fehlerhafte oder unvollst\u00e4ndige Inhalte und insbesondere f\u00fcr Sch\u00e4den, die aus der Nutzung oder Nichtnutzung solcherart dargebotener Informationen entstehen, haftet allein der Anbieter der Seite, auf welche verwiesen wurde.<\/p>\n\n<p style=\"font-weight: bold; margin-top:20px;\">3. Urheber- und Kennzeichenrecht<\/p>\n<p>Die Gemeinde Adendorf ist bestrebt, in allen Publikationen die Urheberrechte der verwendeten Grafiken, Tondokumente, Videosequenzen und Texte zu beachten. So werden fast ausschlie\u00dflich selbst erstellte Grafiken, Tondokumente, Videosequenzen und Texte genutzt oder auf lizenzfreie Grafiken, Tondokumente, Videosequenzen und Texte zur\u00fcckgegriffen.\nAlle innerhalb des Internetangebotes genannten und ggf. durch Dritte gesch\u00fctzten Marken- und Warenzeichen unterliegen uneingeschr\u00e4nkt den Bestimmungen des jeweils g\u00fcltigen Kennzeichenrechts und den Besitzrechten der jeweiligen eingetragenen Eigent\u00fcmer. Allein aufgrund der blo\u00dfen Nennung ist nicht der Schluss zu ziehen, dass Markenzeichen nicht durch Rechte Dritter gesch\u00fctzt sind!\nDas Copyright f\u00fcr ver\u00f6ffentlichte, von der Gemeinde Adendorf selbst erstellte Objekte bleibt allein bei der Gemeinde Adendorf. Eine Vervielf\u00e4ltigung oder Verwendung solcher Grafiken, Tondokumente, Videosequenzen und Texte in anderen elektronischen oder gedruckten Publikationen ist ohne ausdr\u00fcckliche Zustimmung der Gemeinde Adendorf nicht gestattet.<\/p>\n<p>\nTexte, Bilder, Grafiken sowie die Gestaltung dieser Internetseiten k\u00f6nnen somit dem Urheberrecht unterliegen.\nNicht urheberrechtlich gesch\u00fctzt sind nach \u00a7 5 des Urheberrechtsgesetzes (UrhG) Gesetze, Verordnungen, amtliche Erlasse und Bekanntmachungen sowie Entscheidungen und amtlich verfasste Leits\u00e4tze zu Entscheidungen und andere amtliche Werke, die im amtlichen Interesse zur allgemeinen Kenntnisnahme ver\u00f6ffentlicht worden sind, mit der Einschr\u00e4nkung, dass die Bestimmungen \u00fcber \u00c4nderungsverbot und Quellenangabe in \u00a7 62 Abs. 1 bis 3 und \u00a7 63 Abs. 1 und 2 UrhG entsprechend anzuwenden sind.\nAls Privatperson d\u00fcrfen Sie urheberrechtlich gesch\u00fctztes Material zum privaten und sonstigen eigenen Gebrauch im Rahmen des \u00a7 53 UrhG verwenden. Eine Vervielf\u00e4ltigung oder Verwendung urheberrechtlich gesch\u00fctzten Materials dieser Seiten oder Teilen davon in anderen elektronischen oder gedruckten Publikationen und deren Ver\u00f6ffentlichung ist nur mit unserer Einwilligung gestattet. Diese erteilen auf Anfrage die f\u00fcr den Inhalt Verantwortlichen. Der Nachdruck und die Auswertung von Pressemitteilungen und Reden sind mit Quellenangabe allgemein gestattet.\nWeiterhin k\u00f6nnen Texte, Bilder, Grafiken und sonstige Dateien ganz oder teilweise dem Urheberrecht Dritter unterliegen. Auch \u00fcber das Bestehen m\u00f6glicher Rechte Dritter geben Ihnen die f\u00fcr den Inhalt Verantwortlichen n\u00e4here Ausk\u00fcnfte.\n<\/p>\n\n<p style=\"font-weight: bold; margin-top:20px;\">4. Rechtswirksamkeit dieses Haftungsausschlusses<\/p>\n<p>Dieser Haftungsausschluss ist als Teil des Internetangebotes zu betrachten, von dem aus auf diese Seite verwiesen wurde. Sofern Teile oder einzelne Formulierungen dieses Textes der geltenden Rechtslage nicht, nicht mehr oder nicht vollst\u00e4ndig entsprechen sollten, bleiben die \u00fcbrigen Teile des Dokumentes in ihrem Inhalt und ihrer G\u00fcltigkeit davon unber\u00fchrt.<\/p>\n<\/div>\t\t\t\t\t\t\t\t<\/div>\n\t\t\t\t<\/div>\n\t\t\t\t\t<\/div>\n\t\t<\/div>\n\t\t\t\t\t<\/div>\n\t\t<\/section>\n\t\t\t\t<\/div>\n\t\t","protected":false},"excerpt":{"rendered":"<p>Impressum \/ Anbieterkennzeichnung Name und Anschrift des Verantwortlichen Gemeinde AdendorfRathausplatz 1421365 AdendorfTelefon: +49 4131 9809-0Fax: +49 4131 980955E-Mail: &#103;e&#x6d;e&#x69;&#110;&#x64;&#101;&#x40;&#97;d&#x65;n&#x64;&#111;&#x72;&#102;&#x2e;&#100;&#x65; Die Gemeinde Adendorf ist eine K\u00f6rperschaft des \u00f6ffentlichen Rechts vertreten durch den B\u00fcrgermeister Thomas Maack.Umsatzsteuer-Identifikationsnummergem. \u00a7 27 a Umsatzsteuergesetz: DE 116086333Bankverbindung der Gemeinde:Sparkasse L\u00fcneburg IBAN: DE30 2405 0110 0001 0001 16BIC: [&hellip;]<\/p>\n","protected":false},"author":1,"featured_media":0,"parent":0,"menu_order":0,"comment_status":"closed","ping_status":"closed","template":"page-templates\/template-pagebuilder-full-width.php","meta":{"footnotes":""},"class_list":["post-99","page","type-page","status-publish","hentry"],"publishpress_future_workflow_manual_trigger":{"enabledWorkflows":[]},"rttpg_featured_image_url":null,"rttpg_author":{"display_name":"Adendorf","author_link":"https:\/\/www.adendorf.de\/1\/author\/marco-brede\/"},"rttpg_comment":0,"rttpg_category":null,"rttpg_excerpt":"Impressum \/ Anbieterkennzeichnung Name und Anschrift des Verantwortlichen Gemeinde AdendorfRathausplatz 1421365 AdendorfTelefon: +49 4131 9809-0Fax: +49 4131 980955E-Mail: &#x67;e&#x6d;&#101;&#x69;&#x6e;d&#x65;&#64;&#x61;&#x64;e&#x6e;&#100;&#x6f;&#x72;f&#x2e;&#100;&#x65; Die Gemeinde Adendorf ist eine K\u00f6rperschaft des \u00f6ffentlichen Rechts vertreten durch den B\u00fcrgermeister Thomas Maack.Umsatzsteuer-Identifikationsnummergem. \u00a7 27 a Umsatzsteuergesetz: DE 116086333Bankverbindung der Gemeinde:Sparkasse L\u00fcneburg IBAN: DE30 2405 0110 0001 0001 16BIC: [&hellip;]","_links":{"self":[{"href":"https:\/\/www.adendorf.de\/1\/wp-json\/wp\/v2\/pages\/99","targetHints":{"allow":["GET"]}}],"collection":[{"href":"https:\/\/www.adendorf.de\/1\/wp-json\/wp\/v2\/pages"}],"about":[{"href":"https:\/\/www.adendorf.de\/1\/wp-json\/wp\/v2\/types\/page"}],"author":[{"embeddable":true,"href":"https:\/\/www.adendorf.de\/1\/wp-json\/wp\/v2\/users\/1"}],"replies":[{"embeddable":true,"href":"https:\/\/www.adendorf.de\/1\/wp-json\/wp\/v2\/comments?post=99"}],"version-history":[{"count":15,"href":"https:\/\/www.adendorf.de\/1\/wp-json\/wp\/v2\/pages\/99\/revisions"}],"predecessor-version":[{"id":1693,"href":"https:\/\/www.adendorf.de\/1\/wp-json\/wp\/v2\/pages\/99\/revisions\/1693"}],"wp:attachment":[{"href":"https:\/\/www.adendorf.de\/1\/wp-json\/wp\/v2\/media?parent=99"}],"curies":[{"name":"wp","href":"https:\/\/api.w.org\/{rel}","templated":true}]}}