{"id":992,"date":"2019-05-07T08:06:25","date_gmt":"2019-05-07T06:06:25","guid":{"rendered":"http:\/\/www.adendorf.de\/1\/?page_id=992"},"modified":"2026-04-24T07:35:22","modified_gmt":"2026-04-24T05:35:22","slug":"kinderladen-adendorf","status":"publish","type":"page","link":"https:\/\/www.adendorf.de\/1\/familie\/kinder\/kinderladen-adendorf\/","title":{"rendered":"Kinderladen Adendorf"},"content":{"rendered":"\t\t<div data-elementor-type=\"wp-post\" data-elementor-id=\"992\" class=\"elementor elementor-992\">\n\t\t\t\t\t\t<section class=\"elementor-section elementor-top-section elementor-element elementor-element-95fd24a elementor-section-boxed elementor-section-height-default elementor-section-height-default\" data-id=\"95fd24a\" data-element_type=\"section\" data-e-type=\"section\">\n\t\t\t\t\t\t<div class=\"elementor-container elementor-column-gap-default\">\n\t\t\t\t\t<div class=\"elementor-column elementor-col-100 elementor-top-column elementor-element elementor-element-76aa29f\" data-id=\"76aa29f\" data-element_type=\"column\" data-e-type=\"column\">\n\t\t\t<div class=\"elementor-widget-wrap elementor-element-populated\">\n\t\t\t\t\t\t<div class=\"elementor-element elementor-element-b489063 elementor-widget elementor-widget-heading\" data-id=\"b489063\" data-element_type=\"widget\" data-e-type=\"widget\" data-widget_type=\"heading.default\">\n\t\t\t\t<div class=\"elementor-widget-container\">\n\t\t\t\t\t<h1 class=\"elementor-heading-title elementor-size-default\">Kinderladen Adendorf<\/h1>\t\t\t\t<\/div>\n\t\t\t\t<\/div>\n\t\t\t\t\t<\/div>\n\t\t<\/div>\n\t\t\t\t\t<\/div>\n\t\t<\/section>\n\t\t\t\t<section class=\"elementor-section elementor-top-section elementor-element elementor-element-617b982d elementor-section-boxed elementor-section-height-default elementor-section-height-default\" data-id=\"617b982d\" data-element_type=\"section\" data-e-type=\"section\">\n\t\t\t\t\t\t<div class=\"elementor-container elementor-column-gap-default\">\n\t\t\t\t\t<div class=\"elementor-column elementor-col-50 elementor-top-column elementor-element elementor-element-6d2965fe\" data-id=\"6d2965fe\" data-element_type=\"column\" data-e-type=\"column\">\n\t\t\t<div class=\"elementor-widget-wrap elementor-element-populated\">\n\t\t\t\t\t\t<div class=\"elementor-element elementor-element-5b796da8 elementor-widget elementor-widget-text-editor\" data-id=\"5b796da8\" data-element_type=\"widget\" data-e-type=\"widget\" data-widget_type=\"text-editor.default\">\n\t\t\t\t<div class=\"elementor-widget-container\">\n\t\t\t\t\t\t\t\t\t<p>Kinderladen Adendorf<\/p><p>Kirchweg 17b<\/p><p>21365 Adendorf<\/p><p>Telefon: <a href=\"tel:04131 990 150\">04131 990 150<\/a><\/p>\t\t\t\t\t\t\t\t<\/div>\n\t\t\t\t<\/div>\n\t\t\t\t\t<\/div>\n\t\t<\/div>\n\t\t\t\t<div class=\"elementor-column elementor-col-50 elementor-top-column elementor-element elementor-element-06ab03f\" data-id=\"06ab03f\" data-element_type=\"column\" data-e-type=\"column\">\n\t\t\t<div class=\"elementor-widget-wrap elementor-element-populated\">\n\t\t\t\t\t\t<div class=\"elementor-element elementor-element-9464cd2 elementor-widget elementor-widget-text-editor\" data-id=\"9464cd2\" data-element_type=\"widget\" data-e-type=\"widget\" data-widget_type=\"text-editor.default\">\n\t\t\t\t<div class=\"elementor-widget-container\">\n\t\t\t\t\t\t\t\t\t<p>\u00d6ffnungszeiten<\/p><p>Dienstag und Donnerstag<\/p><p>11:00 bis 17:00 Uhr<\/p>\t\t\t\t\t\t\t\t<\/div>\n\t\t\t\t<\/div>\n\t\t\t\t\t<\/div>\n\t\t<\/div>\n\t\t\t\t\t<\/div>\n\t\t<\/section>\n\t\t\t\t<section class=\"elementor-section elementor-top-section elementor-element elementor-element-862eac5 elementor-section-boxed elementor-section-height-default elementor-section-height-default\" data-id=\"862eac5\" data-element_type=\"section\" data-e-type=\"section\">\n\t\t\t\t\t\t<div class=\"elementor-container elementor-column-gap-default\">\n\t\t\t\t\t<div class=\"elementor-column elementor-col-100 elementor-top-column elementor-element elementor-element-f7d52bc\" data-id=\"f7d52bc\" data-element_type=\"column\" data-e-type=\"column\">\n\t\t\t<div class=\"elementor-widget-wrap elementor-element-populated\">\n\t\t\t\t\t\t<div class=\"elementor-element elementor-element-a8f6835 elementor-widget elementor-widget-text-editor\" data-id=\"a8f6835\" data-element_type=\"widget\" data-e-type=\"widget\" data-widget_type=\"text-editor.default\">\n\t\t\t\t<div class=\"elementor-widget-container\">\n\t\t\t\t\t\t\t\t\t<p data-start=\"0\" data-end=\"49\"><strong data-start=\"0\" data-end=\"49\">Hinweis zu den Parkm\u00f6glichkeiten am Kirchwald<\/strong><\/p><p data-start=\"51\" data-end=\"281\">Bitte beachten Sie, dass ein l\u00e4ngeres Parken vor dem Blockhaus im Kirchwald nicht mehr m\u00f6glich ist. Die Schranke am Waldweg bleibt in der Regel geschlossen und wird nur bei vorher angemeldeten gr\u00f6\u00dferen Spenden kurzzeitig ge\u00f6ffnet.<\/p><p data-start=\"283\" data-end=\"402\" data-is-last-node=\"\" data-is-only-node=\"\">Als Alternative steht Ihnen der Parkplatz des Adolph-Holm-Kindergartens zur Verf\u00fcgung. Vielen Dank f\u00fcr Ihr Verst\u00e4ndnis.<\/p>\t\t\t\t\t\t\t\t<\/div>\n\t\t\t\t<\/div>\n\t\t\t\t<div class=\"elementor-element elementor-element-f063292 elementor-widget elementor-widget-text-editor\" data-id=\"f063292\" data-element_type=\"widget\" data-e-type=\"widget\" data-widget_type=\"text-editor.default\">\n\t\t\t\t<div class=\"elementor-widget-container\">\n\t\t\t\t\tWir nehmen gerne wieder Spenden \"rund um's Kind\" an. Bitte melden Sie sich telefonisch zu den o.g. &Ouml;ffnungszeiten unter <a href=\"tel:04131990150\">04131&nbsp;990&nbsp;150<\/a> oder vor Ort an.\t\t\t\t<p><em><\/em><\/p>\t\t\t\t\t\t\t\t<\/div>\n\t\t\t\t<\/div>\n\t\t\t\t\t<\/div>\n\t\t<\/div>\n\t\t\t\t\t<\/div>\n\t\t<\/section>\n\t\t\t\t<section class=\"elementor-section elementor-top-section elementor-element elementor-element-8b5ad84 elementor-section-boxed elementor-section-height-default elementor-section-height-default\" data-id=\"8b5ad84\" data-element_type=\"section\" data-e-type=\"section\">\n\t\t\t\t\t\t<div class=\"elementor-container elementor-column-gap-default\">\n\t\t\t\t\t<div class=\"elementor-column elementor-col-100 elementor-top-column elementor-element elementor-element-5cda572\" data-id=\"5cda572\" data-element_type=\"column\" data-e-type=\"column\">\n\t\t\t<div class=\"elementor-widget-wrap elementor-element-populated\">\n\t\t\t\t\t\t<div class=\"elementor-element elementor-element-7c6a753 elementor-widget elementor-widget-text-editor\" data-id=\"7c6a753\" data-element_type=\"widget\" data-e-type=\"widget\" data-widget_type=\"text-editor.default\">\n\t\t\t\t<div class=\"elementor-widget-container\">\n\t\t\t\t\t\t\t\t\t<p>Der Kinderladen ist als feste Adendorfer Institution etabliert und erf\u00e4hrt viel Zuspruch von den Kunden.<br \/>Zehn ehrenamtlich t\u00e4tige Adendorfer Frauen f\u00fchren in Eigenregie diesen Laden. In Kooperation mit der Gemeinde ist sein Wirken aus dem sozialen Bereich Adendorfs nicht\u00a0 mehr wegzudenken.<\/p><p>Den Jahreszeiten entsprechend\u00a0 werden dort Baby-, Kinder-, Jugendbekleidung (Gr. 56 \u2013 164), Spiel-, Sport- und Lernsachen sowie andere kindgerechte Artikel (z.B. Kinderwagen, Kinderkarren, Reisebetten, Laufgitter etc.) angeboten. Durch die gro\u00dfz\u00fcgigen Sachspenden der Adendorfer B\u00fcrger und auch Spenden aus Stadt und Landkreis ist es m\u00f6glich, den Kinderladen so erfolgreich zu f\u00fchren.<br \/>Die Einnahmen aus dem Verkauf\u00a0 sch\u00fcttet der Kinderladen, als gemeinn\u00fctziger Verein, vollst\u00e4ndig aus an Vereine und Institutionen, die sich der Jugendf\u00f6rderung und Jugendhilfe widmen.<\/p><p>Auch Ferienprojekte und Schwimmkurse im Adendorfer Freibad werden sehr gern vom Kinderladen unterst\u00fctzt.<\/p><p>\r\n\t\t\t<p>Im Jahr 2026 wurden bisher folgende Spenden ausgesch\u00fcttet:<\/p>\r\n\t\t\t<table>\r\n\t\t\t\t<tr>\r\n\t\t\t\t\t<th style=\"text-align: right; padding-right: 20px;\">Betrag<\/th>\r\n\t\t\t\t\t<th>Empf&auml;nger<\/th>\r\n\t\t\t\t\t<th>Zweck<\/th>\r\n\t\t\t\t<\/tr>\r\n\t\t\t\t<tr>\r\n\t\t\t\t\t<td style=\"text-align: right; padding-right: 20px;\">2.500,00<\/td>\r\n\t\t\t\t\t<td>Verein Baden in Adendorf<\/td>\r\n\t\t\t\t\t<td>Schwimmkurse \/ Saison 2026<\/td>\r\n\t\t\t\t<\/tr>\r\n\t\t\t\t<tr>\r\n\t\t\t\t\t<td style=\"text-align: right; padding-right: 20px;\">1.000,00<\/td>\r\n\t\t\t\t\t<td>DLRG Jugend Ortsgruppe Adendorf-Scharnebeck e.V.<\/td>\r\n\t\t\t\t\t<td>Schwimmkurse \/ Saison 2026<\/td>\r\n\t\t\t\t<\/tr>\r\n\t\t\t\t<tr>\r\n\t\t\t\t\t<td style=\"text-align: right; padding-right: 20px;\">1.000,00<\/td>\r\n\t\t\t\t\t<td>AWOSOZIALe Dienste Adendorf<\/td>\r\n\t\t\t\t\t<td>Projekt Ein Dorf f\u00fcr alle &#8211; Vielfalt leben<\/td>\r\n\t\t\t\t<\/tr>\r\n\t\t\t\t\r\n\t\t\t\t<tr>\r\n\t\t\t\t\t<td style=\"text-align: right; padding-right: 20px;\">1.000,00<\/td>\r\n\t\t\t\t\t<td>Grundschule Adendorf (Dorfstra\u00dfe)<\/td>\r\n\t\t\t\t\t<td>Einrichtung Kreativwerkstatt<\/td>\r\n\t\t\t\t<\/tr>\r\n\t\t\t\t<tr>\r\n\t\t\t\t\t<td style=\"text-align: right; padding-right: 20px;\">500,00<\/td>\r\n\t\t\t\t\t<td>Waldpiraten e.V. Marienthal<\/td>\r\n\t\t\t\t\t<td>Unterst\u00fctzung Waldkindergarten<\/td>\r\n\t\t\t\t<\/tr>\r\n\t\t\t\t<tr>\r\n\t\t\t\t\t<td style=\"text-align: right; padding-right: 20px;\">500,00<\/td>\r\n\t\t\t\t\t<td>Evangelische Kirche Adendorf<\/td>\r\n\t\t\t\t\t<td>Osterfreizeit 2026<\/td>\r\n\t\t\t\t<\/tr>\r\n\r\n\t\t\t<\/table>\r\n\t\t<\/p><p>Alle Beteiligten, Spender wie auch Empf\u00e4nger freuen sich \u00fcber die erhaltenen Zuwendungen, die einerseits den Kinderladen in seiner Arbeit best\u00e4tigen und andererseits die beg\u00fcnstigten Einrichtungen in ihrem Engagement unterst\u00fctzen. Als Sonderprogramm ist f\u00fcr die Neugeborenen der Gemeinde den Begr\u00fc\u00dfungspaketen ein Warengutschein des Kinderladens beigef\u00fcgt.<\/p><p>Der Kinderladen befindet sich in den R\u00e4umen des Kirchwaldtreffs mit dem Jugendzentrum, Kirchweg 17 b, neben dem Adolph-Holm-Kindergarten im Kirchwald.<\/p><p>Jeder kann im Kinderladen preiswert einkaufen. Kunden mit geringem Einkommen zahlen mit unserer Kundenkarte den kleinen Preis.<\/p>\t\t\t\t\t\t\t\t<\/div>\n\t\t\t\t<\/div>\n\t\t\t\t<div class=\"elementor-element elementor-element-cd8223b elementor-widget elementor-widget-text-editor\" data-id=\"cd8223b\" data-element_type=\"widget\" data-e-type=\"widget\" data-widget_type=\"text-editor.default\">\n\t\t\t\t<div class=\"elementor-widget-container\">\n\t\t\t\t\t\t\t\t\t<p>Zu den oben genannten \u00d6ffnungszeiten nimmt der Kinderladen auch Spenden an.<\/p>\t\t\t\t\t\t\t\t<\/div>\n\t\t\t\t<\/div>\n\t\t\t\t<div class=\"elementor-element elementor-element-65a3293 elementor-widget elementor-widget-google_maps\" data-id=\"65a3293\" data-element_type=\"widget\" data-e-type=\"widget\" data-widget_type=\"google_maps.default\">\n\t\t\t\t<div class=\"elementor-widget-container\">\n\t\t\t\t\t\t\t<div class=\"elementor-custom-embed\">\n\t\t\t<iframe loading=\"lazy\"\n\t\t\t\t\tsrc=\"https:\/\/maps.google.com\/maps?q=Kinderladen%20Adendorf%2C%20Kirchweg%2017b%2C%2021365%20Adendorf&#038;t=m&#038;z=15&#038;output=embed&#038;iwloc=near\"\n\t\t\t\t\ttitle=\"Kinderladen Adendorf, Kirchweg 17b, 21365 Adendorf\"\n\t\t\t\t\taria-label=\"Kinderladen Adendorf, Kirchweg 17b, 21365 Adendorf\"\n\t\t\t><\/iframe>\n\t\t<\/div>\n\t\t\t\t\t\t<\/div>\n\t\t\t\t<\/div>\n\t\t\t\t\t<\/div>\n\t\t<\/div>\n\t\t\t\t\t<\/div>\n\t\t<\/section>\n\t\t\t\t<section class=\"elementor-section elementor-top-section elementor-element elementor-element-58670c4 elementor-section-boxed elementor-section-height-default elementor-section-height-default\" data-id=\"58670c4\" data-element_type=\"section\" data-e-type=\"section\">\n\t\t\t\t\t\t<div class=\"elementor-container elementor-column-gap-default\">\n\t\t\t\t\t<div class=\"elementor-column elementor-col-100 elementor-top-column elementor-element elementor-element-f5b7747\" data-id=\"f5b7747\" data-element_type=\"column\" data-e-type=\"column\">\n\t\t\t<div class=\"elementor-widget-wrap elementor-element-populated\">\n\t\t\t\t\t\t<div class=\"elementor-element elementor-element-7ad2fdb elementor-widget elementor-widget-image\" data-id=\"7ad2fdb\" data-element_type=\"widget\" data-e-type=\"widget\" data-widget_type=\"image.default\">\n\t\t\t\t<div class=\"elementor-widget-container\">\n\t\t\t\t\t\t\t\t\t\t\t\t\t\t\t<img fetchpriority=\"high\" decoding=\"async\" width=\"750\" height=\"500\" src=\"https:\/\/www.adendorf.de\/1\/wp-content\/uploads\/2019\/06\/Kinderladen-768x512.jpg\" class=\"attachment-medium_large size-medium_large wp-image-1449\" alt=\"\" srcset=\"https:\/\/www.adendorf.de\/1\/wp-content\/uploads\/2019\/06\/Kinderladen-768x512.jpg 768w, https:\/\/www.adendorf.de\/1\/wp-content\/uploads\/2019\/06\/Kinderladen-300x200.jpg 300w, https:\/\/www.adendorf.de\/1\/wp-content\/uploads\/2019\/06\/Kinderladen-1024x683.jpg 1024w, https:\/\/www.adendorf.de\/1\/wp-content\/uploads\/2019\/06\/Kinderladen-360x240.jpg 360w\" sizes=\"(max-width: 750px) 100vw, 750px\" \/>\t\t\t\t\t\t\t\t\t\t\t\t\t\t\t<\/div>\n\t\t\t\t<\/div>\n\t\t\t\t\t<\/div>\n\t\t<\/div>\n\t\t\t\t\t<\/div>\n\t\t<\/section>\n\t\t\t\t<section class=\"elementor-section elementor-top-section elementor-element elementor-element-2894bf7 elementor-section-boxed elementor-section-height-default elementor-section-height-default\" data-id=\"2894bf7\" data-element_type=\"section\" data-e-type=\"section\">\n\t\t\t\t\t\t<div class=\"elementor-container elementor-column-gap-default\">\n\t\t\t\t\t<div class=\"elementor-column elementor-col-100 elementor-top-column elementor-element elementor-element-06ff60c\" data-id=\"06ff60c\" data-element_type=\"column\" data-e-type=\"column\">\n\t\t\t<div class=\"elementor-widget-wrap elementor-element-populated\">\n\t\t\t\t\t\t<div class=\"elementor-element elementor-element-1d25c91 elementor-widget elementor-widget-text-editor\" data-id=\"1d25c91\" data-element_type=\"widget\" data-e-type=\"widget\" data-widget_type=\"text-editor.default\">\n\t\t\t\t<div class=\"elementor-widget-container\">\n\t\t\t\t\t\t\t\t\t<p>Das Werbeschild f\u00fcr den Kinderladen wurde von der Firma Maszutt &amp; Bauer Immobilien GbR gespendet.<\/p>\t\t\t\t\t\t\t\t<\/div>\n\t\t\t\t<\/div>\n\t\t\t\t\t<\/div>\n\t\t<\/div>\n\t\t\t\t\t<\/div>\n\t\t<\/section>\n\t\t\t\t<\/div>\n\t\t","protected":false},"excerpt":{"rendered":"<p>Kinderladen Adendorf Kinderladen Adendorf Kirchweg 17b 21365 Adendorf Telefon: 04131 990 150 \u00d6ffnungszeiten Dienstag und Donnerstag 11:00 bis 17:00 Uhr Hinweis zu den Parkm\u00f6glichkeiten am Kirchwald Bitte beachten Sie, dass ein l\u00e4ngeres Parken vor dem Blockhaus im Kirchwald nicht mehr m\u00f6glich ist. Die Schranke am Waldweg bleibt in der Regel [&hellip;]<\/p>\n","protected":false},"author":1,"featured_media":0,"parent":994,"menu_order":0,"comment_status":"closed","ping_status":"closed","template":"page-templates\/template-pagebuilder-full-width.php","meta":{"footnotes":""},"class_list":["post-992","page","type-page","status-publish","hentry"],"publishpress_future_workflow_manual_trigger":{"enabledWorkflows":[]},"rttpg_featured_image_url":null,"rttpg_author":{"display_name":"Adendorf","author_link":"https:\/\/www.adendorf.de\/1\/author\/marco-brede\/"},"rttpg_comment":0,"rttpg_category":null,"rttpg_excerpt":"Kinderladen Adendorf Kinderladen Adendorf Kirchweg 17b 21365 Adendorf Telefon: 04131 990 150 \u00d6ffnungszeiten Dienstag und Donnerstag 11:00 bis 17:00 Uhr Hinweis zu den Parkm\u00f6glichkeiten am Kirchwald Bitte beachten Sie, dass ein l\u00e4ngeres Parken vor dem Blockhaus im Kirchwald nicht mehr m\u00f6glich ist. Die Schranke am Waldweg bleibt in der Regel [&hellip;]","_links":{"self":[{"href":"https:\/\/www.adendorf.de\/1\/wp-json\/wp\/v2\/pages\/992","targetHints":{"allow":["GET"]}}],"collection":[{"href":"https:\/\/www.adendorf.de\/1\/wp-json\/wp\/v2\/pages"}],"about":[{"href":"https:\/\/www.adendorf.de\/1\/wp-json\/wp\/v2\/types\/page"}],"author":[{"embeddable":true,"href":"https:\/\/www.adendorf.de\/1\/wp-json\/wp\/v2\/users\/1"}],"replies":[{"embeddable":true,"href":"https:\/\/www.adendorf.de\/1\/wp-json\/wp\/v2\/comments?post=992"}],"version-history":[{"count":91,"href":"https:\/\/www.adendorf.de\/1\/wp-json\/wp\/v2\/pages\/992\/revisions"}],"predecessor-version":[{"id":9098,"href":"https:\/\/www.adendorf.de\/1\/wp-json\/wp\/v2\/pages\/992\/revisions\/9098"}],"up":[{"embeddable":true,"href":"https:\/\/www.adendorf.de\/1\/wp-json\/wp\/v2\/pages\/994"}],"wp:attachment":[{"href":"https:\/\/www.adendorf.de\/1\/wp-json\/wp\/v2\/media?parent=992"}],"curies":[{"name":"wp","href":"https:\/\/api.w.org\/{rel}","templated":true}]}}